{"id":2,"date":"2018-05-21T16:01:03","date_gmt":"2018-05-21T19:01:03","guid":{"rendered":"http:\/\/www.fecomercio-ce.org.br\/cartao-do-empresario\/?page_id=2"},"modified":"2022-01-14T11:35:22","modified_gmt":"2022-01-14T14:35:22","slug":"beneficios-cartao","status":"publish","type":"page","link":"https:\/\/www.fecomercio-ce.com.br\/cartao-do-empresario\/beneficios-cartao\/","title":{"rendered":"Benef\u00edcios Cart\u00e3o"},"content":{"rendered":"<p><strong>O QUE VOC\u00ca GANHA COM O CART\u00c3O?<\/strong><\/p>\n<p><strong>Descontos na compra de carros zero km<\/strong><\/p>\n<p>\u00c9 a oportunidade para voc\u00ea, que possui o Cart\u00e3o Empres\u00e1rio, de comprar\u00a0um\u00a0<strong>carro zero km com descontos exclusivos.<\/strong><\/p>\n<p><strong>Vantagens<\/strong><\/p>\n<p>Os descontos propostos poder\u00e3o variar de acordo com o modelo podendo\u00a0chegar at\u00e9\u00a0<strong>25%<\/strong> na Chevrolet. Consulte condi\u00e7\u00f5es de\u00a0financiamento nas Concession\u00e1rias Chevrolet.<\/p>\n<p>Mais informa\u00e7\u00f5es: (85) 3270.4255 \/ 3270.4258<\/p>\n<p><strong>NEWLAND<\/strong><\/p>\n<p>Sua oportunidade para adquirir carro zero km na Newland Aboli\u00e7\u00e3o, com\u00a0descontos exclusivos. Importante lembrar que os descontos podem variar de\u00a0acordo com o modelo e campanha do m\u00eas. Voc\u00ea ter\u00e1 ainda descontos na\u00a0revis\u00e3o, sendo 8% na aquisi\u00e7\u00e3o de pe\u00e7as e de 15 % na m\u00e3o de obra. Al\u00e9m\u00a0disso, o Banco Toyota disp\u00f5e de taxas especiais, onde voc\u00ea poder\u00e1 incluir no\u00a0seu financiamento o emplacamento do ve\u00edculo mais agregados em geral, tais\u00a0como blindagem.<br \/>\n<em>*Oferta v\u00e1lida somente para Newland Aboli\u00e7\u00e3o, Av. Vicente de Castro 5301 Mucuripe<\/em><\/p>\n<p>Mais informa\u00e7\u00f5es: (85) 4008.6900 ou 3270-4255<\/p>\n<p>&nbsp;<\/p>\n<p><strong>Acesso aos Restaurantes Sesc<\/strong><\/p>\n<p>O Sesc produz e oferece \u00e0 popula\u00e7\u00e3o refei\u00e7\u00f5es servidas a um\u00a0pre\u00e7o acess\u00edvel\u00a0e de qualidade nutricional reconhecida. Nos restaurantes do SESC Centro e\u00a0SESC Fortaleza s\u00e3o distribu\u00eddas 3.400 refei\u00e7\u00f5es diariamente.<\/p>\n<p>Em 2011, o restaurante do SESC foi certificado pela Associa\u00e7\u00e3o Brasileira de\u00a0Normas T\u00e9cnica (ABNT), como sendo um estabelecimento de excel\u00eancia em\u00a0higiene, aplicando todas as normas legislativas exigidas pela Vigil\u00e2ncia\u00a0Sanit\u00e1ria de \u00e2mbito nacional.<\/p>\n<p>Voc\u00ea pode realizar suas refei\u00e7\u00f5es nos endere\u00e7os:<br \/>\nUnidade Centro do Sesc<br \/>\nEndere\u00e7o: Rua 24 de maio, n\u00ba 629 \u2013 Centro \u2013 Fortaleza-CE<br \/>\nUnidade Fortaleza do Sesc<br \/>\nEndere\u00e7o: Rua Clarindo de Queiroz, n\u00ba 1740 \u2013 Centro \u2013 Fortaleza-CE<br \/>\nRestaurante Sesc Jo\u00e3o Cordeiro<br \/>\nEndere\u00e7o: Rua Jo\u00e3o Cordeiro, 933 \u2013 Aldeota \u2013 Fortaleza-CE<br \/>\nSesc Iparana \u2013 Hotel Ecol\u00f3gico<br \/>\nEndere\u00e7o: Rua Jos\u00e9 Alencar, n\u00ba 150 \u2013 Praia de Iparana \u2013 Caucaia-CE<\/p>\n<p>&nbsp;<\/p>\n<p><strong>Descontos nos Cursos e Consultorias Senac<\/strong><\/p>\n<p>Descontos de at\u00e9 20% em:<br \/>\nCursos profissionalizantes Senac;<br \/>\nConsultorias empresariais;<br \/>\nCursos In Company;<br \/>\nIdiomas.<\/p>\n<p><em>*DESCONTOS N\u00c3O S\u00c3O CUMULATIVOS E N\u00c3O SE APLICAM AOS CURSOS T\u00c9CNICOS,\u00a0<\/em><em>EAD, P\u00d3S-GRADUA\u00c7\u00c3O, ESPECIALIZA\u00c7\u00d5ES T\u00c9CNICAS, CURSOS ESPECIAIS E\u00a0<\/em><em>PROMOCIONAIS. CONSULTE A PROGRAMA\u00c7\u00c3O DE CURSOS VIGENTES.<\/em><\/p>\n<p>&nbsp;<\/p>\n<p><strong>Descontos especiais em faculdades<\/strong><\/p>\n<p>Conhecimento \u00e9 essencial para qualquer pessoa. A Est\u00e1cio e a Unichristus,\u00a0atrav\u00e9s da parceria com a Fecom\u00e9rcio-CE, t\u00eam descontos especiais para quem\u00a0deseja ingressar no ensino superior.<\/p>\n<p><strong>Vantagens Est\u00e1cio<\/strong><\/p>\n<p>Com descontos de at\u00e9 *40% nas mensalidades dos cursos de gradua\u00e7\u00e3o e\u00a0p\u00f3s-gradua\u00e7\u00e3o, al\u00e9m de vestibular gratuito, o conv\u00eanio \u00e9 nacional, portanto,\u00a0permite escolher estudar em qualquer uma das unidades de Ensino Superior\u00a0integrantes do grupo parceiro, espalhadas pelo pa\u00eds. A Est\u00e1cio disponibiliza\u00a0duas formas para acompanhar os cursos: presencial ou \u00e0 dist\u00e2ncia (EAD), que\u00a0permite ao aluno estudar onde e quando quiser e com o mesmo diploma da\u00a0gradua\u00e7\u00e3o.<\/p>\n<p>O desconto ser\u00e1 aplicado sobre o valor cheio do curso e da seguinte forma:<\/p>\n<p>40% para os ingressantes em 2020.1, 2019.1, 2019.2, 2018.1, 2018.2 e<br \/>\n2017.2,<\/p>\n<p>35% para os que ingressaram em 2017.1 e<\/p>\n<p>20% para os ingressantes at\u00e9 2016.2.<\/p>\n<p>Importante lembrar que o desconto n\u00e3o poder\u00e1 ser utilizado em caso de\u00a0contrata\u00e7\u00e3o do parcelamento ou do financiamento, ambos sem juros. O\u00a0abatimento n\u00e3o \u00e9 acumulativo com qualquer outro desconto e ser\u00e1 perdido em\u00a0caso de abandono e\/ou inadimpl\u00eancia. Desconto v\u00e1lido para inscri\u00e7\u00f5es nas\u00a0modalidades presencial, EaD e flex, menos para cursos de exce\u00e7\u00e3o. Caso a\u00a0turma n\u00e3o seja confirmada, o beneficiado poder\u00e1 escolher outro curso no\u00a0mesmo per\u00edodo da campanha. Os alunos que j\u00e1 estudam na Est\u00e1cio antes da\u00a0empresa ter conv\u00eanio conosco n\u00e3o ter\u00e3o direito ao desconto. As ofertas s\u00e3o\u00a0v\u00e1lidas a partir da data de celebra\u00e7\u00e3o do conv\u00eanio.<\/p>\n<p>Mais informa\u00e7\u00f5es:(85) 9 9602-2655<br \/>\n<a href=\"https:\/\/consultor.estacio.br\/inscricao\/tarefa\/20009\">https:\/\/consultor.estacio.br\/inscricao\/tarefa\/20009<\/a><\/p>\n<p><strong>Unichristus<\/strong><\/p>\n<p>Desconto de 20%\u00a0para o curso de Ensino a Dist\u00e2ncia: Administra\u00e7\u00e3o\u00a0(EAD);\u00a0Desconto de 20%\u00a0para os cursos presenciais de: Administra\u00e7\u00e3o,\u00a0Ci\u00eancias Cont\u00e1beis, Engenharia Civil, Engenharia de Produ\u00e7\u00e3o, Fisioterapia,\u00a0Arquitetura e Urbanismo, Psicologia e Sistemas de Informa\u00e7\u00e3o; Desconto de\u00a010% para os cursos presenciais de: Biomedicina, Enfermagem e Tecn\u00f3logo em\u00a0Radiologia.<\/p>\n<p>&nbsp;<\/p>\n<p><strong>Condi\u00e7\u00f5es Especiais em Telefonia M\u00f3vel<\/strong><\/p>\n<p>Se voc\u00ea est\u00e1 em busca de\u00a0melhores solu\u00e7\u00f5es de comunica\u00e7\u00e3o\u00a0para sua\u00a0empresa a Fecom\u00e9rcio-CE tem parceria com a Oi, TIM e VIVO.<\/p>\n<p><strong>OI M\u00d3VEL<\/strong><\/p>\n<ul>\n<li>06 planos de telefonia m\u00f3vel + internet ilimitada<\/li>\n<li>Atendimento corporativo personalizados, voltados aos clientes<br \/>\nFecom\u00e9rcio<\/li>\n<li>Liga\u00e7\u00f5es ilimitadas: fale para fixo e celular de qualquer operadora local e<br \/>\nnacional, usando 031.<\/li>\n<li>Pacotes de internet: 03, 06, 15, 30 e 50 GB com pre\u00e7o exclusivo<br \/>\nFecom\u00e9rcio<\/li>\n<li>Internet sem excedente, use todos os <strong>Apps*<\/strong> sem desconto da franquia<br \/>\n*Instagram, Whatssap, Messenger e Facebook<\/li>\n<\/ul>\n<p><strong>TIM BLACK EMPRESA<\/strong><\/p>\n<ul>\n<li>03 planos de telefonia m\u00f3vel + internet<\/li>\n<li>Liga\u00e7\u00f5es ilimitadas nacional, usando 041<\/li>\n<li>800 SMS Para Enviar Mensagens Para Qualquer Operadora!<\/li>\n<li>Internet Valor Fixo Mensal Apps p\/navegar*<br \/>\n<strong>* Apps ILIMITADOS:<\/strong> Whatsapp (inclusive liga\u00e7\u00f5es de voz e v\u00eddeo),\u00a0Instagram (exceto Lives),\u00a0Facebook, Facebook\u00a0Messenger,\u00a0Twitter,\u00a0Telegram (exceto chamadas voz e v\u00eddeo), Waze e\u00a0Easy Taxi<\/li>\n<li>B\u00f4nus dos Servi\u00e7os Digitais \u201c Tim Banca Premium, Tim Backup, Tim\u00a0Finan\u00e7as\u201d &#8211; \u00a05GB (Tim\u00a0Backup 50GB incluso) e 20GB (Tim\u00a0Backup\u00a0100GB incluso)<\/li>\n<\/ul>\n<p><strong>VIVO EMPRESAS<\/strong><\/p>\n<ul>\n<li>03 planos de telefonia m\u00f3vel + Internet<\/li>\n<li>Liga\u00e7\u00f5es Ilimitadas para todo Brasil, usando 015<\/li>\n<li>Mobilidade com seguran\u00e7a digital e velocidade 4,5G<\/li>\n<li>Conex\u00e3o mais r\u00e1pida para sua empresa<\/li>\n<li>Compartilhamento de dados, otimizando o consumo.<\/li>\n<\/ul>\n","protected":false},"excerpt":{"rendered":"<p>O QUE VOC\u00ca GANHA COM O CART\u00c3O? Descontos na compra de carros zero km \u00c9 a oportunidade para voc\u00ea, que possui o Cart\u00e3o Empres\u00e1rio, de comprar\u00a0um\u00a0carro zero km com descontos exclusivos. Vantagens Os descontos propostos poder\u00e3o variar de acordo com o modelo podendo\u00a0chegar at\u00e9\u00a025% na Chevrolet. Consulte condi\u00e7\u00f5es de\u00a0financiamento nas Concession\u00e1rias Chevrolet. Mais informa\u00e7\u00f5es: (85) [&hellip;]<\/p>\n","protected":false},"author":1,"featured_media":3755,"parent":0,"menu_order":0,"comment_status":"closed","ping_status":"open","template":"page-benefits.php","meta":{"footnotes":""},"class_list":["post-2","page","type-page","status-publish","has-post-thumbnail","hentry"],"_links":{"self":[{"href":"https:\/\/www.fecomercio-ce.com.br\/cartao-do-empresario\/wp-json\/wp\/v2\/pages\/2","targetHints":{"allow":["GET"]}}],"collection":[{"href":"https:\/\/www.fecomercio-ce.com.br\/cartao-do-empresario\/wp-json\/wp\/v2\/pages"}],"about":[{"href":"https:\/\/www.fecomercio-ce.com.br\/cartao-do-empresario\/wp-json\/wp\/v2\/types\/page"}],"author":[{"embeddable":true,"href":"https:\/\/www.fecomercio-ce.com.br\/cartao-do-empresario\/wp-json\/wp\/v2\/users\/1"}],"replies":[{"embeddable":true,"href":"https:\/\/www.fecomercio-ce.com.br\/cartao-do-empresario\/wp-json\/wp\/v2\/comments?post=2"}],"version-history":[{"count":15,"href":"https:\/\/www.fecomercio-ce.com.br\/cartao-do-empresario\/wp-json\/wp\/v2\/pages\/2\/revisions"}],"predecessor-version":[{"id":4971,"href":"https:\/\/www.fecomercio-ce.com.br\/cartao-do-empresario\/wp-json\/wp\/v2\/pages\/2\/revisions\/4971"}],"wp:featuredmedia":[{"embeddable":true,"href":"https:\/\/www.fecomercio-ce.com.br\/cartao-do-empresario\/wp-json\/wp\/v2\/media\/3755"}],"wp:attachment":[{"href":"https:\/\/www.fecomercio-ce.com.br\/cartao-do-empresario\/wp-json\/wp\/v2\/media?parent=2"}],"curies":[{"name":"wp","href":"https:\/\/api.w.org\/{rel}","templated":true}]}}