{"id":19,"date":"2020-12-09T17:23:07","date_gmt":"2020-12-09T20:23:07","guid":{"rendered":"https:\/\/www.fecomercio-ce.com.br\/lgpd\/?page_id=19"},"modified":"2020-12-10T17:46:26","modified_gmt":"2020-12-10T20:46:26","slug":"missao-fecomercio","status":"publish","type":"page","link":"https:\/\/www.fecomercio-ce.com.br\/lgpd\/missao-fecomercio\/","title":{"rendered":"Miss\u00e3o Fecom\u00e9rcio"},"content":{"rendered":"","protected":false},"excerpt":{"rendered":"","protected":false},"author":1,"featured_media":0,"parent":0,"menu_order":0,"comment_status":"closed","ping_status":"closed","template":"page-adapt.php","meta":{"footnotes":""},"class_list":["post-19","page","type-page","status-publish","hentry"],"yoast_head":"<!-- This site is optimized with the Yoast SEO plugin v15.5 - https:\/\/yoast.com\/wordpress\/plugins\/seo\/ -->\n<title>Miss\u00e3o Fecom\u00e9rcio - LGPD - Fecom\u00e9rcio<\/title>\n<meta name=\"robots\" content=\"noindex, follow, max-snippet:-1, max-image-preview:large, max-video-preview:-1\" \/>\n<meta property=\"og:locale\" content=\"pt_BR\" \/>\n<meta property=\"og:type\" content=\"article\" \/>\n<meta property=\"og:title\" content=\"Miss\u00e3o Fecom\u00e9rcio - LGPD - Fecom\u00e9rcio\" \/>\n<meta property=\"og:url\" content=\"https:\/\/www.fecomercio-ce.com.br\/lgpd\/missao-fecomercio\/\" \/>\n<meta property=\"og:site_name\" content=\"LGPD - Fecom\u00e9rcio\" \/>\n<meta property=\"article:modified_time\" content=\"2020-12-10T20:46:26+00:00\" \/>\n<meta name=\"twitter:card\" content=\"summary_large_image\" \/>\n<script type=\"application\/ld+json\" class=\"yoast-schema-graph\">{\"@context\":\"https:\/\/schema.org\",\"@graph\":[{\"@type\":\"WebSite\",\"@id\":\"https:\/\/www.fecomercio-ce.com.br\/lgpd\/#website\",\"url\":\"https:\/\/www.fecomercio-ce.com.br\/lgpd\/\",\"name\":\"LGPD - Fecom\\u00e9rcio\",\"description\":\"S\\u00f3 mais um site WordPress\",\"potentialAction\":[{\"@type\":\"SearchAction\",\"target\":\"https:\/\/www.fecomercio-ce.com.br\/lgpd\/?s={search_term_string}\",\"query-input\":\"required name=search_term_string\"}],\"inLanguage\":\"pt-BR\"},{\"@type\":\"WebPage\",\"@id\":\"https:\/\/www.fecomercio-ce.com.br\/lgpd\/missao-fecomercio\/#webpage\",\"url\":\"https:\/\/www.fecomercio-ce.com.br\/lgpd\/missao-fecomercio\/\",\"name\":\"Miss\\u00e3o Fecom\\u00e9rcio - LGPD - Fecom\\u00e9rcio\",\"isPartOf\":{\"@id\":\"https:\/\/www.fecomercio-ce.com.br\/lgpd\/#website\"},\"datePublished\":\"2020-12-09T20:23:07+00:00\",\"dateModified\":\"2020-12-10T20:46:26+00:00\",\"inLanguage\":\"pt-BR\",\"potentialAction\":[{\"@type\":\"ReadAction\",\"target\":[\"https:\/\/www.fecomercio-ce.com.br\/lgpd\/missao-fecomercio\/\"]}]}]}<\/script>\n<!-- \/ Yoast SEO plugin. -->","_links":{"self":[{"href":"https:\/\/www.fecomercio-ce.com.br\/lgpd\/wp-json\/wp\/v2\/pages\/19","targetHints":{"allow":["GET"]}}],"collection":[{"href":"https:\/\/www.fecomercio-ce.com.br\/lgpd\/wp-json\/wp\/v2\/pages"}],"about":[{"href":"https:\/\/www.fecomercio-ce.com.br\/lgpd\/wp-json\/wp\/v2\/types\/page"}],"author":[{"embeddable":true,"href":"https:\/\/www.fecomercio-ce.com.br\/lgpd\/wp-json\/wp\/v2\/users\/1"}],"replies":[{"embeddable":true,"href":"https:\/\/www.fecomercio-ce.com.br\/lgpd\/wp-json\/wp\/v2\/comments?post=19"}],"version-history":[{"count":1,"href":"https:\/\/www.fecomercio-ce.com.br\/lgpd\/wp-json\/wp\/v2\/pages\/19\/revisions"}],"predecessor-version":[{"id":20,"href":"https:\/\/www.fecomercio-ce.com.br\/lgpd\/wp-json\/wp\/v2\/pages\/19\/revisions\/20"}],"wp:attachment":[{"href":"https:\/\/www.fecomercio-ce.com.br\/lgpd\/wp-json\/wp\/v2\/media?parent=19"}],"curies":[{"name":"wp","href":"https:\/\/api.w.org\/{rel}","templated":true}]}}