{"id":1838,"date":"2026-02-13T13:19:46","date_gmt":"2026-02-13T16:19:46","guid":{"rendered":"https:\/\/www.fecomercio-ce.com.br\/senacce\/?page_id=1838"},"modified":"2026-02-13T13:19:46","modified_gmt":"2026-02-13T16:19:46","slug":"diretoria-2","status":"publish","type":"page","link":"https:\/\/www.fecomercio-ce.com.br\/senacce\/diretoria-2\/","title":{"rendered":"Diretoria"},"content":{"rendered":"","protected":false},"excerpt":{"rendered":"","protected":false},"author":1,"featured_media":0,"parent":0,"menu_order":0,"comment_status":"closed","ping_status":"closed","template":"","meta":{"_acf_changed":false,"footnotes":""},"class_list":["post-1838","page","type-page","status-publish","hentry"],"acf":[],"yoast_head":"<!-- This site is optimized with the Yoast SEO plugin v24.3 - https:\/\/yoast.com\/wordpress\/plugins\/seo\/ -->\n<title>Diretoria - Senac Cear\u00e1<\/title>\n<meta name=\"robots\" content=\"index, follow, max-snippet:-1, max-image-preview:large, max-video-preview:-1\" \/>\n<link rel=\"canonical\" href=\"https:\/\/www.fecomercio-ce.com.br\/senacce\/diretoria-2\/\" \/>\n<meta property=\"og:locale\" content=\"pt_BR\" \/>\n<meta property=\"og:type\" content=\"article\" \/>\n<meta property=\"og:title\" content=\"Diretoria - Senac Cear\u00e1\" \/>\n<meta property=\"og:url\" content=\"https:\/\/www.fecomercio-ce.com.br\/senacce\/diretoria-2\/\" \/>\n<meta property=\"og:site_name\" content=\"Senac Cear\u00e1\" \/>\n<meta property=\"og:image\" content=\"https:\/\/www.fecomercio-ce.com.br\/senacce\/wp-content\/uploads\/sites\/3\/2025\/05\/senac.jpg\" \/>\n\t<meta property=\"og:image:width\" content=\"1200\" \/>\n\t<meta property=\"og:image:height\" content=\"630\" \/>\n\t<meta property=\"og:image:type\" content=\"image\/jpeg\" \/>\n<meta name=\"twitter:card\" content=\"summary_large_image\" \/>\n<script type=\"application\/ld+json\" class=\"yoast-schema-graph\">{\"@context\":\"https:\/\/schema.org\",\"@graph\":[{\"@type\":\"WebPage\",\"@id\":\"https:\/\/www.fecomercio-ce.com.br\/senacce\/diretoria-2\/\",\"url\":\"https:\/\/www.fecomercio-ce.com.br\/senacce\/diretoria-2\/\",\"name\":\"Diretoria - Senac Cear\u00e1\",\"isPartOf\":{\"@id\":\"https:\/\/www.fecomercio-ce.com.br\/senacce\/#website\"},\"datePublished\":\"2026-02-13T16:19:46+00:00\",\"dateModified\":\"2026-02-13T16:19:46+00:00\",\"breadcrumb\":{\"@id\":\"https:\/\/www.fecomercio-ce.com.br\/senacce\/diretoria-2\/#breadcrumb\"},\"inLanguage\":\"pt-BR\",\"potentialAction\":[{\"@type\":\"ReadAction\",\"target\":[\"https:\/\/www.fecomercio-ce.com.br\/senacce\/diretoria-2\/\"]}]},{\"@type\":\"BreadcrumbList\",\"@id\":\"https:\/\/www.fecomercio-ce.com.br\/senacce\/diretoria-2\/#breadcrumb\",\"itemListElement\":[{\"@type\":\"ListItem\",\"position\":1,\"name\":\"In\u00edcio\",\"item\":\"https:\/\/www.fecomercio-ce.com.br\/senacce\/\"},{\"@type\":\"ListItem\",\"position\":2,\"name\":\"Diretoria\"}]},{\"@type\":\"WebSite\",\"@id\":\"https:\/\/www.fecomercio-ce.com.br\/senacce\/#website\",\"url\":\"https:\/\/www.fecomercio-ce.com.br\/senacce\/\",\"name\":\"Senac Cear\u00e1\",\"description\":\"O Senac Cear\u00e1 atende 160 munic\u00edpios no Estado. Com mais de 800 cursos nas \u00e1reas de Turismo, Lazer e hospitalidade; Inform\u00e1tica; Beleza e Sa\u00fade.\",\"publisher\":{\"@id\":\"https:\/\/www.fecomercio-ce.com.br\/senacce\/#organization\"},\"alternateName\":\"Senac CE\",\"potentialAction\":[{\"@type\":\"SearchAction\",\"target\":{\"@type\":\"EntryPoint\",\"urlTemplate\":\"https:\/\/www.fecomercio-ce.com.br\/senacce\/?s={search_term_string}\"},\"query-input\":{\"@type\":\"PropertyValueSpecification\",\"valueRequired\":true,\"valueName\":\"search_term_string\"}}],\"inLanguage\":\"pt-BR\"},{\"@type\":\"Organization\",\"@id\":\"https:\/\/www.fecomercio-ce.com.br\/senacce\/#organization\",\"name\":\"senacce\",\"url\":\"https:\/\/www.fecomercio-ce.com.br\/senacce\/\",\"logo\":{\"@type\":\"ImageObject\",\"inLanguage\":\"pt-BR\",\"@id\":\"https:\/\/www.fecomercio-ce.com.br\/senacce\/#\/schema\/logo\/image\/\",\"url\":\"https:\/\/www.fecomercio-ce.com.br\/senacce\/wp-content\/uploads\/sites\/3\/2025\/05\/logo_Senac_Horizontal_Mono_1.webp\",\"contentUrl\":\"https:\/\/www.fecomercio-ce.com.br\/senacce\/wp-content\/uploads\/sites\/3\/2025\/05\/logo_Senac_Horizontal_Mono_1.webp\",\"width\":185,\"height\":60,\"caption\":\"senacce\"},\"image\":{\"@id\":\"https:\/\/www.fecomercio-ce.com.br\/senacce\/#\/schema\/logo\/image\/\"}}]}<\/script>\n<!-- \/ Yoast SEO plugin. -->","yoast_head_json":{"title":"Diretoria - Senac Cear\u00e1","robots":{"index":"index","follow":"follow","max-snippet":"max-snippet:-1","max-image-preview":"max-image-preview:large","max-video-preview":"max-video-preview:-1"},"canonical":"https:\/\/www.fecomercio-ce.com.br\/senacce\/diretoria-2\/","og_locale":"pt_BR","og_type":"article","og_title":"Diretoria - Senac Cear\u00e1","og_url":"https:\/\/www.fecomercio-ce.com.br\/senacce\/diretoria-2\/","og_site_name":"Senac Cear\u00e1","og_image":[{"width":1200,"height":630,"url":"https:\/\/www.fecomercio-ce.com.br\/senacce\/wp-content\/uploads\/sites\/3\/2025\/05\/senac.jpg","type":"image\/jpeg"}],"twitter_card":"summary_large_image","schema":{"@context":"https:\/\/schema.org","@graph":[{"@type":"WebPage","@id":"https:\/\/www.fecomercio-ce.com.br\/senacce\/diretoria-2\/","url":"https:\/\/www.fecomercio-ce.com.br\/senacce\/diretoria-2\/","name":"Diretoria - Senac Cear\u00e1","isPartOf":{"@id":"https:\/\/www.fecomercio-ce.com.br\/senacce\/#website"},"datePublished":"2026-02-13T16:19:46+00:00","dateModified":"2026-02-13T16:19:46+00:00","breadcrumb":{"@id":"https:\/\/www.fecomercio-ce.com.br\/senacce\/diretoria-2\/#breadcrumb"},"inLanguage":"pt-BR","potentialAction":[{"@type":"ReadAction","target":["https:\/\/www.fecomercio-ce.com.br\/senacce\/diretoria-2\/"]}]},{"@type":"BreadcrumbList","@id":"https:\/\/www.fecomercio-ce.com.br\/senacce\/diretoria-2\/#breadcrumb","itemListElement":[{"@type":"ListItem","position":1,"name":"In\u00edcio","item":"https:\/\/www.fecomercio-ce.com.br\/senacce\/"},{"@type":"ListItem","position":2,"name":"Diretoria"}]},{"@type":"WebSite","@id":"https:\/\/www.fecomercio-ce.com.br\/senacce\/#website","url":"https:\/\/www.fecomercio-ce.com.br\/senacce\/","name":"Senac Cear\u00e1","description":"O Senac Cear\u00e1 atende 160 munic\u00edpios no Estado. Com mais de 800 cursos nas \u00e1reas de Turismo, Lazer e hospitalidade; Inform\u00e1tica; Beleza e Sa\u00fade.","publisher":{"@id":"https:\/\/www.fecomercio-ce.com.br\/senacce\/#organization"},"alternateName":"Senac CE","potentialAction":[{"@type":"SearchAction","target":{"@type":"EntryPoint","urlTemplate":"https:\/\/www.fecomercio-ce.com.br\/senacce\/?s={search_term_string}"},"query-input":{"@type":"PropertyValueSpecification","valueRequired":true,"valueName":"search_term_string"}}],"inLanguage":"pt-BR"},{"@type":"Organization","@id":"https:\/\/www.fecomercio-ce.com.br\/senacce\/#organization","name":"senacce","url":"https:\/\/www.fecomercio-ce.com.br\/senacce\/","logo":{"@type":"ImageObject","inLanguage":"pt-BR","@id":"https:\/\/www.fecomercio-ce.com.br\/senacce\/#\/schema\/logo\/image\/","url":"https:\/\/www.fecomercio-ce.com.br\/senacce\/wp-content\/uploads\/sites\/3\/2025\/05\/logo_Senac_Horizontal_Mono_1.webp","contentUrl":"https:\/\/www.fecomercio-ce.com.br\/senacce\/wp-content\/uploads\/sites\/3\/2025\/05\/logo_Senac_Horizontal_Mono_1.webp","width":185,"height":60,"caption":"senacce"},"image":{"@id":"https:\/\/www.fecomercio-ce.com.br\/senacce\/#\/schema\/logo\/image\/"}}]}},"_links":{"self":[{"href":"https:\/\/www.fecomercio-ce.com.br\/senacce\/wp-json\/wp\/v2\/pages\/1838","targetHints":{"allow":["GET"]}}],"collection":[{"href":"https:\/\/www.fecomercio-ce.com.br\/senacce\/wp-json\/wp\/v2\/pages"}],"about":[{"href":"https:\/\/www.fecomercio-ce.com.br\/senacce\/wp-json\/wp\/v2\/types\/page"}],"author":[{"embeddable":true,"href":"https:\/\/www.fecomercio-ce.com.br\/senacce\/wp-json\/wp\/v2\/users\/1"}],"replies":[{"embeddable":true,"href":"https:\/\/www.fecomercio-ce.com.br\/senacce\/wp-json\/wp\/v2\/comments?post=1838"}],"version-history":[{"count":1,"href":"https:\/\/www.fecomercio-ce.com.br\/senacce\/wp-json\/wp\/v2\/pages\/1838\/revisions"}],"predecessor-version":[{"id":1839,"href":"https:\/\/www.fecomercio-ce.com.br\/senacce\/wp-json\/wp\/v2\/pages\/1838\/revisions\/1839"}],"wp:attachment":[{"href":"https:\/\/www.fecomercio-ce.com.br\/senacce\/wp-json\/wp\/v2\/media?parent=1838"}],"curies":[{"name":"wp","href":"https:\/\/api.w.org\/{rel}","templated":true}]}}