{"id":507,"date":"2025-05-13T10:19:47","date_gmt":"2025-05-13T13:19:47","guid":{"rendered":"https:\/\/www.fecomercio-ce.com.br\/senacce\/?page_id=507"},"modified":"2025-05-13T10:19:55","modified_gmt":"2025-05-13T13:19:55","slug":"vagas-de-emprego","status":"publish","type":"page","link":"https:\/\/www.fecomercio-ce.com.br\/senacce\/vagas-de-emprego\/","title":{"rendered":"Vagas de Emprego"},"content":{"rendered":"<p><strong>Venha fazer parte da nossa equipe!<\/strong><\/p>\n<p>Aqui voc\u00ea tem acesso \u00e0s oportunidades de trabalho e encontra todas as informa\u00e7\u00f5es sobre os nossos processos seletivos.<\/p>\n<p>Para participar registre-se em nosso portal, cadastre seu curr\u00edculo e posteriormente se candidate \u00e0s vagas dispon\u00edveis de seu interesse, lembre-se de ficar atento aos prazos de participa\u00e7\u00e3o.<br \/>\n<strong>Encontre sua oportunidade<\/strong>, acompanhe a continuidade do processo a qualquer hora e em qualquer lugar, para mais informa\u00e7\u00f5es sobre as regras e outros voc\u00ea poder\u00e1 consultar no bot\u00e3o\u00a0<strong>Painel de Vagas<\/strong>.<\/p>\n<p>&nbsp;<\/p>\n<p><a class=\"open-modal-regra2\" style=\"width: 100%; background: #5281d6; border-radius: 4px; color: #fff; cursor: pointer; display: inline-block; padding: 16px 20px; margin: 20px 0px; text-align: center; text-transform: uppercase;\" href=\"https:\/\/portalrh.ce.senac.br\/FrameHTML\/RM\/Rhu-BancoTalentos\/#\/RM\/Rhu-BancoTalentos\/home\" target=\"_blank\" rel=\"noopener\">Painel de Vagas<\/a><\/p>\n<p>&nbsp;<\/p>\n<h3>Fique Atento<\/h3>\n<p>O Senac, institui\u00e7\u00e3o de car\u00e1ter privado, sem fins lucrativos, esclarece que a contrata\u00e7\u00e3o de seus profissionais\u00a0<u>n\u00e3o se d\u00e1 por meio de concursos p\u00fablicos<\/u>. Todos os processos seletivos, incluindo os das vagas especiais para pessoas com defici\u00eancia, s\u00e3o realizados de acordo com a Resolu\u00e7\u00e3o n\u00ba\u00a01018\/2015\u00a0do Conselho do Departamento Nacional, que estabelece as normas para a contrata\u00e7\u00e3o de funcion\u00e1rios.\u00a0\u00c9 de inteira responsabilidade do(a) candidato(a) acompanhar a divulga\u00e7\u00e3o de todos os atos e comunicados referentes a este processo seletivo disponibilizados no endere\u00e7o eletr\u00f4nico do Senac Cear\u00e1:\u00a0<a title=\"http:\/\/www.ce.senac.br\" href=\"http:\/\/www.ce.senac.br\/\" target=\"_blank\" rel=\"noopener\">www.ce.senac.br<\/a>,\u00a0<a title=\"https:\/\/www.ce.senac.br\/vagas-de-emprego\/\" href=\"https:\/\/www.ce.senac.br\/vagas-de-emprego\/\" target=\"_blank\" rel=\"noopener\">www.ce.senac.br\/vagas-de-emprego<\/a>\u00a0e\/ou por e-mail.<\/p>\n<p><strong>Importante:\u00a0<\/strong>a \u00fanica maneira de se candidatar \u00e0s vagas abertas no Senac Cear\u00e1 \u00e9 pelos canais oficias da institui\u00e7\u00e3o.<\/p>\n","protected":false},"excerpt":{"rendered":"<p>Venha fazer parte da nossa equipe! Aqui voc\u00ea tem acesso \u00e0s oportunidades de trabalho e encontra todas as informa\u00e7\u00f5es sobre os nossos processos seletivos. Para participar registre-se em nosso portal, cadastre seu curr\u00edculo e posteriormente se candidate \u00e0s vagas dispon\u00edveis de seu interesse, lembre-se de ficar atento aos prazos de participa\u00e7\u00e3o. Encontre sua oportunidade, acompanhe [&hellip;]<\/p>\n","protected":false},"author":1,"featured_media":0,"parent":0,"menu_order":0,"comment_status":"closed","ping_status":"closed","template":"page-content.php","meta":{"_acf_changed":false,"footnotes":""},"class_list":["post-507","page","type-page","status-publish","hentry"],"acf":[],"yoast_head":"<!-- This site is optimized with the Yoast SEO plugin v24.3 - https:\/\/yoast.com\/wordpress\/plugins\/seo\/ -->\n<title>Vagas de Emprego - Senac Cear\u00e1<\/title>\n<meta name=\"robots\" content=\"index, follow, max-snippet:-1, max-image-preview:large, max-video-preview:-1\" \/>\n<link rel=\"canonical\" href=\"https:\/\/www.fecomercio-ce.com.br\/senacce\/vagas-de-emprego\/\" \/>\n<meta property=\"og:locale\" content=\"pt_BR\" \/>\n<meta property=\"og:type\" content=\"article\" \/>\n<meta property=\"og:title\" content=\"Vagas de Emprego - Senac Cear\u00e1\" \/>\n<meta property=\"og:description\" content=\"Venha fazer parte da nossa equipe! Aqui voc\u00ea tem acesso \u00e0s oportunidades de trabalho e encontra todas as informa\u00e7\u00f5es sobre os nossos processos seletivos. Para participar registre-se em nosso portal, cadastre seu curr\u00edculo e posteriormente se candidate \u00e0s vagas dispon\u00edveis de seu interesse, lembre-se de ficar atento aos prazos de participa\u00e7\u00e3o. Encontre sua oportunidade, acompanhe [&hellip;]\" \/>\n<meta property=\"og:url\" content=\"https:\/\/www.fecomercio-ce.com.br\/senacce\/vagas-de-emprego\/\" \/>\n<meta property=\"og:site_name\" content=\"Senac Cear\u00e1\" \/>\n<meta property=\"article:modified_time\" content=\"2025-05-13T13:19:55+00:00\" \/>\n<meta property=\"og:image\" content=\"https:\/\/www.fecomercio-ce.com.br\/senacce\/wp-content\/uploads\/sites\/3\/2025\/05\/senac.jpg\" \/>\n\t<meta property=\"og:image:width\" content=\"1200\" \/>\n\t<meta property=\"og:image:height\" content=\"630\" \/>\n\t<meta property=\"og:image:type\" content=\"image\/jpeg\" \/>\n<meta name=\"twitter:card\" content=\"summary_large_image\" \/>\n<meta name=\"twitter:label1\" content=\"Est. tempo de leitura\" \/>\n\t<meta name=\"twitter:data1\" content=\"2 minutos\" \/>\n<script type=\"application\/ld+json\" class=\"yoast-schema-graph\">{\"@context\":\"https:\/\/schema.org\",\"@graph\":[{\"@type\":\"WebPage\",\"@id\":\"https:\/\/www.fecomercio-ce.com.br\/senacce\/vagas-de-emprego\/\",\"url\":\"https:\/\/www.fecomercio-ce.com.br\/senacce\/vagas-de-emprego\/\",\"name\":\"Vagas de Emprego - Senac Cear\u00e1\",\"isPartOf\":{\"@id\":\"https:\/\/www.fecomercio-ce.com.br\/senacce\/#website\"},\"datePublished\":\"2025-05-13T13:19:47+00:00\",\"dateModified\":\"2025-05-13T13:19:55+00:00\",\"breadcrumb\":{\"@id\":\"https:\/\/www.fecomercio-ce.com.br\/senacce\/vagas-de-emprego\/#breadcrumb\"},\"inLanguage\":\"pt-BR\",\"potentialAction\":[{\"@type\":\"ReadAction\",\"target\":[\"https:\/\/www.fecomercio-ce.com.br\/senacce\/vagas-de-emprego\/\"]}]},{\"@type\":\"BreadcrumbList\",\"@id\":\"https:\/\/www.fecomercio-ce.com.br\/senacce\/vagas-de-emprego\/#breadcrumb\",\"itemListElement\":[{\"@type\":\"ListItem\",\"position\":1,\"name\":\"In\u00edcio\",\"item\":\"https:\/\/www.fecomercio-ce.com.br\/senacce\/\"},{\"@type\":\"ListItem\",\"position\":2,\"name\":\"Vagas de Emprego\"}]},{\"@type\":\"WebSite\",\"@id\":\"https:\/\/www.fecomercio-ce.com.br\/senacce\/#website\",\"url\":\"https:\/\/www.fecomercio-ce.com.br\/senacce\/\",\"name\":\"Senac Cear\u00e1\",\"description\":\"O Senac Cear\u00e1 atende 160 munic\u00edpios no Estado. Com mais de 800 cursos nas \u00e1reas de Turismo, Lazer e hospitalidade; Inform\u00e1tica; Beleza e Sa\u00fade.\",\"publisher\":{\"@id\":\"https:\/\/www.fecomercio-ce.com.br\/senacce\/#organization\"},\"alternateName\":\"Senac CE\",\"potentialAction\":[{\"@type\":\"SearchAction\",\"target\":{\"@type\":\"EntryPoint\",\"urlTemplate\":\"https:\/\/www.fecomercio-ce.com.br\/senacce\/?s={search_term_string}\"},\"query-input\":{\"@type\":\"PropertyValueSpecification\",\"valueRequired\":true,\"valueName\":\"search_term_string\"}}],\"inLanguage\":\"pt-BR\"},{\"@type\":\"Organization\",\"@id\":\"https:\/\/www.fecomercio-ce.com.br\/senacce\/#organization\",\"name\":\"senacce\",\"url\":\"https:\/\/www.fecomercio-ce.com.br\/senacce\/\",\"logo\":{\"@type\":\"ImageObject\",\"inLanguage\":\"pt-BR\",\"@id\":\"https:\/\/www.fecomercio-ce.com.br\/senacce\/#\/schema\/logo\/image\/\",\"url\":\"https:\/\/www.fecomercio-ce.com.br\/senacce\/wp-content\/uploads\/sites\/3\/2025\/05\/logo_Senac_Horizontal_Mono_1.webp\",\"contentUrl\":\"https:\/\/www.fecomercio-ce.com.br\/senacce\/wp-content\/uploads\/sites\/3\/2025\/05\/logo_Senac_Horizontal_Mono_1.webp\",\"width\":185,\"height\":60,\"caption\":\"senacce\"},\"image\":{\"@id\":\"https:\/\/www.fecomercio-ce.com.br\/senacce\/#\/schema\/logo\/image\/\"}}]}<\/script>\n<!-- \/ Yoast SEO plugin. -->","yoast_head_json":{"title":"Vagas de Emprego - Senac Cear\u00e1","robots":{"index":"index","follow":"follow","max-snippet":"max-snippet:-1","max-image-preview":"max-image-preview:large","max-video-preview":"max-video-preview:-1"},"canonical":"https:\/\/www.fecomercio-ce.com.br\/senacce\/vagas-de-emprego\/","og_locale":"pt_BR","og_type":"article","og_title":"Vagas de Emprego - Senac Cear\u00e1","og_description":"Venha fazer parte da nossa equipe! Aqui voc\u00ea tem acesso \u00e0s oportunidades de trabalho e encontra todas as informa\u00e7\u00f5es sobre os nossos processos seletivos. Para participar registre-se em nosso portal, cadastre seu curr\u00edculo e posteriormente se candidate \u00e0s vagas dispon\u00edveis de seu interesse, lembre-se de ficar atento aos prazos de participa\u00e7\u00e3o. Encontre sua oportunidade, acompanhe [&hellip;]","og_url":"https:\/\/www.fecomercio-ce.com.br\/senacce\/vagas-de-emprego\/","og_site_name":"Senac Cear\u00e1","article_modified_time":"2025-05-13T13:19:55+00:00","og_image":[{"width":1200,"height":630,"url":"https:\/\/www.fecomercio-ce.com.br\/senacce\/wp-content\/uploads\/sites\/3\/2025\/05\/senac.jpg","type":"image\/jpeg"}],"twitter_card":"summary_large_image","twitter_misc":{"Est. tempo de leitura":"2 minutos"},"schema":{"@context":"https:\/\/schema.org","@graph":[{"@type":"WebPage","@id":"https:\/\/www.fecomercio-ce.com.br\/senacce\/vagas-de-emprego\/","url":"https:\/\/www.fecomercio-ce.com.br\/senacce\/vagas-de-emprego\/","name":"Vagas de Emprego - Senac Cear\u00e1","isPartOf":{"@id":"https:\/\/www.fecomercio-ce.com.br\/senacce\/#website"},"datePublished":"2025-05-13T13:19:47+00:00","dateModified":"2025-05-13T13:19:55+00:00","breadcrumb":{"@id":"https:\/\/www.fecomercio-ce.com.br\/senacce\/vagas-de-emprego\/#breadcrumb"},"inLanguage":"pt-BR","potentialAction":[{"@type":"ReadAction","target":["https:\/\/www.fecomercio-ce.com.br\/senacce\/vagas-de-emprego\/"]}]},{"@type":"BreadcrumbList","@id":"https:\/\/www.fecomercio-ce.com.br\/senacce\/vagas-de-emprego\/#breadcrumb","itemListElement":[{"@type":"ListItem","position":1,"name":"In\u00edcio","item":"https:\/\/www.fecomercio-ce.com.br\/senacce\/"},{"@type":"ListItem","position":2,"name":"Vagas de Emprego"}]},{"@type":"WebSite","@id":"https:\/\/www.fecomercio-ce.com.br\/senacce\/#website","url":"https:\/\/www.fecomercio-ce.com.br\/senacce\/","name":"Senac Cear\u00e1","description":"O Senac Cear\u00e1 atende 160 munic\u00edpios no Estado. Com mais de 800 cursos nas \u00e1reas de Turismo, Lazer e hospitalidade; Inform\u00e1tica; Beleza e Sa\u00fade.","publisher":{"@id":"https:\/\/www.fecomercio-ce.com.br\/senacce\/#organization"},"alternateName":"Senac CE","potentialAction":[{"@type":"SearchAction","target":{"@type":"EntryPoint","urlTemplate":"https:\/\/www.fecomercio-ce.com.br\/senacce\/?s={search_term_string}"},"query-input":{"@type":"PropertyValueSpecification","valueRequired":true,"valueName":"search_term_string"}}],"inLanguage":"pt-BR"},{"@type":"Organization","@id":"https:\/\/www.fecomercio-ce.com.br\/senacce\/#organization","name":"senacce","url":"https:\/\/www.fecomercio-ce.com.br\/senacce\/","logo":{"@type":"ImageObject","inLanguage":"pt-BR","@id":"https:\/\/www.fecomercio-ce.com.br\/senacce\/#\/schema\/logo\/image\/","url":"https:\/\/www.fecomercio-ce.com.br\/senacce\/wp-content\/uploads\/sites\/3\/2025\/05\/logo_Senac_Horizontal_Mono_1.webp","contentUrl":"https:\/\/www.fecomercio-ce.com.br\/senacce\/wp-content\/uploads\/sites\/3\/2025\/05\/logo_Senac_Horizontal_Mono_1.webp","width":185,"height":60,"caption":"senacce"},"image":{"@id":"https:\/\/www.fecomercio-ce.com.br\/senacce\/#\/schema\/logo\/image\/"}}]}},"_links":{"self":[{"href":"https:\/\/www.fecomercio-ce.com.br\/senacce\/wp-json\/wp\/v2\/pages\/507","targetHints":{"allow":["GET"]}}],"collection":[{"href":"https:\/\/www.fecomercio-ce.com.br\/senacce\/wp-json\/wp\/v2\/pages"}],"about":[{"href":"https:\/\/www.fecomercio-ce.com.br\/senacce\/wp-json\/wp\/v2\/types\/page"}],"author":[{"embeddable":true,"href":"https:\/\/www.fecomercio-ce.com.br\/senacce\/wp-json\/wp\/v2\/users\/1"}],"replies":[{"embeddable":true,"href":"https:\/\/www.fecomercio-ce.com.br\/senacce\/wp-json\/wp\/v2\/comments?post=507"}],"version-history":[{"count":1,"href":"https:\/\/www.fecomercio-ce.com.br\/senacce\/wp-json\/wp\/v2\/pages\/507\/revisions"}],"predecessor-version":[{"id":508,"href":"https:\/\/www.fecomercio-ce.com.br\/senacce\/wp-json\/wp\/v2\/pages\/507\/revisions\/508"}],"wp:attachment":[{"href":"https:\/\/www.fecomercio-ce.com.br\/senacce\/wp-json\/wp\/v2\/media?parent=507"}],"curies":[{"name":"wp","href":"https:\/\/api.w.org\/{rel}","templated":true}]}}