{"id":574,"date":"2025-05-15T08:19:49","date_gmt":"2025-05-15T11:19:49","guid":{"rendered":"https:\/\/www.fecomercio-ce.com.br\/senacce\/?page_id=574"},"modified":"2026-02-13T11:34:44","modified_gmt":"2026-02-13T14:34:44","slug":"conheca-o-senac","status":"publish","type":"page","link":"https:\/\/www.fecomercio-ce.com.br\/senacce\/conheca-o-senac\/","title":{"rendered":"Conhe\u00e7a o Senac"},"content":{"rendered":"<p><img loading=\"lazy\" decoding=\"async\" class=\"alignnone wp-image-575 size-full\" src=\"https:\/\/www.fecomercio-ce.com.br\/senacce\/wp-content\/uploads\/sites\/3\/2025\/05\/release.png\" alt=\"\" width=\"720\" height=\"500\" srcset=\"https:\/\/www.fecomercio-ce.com.br\/senacce\/wp-content\/uploads\/sites\/3\/2025\/05\/release.png 720w, https:\/\/www.fecomercio-ce.com.br\/senacce\/wp-content\/uploads\/sites\/3\/2025\/05\/release-300x208.png 300w, https:\/\/www.fecomercio-ce.com.br\/senacce\/wp-content\/uploads\/sites\/3\/2025\/05\/release-100x69.png 100w\" sizes=\"auto, (max-width: 720px) 100vw, 720px\" \/><\/p>\n<p>Desde 1946, o Servi\u00e7o Nacional de Aprendizagem Comercial \u2013 Senac \u00e9 o principal agente de educa\u00e7\u00e3o profissional voltado para o Com\u00e9rcio de Bens, Servi\u00e7os e Turismo do Pa\u00eds.<\/p>\n<p>Hoje, est\u00e1 presente em mais de 1.800 munic\u00edpios, de Norte a Sul do Brasil, onde mant\u00e9m infraestrutura de ponta composta por mais de 600 unidades escolares, empresas pedag\u00f3gicas e unidades m\u00f3veis.<\/p>\n<p>Seu portf\u00f3lio contempla cursos presenciais e a dist\u00e2ncia, em diversas \u00e1reas do conhecimento, que v\u00e3o da Forma\u00e7\u00e3o Inicial e Continuada \u00e0 P\u00f3s-gradua\u00e7\u00e3o e permitem ao aluno planejar sua carreira profissional em uma perspectiva de educa\u00e7\u00e3o continuada.<\/p>\n<p>Mais sobre a atua\u00e7\u00e3o do Senac no Brasil:\u00a0<a href=\"http:\/\/www.senac.br\/\" target=\"_blank\" rel=\"noopener\">http:\/\/www.senac.br\/<\/a><\/p>\n<h3><\/h3>\n<h3>Sobre o SENAC Cear\u00e1:<\/h3>\n<p>O Senac \u2013 Servi\u00e7o Nacional de Aprendizagem Comercial, \u00e9 refer\u00eancia em educa\u00e7\u00e3o profissional, em todo o pa\u00eds. Preparando jovens e adultos para o mercado de trabalho, h\u00e1 mais de\u00a074 anos, oferta aos trabalhadores e gestores mais de 800 cursos voltados \u00e0 qualifica\u00e7\u00e3o de m\u00e3o de obra e solu\u00e7\u00f5es empresariais para o setor do com\u00e9rcio de bens, servi\u00e7os e turismo.<br \/>\nOs cursos v\u00e3o desde a forma\u00e7\u00e3o b\u00e1sica at\u00e9 p\u00f3s-gradua\u00e7\u00e3o, passando por turmas de aprendizagem, de qualifica\u00e7\u00e3o, de t\u00e9cnico e aperfei\u00e7oamento. T\u00eam como diferencial um modelo pedag\u00f3gico focado na compet\u00eancia. Dessa forma, o aluno evolui, desde a forma\u00e7\u00e3o inicial, passando pelo n\u00edvel t\u00e9cnico at\u00e9 o superior, com maior flexibilidade \u2013 de acordo com a sua necessidade, disponibilidade ou amadurecimento.<br \/>\nO Senac investe constantemente no aperfei\u00e7oamento e na capacita\u00e7\u00e3o dos seus instrutores, focado em tecnologia, inova\u00e7\u00e3o e com uma infraestrutura moderna. Al\u00e9m disso, mant\u00e9m sua programa\u00e7\u00e3o de cursos sempre atualizada, de acordo com as tend\u00eancias no com\u00e9rcio de bens, servi\u00e7os e turismo.<\/p>\n<p>A institui\u00e7\u00e3o tamb\u00e9m vai at\u00e9 as empresas, criando solu\u00e7\u00f5es educacionais customizadas a partir de seu perfil e seus objetivos.<\/p>\n<p><b>Atendimento Corporativo<\/b><br \/>\nA institui\u00e7\u00e3o tamb\u00e9m vai at\u00e9 as empresas, criando solu\u00e7\u00f5es educacionais customizadas a partir de seu perfil e seus objetivos. Assim, o\u00a0<a href=\"https:\/\/www.ce.senac.br\/consultoria\/\" target=\"_blank\" rel=\"noopener\">Senac Consultoria<\/a>\u00a0\u00a0e os\u00a0<a href=\"https:\/\/www.ce.senac.br\/cursos-in-company\/\" target=\"_blank\" rel=\"noopener\">Cursos In Company<\/a>\u00a0re\u00fanem\u00a0diversos servi\u00e7os voltados para o setor corporativo, tendo em vista a implementa\u00e7\u00e3o de diferenciais competitivos e o cumprimento das exig\u00eancias e legisla\u00e7\u00f5es para atua\u00e7\u00e3o no mercado.<\/p>\n<p><b>Abrang\u00eancia<\/b><br \/>\nPara levar seu portf\u00f3lio e a\u00e7\u00f5es educacionais a todos os munic\u00edpios do Cear\u00e1, o Senac tem 13 unidades fixas, distribu\u00eddas em\u00a0Fortaleza (Centro, Reference e RioMar), Aquiraz, Maranguape, Cedro, Sobral, Itapipoca, Crato, Iguatu, Juazeiro do Norte (S\u00e3o Miguel e Franciscano), Quixad\u00e1.\u00a0Conta tamb\u00e9m com quatro unidades m\u00f3veis \u2013 nas \u00e1reas de Turismo, Lazer e Hospitalidade; Inform\u00e1tica; Beleza e Sa\u00fade. A institui\u00e7\u00e3o integra ainda a Rede Nacional Senac de Educa\u00e7\u00e3o a Dist\u00e2ncia, levando assim seus cursos para todo o estado.<\/p>\n<p><img loading=\"lazy\" decoding=\"async\" class=\"alignnone size-full wp-image-576\" src=\"https:\/\/www.fecomercio-ce.com.br\/senacce\/wp-content\/uploads\/sites\/3\/2025\/05\/Senac_Crato-1.png\" alt=\"\" width=\"939\" height=\"627\" srcset=\"https:\/\/www.fecomercio-ce.com.br\/senacce\/wp-content\/uploads\/sites\/3\/2025\/05\/Senac_Crato-1.png 939w, https:\/\/www.fecomercio-ce.com.br\/senacce\/wp-content\/uploads\/sites\/3\/2025\/05\/Senac_Crato-1-300x200.png 300w, https:\/\/www.fecomercio-ce.com.br\/senacce\/wp-content\/uploads\/sites\/3\/2025\/05\/Senac_Crato-1-768x513.png 768w, https:\/\/www.fecomercio-ce.com.br\/senacce\/wp-content\/uploads\/sites\/3\/2025\/05\/Senac_Crato-1-100x67.png 100w\" sizes=\"auto, (max-width: 939px) 100vw, 939px\" \/><\/p>\n<p>&nbsp;<\/p>\n<h3>\u00c1REAS DE ATUA\u00c7\u00c3O<\/h3>\n<p><strong>\u00a0<\/strong><\/p>\n<table id=\"tablepress-1\" class=\"tablepress tablepress-id-1\">\n<thead>\n<tr class=\"row-1 odd\">\n<th class=\"column-1\">EIXO<\/th>\n<th class=\"column-2\">SEGMENTOS<\/th>\n<\/tr>\n<\/thead>\n<tbody class=\"row-hover\">\n<tr class=\"row-2 even\">\n<td class=\"column-1\">Ambiente e Sa\u00fade<\/td>\n<td class=\"column-2\">Beleza, Meio Ambiente, Sa\u00fade<\/td>\n<\/tr>\n<tr class=\"row-3 odd\">\n<td class=\"column-1\">Desenvolvimento Educacional e Social<\/td>\n<td class=\"column-2\">Educacional, Social, Idiomas<\/td>\n<\/tr>\n<tr class=\"row-4 even\">\n<td class=\"column-1\">Gest\u00e3o e Neg\u00f3cios<\/td>\n<td class=\"column-2\">Com\u00e9rcio, Gest\u00e3o<\/td>\n<\/tr>\n<tr class=\"row-5 odd\">\n<td class=\"column-1\">Informa\u00e7\u00e3o e Comunica\u00e7\u00e3o<\/td>\n<td class=\"column-2\">Inform\u00e1tica, Telecomunica\u00e7\u00f5es, Games<\/td>\n<\/tr>\n<tr class=\"row-6 even\">\n<td class=\"column-1\">Infraestrutura<\/td>\n<td class=\"column-2\">Asseio, Conserva\u00e7\u00e3o, Zeladoria, Instala\u00e7\u00e3o, Manuten\u00e7\u00e3o, Repara\u00e7\u00e3o, Constru\u00e7\u00e3o, Reforma, Transporte e Armazenamento<\/td>\n<\/tr>\n<tr class=\"row-7 odd\">\n<td class=\"column-1\">Produ\u00e7\u00e3o Cultural e Design<\/td>\n<td class=\"column-2\">Artes, Comunica\u00e7\u00e3o, Design, Moda<\/td>\n<\/tr>\n<tr class=\"row-8 even\">\n<td class=\"column-1\">Turismo, Hospitalidade e Lazer<\/td>\n<td class=\"column-2\">Hospitalidade, Lazer, Turismo, Gastronomia, Evento<\/td>\n<\/tr>\n<tr class=\"row-9 odd\">\n<td class=\"column-1\">Produ\u00e7\u00e3o Aliment\u00edcia<\/td>\n<td class=\"column-2\">Produ\u00e7\u00e3o de Alimentos<\/td>\n<\/tr>\n<tr class=\"row-10 even\">\n<td class=\"column-1\">Seguran\u00e7a<\/td>\n<td class=\"column-2\">Seguran\u00e7a, Seguran\u00e7a Privada<\/td>\n<\/tr>\n<\/tbody>\n<\/table>\n<p>&nbsp;<\/p>\n<h2 id=\"missao\"><b>Miss\u00e3o<\/b><\/h2>\n<p>Educar para o trabalho em atividades do com\u00e9rcio de bens, servi\u00e7os e turismo.<\/p>\n<h2><b>Vis\u00e3o<\/b><\/h2>\n<p>Ser a institui\u00e7\u00e3o brasileira que oferece as melhores solu\u00e7\u00f5es em educa\u00e7\u00e3o profissional, reconhecida pelas empresas.<\/p>\n<h2>\u00a0<b>Valores<\/b><\/h2>\n<p>\u25cf Transpar\u00eancia;<br \/>\n\u25cf Inclus\u00e3o social;<br \/>\n\u25cf Excel\u00eancia;<br \/>\n\u25cf Inova\u00e7\u00e3o;<br \/>\n\u25cf Atitude empreendedora;<br \/>\n\u25cf Educa\u00e7\u00e3o para autonomia;<br \/>\n\u25cf Desenvolvimento sustent\u00e1vel.<\/p>\n","protected":false},"excerpt":{"rendered":"<p>Desde 1946, o Servi\u00e7o Nacional de Aprendizagem Comercial \u2013 Senac \u00e9 o principal agente de educa\u00e7\u00e3o profissional voltado para o Com\u00e9rcio de Bens, Servi\u00e7os e Turismo do Pa\u00eds. Hoje, est\u00e1 presente em mais de 1.800 munic\u00edpios, de Norte a Sul do Brasil, onde mant\u00e9m infraestrutura de ponta composta por mais de 600 unidades escolares, empresas [&hellip;]<\/p>\n","protected":false},"author":1,"featured_media":0,"parent":0,"menu_order":0,"comment_status":"closed","ping_status":"closed","template":"page-about.php","meta":{"_acf_changed":false,"footnotes":""},"class_list":["post-574","page","type-page","status-publish","hentry"],"acf":[],"yoast_head":"<!-- This site is optimized with the Yoast SEO plugin v24.3 - https:\/\/yoast.com\/wordpress\/plugins\/seo\/ -->\n<title>Conhe\u00e7a o Senac - Senac Cear\u00e1<\/title>\n<meta name=\"description\" content=\"O Senac \u2013 Servi\u00e7o Nacional de Aprendizagem Comercial, \u00e9 refer\u00eancia em educa\u00e7\u00e3o profissional, em todo o pa\u00eds. Preparando jovens e adultos para o mercado de trabalho.\" \/>\n<meta name=\"robots\" content=\"index, follow, max-snippet:-1, max-image-preview:large, max-video-preview:-1\" \/>\n<link rel=\"canonical\" href=\"https:\/\/www.fecomercio-ce.com.br\/senacce\/conheca-o-senac\/\" \/>\n<meta property=\"og:locale\" content=\"pt_BR\" \/>\n<meta property=\"og:type\" content=\"article\" \/>\n<meta property=\"og:title\" content=\"Conhe\u00e7a o Senac - Senac Cear\u00e1\" \/>\n<meta property=\"og:description\" content=\"O Senac \u2013 Servi\u00e7o Nacional de Aprendizagem Comercial, \u00e9 refer\u00eancia em educa\u00e7\u00e3o profissional, em todo o pa\u00eds. Preparando jovens e adultos para o mercado de trabalho.\" \/>\n<meta property=\"og:url\" content=\"https:\/\/www.fecomercio-ce.com.br\/senacce\/conheca-o-senac\/\" \/>\n<meta property=\"og:site_name\" content=\"Senac Cear\u00e1\" \/>\n<meta property=\"article:modified_time\" content=\"2026-02-13T14:34:44+00:00\" \/>\n<meta property=\"og:image\" content=\"https:\/\/www.fecomercio-ce.com.br\/senacce\/wp-content\/uploads\/sites\/3\/2025\/05\/release.png\" \/>\n\t<meta property=\"og:image:width\" content=\"720\" \/>\n\t<meta property=\"og:image:height\" content=\"500\" \/>\n\t<meta property=\"og:image:type\" content=\"image\/png\" \/>\n<meta name=\"twitter:card\" content=\"summary_large_image\" \/>\n<meta name=\"twitter:label1\" content=\"Est. tempo de leitura\" \/>\n\t<meta name=\"twitter:data1\" content=\"4 minutos\" \/>\n<script type=\"application\/ld+json\" class=\"yoast-schema-graph\">{\"@context\":\"https:\/\/schema.org\",\"@graph\":[{\"@type\":\"WebPage\",\"@id\":\"https:\/\/www.fecomercio-ce.com.br\/senacce\/conheca-o-senac\/\",\"url\":\"https:\/\/www.fecomercio-ce.com.br\/senacce\/conheca-o-senac\/\",\"name\":\"Conhe\u00e7a o Senac - Senac Cear\u00e1\",\"isPartOf\":{\"@id\":\"https:\/\/www.fecomercio-ce.com.br\/senacce\/#website\"},\"primaryImageOfPage\":{\"@id\":\"https:\/\/www.fecomercio-ce.com.br\/senacce\/conheca-o-senac\/#primaryimage\"},\"image\":{\"@id\":\"https:\/\/www.fecomercio-ce.com.br\/senacce\/conheca-o-senac\/#primaryimage\"},\"thumbnailUrl\":\"https:\/\/www.fecomercio-ce.com.br\/senacce\/wp-content\/uploads\/sites\/3\/2025\/05\/release.png\",\"datePublished\":\"2025-05-15T11:19:49+00:00\",\"dateModified\":\"2026-02-13T14:34:44+00:00\",\"description\":\"O Senac \u2013 Servi\u00e7o Nacional de Aprendizagem Comercial, \u00e9 refer\u00eancia em educa\u00e7\u00e3o profissional, em todo o pa\u00eds. Preparando jovens e adultos para o mercado de trabalho.\",\"breadcrumb\":{\"@id\":\"https:\/\/www.fecomercio-ce.com.br\/senacce\/conheca-o-senac\/#breadcrumb\"},\"inLanguage\":\"pt-BR\",\"potentialAction\":[{\"@type\":\"ReadAction\",\"target\":[\"https:\/\/www.fecomercio-ce.com.br\/senacce\/conheca-o-senac\/\"]}]},{\"@type\":\"ImageObject\",\"inLanguage\":\"pt-BR\",\"@id\":\"https:\/\/www.fecomercio-ce.com.br\/senacce\/conheca-o-senac\/#primaryimage\",\"url\":\"https:\/\/www.fecomercio-ce.com.br\/senacce\/wp-content\/uploads\/sites\/3\/2025\/05\/release.png\",\"contentUrl\":\"https:\/\/www.fecomercio-ce.com.br\/senacce\/wp-content\/uploads\/sites\/3\/2025\/05\/release.png\",\"width\":720,\"height\":500},{\"@type\":\"BreadcrumbList\",\"@id\":\"https:\/\/www.fecomercio-ce.com.br\/senacce\/conheca-o-senac\/#breadcrumb\",\"itemListElement\":[{\"@type\":\"ListItem\",\"position\":1,\"name\":\"In\u00edcio\",\"item\":\"https:\/\/www.fecomercio-ce.com.br\/senacce\/\"},{\"@type\":\"ListItem\",\"position\":2,\"name\":\"Conhe\u00e7a o Senac\"}]},{\"@type\":\"WebSite\",\"@id\":\"https:\/\/www.fecomercio-ce.com.br\/senacce\/#website\",\"url\":\"https:\/\/www.fecomercio-ce.com.br\/senacce\/\",\"name\":\"Senac Cear\u00e1\",\"description\":\"O Senac Cear\u00e1 atende 160 munic\u00edpios no Estado. Com mais de 800 cursos nas \u00e1reas de Turismo, Lazer e hospitalidade; Inform\u00e1tica; Beleza e Sa\u00fade.\",\"publisher\":{\"@id\":\"https:\/\/www.fecomercio-ce.com.br\/senacce\/#organization\"},\"alternateName\":\"Senac CE\",\"potentialAction\":[{\"@type\":\"SearchAction\",\"target\":{\"@type\":\"EntryPoint\",\"urlTemplate\":\"https:\/\/www.fecomercio-ce.com.br\/senacce\/?s={search_term_string}\"},\"query-input\":{\"@type\":\"PropertyValueSpecification\",\"valueRequired\":true,\"valueName\":\"search_term_string\"}}],\"inLanguage\":\"pt-BR\"},{\"@type\":\"Organization\",\"@id\":\"https:\/\/www.fecomercio-ce.com.br\/senacce\/#organization\",\"name\":\"senacce\",\"url\":\"https:\/\/www.fecomercio-ce.com.br\/senacce\/\",\"logo\":{\"@type\":\"ImageObject\",\"inLanguage\":\"pt-BR\",\"@id\":\"https:\/\/www.fecomercio-ce.com.br\/senacce\/#\/schema\/logo\/image\/\",\"url\":\"https:\/\/www.fecomercio-ce.com.br\/senacce\/wp-content\/uploads\/sites\/3\/2025\/05\/logo_Senac_Horizontal_Mono_1.webp\",\"contentUrl\":\"https:\/\/www.fecomercio-ce.com.br\/senacce\/wp-content\/uploads\/sites\/3\/2025\/05\/logo_Senac_Horizontal_Mono_1.webp\",\"width\":185,\"height\":60,\"caption\":\"senacce\"},\"image\":{\"@id\":\"https:\/\/www.fecomercio-ce.com.br\/senacce\/#\/schema\/logo\/image\/\"}}]}<\/script>\n<!-- \/ Yoast SEO plugin. -->","yoast_head_json":{"title":"Conhe\u00e7a o Senac - Senac Cear\u00e1","description":"O Senac \u2013 Servi\u00e7o Nacional de Aprendizagem Comercial, \u00e9 refer\u00eancia em educa\u00e7\u00e3o profissional, em todo o pa\u00eds. Preparando jovens e adultos para o mercado de trabalho.","robots":{"index":"index","follow":"follow","max-snippet":"max-snippet:-1","max-image-preview":"max-image-preview:large","max-video-preview":"max-video-preview:-1"},"canonical":"https:\/\/www.fecomercio-ce.com.br\/senacce\/conheca-o-senac\/","og_locale":"pt_BR","og_type":"article","og_title":"Conhe\u00e7a o Senac - Senac Cear\u00e1","og_description":"O Senac \u2013 Servi\u00e7o Nacional de Aprendizagem Comercial, \u00e9 refer\u00eancia em educa\u00e7\u00e3o profissional, em todo o pa\u00eds. Preparando jovens e adultos para o mercado de trabalho.","og_url":"https:\/\/www.fecomercio-ce.com.br\/senacce\/conheca-o-senac\/","og_site_name":"Senac Cear\u00e1","article_modified_time":"2026-02-13T14:34:44+00:00","og_image":[{"width":720,"height":500,"url":"https:\/\/www.fecomercio-ce.com.br\/senacce\/wp-content\/uploads\/sites\/3\/2025\/05\/release.png","type":"image\/png"}],"twitter_card":"summary_large_image","twitter_misc":{"Est. tempo de leitura":"4 minutos"},"schema":{"@context":"https:\/\/schema.org","@graph":[{"@type":"WebPage","@id":"https:\/\/www.fecomercio-ce.com.br\/senacce\/conheca-o-senac\/","url":"https:\/\/www.fecomercio-ce.com.br\/senacce\/conheca-o-senac\/","name":"Conhe\u00e7a o Senac - Senac Cear\u00e1","isPartOf":{"@id":"https:\/\/www.fecomercio-ce.com.br\/senacce\/#website"},"primaryImageOfPage":{"@id":"https:\/\/www.fecomercio-ce.com.br\/senacce\/conheca-o-senac\/#primaryimage"},"image":{"@id":"https:\/\/www.fecomercio-ce.com.br\/senacce\/conheca-o-senac\/#primaryimage"},"thumbnailUrl":"https:\/\/www.fecomercio-ce.com.br\/senacce\/wp-content\/uploads\/sites\/3\/2025\/05\/release.png","datePublished":"2025-05-15T11:19:49+00:00","dateModified":"2026-02-13T14:34:44+00:00","description":"O Senac \u2013 Servi\u00e7o Nacional de Aprendizagem Comercial, \u00e9 refer\u00eancia em educa\u00e7\u00e3o profissional, em todo o pa\u00eds. Preparando jovens e adultos para o mercado de trabalho.","breadcrumb":{"@id":"https:\/\/www.fecomercio-ce.com.br\/senacce\/conheca-o-senac\/#breadcrumb"},"inLanguage":"pt-BR","potentialAction":[{"@type":"ReadAction","target":["https:\/\/www.fecomercio-ce.com.br\/senacce\/conheca-o-senac\/"]}]},{"@type":"ImageObject","inLanguage":"pt-BR","@id":"https:\/\/www.fecomercio-ce.com.br\/senacce\/conheca-o-senac\/#primaryimage","url":"https:\/\/www.fecomercio-ce.com.br\/senacce\/wp-content\/uploads\/sites\/3\/2025\/05\/release.png","contentUrl":"https:\/\/www.fecomercio-ce.com.br\/senacce\/wp-content\/uploads\/sites\/3\/2025\/05\/release.png","width":720,"height":500},{"@type":"BreadcrumbList","@id":"https:\/\/www.fecomercio-ce.com.br\/senacce\/conheca-o-senac\/#breadcrumb","itemListElement":[{"@type":"ListItem","position":1,"name":"In\u00edcio","item":"https:\/\/www.fecomercio-ce.com.br\/senacce\/"},{"@type":"ListItem","position":2,"name":"Conhe\u00e7a o Senac"}]},{"@type":"WebSite","@id":"https:\/\/www.fecomercio-ce.com.br\/senacce\/#website","url":"https:\/\/www.fecomercio-ce.com.br\/senacce\/","name":"Senac Cear\u00e1","description":"O Senac Cear\u00e1 atende 160 munic\u00edpios no Estado. Com mais de 800 cursos nas \u00e1reas de Turismo, Lazer e hospitalidade; Inform\u00e1tica; Beleza e Sa\u00fade.","publisher":{"@id":"https:\/\/www.fecomercio-ce.com.br\/senacce\/#organization"},"alternateName":"Senac CE","potentialAction":[{"@type":"SearchAction","target":{"@type":"EntryPoint","urlTemplate":"https:\/\/www.fecomercio-ce.com.br\/senacce\/?s={search_term_string}"},"query-input":{"@type":"PropertyValueSpecification","valueRequired":true,"valueName":"search_term_string"}}],"inLanguage":"pt-BR"},{"@type":"Organization","@id":"https:\/\/www.fecomercio-ce.com.br\/senacce\/#organization","name":"senacce","url":"https:\/\/www.fecomercio-ce.com.br\/senacce\/","logo":{"@type":"ImageObject","inLanguage":"pt-BR","@id":"https:\/\/www.fecomercio-ce.com.br\/senacce\/#\/schema\/logo\/image\/","url":"https:\/\/www.fecomercio-ce.com.br\/senacce\/wp-content\/uploads\/sites\/3\/2025\/05\/logo_Senac_Horizontal_Mono_1.webp","contentUrl":"https:\/\/www.fecomercio-ce.com.br\/senacce\/wp-content\/uploads\/sites\/3\/2025\/05\/logo_Senac_Horizontal_Mono_1.webp","width":185,"height":60,"caption":"senacce"},"image":{"@id":"https:\/\/www.fecomercio-ce.com.br\/senacce\/#\/schema\/logo\/image\/"}}]}},"_links":{"self":[{"href":"https:\/\/www.fecomercio-ce.com.br\/senacce\/wp-json\/wp\/v2\/pages\/574","targetHints":{"allow":["GET"]}}],"collection":[{"href":"https:\/\/www.fecomercio-ce.com.br\/senacce\/wp-json\/wp\/v2\/pages"}],"about":[{"href":"https:\/\/www.fecomercio-ce.com.br\/senacce\/wp-json\/wp\/v2\/types\/page"}],"author":[{"embeddable":true,"href":"https:\/\/www.fecomercio-ce.com.br\/senacce\/wp-json\/wp\/v2\/users\/1"}],"replies":[{"embeddable":true,"href":"https:\/\/www.fecomercio-ce.com.br\/senacce\/wp-json\/wp\/v2\/comments?post=574"}],"version-history":[{"count":21,"href":"https:\/\/www.fecomercio-ce.com.br\/senacce\/wp-json\/wp\/v2\/pages\/574\/revisions"}],"predecessor-version":[{"id":1833,"href":"https:\/\/www.fecomercio-ce.com.br\/senacce\/wp-json\/wp\/v2\/pages\/574\/revisions\/1833"}],"wp:attachment":[{"href":"https:\/\/www.fecomercio-ce.com.br\/senacce\/wp-json\/wp\/v2\/media?parent=574"}],"curies":[{"name":"wp","href":"https:\/\/api.w.org\/{rel}","templated":true}]}}