{"id":581,"date":"2025-05-15T08:25:10","date_gmt":"2025-05-15T11:25:10","guid":{"rendered":"https:\/\/www.fecomercio-ce.com.br\/senacce\/?page_id=581"},"modified":"2026-02-13T11:34:43","modified_gmt":"2026-02-13T14:34:43","slug":"estrutura-organizacional","status":"publish","type":"page","link":"https:\/\/www.fecomercio-ce.com.br\/senacce\/estrutura-organizacional\/","title":{"rendered":"Estrutura Organizacional"},"content":{"rendered":"<p><strong><img loading=\"lazy\" decoding=\"async\" class=\"alignnone size-large wp-image-1787\" src=\"https:\/\/www.fecomercio-ce.com.br\/senacce\/wp-content\/uploads\/sites\/3\/2026\/02\/Pres1-scaled-1-1024x684.webp\" alt=\"\" width=\"1024\" height=\"684\" srcset=\"https:\/\/www.fecomercio-ce.com.br\/senacce\/wp-content\/uploads\/sites\/3\/2026\/02\/Pres1-scaled-1-1024x684.webp 1024w, https:\/\/www.fecomercio-ce.com.br\/senacce\/wp-content\/uploads\/sites\/3\/2026\/02\/Pres1-scaled-1-300x200.webp 300w, https:\/\/www.fecomercio-ce.com.br\/senacce\/wp-content\/uploads\/sites\/3\/2026\/02\/Pres1-scaled-1-768x513.webp 768w, https:\/\/www.fecomercio-ce.com.br\/senacce\/wp-content\/uploads\/sites\/3\/2026\/02\/Pres1-scaled-1-1536x1025.webp 1536w, https:\/\/www.fecomercio-ce.com.br\/senacce\/wp-content\/uploads\/sites\/3\/2026\/02\/Pres1-scaled-1-2048x1367.webp 2048w, https:\/\/www.fecomercio-ce.com.br\/senacce\/wp-content\/uploads\/sites\/3\/2026\/02\/Pres1-scaled-1-100x67.webp 100w\" sizes=\"auto, (max-width: 1024px) 100vw, 1024px\" \/><\/strong><\/p>\n<p>&nbsp;<\/p>\n<p><strong><br \/>\nLuiz Gast\u00e3o Bittencourt da Silva nasceu em 19 de agosto de 1962,<\/strong>\u00e9 casado e tem cinco filhos. Empres\u00e1rio, com forma\u00e7\u00e3o em Gest\u00e3o Comercial, atua no setor de servi\u00e7os h\u00e1 cerca de 40 anos. Em 2022 foi reeleito presidente da Federa\u00e7\u00e3o do Com\u00e9rcio de Bens, Servi\u00e7os e Turismo do Estado do Cear\u00e1, dos Conselhos Regionais do Sesc (Servi\u00e7o Social do Com\u00e9rcio), do Senac (Servi\u00e7o Nacional de Aprendizagem Comercial) e do IPDC (Instituto de Pesquisa e Desenvolvimento do Cear\u00e1), institui\u00e7\u00f5es que, juntas, comp\u00f5em o Sistema Fecom\u00e9rcio Cear\u00e1.<\/p>\n<p>No mesmo ano foi eleito para C\u00e2mara dos Deputados pelo Partido Social Democr\u00e1tico (PSD), como um dos representantes do Cear\u00e1 na Casa do Povo. Em sua primeira disputa para o cargo de deputado federal, Luiz Gast\u00e3o recebeu 96.537 mil votos em 182 dos 184 munic\u00edpios cearenses, e foi o quinto deputado federal mais votado em Fortaleza.<\/p>\n<p>As pautas da sua legislatura s\u00e3o: a livre iniciativa e a liberdade econ\u00f4mica; a forma\u00e7\u00e3o e qualifica\u00e7\u00e3o profissional, visando a empregabilidade e a inser\u00e7\u00e3o do jovem no mercado de trabalho; o fortalecimento da fam\u00edlia; o apoio a cultura e ao terceiro setor; e a liberdade de express\u00e3o e opini\u00e3o. Luiz Gast\u00e3o tamb\u00e9m leva consigo a bandeira do Sesc e do Senac, visando fortalecer as entregas e o papel de transforma\u00e7\u00e3o social das institui\u00e7\u00f5es em sua rela\u00e7\u00e3o com a sociedade.<\/p>\n<p>Como l\u00edder empresarial e sindical vem trabalhando intensamente pela redu\u00e7\u00e3o e simplifica\u00e7\u00e3o da carga tribut\u00e1ria, pelo fomento ao empreendedorismo, formaliza\u00e7\u00e3o e longevidade das empresas, pela defesa do mercado interno, da livre iniciativa e da justa concorr\u00eancia, assim como tem promovido a\u00e7\u00f5es de combate \u00e0 informaliza\u00e7\u00e3o e \u00e0 pirataria.<\/p>\n<p>\u00c0 frente do Sistema Fecom\u00e9rcio, sua gest\u00e3o se caracteriza pelo zelo com os recursos das institui\u00e7\u00f5es e pela valoriza\u00e7\u00e3o do ser humano. O resultado dessa atua\u00e7\u00e3o \u00e9 a eleva\u00e7\u00e3o quantitativa e da qualidade na presta\u00e7\u00e3o de servi\u00e7os aos comerci\u00e1rios, suas fam\u00edlias e \u00e0 sociedade. Tem se destacado na promo\u00e7\u00e3o da qualidade de vida e da educa\u00e7\u00e3o para trabalhadores do segmento que representa, assegurando relevantes conquistas sociais, por meio de um permanente di\u00e1logo construtivo entre capital e trabalho.<\/p>\n<p>A gera\u00e7\u00e3o de emprego e renda e a responsabilidade social s\u00e3o uma marca da capacidade que Luiz Gast\u00e3o tem de enxergar longe. E, para superar os desafios permanentes, acredita na educa\u00e7\u00e3o como o melhor caminho para ampliar as oportunidades aos quem est\u00e3o \u00e0 margem do mercado de trabalho. Assim, as a\u00e7\u00f5es oferecidas no Sesc e no Senac do Cear\u00e1 atendem da crian\u00e7a, que busca uma educa\u00e7\u00e3o diferenciada e de qualidade, ao adulto que necessita ou quer retomar os estudos e qualificar-se para o mercado de trabalho, passando tamb\u00e9m pelo professor que deseja aprimorar-se em determinada \u00e1rea de ensino. Proporcionando experi\u00eancias diferenciadas, as atividades educacionais primam por uma constru\u00e7\u00e3o conjunta do conhecimento, indo al\u00e9m da sala de aula e com resultados definitivos para a vida.<\/p>\n<p>O investimento em Recursos Humanos, aliado a um processo de gest\u00e3o com vis\u00e3o de futuro, proporcionou condi\u00e7\u00f5es adequadas para uma atua\u00e7\u00e3o do Sistema Fecom\u00e9rcio em todos os 184 munic\u00edpios do Estado do Cear\u00e1, atrav\u00e9s de a\u00e7\u00f5es realizadas em unidades pr\u00f3prias ou em parcerias com a iniciativa p\u00fablica e privada. Luiz Gast\u00e3o modernizou o perfil de atua\u00e7\u00e3o das entidades que comp\u00f5em o Sistema Fecom\u00e9rcio no Cear\u00e1 implantando uma pol\u00edtica de recursos humanos pautada em crit\u00e9rios profissionais que valorizam o conhecimento e o investimento na permanente forma\u00e7\u00e3o e qualifica\u00e7\u00e3o do corpo de colaboradores.<\/p>\n<p>Na Federa\u00e7\u00e3o do Com\u00e9rcio Gast\u00e3o implementou uma gest\u00e3o moderna e eficiente. Ampliou para 35 o n\u00famero de sindicatos filiados \u00e0 Federa\u00e7\u00e3o fortalecendo a representatividade sindical patronal com servi\u00e7os de assessoria sindical, institucional e de gest\u00e3o, al\u00e9m de dotar a organiza\u00e7\u00e3o de uma estrutura de atendimento \u00e0s mais de 310 mil empresas do com\u00e9rcio de bens, servi\u00e7os e turismo com presta\u00e7\u00e3o de servi\u00e7os e produtos tais como telefonia m\u00f3vel, plano de sa\u00fade, certifica\u00e7\u00e3o digital, dentre outros. O reconhecimento a uma trajet\u00f3ria marcada pelo empreendedorismo, inova\u00e7\u00e3o e capacidade de gest\u00e3o vem sendo marcado com justas homenagens. Entre elas: em 1999 recebeu a comenda de Chanceler da Ordem do Com\u00e9rcio, concedida pela CNC e em 2005, de forma un\u00e2nime, os parlamentares cearenses decidiram por condecor\u00e1-lo com o t\u00edtulo de Cidad\u00e3o Cearense, honraria concedida pela Assembleia Legislativa do Estado do Cear\u00e1, al\u00e9m de v\u00e1rios munic\u00edpios que tamb\u00e9m optaram por distingui-lo com t\u00edtulos de cidadania tais como Fortaleza, Crato, Barbalha, Eus\u00e9bio, Quixeramobim, Assar\u00e9, Horizonte, Icapu\u00ed, S\u00e3o Gon\u00e7alo do Amarante, Limoeiro do Norte e Caucaia.<\/p>\n<p>&nbsp;<\/p>\n<h5>Diretoria<\/h5>\n<p class=\"directors__item\"><strong>Luiz Gast\u00e3o Bittencourt da Silva<br \/>\n<\/strong>Presid\u00eancia do Conselho Regional<\/p>\n<p><strong>Cl\u00e1udia Maria Meneses Brilhante Maia<\/strong><br \/>\nDiretoria Institucional Sesc e Senac \/ Chefia de Gabinete<\/p>\n<p><strong>Henrique Jorge Javi de Sousa<\/strong><br \/>\nSuperintend\u00eancia de A\u00e7\u00f5es Integradas Sesc e Senac<\/p>\n<p><strong>D\u00e9bora Sombra Costa Lima<\/strong><br \/>\nDiretoria Regional<\/p>\n<p><strong>Priscilla Marques Carneiro<\/strong><br \/>\nDiretoria de Educa\u00e7\u00e3o Profissional<\/p>\n<p><strong>Hugo Eduardo de Oliveira Le\u00e3o<\/strong><br \/>\nSuperintend\u00eancia Jur\u00eddica Sesc e Senac<\/p>\n<p><strong>Georgia Philomeno Gomes Carneiro<\/strong><br \/>\nDiretoria de Opera\u00e7\u00f5es Sesc e Senac<\/p>\n<p><strong>Gilberto Barroso da Frota<\/strong><br \/>\nDiretoria Financeira Sesc e Senac<\/p>\n<p><strong>Marlea Nobre da Costa Maciel<\/strong><br \/>\nDiretoria Administrativa Sesc e Senac<\/p>\n<p class=\"directors__item\"><strong>Umehara Lopes Parente<\/strong><br \/>\nDiretoria de Comunica\u00e7\u00e3o e Marketing Sesc e Senac<\/p>\n","protected":false},"excerpt":{"rendered":"<p>&nbsp; Luiz Gast\u00e3o Bittencourt da Silva nasceu em 19 de agosto de 1962,\u00e9 casado e tem cinco filhos. Empres\u00e1rio, com forma\u00e7\u00e3o em Gest\u00e3o Comercial, atua no setor de servi\u00e7os h\u00e1 cerca de 40 anos. Em 2022 foi reeleito presidente da Federa\u00e7\u00e3o do Com\u00e9rcio de Bens, Servi\u00e7os e Turismo do Estado do Cear\u00e1, dos Conselhos Regionais [&hellip;]<\/p>\n","protected":false},"author":1,"featured_media":0,"parent":0,"menu_order":0,"comment_status":"closed","ping_status":"closed","template":"page-about.php","meta":{"_acf_changed":false,"footnotes":""},"class_list":["post-581","page","type-page","status-publish","hentry"],"acf":[],"yoast_head":"<!-- This site is optimized with the Yoast SEO plugin v24.3 - https:\/\/yoast.com\/wordpress\/plugins\/seo\/ -->\n<title>Estrutura Organizacional - Senac Cear\u00e1<\/title>\n<meta name=\"robots\" content=\"index, follow, max-snippet:-1, max-image-preview:large, max-video-preview:-1\" \/>\n<link rel=\"canonical\" href=\"https:\/\/www.fecomercio-ce.com.br\/senacce\/estrutura-organizacional\/\" \/>\n<meta property=\"og:locale\" content=\"pt_BR\" \/>\n<meta property=\"og:type\" content=\"article\" \/>\n<meta property=\"og:title\" content=\"Estrutura Organizacional - Senac Cear\u00e1\" \/>\n<meta property=\"og:description\" content=\"&nbsp; Luiz Gast\u00e3o Bittencourt da Silva nasceu em 19 de agosto de 1962,\u00e9 casado e tem cinco filhos. Empres\u00e1rio, com forma\u00e7\u00e3o em Gest\u00e3o Comercial, atua no setor de servi\u00e7os h\u00e1 cerca de 40 anos. Em 2022 foi reeleito presidente da Federa\u00e7\u00e3o do Com\u00e9rcio de Bens, Servi\u00e7os e Turismo do Estado do Cear\u00e1, dos Conselhos Regionais [&hellip;]\" \/>\n<meta property=\"og:url\" content=\"https:\/\/www.fecomercio-ce.com.br\/senacce\/estrutura-organizacional\/\" \/>\n<meta property=\"og:site_name\" content=\"Senac Cear\u00e1\" \/>\n<meta property=\"article:modified_time\" content=\"2026-02-13T14:34:43+00:00\" \/>\n<meta property=\"og:image\" content=\"https:\/\/www.fecomercio-ce.com.br\/senacce\/wp-content\/uploads\/sites\/3\/2026\/02\/Pres1-scaled-1.webp\" \/>\n\t<meta property=\"og:image:width\" content=\"2560\" \/>\n\t<meta property=\"og:image:height\" content=\"1709\" \/>\n\t<meta property=\"og:image:type\" content=\"image\/webp\" \/>\n<meta name=\"twitter:card\" content=\"summary_large_image\" \/>\n<meta name=\"twitter:label1\" content=\"Est. tempo de leitura\" \/>\n\t<meta name=\"twitter:data1\" content=\"5 minutos\" \/>\n<script type=\"application\/ld+json\" class=\"yoast-schema-graph\">{\"@context\":\"https:\/\/schema.org\",\"@graph\":[{\"@type\":\"WebPage\",\"@id\":\"https:\/\/www.fecomercio-ce.com.br\/senacce\/estrutura-organizacional\/\",\"url\":\"https:\/\/www.fecomercio-ce.com.br\/senacce\/estrutura-organizacional\/\",\"name\":\"Estrutura Organizacional - Senac Cear\u00e1\",\"isPartOf\":{\"@id\":\"https:\/\/www.fecomercio-ce.com.br\/senacce\/#website\"},\"primaryImageOfPage\":{\"@id\":\"https:\/\/www.fecomercio-ce.com.br\/senacce\/estrutura-organizacional\/#primaryimage\"},\"image\":{\"@id\":\"https:\/\/www.fecomercio-ce.com.br\/senacce\/estrutura-organizacional\/#primaryimage\"},\"thumbnailUrl\":\"https:\/\/www.fecomercio-ce.com.br\/senacce\/wp-content\/uploads\/sites\/3\/2026\/02\/Pres1-scaled-1-1024x684.webp\",\"datePublished\":\"2025-05-15T11:25:10+00:00\",\"dateModified\":\"2026-02-13T14:34:43+00:00\",\"breadcrumb\":{\"@id\":\"https:\/\/www.fecomercio-ce.com.br\/senacce\/estrutura-organizacional\/#breadcrumb\"},\"inLanguage\":\"pt-BR\",\"potentialAction\":[{\"@type\":\"ReadAction\",\"target\":[\"https:\/\/www.fecomercio-ce.com.br\/senacce\/estrutura-organizacional\/\"]}]},{\"@type\":\"ImageObject\",\"inLanguage\":\"pt-BR\",\"@id\":\"https:\/\/www.fecomercio-ce.com.br\/senacce\/estrutura-organizacional\/#primaryimage\",\"url\":\"https:\/\/www.fecomercio-ce.com.br\/senacce\/wp-content\/uploads\/sites\/3\/2026\/02\/Pres1-scaled-1.webp\",\"contentUrl\":\"https:\/\/www.fecomercio-ce.com.br\/senacce\/wp-content\/uploads\/sites\/3\/2026\/02\/Pres1-scaled-1.webp\",\"width\":2560,\"height\":1709},{\"@type\":\"BreadcrumbList\",\"@id\":\"https:\/\/www.fecomercio-ce.com.br\/senacce\/estrutura-organizacional\/#breadcrumb\",\"itemListElement\":[{\"@type\":\"ListItem\",\"position\":1,\"name\":\"In\u00edcio\",\"item\":\"https:\/\/www.fecomercio-ce.com.br\/senacce\/\"},{\"@type\":\"ListItem\",\"position\":2,\"name\":\"Estrutura Organizacional\"}]},{\"@type\":\"WebSite\",\"@id\":\"https:\/\/www.fecomercio-ce.com.br\/senacce\/#website\",\"url\":\"https:\/\/www.fecomercio-ce.com.br\/senacce\/\",\"name\":\"Senac Cear\u00e1\",\"description\":\"O Senac Cear\u00e1 atende 160 munic\u00edpios no Estado. Com mais de 800 cursos nas \u00e1reas de Turismo, Lazer e hospitalidade; Inform\u00e1tica; Beleza e Sa\u00fade.\",\"publisher\":{\"@id\":\"https:\/\/www.fecomercio-ce.com.br\/senacce\/#organization\"},\"alternateName\":\"Senac CE\",\"potentialAction\":[{\"@type\":\"SearchAction\",\"target\":{\"@type\":\"EntryPoint\",\"urlTemplate\":\"https:\/\/www.fecomercio-ce.com.br\/senacce\/?s={search_term_string}\"},\"query-input\":{\"@type\":\"PropertyValueSpecification\",\"valueRequired\":true,\"valueName\":\"search_term_string\"}}],\"inLanguage\":\"pt-BR\"},{\"@type\":\"Organization\",\"@id\":\"https:\/\/www.fecomercio-ce.com.br\/senacce\/#organization\",\"name\":\"senacce\",\"url\":\"https:\/\/www.fecomercio-ce.com.br\/senacce\/\",\"logo\":{\"@type\":\"ImageObject\",\"inLanguage\":\"pt-BR\",\"@id\":\"https:\/\/www.fecomercio-ce.com.br\/senacce\/#\/schema\/logo\/image\/\",\"url\":\"https:\/\/www.fecomercio-ce.com.br\/senacce\/wp-content\/uploads\/sites\/3\/2025\/05\/logo_Senac_Horizontal_Mono_1.webp\",\"contentUrl\":\"https:\/\/www.fecomercio-ce.com.br\/senacce\/wp-content\/uploads\/sites\/3\/2025\/05\/logo_Senac_Horizontal_Mono_1.webp\",\"width\":185,\"height\":60,\"caption\":\"senacce\"},\"image\":{\"@id\":\"https:\/\/www.fecomercio-ce.com.br\/senacce\/#\/schema\/logo\/image\/\"}}]}<\/script>\n<!-- \/ Yoast SEO plugin. -->","yoast_head_json":{"title":"Estrutura Organizacional - Senac Cear\u00e1","robots":{"index":"index","follow":"follow","max-snippet":"max-snippet:-1","max-image-preview":"max-image-preview:large","max-video-preview":"max-video-preview:-1"},"canonical":"https:\/\/www.fecomercio-ce.com.br\/senacce\/estrutura-organizacional\/","og_locale":"pt_BR","og_type":"article","og_title":"Estrutura Organizacional - Senac Cear\u00e1","og_description":"&nbsp; Luiz Gast\u00e3o Bittencourt da Silva nasceu em 19 de agosto de 1962,\u00e9 casado e tem cinco filhos. Empres\u00e1rio, com forma\u00e7\u00e3o em Gest\u00e3o Comercial, atua no setor de servi\u00e7os h\u00e1 cerca de 40 anos. Em 2022 foi reeleito presidente da Federa\u00e7\u00e3o do Com\u00e9rcio de Bens, Servi\u00e7os e Turismo do Estado do Cear\u00e1, dos Conselhos Regionais [&hellip;]","og_url":"https:\/\/www.fecomercio-ce.com.br\/senacce\/estrutura-organizacional\/","og_site_name":"Senac Cear\u00e1","article_modified_time":"2026-02-13T14:34:43+00:00","og_image":[{"width":2560,"height":1709,"url":"https:\/\/www.fecomercio-ce.com.br\/senacce\/wp-content\/uploads\/sites\/3\/2026\/02\/Pres1-scaled-1.webp","type":"image\/webp"}],"twitter_card":"summary_large_image","twitter_misc":{"Est. tempo de leitura":"5 minutos"},"schema":{"@context":"https:\/\/schema.org","@graph":[{"@type":"WebPage","@id":"https:\/\/www.fecomercio-ce.com.br\/senacce\/estrutura-organizacional\/","url":"https:\/\/www.fecomercio-ce.com.br\/senacce\/estrutura-organizacional\/","name":"Estrutura Organizacional - Senac Cear\u00e1","isPartOf":{"@id":"https:\/\/www.fecomercio-ce.com.br\/senacce\/#website"},"primaryImageOfPage":{"@id":"https:\/\/www.fecomercio-ce.com.br\/senacce\/estrutura-organizacional\/#primaryimage"},"image":{"@id":"https:\/\/www.fecomercio-ce.com.br\/senacce\/estrutura-organizacional\/#primaryimage"},"thumbnailUrl":"https:\/\/www.fecomercio-ce.com.br\/senacce\/wp-content\/uploads\/sites\/3\/2026\/02\/Pres1-scaled-1-1024x684.webp","datePublished":"2025-05-15T11:25:10+00:00","dateModified":"2026-02-13T14:34:43+00:00","breadcrumb":{"@id":"https:\/\/www.fecomercio-ce.com.br\/senacce\/estrutura-organizacional\/#breadcrumb"},"inLanguage":"pt-BR","potentialAction":[{"@type":"ReadAction","target":["https:\/\/www.fecomercio-ce.com.br\/senacce\/estrutura-organizacional\/"]}]},{"@type":"ImageObject","inLanguage":"pt-BR","@id":"https:\/\/www.fecomercio-ce.com.br\/senacce\/estrutura-organizacional\/#primaryimage","url":"https:\/\/www.fecomercio-ce.com.br\/senacce\/wp-content\/uploads\/sites\/3\/2026\/02\/Pres1-scaled-1.webp","contentUrl":"https:\/\/www.fecomercio-ce.com.br\/senacce\/wp-content\/uploads\/sites\/3\/2026\/02\/Pres1-scaled-1.webp","width":2560,"height":1709},{"@type":"BreadcrumbList","@id":"https:\/\/www.fecomercio-ce.com.br\/senacce\/estrutura-organizacional\/#breadcrumb","itemListElement":[{"@type":"ListItem","position":1,"name":"In\u00edcio","item":"https:\/\/www.fecomercio-ce.com.br\/senacce\/"},{"@type":"ListItem","position":2,"name":"Estrutura Organizacional"}]},{"@type":"WebSite","@id":"https:\/\/www.fecomercio-ce.com.br\/senacce\/#website","url":"https:\/\/www.fecomercio-ce.com.br\/senacce\/","name":"Senac Cear\u00e1","description":"O Senac Cear\u00e1 atende 160 munic\u00edpios no Estado. Com mais de 800 cursos nas \u00e1reas de Turismo, Lazer e hospitalidade; Inform\u00e1tica; Beleza e Sa\u00fade.","publisher":{"@id":"https:\/\/www.fecomercio-ce.com.br\/senacce\/#organization"},"alternateName":"Senac CE","potentialAction":[{"@type":"SearchAction","target":{"@type":"EntryPoint","urlTemplate":"https:\/\/www.fecomercio-ce.com.br\/senacce\/?s={search_term_string}"},"query-input":{"@type":"PropertyValueSpecification","valueRequired":true,"valueName":"search_term_string"}}],"inLanguage":"pt-BR"},{"@type":"Organization","@id":"https:\/\/www.fecomercio-ce.com.br\/senacce\/#organization","name":"senacce","url":"https:\/\/www.fecomercio-ce.com.br\/senacce\/","logo":{"@type":"ImageObject","inLanguage":"pt-BR","@id":"https:\/\/www.fecomercio-ce.com.br\/senacce\/#\/schema\/logo\/image\/","url":"https:\/\/www.fecomercio-ce.com.br\/senacce\/wp-content\/uploads\/sites\/3\/2025\/05\/logo_Senac_Horizontal_Mono_1.webp","contentUrl":"https:\/\/www.fecomercio-ce.com.br\/senacce\/wp-content\/uploads\/sites\/3\/2025\/05\/logo_Senac_Horizontal_Mono_1.webp","width":185,"height":60,"caption":"senacce"},"image":{"@id":"https:\/\/www.fecomercio-ce.com.br\/senacce\/#\/schema\/logo\/image\/"}}]}},"_links":{"self":[{"href":"https:\/\/www.fecomercio-ce.com.br\/senacce\/wp-json\/wp\/v2\/pages\/581","targetHints":{"allow":["GET"]}}],"collection":[{"href":"https:\/\/www.fecomercio-ce.com.br\/senacce\/wp-json\/wp\/v2\/pages"}],"about":[{"href":"https:\/\/www.fecomercio-ce.com.br\/senacce\/wp-json\/wp\/v2\/types\/page"}],"author":[{"embeddable":true,"href":"https:\/\/www.fecomercio-ce.com.br\/senacce\/wp-json\/wp\/v2\/users\/1"}],"replies":[{"embeddable":true,"href":"https:\/\/www.fecomercio-ce.com.br\/senacce\/wp-json\/wp\/v2\/comments?post=581"}],"version-history":[{"count":18,"href":"https:\/\/www.fecomercio-ce.com.br\/senacce\/wp-json\/wp\/v2\/pages\/581\/revisions"}],"predecessor-version":[{"id":1832,"href":"https:\/\/www.fecomercio-ce.com.br\/senacce\/wp-json\/wp\/v2\/pages\/581\/revisions\/1832"}],"wp:attachment":[{"href":"https:\/\/www.fecomercio-ce.com.br\/senacce\/wp-json\/wp\/v2\/media?parent=581"}],"curies":[{"name":"wp","href":"https:\/\/api.w.org\/{rel}","templated":true}]}}