{"id":589,"date":"2025-05-15T08:29:16","date_gmt":"2025-05-15T11:29:16","guid":{"rendered":"https:\/\/www.fecomercio-ce.com.br\/senacce\/?page_id=589"},"modified":"2026-02-13T11:36:03","modified_gmt":"2026-02-13T14:36:03","slug":"relatorio-de-igualdade","status":"publish","type":"page","link":"https:\/\/www.fecomercio-ce.com.br\/senacce\/relatorio-de-igualdade\/","title":{"rendered":"Relat\u00f3rio de igualdade"},"content":{"rendered":"<div class=\"sub\">\n<h3>Atualizado em 29\/03\/2024<\/h3>\n<\/div>\n<h2><\/h2>\n<p>Relat\u00f3rio de Transpar\u00eancia e Igualdade Salarial de Mulheres e Homens<\/p>\n<p>Em atendimento \u00e0 Lei n\u00ba 14.611\/23, que disp\u00f5e sobre a igualdade salarial entre homens e mulheres, o Senac Cear\u00e1 apresenta a seguir o Relat\u00f3rio de Transpar\u00eancia e Igualdade Salarial de Mulheres e Homens emitido pelo Minist\u00e9rio do Trabalho e Emprego (MTE), o qual expressa a preocupa\u00e7\u00e3o institucional com o tema e a conformidade com o preconizado no regulamento.<\/p>\n<p>Nota 1: Relat\u00f3rios referentes \u00e0s Unidades com mais de 100 colaboradores no per\u00edodo-base (2022) conforme Relat\u00f3rio emitido pelo MTE.<\/p>\n<p>Nota 2: Conforme previs\u00e3o legal, este documento est\u00e1 sendo publicado\u00a0em\u00a029\/03\/2024.<\/p>\n<hr \/>\n<div class=\"links\"><a href=\"https:\/\/www.ce.senac.br\/wp-content\/uploads\/2024\/03\/RELATORIO-03648344002305-SENAC-TRITAO-28-03.pdf\" target=\"_blank\" rel=\"noopener\" download=\"\"><i class=\"fa fa-file-text-o\"><\/i>\u00a0RELATORIO 03648344002305 SENAC TRITAO 28-03<\/a><a href=\"https:\/\/www.ce.senac.br\/wp-content\/uploads\/2024\/03\/RELATORIO-03648344000108-SENAC-ADM-REGIONALI-28-03.pdf\" target=\"_blank\" rel=\"noopener\" download=\"\"><i class=\"fa fa-file-text-o\"><\/i>\u00a0RELATORIO 03648344000108 SENAC ADM REGIONALI 28-03<\/a><\/div>\n","protected":false},"excerpt":{"rendered":"<p>Atualizado em 29\/03\/2024 Relat\u00f3rio de Transpar\u00eancia e Igualdade Salarial de Mulheres e Homens Em atendimento \u00e0 Lei n\u00ba 14.611\/23, que disp\u00f5e sobre a igualdade salarial entre homens e mulheres, o Senac Cear\u00e1 apresenta a seguir o Relat\u00f3rio de Transpar\u00eancia e Igualdade Salarial de Mulheres e Homens emitido pelo Minist\u00e9rio do Trabalho e Emprego (MTE), o [&hellip;]<\/p>\n","protected":false},"author":1,"featured_media":0,"parent":0,"menu_order":0,"comment_status":"closed","ping_status":"closed","template":"page-about.php","meta":{"_acf_changed":false,"footnotes":""},"class_list":["post-589","page","type-page","status-publish","hentry"],"acf":[],"yoast_head":"<!-- This site is optimized with the Yoast SEO plugin v24.3 - https:\/\/yoast.com\/wordpress\/plugins\/seo\/ -->\n<title>Relat\u00f3rio de igualdade - Senac Cear\u00e1<\/title>\n<meta name=\"robots\" content=\"index, follow, max-snippet:-1, max-image-preview:large, max-video-preview:-1\" \/>\n<link rel=\"canonical\" href=\"https:\/\/www.fecomercio-ce.com.br\/senacce\/relatorio-de-igualdade\/\" \/>\n<meta property=\"og:locale\" content=\"pt_BR\" \/>\n<meta property=\"og:type\" content=\"article\" \/>\n<meta property=\"og:title\" content=\"Relat\u00f3rio de igualdade - Senac Cear\u00e1\" \/>\n<meta property=\"og:description\" content=\"Atualizado em 29\/03\/2024 Relat\u00f3rio de Transpar\u00eancia e Igualdade Salarial de Mulheres e Homens Em atendimento \u00e0 Lei n\u00ba 14.611\/23, que disp\u00f5e sobre a igualdade salarial entre homens e mulheres, o Senac Cear\u00e1 apresenta a seguir o Relat\u00f3rio de Transpar\u00eancia e Igualdade Salarial de Mulheres e Homens emitido pelo Minist\u00e9rio do Trabalho e Emprego (MTE), o [&hellip;]\" \/>\n<meta property=\"og:url\" content=\"https:\/\/www.fecomercio-ce.com.br\/senacce\/relatorio-de-igualdade\/\" \/>\n<meta property=\"og:site_name\" content=\"Senac Cear\u00e1\" \/>\n<meta property=\"article:modified_time\" content=\"2026-02-13T14:36:03+00:00\" \/>\n<meta property=\"og:image\" content=\"https:\/\/www.fecomercio-ce.com.br\/senacce\/wp-content\/uploads\/sites\/3\/2025\/05\/senac.jpg\" \/>\n\t<meta property=\"og:image:width\" content=\"1200\" \/>\n\t<meta property=\"og:image:height\" content=\"630\" \/>\n\t<meta property=\"og:image:type\" content=\"image\/jpeg\" \/>\n<meta name=\"twitter:card\" content=\"summary_large_image\" \/>\n<meta name=\"twitter:label1\" content=\"Est. tempo de leitura\" \/>\n\t<meta name=\"twitter:data1\" content=\"1 minuto\" \/>\n<script type=\"application\/ld+json\" class=\"yoast-schema-graph\">{\"@context\":\"https:\/\/schema.org\",\"@graph\":[{\"@type\":\"WebPage\",\"@id\":\"https:\/\/www.fecomercio-ce.com.br\/senacce\/relatorio-de-igualdade\/\",\"url\":\"https:\/\/www.fecomercio-ce.com.br\/senacce\/relatorio-de-igualdade\/\",\"name\":\"Relat\u00f3rio de igualdade - Senac Cear\u00e1\",\"isPartOf\":{\"@id\":\"https:\/\/www.fecomercio-ce.com.br\/senacce\/#website\"},\"datePublished\":\"2025-05-15T11:29:16+00:00\",\"dateModified\":\"2026-02-13T14:36:03+00:00\",\"breadcrumb\":{\"@id\":\"https:\/\/www.fecomercio-ce.com.br\/senacce\/relatorio-de-igualdade\/#breadcrumb\"},\"inLanguage\":\"pt-BR\",\"potentialAction\":[{\"@type\":\"ReadAction\",\"target\":[\"https:\/\/www.fecomercio-ce.com.br\/senacce\/relatorio-de-igualdade\/\"]}]},{\"@type\":\"BreadcrumbList\",\"@id\":\"https:\/\/www.fecomercio-ce.com.br\/senacce\/relatorio-de-igualdade\/#breadcrumb\",\"itemListElement\":[{\"@type\":\"ListItem\",\"position\":1,\"name\":\"In\u00edcio\",\"item\":\"https:\/\/www.fecomercio-ce.com.br\/senacce\/\"},{\"@type\":\"ListItem\",\"position\":2,\"name\":\"Relat\u00f3rio de igualdade\"}]},{\"@type\":\"WebSite\",\"@id\":\"https:\/\/www.fecomercio-ce.com.br\/senacce\/#website\",\"url\":\"https:\/\/www.fecomercio-ce.com.br\/senacce\/\",\"name\":\"Senac Cear\u00e1\",\"description\":\"O Senac Cear\u00e1 atende 160 munic\u00edpios no Estado. Com mais de 800 cursos nas \u00e1reas de Turismo, Lazer e hospitalidade; Inform\u00e1tica; Beleza e Sa\u00fade.\",\"publisher\":{\"@id\":\"https:\/\/www.fecomercio-ce.com.br\/senacce\/#organization\"},\"alternateName\":\"Senac CE\",\"potentialAction\":[{\"@type\":\"SearchAction\",\"target\":{\"@type\":\"EntryPoint\",\"urlTemplate\":\"https:\/\/www.fecomercio-ce.com.br\/senacce\/?s={search_term_string}\"},\"query-input\":{\"@type\":\"PropertyValueSpecification\",\"valueRequired\":true,\"valueName\":\"search_term_string\"}}],\"inLanguage\":\"pt-BR\"},{\"@type\":\"Organization\",\"@id\":\"https:\/\/www.fecomercio-ce.com.br\/senacce\/#organization\",\"name\":\"senacce\",\"url\":\"https:\/\/www.fecomercio-ce.com.br\/senacce\/\",\"logo\":{\"@type\":\"ImageObject\",\"inLanguage\":\"pt-BR\",\"@id\":\"https:\/\/www.fecomercio-ce.com.br\/senacce\/#\/schema\/logo\/image\/\",\"url\":\"https:\/\/www.fecomercio-ce.com.br\/senacce\/wp-content\/uploads\/sites\/3\/2025\/05\/logo_Senac_Horizontal_Mono_1.webp\",\"contentUrl\":\"https:\/\/www.fecomercio-ce.com.br\/senacce\/wp-content\/uploads\/sites\/3\/2025\/05\/logo_Senac_Horizontal_Mono_1.webp\",\"width\":185,\"height\":60,\"caption\":\"senacce\"},\"image\":{\"@id\":\"https:\/\/www.fecomercio-ce.com.br\/senacce\/#\/schema\/logo\/image\/\"}}]}<\/script>\n<!-- \/ Yoast SEO plugin. -->","yoast_head_json":{"title":"Relat\u00f3rio de igualdade - Senac Cear\u00e1","robots":{"index":"index","follow":"follow","max-snippet":"max-snippet:-1","max-image-preview":"max-image-preview:large","max-video-preview":"max-video-preview:-1"},"canonical":"https:\/\/www.fecomercio-ce.com.br\/senacce\/relatorio-de-igualdade\/","og_locale":"pt_BR","og_type":"article","og_title":"Relat\u00f3rio de igualdade - Senac Cear\u00e1","og_description":"Atualizado em 29\/03\/2024 Relat\u00f3rio de Transpar\u00eancia e Igualdade Salarial de Mulheres e Homens Em atendimento \u00e0 Lei n\u00ba 14.611\/23, que disp\u00f5e sobre a igualdade salarial entre homens e mulheres, o Senac Cear\u00e1 apresenta a seguir o Relat\u00f3rio de Transpar\u00eancia e Igualdade Salarial de Mulheres e Homens emitido pelo Minist\u00e9rio do Trabalho e Emprego (MTE), o [&hellip;]","og_url":"https:\/\/www.fecomercio-ce.com.br\/senacce\/relatorio-de-igualdade\/","og_site_name":"Senac Cear\u00e1","article_modified_time":"2026-02-13T14:36:03+00:00","og_image":[{"width":1200,"height":630,"url":"https:\/\/www.fecomercio-ce.com.br\/senacce\/wp-content\/uploads\/sites\/3\/2025\/05\/senac.jpg","type":"image\/jpeg"}],"twitter_card":"summary_large_image","twitter_misc":{"Est. tempo de leitura":"1 minuto"},"schema":{"@context":"https:\/\/schema.org","@graph":[{"@type":"WebPage","@id":"https:\/\/www.fecomercio-ce.com.br\/senacce\/relatorio-de-igualdade\/","url":"https:\/\/www.fecomercio-ce.com.br\/senacce\/relatorio-de-igualdade\/","name":"Relat\u00f3rio de igualdade - Senac Cear\u00e1","isPartOf":{"@id":"https:\/\/www.fecomercio-ce.com.br\/senacce\/#website"},"datePublished":"2025-05-15T11:29:16+00:00","dateModified":"2026-02-13T14:36:03+00:00","breadcrumb":{"@id":"https:\/\/www.fecomercio-ce.com.br\/senacce\/relatorio-de-igualdade\/#breadcrumb"},"inLanguage":"pt-BR","potentialAction":[{"@type":"ReadAction","target":["https:\/\/www.fecomercio-ce.com.br\/senacce\/relatorio-de-igualdade\/"]}]},{"@type":"BreadcrumbList","@id":"https:\/\/www.fecomercio-ce.com.br\/senacce\/relatorio-de-igualdade\/#breadcrumb","itemListElement":[{"@type":"ListItem","position":1,"name":"In\u00edcio","item":"https:\/\/www.fecomercio-ce.com.br\/senacce\/"},{"@type":"ListItem","position":2,"name":"Relat\u00f3rio de igualdade"}]},{"@type":"WebSite","@id":"https:\/\/www.fecomercio-ce.com.br\/senacce\/#website","url":"https:\/\/www.fecomercio-ce.com.br\/senacce\/","name":"Senac Cear\u00e1","description":"O Senac Cear\u00e1 atende 160 munic\u00edpios no Estado. Com mais de 800 cursos nas \u00e1reas de Turismo, Lazer e hospitalidade; Inform\u00e1tica; Beleza e Sa\u00fade.","publisher":{"@id":"https:\/\/www.fecomercio-ce.com.br\/senacce\/#organization"},"alternateName":"Senac CE","potentialAction":[{"@type":"SearchAction","target":{"@type":"EntryPoint","urlTemplate":"https:\/\/www.fecomercio-ce.com.br\/senacce\/?s={search_term_string}"},"query-input":{"@type":"PropertyValueSpecification","valueRequired":true,"valueName":"search_term_string"}}],"inLanguage":"pt-BR"},{"@type":"Organization","@id":"https:\/\/www.fecomercio-ce.com.br\/senacce\/#organization","name":"senacce","url":"https:\/\/www.fecomercio-ce.com.br\/senacce\/","logo":{"@type":"ImageObject","inLanguage":"pt-BR","@id":"https:\/\/www.fecomercio-ce.com.br\/senacce\/#\/schema\/logo\/image\/","url":"https:\/\/www.fecomercio-ce.com.br\/senacce\/wp-content\/uploads\/sites\/3\/2025\/05\/logo_Senac_Horizontal_Mono_1.webp","contentUrl":"https:\/\/www.fecomercio-ce.com.br\/senacce\/wp-content\/uploads\/sites\/3\/2025\/05\/logo_Senac_Horizontal_Mono_1.webp","width":185,"height":60,"caption":"senacce"},"image":{"@id":"https:\/\/www.fecomercio-ce.com.br\/senacce\/#\/schema\/logo\/image\/"}}]}},"_links":{"self":[{"href":"https:\/\/www.fecomercio-ce.com.br\/senacce\/wp-json\/wp\/v2\/pages\/589","targetHints":{"allow":["GET"]}}],"collection":[{"href":"https:\/\/www.fecomercio-ce.com.br\/senacce\/wp-json\/wp\/v2\/pages"}],"about":[{"href":"https:\/\/www.fecomercio-ce.com.br\/senacce\/wp-json\/wp\/v2\/types\/page"}],"author":[{"embeddable":true,"href":"https:\/\/www.fecomercio-ce.com.br\/senacce\/wp-json\/wp\/v2\/users\/1"}],"replies":[{"embeddable":true,"href":"https:\/\/www.fecomercio-ce.com.br\/senacce\/wp-json\/wp\/v2\/comments?post=589"}],"version-history":[{"count":3,"href":"https:\/\/www.fecomercio-ce.com.br\/senacce\/wp-json\/wp\/v2\/pages\/589\/revisions"}],"predecessor-version":[{"id":1836,"href":"https:\/\/www.fecomercio-ce.com.br\/senacce\/wp-json\/wp\/v2\/pages\/589\/revisions\/1836"}],"wp:attachment":[{"href":"https:\/\/www.fecomercio-ce.com.br\/senacce\/wp-json\/wp\/v2\/media?parent=589"}],"curies":[{"name":"wp","href":"https:\/\/api.w.org\/{rel}","templated":true}]}}