{"id":730,"date":"2025-07-03T09:04:27","date_gmt":"2025-07-03T12:04:27","guid":{"rendered":"https:\/\/www.fecomercio-ce.com.br\/senacce\/?page_id=730"},"modified":"2025-07-03T09:04:27","modified_gmt":"2025-07-03T12:04:27","slug":"integridade","status":"publish","type":"page","link":"https:\/\/www.fecomercio-ce.com.br\/senacce\/integridade\/","title":{"rendered":"Integridade"},"content":{"rendered":"<div class=\"titles\">\n<div class=\"titles__title\">\n<h2>Integridade<\/h2>\n<\/div>\n<\/div>\n<div class=\"about__content\">\n<p data-prosemirror-content-type=\"node\" data-prosemirror-node-name=\"paragraph\" data-prosemirror-node-block=\"true\" data-pm-slice=\"1 1 []\">O <strong data-prosemirror-content-type=\"mark\" data-prosemirror-mark-name=\"strong\">Senac Cear\u00e1 <\/strong>sustenta suas a\u00e7\u00f5es nos valores de\u00a0<strong data-prosemirror-content-type=\"mark\" data-prosemirror-mark-name=\"strong\">Integridade e Transpar\u00eancia da institui\u00e7\u00e3o<\/strong>.<\/p>\n<p data-prosemirror-content-type=\"node\" data-prosemirror-node-name=\"paragraph\" data-prosemirror-node-block=\"true\">Como diretriz de governan\u00e7a, o\u00a0<strong data-prosemirror-content-type=\"mark\" data-prosemirror-mark-name=\"strong\">Senac Cear\u00e1<\/strong>\u00a0possui o\u00a0<strong data-prosemirror-content-type=\"mark\" data-prosemirror-mark-name=\"strong\">Programa de Integridade<\/strong>, instrumento que traz em seus pilares o conjunto de bases que sustenta as a\u00e7\u00f5es junto aos alunos, fornecedores, governos e toda a sociedade.<\/p>\n<p data-prosemirror-content-type=\"node\" data-prosemirror-node-name=\"paragraph\" data-prosemirror-node-block=\"true\"><a href=\"https:\/\/www.ce.senac.br\/wp-content\/uploads\/2023\/06\/Programa-de-Integridade-Sesc-Senac-2022.pdf\" target=\"_blank\" rel=\"noopener\"><strong data-prosemirror-content-type=\"mark\" data-prosemirror-mark-name=\"strong\">ACESSE AQUI.<\/strong><\/a><\/p>\n<p data-prosemirror-content-type=\"node\" data-prosemirror-node-name=\"paragraph\" data-prosemirror-node-block=\"true\" data-pm-slice=\"1 1 []\">Por esta via, o <strong data-prosemirror-content-type=\"mark\" data-prosemirror-mark-name=\"strong\">Senac Cear\u00e1<\/strong>\u00a0tamb\u00e9m possui o seu\u00a0<strong data-prosemirror-content-type=\"mark\" data-prosemirror-mark-name=\"strong\">C\u00f3digo de Conduta \u00c9tica<\/strong>, o direcionador que deve ser utilizado por todos aqueles que possuem rela\u00e7\u00e3o com o Senac quando dos dilemas \u00e9ticos.<\/p>\n<p data-prosemirror-content-type=\"node\" data-prosemirror-node-name=\"paragraph\" data-prosemirror-node-block=\"true\" data-pm-slice=\"1 1 []\"><a href=\"https:\/\/www.ce.senac.br\/wp-content\/uploads\/2023\/06\/Co%CC%81digo-de-Conduta-e-Etica.pdf\" target=\"_blank\" rel=\"noopener\"><strong data-prosemirror-content-type=\"mark\" data-prosemirror-mark-name=\"strong\">SAIBA MAIS.<\/strong><\/a><\/p>\n<p data-prosemirror-content-type=\"node\" data-prosemirror-node-name=\"paragraph\" data-prosemirror-node-block=\"true\" data-pm-slice=\"1 1 []\">Por fim, o <strong data-prosemirror-content-type=\"mark\" data-prosemirror-mark-name=\"strong\">Senac Cear\u00e1<\/strong>\u00a0tamb\u00e9m possui canal direto para o relato de eventuais sugest\u00f5es, reclama\u00e7\u00f5es ou den\u00fancias, as quais passam por suas devidas tratativas.<\/p>\n<p data-prosemirror-content-type=\"node\" data-prosemirror-node-name=\"paragraph\" data-prosemirror-node-block=\"true\" data-pm-slice=\"1 1 []\"><a href=\"https:\/\/participar.com.br\/senac-ce\/users\/sign_in\" target=\"_blank\" rel=\"noopener\"><strong data-prosemirror-content-type=\"mark\" data-prosemirror-mark-name=\"strong\">FALE COM A NOSSA OUVIDORIA.<\/strong><\/a><\/p>\n<p data-prosemirror-content-type=\"node\" data-prosemirror-node-name=\"paragraph\" data-prosemirror-node-block=\"true\" data-pm-slice=\"1 1 []\">Para o <strong data-prosemirror-content-type=\"mark\" data-prosemirror-mark-name=\"strong\">Senac Cear\u00e1<\/strong>, os valores de\u00a0<strong data-prosemirror-content-type=\"mark\" data-prosemirror-mark-name=\"strong\">Integridade<\/strong>\u00a0e\u00a0<strong data-prosemirror-content-type=\"mark\" data-prosemirror-mark-name=\"strong\">Transpar\u00eancia<\/strong>\u00a0s\u00e3o bases que sustentam a nossa hist\u00f3ria. Assim, todos os instrumentos apresentados est\u00e3o dispon\u00edveis para a sociedade no sentido de que se amadure\u00e7a uma cultura de Integridade.<\/p>\n<\/div>\n","protected":false},"excerpt":{"rendered":"<p>Integridade O Senac Cear\u00e1 sustenta suas a\u00e7\u00f5es nos valores de\u00a0Integridade e Transpar\u00eancia da institui\u00e7\u00e3o. Como diretriz de governan\u00e7a, o\u00a0Senac Cear\u00e1\u00a0possui o\u00a0Programa de Integridade, instrumento que traz em seus pilares o conjunto de bases que sustenta as a\u00e7\u00f5es junto aos alunos, fornecedores, governos e toda a sociedade. ACESSE AQUI. Por esta via, o Senac Cear\u00e1\u00a0tamb\u00e9m possui [&hellip;]<\/p>\n","protected":false},"author":1,"featured_media":0,"parent":0,"menu_order":0,"comment_status":"closed","ping_status":"closed","template":"page-content.php","meta":{"_acf_changed":false,"footnotes":""},"class_list":["post-730","page","type-page","status-publish","hentry"],"acf":[],"yoast_head":"<!-- This site is optimized with the Yoast SEO plugin v24.3 - https:\/\/yoast.com\/wordpress\/plugins\/seo\/ -->\n<title>Integridade - Senac Cear\u00e1<\/title>\n<meta name=\"robots\" content=\"index, follow, max-snippet:-1, max-image-preview:large, max-video-preview:-1\" \/>\n<link rel=\"canonical\" href=\"https:\/\/www.fecomercio-ce.com.br\/senacce\/integridade\/\" \/>\n<meta property=\"og:locale\" content=\"pt_BR\" \/>\n<meta property=\"og:type\" content=\"article\" \/>\n<meta property=\"og:title\" content=\"Integridade - Senac Cear\u00e1\" \/>\n<meta property=\"og:description\" content=\"Integridade O Senac Cear\u00e1 sustenta suas a\u00e7\u00f5es nos valores de\u00a0Integridade e Transpar\u00eancia da institui\u00e7\u00e3o. Como diretriz de governan\u00e7a, o\u00a0Senac Cear\u00e1\u00a0possui o\u00a0Programa de Integridade, instrumento que traz em seus pilares o conjunto de bases que sustenta as a\u00e7\u00f5es junto aos alunos, fornecedores, governos e toda a sociedade. ACESSE AQUI. Por esta via, o Senac Cear\u00e1\u00a0tamb\u00e9m possui [&hellip;]\" \/>\n<meta property=\"og:url\" content=\"https:\/\/www.fecomercio-ce.com.br\/senacce\/integridade\/\" \/>\n<meta property=\"og:site_name\" content=\"Senac Cear\u00e1\" \/>\n<meta property=\"og:image\" content=\"https:\/\/www.fecomercio-ce.com.br\/senacce\/wp-content\/uploads\/sites\/3\/2025\/05\/senac.jpg\" \/>\n\t<meta property=\"og:image:width\" content=\"1200\" \/>\n\t<meta property=\"og:image:height\" content=\"630\" \/>\n\t<meta property=\"og:image:type\" content=\"image\/jpeg\" \/>\n<meta name=\"twitter:card\" content=\"summary_large_image\" \/>\n<meta name=\"twitter:label1\" content=\"Est. tempo de leitura\" \/>\n\t<meta name=\"twitter:data1\" content=\"1 minuto\" \/>\n<script type=\"application\/ld+json\" class=\"yoast-schema-graph\">{\"@context\":\"https:\/\/schema.org\",\"@graph\":[{\"@type\":\"WebPage\",\"@id\":\"https:\/\/www.fecomercio-ce.com.br\/senacce\/integridade\/\",\"url\":\"https:\/\/www.fecomercio-ce.com.br\/senacce\/integridade\/\",\"name\":\"Integridade - Senac Cear\u00e1\",\"isPartOf\":{\"@id\":\"https:\/\/www.fecomercio-ce.com.br\/senacce\/#website\"},\"datePublished\":\"2025-07-03T12:04:27+00:00\",\"dateModified\":\"2025-07-03T12:04:27+00:00\",\"breadcrumb\":{\"@id\":\"https:\/\/www.fecomercio-ce.com.br\/senacce\/integridade\/#breadcrumb\"},\"inLanguage\":\"pt-BR\",\"potentialAction\":[{\"@type\":\"ReadAction\",\"target\":[\"https:\/\/www.fecomercio-ce.com.br\/senacce\/integridade\/\"]}]},{\"@type\":\"BreadcrumbList\",\"@id\":\"https:\/\/www.fecomercio-ce.com.br\/senacce\/integridade\/#breadcrumb\",\"itemListElement\":[{\"@type\":\"ListItem\",\"position\":1,\"name\":\"In\u00edcio\",\"item\":\"https:\/\/www.fecomercio-ce.com.br\/senacce\/\"},{\"@type\":\"ListItem\",\"position\":2,\"name\":\"Integridade\"}]},{\"@type\":\"WebSite\",\"@id\":\"https:\/\/www.fecomercio-ce.com.br\/senacce\/#website\",\"url\":\"https:\/\/www.fecomercio-ce.com.br\/senacce\/\",\"name\":\"Senac Cear\u00e1\",\"description\":\"O Senac Cear\u00e1 atende 160 munic\u00edpios no Estado. Com mais de 800 cursos nas \u00e1reas de Turismo, Lazer e hospitalidade; Inform\u00e1tica; Beleza e Sa\u00fade.\",\"publisher\":{\"@id\":\"https:\/\/www.fecomercio-ce.com.br\/senacce\/#organization\"},\"alternateName\":\"Senac CE\",\"potentialAction\":[{\"@type\":\"SearchAction\",\"target\":{\"@type\":\"EntryPoint\",\"urlTemplate\":\"https:\/\/www.fecomercio-ce.com.br\/senacce\/?s={search_term_string}\"},\"query-input\":{\"@type\":\"PropertyValueSpecification\",\"valueRequired\":true,\"valueName\":\"search_term_string\"}}],\"inLanguage\":\"pt-BR\"},{\"@type\":\"Organization\",\"@id\":\"https:\/\/www.fecomercio-ce.com.br\/senacce\/#organization\",\"name\":\"senacce\",\"url\":\"https:\/\/www.fecomercio-ce.com.br\/senacce\/\",\"logo\":{\"@type\":\"ImageObject\",\"inLanguage\":\"pt-BR\",\"@id\":\"https:\/\/www.fecomercio-ce.com.br\/senacce\/#\/schema\/logo\/image\/\",\"url\":\"https:\/\/www.fecomercio-ce.com.br\/senacce\/wp-content\/uploads\/sites\/3\/2025\/05\/logo_Senac_Horizontal_Mono_1.webp\",\"contentUrl\":\"https:\/\/www.fecomercio-ce.com.br\/senacce\/wp-content\/uploads\/sites\/3\/2025\/05\/logo_Senac_Horizontal_Mono_1.webp\",\"width\":185,\"height\":60,\"caption\":\"senacce\"},\"image\":{\"@id\":\"https:\/\/www.fecomercio-ce.com.br\/senacce\/#\/schema\/logo\/image\/\"}}]}<\/script>\n<!-- \/ Yoast SEO plugin. -->","yoast_head_json":{"title":"Integridade - Senac Cear\u00e1","robots":{"index":"index","follow":"follow","max-snippet":"max-snippet:-1","max-image-preview":"max-image-preview:large","max-video-preview":"max-video-preview:-1"},"canonical":"https:\/\/www.fecomercio-ce.com.br\/senacce\/integridade\/","og_locale":"pt_BR","og_type":"article","og_title":"Integridade - Senac Cear\u00e1","og_description":"Integridade O Senac Cear\u00e1 sustenta suas a\u00e7\u00f5es nos valores de\u00a0Integridade e Transpar\u00eancia da institui\u00e7\u00e3o. Como diretriz de governan\u00e7a, o\u00a0Senac Cear\u00e1\u00a0possui o\u00a0Programa de Integridade, instrumento que traz em seus pilares o conjunto de bases que sustenta as a\u00e7\u00f5es junto aos alunos, fornecedores, governos e toda a sociedade. ACESSE AQUI. Por esta via, o Senac Cear\u00e1\u00a0tamb\u00e9m possui [&hellip;]","og_url":"https:\/\/www.fecomercio-ce.com.br\/senacce\/integridade\/","og_site_name":"Senac Cear\u00e1","og_image":[{"width":1200,"height":630,"url":"https:\/\/www.fecomercio-ce.com.br\/senacce\/wp-content\/uploads\/sites\/3\/2025\/05\/senac.jpg","type":"image\/jpeg"}],"twitter_card":"summary_large_image","twitter_misc":{"Est. tempo de leitura":"1 minuto"},"schema":{"@context":"https:\/\/schema.org","@graph":[{"@type":"WebPage","@id":"https:\/\/www.fecomercio-ce.com.br\/senacce\/integridade\/","url":"https:\/\/www.fecomercio-ce.com.br\/senacce\/integridade\/","name":"Integridade - Senac Cear\u00e1","isPartOf":{"@id":"https:\/\/www.fecomercio-ce.com.br\/senacce\/#website"},"datePublished":"2025-07-03T12:04:27+00:00","dateModified":"2025-07-03T12:04:27+00:00","breadcrumb":{"@id":"https:\/\/www.fecomercio-ce.com.br\/senacce\/integridade\/#breadcrumb"},"inLanguage":"pt-BR","potentialAction":[{"@type":"ReadAction","target":["https:\/\/www.fecomercio-ce.com.br\/senacce\/integridade\/"]}]},{"@type":"BreadcrumbList","@id":"https:\/\/www.fecomercio-ce.com.br\/senacce\/integridade\/#breadcrumb","itemListElement":[{"@type":"ListItem","position":1,"name":"In\u00edcio","item":"https:\/\/www.fecomercio-ce.com.br\/senacce\/"},{"@type":"ListItem","position":2,"name":"Integridade"}]},{"@type":"WebSite","@id":"https:\/\/www.fecomercio-ce.com.br\/senacce\/#website","url":"https:\/\/www.fecomercio-ce.com.br\/senacce\/","name":"Senac Cear\u00e1","description":"O Senac Cear\u00e1 atende 160 munic\u00edpios no Estado. Com mais de 800 cursos nas \u00e1reas de Turismo, Lazer e hospitalidade; Inform\u00e1tica; Beleza e Sa\u00fade.","publisher":{"@id":"https:\/\/www.fecomercio-ce.com.br\/senacce\/#organization"},"alternateName":"Senac CE","potentialAction":[{"@type":"SearchAction","target":{"@type":"EntryPoint","urlTemplate":"https:\/\/www.fecomercio-ce.com.br\/senacce\/?s={search_term_string}"},"query-input":{"@type":"PropertyValueSpecification","valueRequired":true,"valueName":"search_term_string"}}],"inLanguage":"pt-BR"},{"@type":"Organization","@id":"https:\/\/www.fecomercio-ce.com.br\/senacce\/#organization","name":"senacce","url":"https:\/\/www.fecomercio-ce.com.br\/senacce\/","logo":{"@type":"ImageObject","inLanguage":"pt-BR","@id":"https:\/\/www.fecomercio-ce.com.br\/senacce\/#\/schema\/logo\/image\/","url":"https:\/\/www.fecomercio-ce.com.br\/senacce\/wp-content\/uploads\/sites\/3\/2025\/05\/logo_Senac_Horizontal_Mono_1.webp","contentUrl":"https:\/\/www.fecomercio-ce.com.br\/senacce\/wp-content\/uploads\/sites\/3\/2025\/05\/logo_Senac_Horizontal_Mono_1.webp","width":185,"height":60,"caption":"senacce"},"image":{"@id":"https:\/\/www.fecomercio-ce.com.br\/senacce\/#\/schema\/logo\/image\/"}}]}},"_links":{"self":[{"href":"https:\/\/www.fecomercio-ce.com.br\/senacce\/wp-json\/wp\/v2\/pages\/730","targetHints":{"allow":["GET"]}}],"collection":[{"href":"https:\/\/www.fecomercio-ce.com.br\/senacce\/wp-json\/wp\/v2\/pages"}],"about":[{"href":"https:\/\/www.fecomercio-ce.com.br\/senacce\/wp-json\/wp\/v2\/types\/page"}],"author":[{"embeddable":true,"href":"https:\/\/www.fecomercio-ce.com.br\/senacce\/wp-json\/wp\/v2\/users\/1"}],"replies":[{"embeddable":true,"href":"https:\/\/www.fecomercio-ce.com.br\/senacce\/wp-json\/wp\/v2\/comments?post=730"}],"version-history":[{"count":1,"href":"https:\/\/www.fecomercio-ce.com.br\/senacce\/wp-json\/wp\/v2\/pages\/730\/revisions"}],"predecessor-version":[{"id":731,"href":"https:\/\/www.fecomercio-ce.com.br\/senacce\/wp-json\/wp\/v2\/pages\/730\/revisions\/731"}],"wp:attachment":[{"href":"https:\/\/www.fecomercio-ce.com.br\/senacce\/wp-json\/wp\/v2\/media?parent=730"}],"curies":[{"name":"wp","href":"https:\/\/api.w.org\/{rel}","templated":true}]}}