{"id":1445,"date":"2025-05-13T10:36:32","date_gmt":"2025-05-13T13:36:32","guid":{"rendered":"https:\/\/www.fecomercio-ce.com.br\/sescce\/?page_id=1445"},"modified":"2025-08-30T18:21:56","modified_gmt":"2025-08-30T21:21:56","slug":"as-acoes-do-sesc-no-ceara","status":"publish","type":"page","link":"https:\/\/www.fecomercio-ce.com.br\/sescce\/institucional\/as-acoes-do-sesc-no-ceara\/","title":{"rendered":"As a\u00e7\u00f5es do Sesc no Cear\u00e1"},"content":{"rendered":"<p>Promover o bem-estar e a melhoria da qualidade de vida das pessoas \u00e9 a grande miss\u00e3o do Servi\u00e7o Social do Com\u00e9rcio (Sesc). Desde sua funda\u00e7\u00e3o no Cear\u00e1, em 20 de maio 1948, a institui\u00e7\u00e3o oferece aos trabalhadores do com\u00e9rcio de bens, servi\u00e7os, turismo, seus familiares e \u00e0 sociedade oportunidades para viver melhor. Sem fins lucrativos, o Sesc integra o Sistema Fecom\u00e9rcio, e se destaca como uma das entidades de car\u00e1ter social mais atuantes em todo o pa\u00eds. Entre as suas principais atribui\u00e7\u00f5es est\u00e3o o planejamento e a execu\u00e7\u00e3o de a\u00e7\u00f5es marcadas pela excel\u00eancia nas \u00e1reas de educa\u00e7\u00e3o, sa\u00fade, cultura, lazer e assist\u00eancia, com vasta oferta de eventos e servi\u00e7os.<\/p>\n<p>&nbsp;<\/p>\n<p>Presente nas principais regi\u00f5es do Cear\u00e1, o Sesc possui seis unidades operacionais completas \u2013 duas em Fortaleza (Unidades Centro e Fortaleza) e quatro no interior do estado (Crato, Juazeiro do Norte, Iguatu e Sobral). Ainda em Fortaleza, disp\u00f5e de dois espa\u00e7os para a educa\u00e7\u00e3o, as Escolas Educar Sesc e restaurantes no Centro, Cambeba e os Restaurantes Sesc RioMar Fortaleza e RioMar Presidente Kennedy.<\/p>\n<p>&nbsp;<\/p>\n<p>Al\u00e9m das unidades citadas, possui o Sesc Iparana Hotel Ecol\u00f3gico, localizado na praia de Iparana em Caucaia, que oferece hospedagens e v\u00e1rias op\u00e7\u00f5es de lazer. No Sesc Iparana s\u00e3o desenvolvidas a\u00e7\u00f5es de prote\u00e7\u00e3o ao meio ambiente.<\/p>\n<p>&nbsp;<\/p>\n<p>No interior do estado, a institui\u00e7\u00e3o conta com cinco centros educacionais, onde \u00e9 desenvolvido o programa Sesc Ler: Aracati, Crate\u00fas, Ibiapina, Quixeramobim e S\u00e3o Gon\u00e7alo do Amarante. Al\u00e9m das redes de escolas, restaurantes, cl\u00ednicas, teatros, bibliotecas, academias entre outros espa\u00e7os, onde realiza suas a\u00e7\u00f5es. A institui\u00e7\u00e3o tamb\u00e9m atua com o programa Mesa Brasil Sesc em Fortaleza, Juazeiro do Norte, Crato e Sobral. Visando ampliar o p\u00fablico e manter a qualidade nas a\u00e7\u00f5es, o Sesc expande a estrutura e o campo de atendimento.<\/p>\n<p>&nbsp;<\/p>\n<p>Educa\u00e7\u00e3o Infantil, Ensino Fundamental, Habilidades de Estudos (contraturno escolar), Educa\u00e7\u00e3o de Jovens e Adultos, Pr\u00e9-vestibular, atividades de sa\u00fade preventiva, de incentivo \u00e0 pr\u00e1tica de atividades f\u00edsicas e esporte, Odontologia, Nutri\u00e7\u00e3o, Cinema, Teatro, M\u00fasica, Artes Pl\u00e1sticas, Dan\u00e7a, A\u00e7\u00e3o Comunit\u00e1ria e Trabalho com Grupos comp\u00f5em o amplo leque de atividades que o Sesc oferece aos trabalhadores do com\u00e9rcio, empres\u00e1rios, dependentes e \u00e0 comunidade em geral. S\u00e3o a\u00e7\u00f5es que favorecem crian\u00e7as, jovens, adultos e idosos e provocam reais transforma\u00e7\u00f5es em suas vidas.<\/p>\n","protected":false},"excerpt":{"rendered":"<p>Promover o bem-estar e a melhoria da qualidade de vida das pessoas \u00e9 a grande miss\u00e3o do Servi\u00e7o Social do Com\u00e9rcio (Sesc). Desde sua funda\u00e7\u00e3o no Cear\u00e1, em 20 de maio 1948, a institui\u00e7\u00e3o oferece aos trabalhadores do com\u00e9rcio de bens, servi\u00e7os, turismo, seus familiares e \u00e0 sociedade oportunidades para viver melhor. Sem fins lucrativos, [&hellip;]<\/p>\n","protected":false},"author":1,"featured_media":0,"parent":1443,"menu_order":0,"comment_status":"closed","ping_status":"closed","template":"page-about.php","meta":{"_acf_changed":false,"footnotes":""},"class_list":["post-1445","page","type-page","status-publish","hentry"],"acf":[],"yoast_head":"<!-- This site is optimized with the Yoast SEO plugin v24.3 - https:\/\/yoast.com\/wordpress\/plugins\/seo\/ -->\n<title>As a\u00e7\u00f5es do Sesc no Cear\u00e1 - Sesc Cear\u00e1<\/title>\n<meta name=\"robots\" content=\"index, follow, max-snippet:-1, max-image-preview:large, max-video-preview:-1\" \/>\n<link rel=\"canonical\" href=\"https:\/\/www.fecomercio-ce.com.br\/sescce\/institucional\/as-acoes-do-sesc-no-ceara\/\" \/>\n<meta property=\"og:locale\" content=\"pt_BR\" \/>\n<meta property=\"og:type\" content=\"article\" \/>\n<meta property=\"og:title\" content=\"As a\u00e7\u00f5es do Sesc no Cear\u00e1 - Sesc Cear\u00e1\" \/>\n<meta property=\"og:description\" content=\"Promover o bem-estar e a melhoria da qualidade de vida das pessoas \u00e9 a grande miss\u00e3o do Servi\u00e7o Social do Com\u00e9rcio (Sesc). Desde sua funda\u00e7\u00e3o no Cear\u00e1, em 20 de maio 1948, a institui\u00e7\u00e3o oferece aos trabalhadores do com\u00e9rcio de bens, servi\u00e7os, turismo, seus familiares e \u00e0 sociedade oportunidades para viver melhor. Sem fins lucrativos, [&hellip;]\" \/>\n<meta property=\"og:url\" content=\"https:\/\/www.fecomercio-ce.com.br\/sescce\/institucional\/as-acoes-do-sesc-no-ceara\/\" \/>\n<meta property=\"og:site_name\" content=\"Sesc Cear\u00e1\" \/>\n<meta property=\"article:modified_time\" content=\"2025-08-30T21:21:56+00:00\" \/>\n<meta name=\"twitter:card\" content=\"summary_large_image\" \/>\n<meta name=\"twitter:label1\" content=\"Est. tempo de leitura\" \/>\n\t<meta name=\"twitter:data1\" content=\"3 minutos\" \/>\n<script type=\"application\/ld+json\" class=\"yoast-schema-graph\">{\"@context\":\"https:\/\/schema.org\",\"@graph\":[{\"@type\":\"WebPage\",\"@id\":\"https:\/\/www.fecomercio-ce.com.br\/sescce\/institucional\/as-acoes-do-sesc-no-ceara\/\",\"url\":\"https:\/\/www.fecomercio-ce.com.br\/sescce\/institucional\/as-acoes-do-sesc-no-ceara\/\",\"name\":\"As a\u00e7\u00f5es do Sesc no Cear\u00e1 - Sesc Cear\u00e1\",\"isPartOf\":{\"@id\":\"https:\/\/www.fecomercio-ce.com.br\/sescce\/#website\"},\"datePublished\":\"2025-05-13T13:36:32+00:00\",\"dateModified\":\"2025-08-30T21:21:56+00:00\",\"breadcrumb\":{\"@id\":\"https:\/\/www.fecomercio-ce.com.br\/sescce\/institucional\/as-acoes-do-sesc-no-ceara\/#breadcrumb\"},\"inLanguage\":\"pt-BR\",\"potentialAction\":[{\"@type\":\"ReadAction\",\"target\":[\"https:\/\/www.fecomercio-ce.com.br\/sescce\/institucional\/as-acoes-do-sesc-no-ceara\/\"]}]},{\"@type\":\"BreadcrumbList\",\"@id\":\"https:\/\/www.fecomercio-ce.com.br\/sescce\/institucional\/as-acoes-do-sesc-no-ceara\/#breadcrumb\",\"itemListElement\":[{\"@type\":\"ListItem\",\"position\":1,\"name\":\"In\u00edcio\",\"item\":\"https:\/\/www.fecomercio-ce.com.br\/sescce\/\"},{\"@type\":\"ListItem\",\"position\":2,\"name\":\"Institucional\",\"item\":\"https:\/\/www.fecomercio-ce.com.br\/sescce\/?page_id=1443\"},{\"@type\":\"ListItem\",\"position\":3,\"name\":\"As a\u00e7\u00f5es do Sesc no Cear\u00e1\"}]},{\"@type\":\"WebSite\",\"@id\":\"https:\/\/www.fecomercio-ce.com.br\/sescce\/#website\",\"url\":\"https:\/\/www.fecomercio-ce.com.br\/sescce\/\",\"name\":\"Sesc Cear\u00e1\",\"description\":\"O Servi\u00e7o Social do Com\u00e9rcio (Sesc), bra\u00e7o social do Sistema Fecom\u00e9rcio-CE. Atua nas \u00e1reas de Educa\u00e7\u00e3o, Cultura, Lazer, Sa\u00fade e Assist\u00eancia.\",\"potentialAction\":[{\"@type\":\"SearchAction\",\"target\":{\"@type\":\"EntryPoint\",\"urlTemplate\":\"https:\/\/www.fecomercio-ce.com.br\/sescce\/?s={search_term_string}\"},\"query-input\":{\"@type\":\"PropertyValueSpecification\",\"valueRequired\":true,\"valueName\":\"search_term_string\"}}],\"inLanguage\":\"pt-BR\"}]}<\/script>\n<!-- \/ Yoast SEO plugin. -->","yoast_head_json":{"title":"As a\u00e7\u00f5es do Sesc no Cear\u00e1 - Sesc Cear\u00e1","robots":{"index":"index","follow":"follow","max-snippet":"max-snippet:-1","max-image-preview":"max-image-preview:large","max-video-preview":"max-video-preview:-1"},"canonical":"https:\/\/www.fecomercio-ce.com.br\/sescce\/institucional\/as-acoes-do-sesc-no-ceara\/","og_locale":"pt_BR","og_type":"article","og_title":"As a\u00e7\u00f5es do Sesc no Cear\u00e1 - Sesc Cear\u00e1","og_description":"Promover o bem-estar e a melhoria da qualidade de vida das pessoas \u00e9 a grande miss\u00e3o do Servi\u00e7o Social do Com\u00e9rcio (Sesc). Desde sua funda\u00e7\u00e3o no Cear\u00e1, em 20 de maio 1948, a institui\u00e7\u00e3o oferece aos trabalhadores do com\u00e9rcio de bens, servi\u00e7os, turismo, seus familiares e \u00e0 sociedade oportunidades para viver melhor. Sem fins lucrativos, [&hellip;]","og_url":"https:\/\/www.fecomercio-ce.com.br\/sescce\/institucional\/as-acoes-do-sesc-no-ceara\/","og_site_name":"Sesc Cear\u00e1","article_modified_time":"2025-08-30T21:21:56+00:00","twitter_card":"summary_large_image","twitter_misc":{"Est. tempo de leitura":"3 minutos"},"schema":{"@context":"https:\/\/schema.org","@graph":[{"@type":"WebPage","@id":"https:\/\/www.fecomercio-ce.com.br\/sescce\/institucional\/as-acoes-do-sesc-no-ceara\/","url":"https:\/\/www.fecomercio-ce.com.br\/sescce\/institucional\/as-acoes-do-sesc-no-ceara\/","name":"As a\u00e7\u00f5es do Sesc no Cear\u00e1 - Sesc Cear\u00e1","isPartOf":{"@id":"https:\/\/www.fecomercio-ce.com.br\/sescce\/#website"},"datePublished":"2025-05-13T13:36:32+00:00","dateModified":"2025-08-30T21:21:56+00:00","breadcrumb":{"@id":"https:\/\/www.fecomercio-ce.com.br\/sescce\/institucional\/as-acoes-do-sesc-no-ceara\/#breadcrumb"},"inLanguage":"pt-BR","potentialAction":[{"@type":"ReadAction","target":["https:\/\/www.fecomercio-ce.com.br\/sescce\/institucional\/as-acoes-do-sesc-no-ceara\/"]}]},{"@type":"BreadcrumbList","@id":"https:\/\/www.fecomercio-ce.com.br\/sescce\/institucional\/as-acoes-do-sesc-no-ceara\/#breadcrumb","itemListElement":[{"@type":"ListItem","position":1,"name":"In\u00edcio","item":"https:\/\/www.fecomercio-ce.com.br\/sescce\/"},{"@type":"ListItem","position":2,"name":"Institucional","item":"https:\/\/www.fecomercio-ce.com.br\/sescce\/?page_id=1443"},{"@type":"ListItem","position":3,"name":"As a\u00e7\u00f5es do Sesc no Cear\u00e1"}]},{"@type":"WebSite","@id":"https:\/\/www.fecomercio-ce.com.br\/sescce\/#website","url":"https:\/\/www.fecomercio-ce.com.br\/sescce\/","name":"Sesc Cear\u00e1","description":"O Servi\u00e7o Social do Com\u00e9rcio (Sesc), bra\u00e7o social do Sistema Fecom\u00e9rcio-CE. Atua nas \u00e1reas de Educa\u00e7\u00e3o, Cultura, Lazer, Sa\u00fade e Assist\u00eancia.","potentialAction":[{"@type":"SearchAction","target":{"@type":"EntryPoint","urlTemplate":"https:\/\/www.fecomercio-ce.com.br\/sescce\/?s={search_term_string}"},"query-input":{"@type":"PropertyValueSpecification","valueRequired":true,"valueName":"search_term_string"}}],"inLanguage":"pt-BR"}]}},"_links":{"self":[{"href":"https:\/\/www.fecomercio-ce.com.br\/sescce\/wp-json\/wp\/v2\/pages\/1445","targetHints":{"allow":["GET"]}}],"collection":[{"href":"https:\/\/www.fecomercio-ce.com.br\/sescce\/wp-json\/wp\/v2\/pages"}],"about":[{"href":"https:\/\/www.fecomercio-ce.com.br\/sescce\/wp-json\/wp\/v2\/types\/page"}],"author":[{"embeddable":true,"href":"https:\/\/www.fecomercio-ce.com.br\/sescce\/wp-json\/wp\/v2\/users\/1"}],"replies":[{"embeddable":true,"href":"https:\/\/www.fecomercio-ce.com.br\/sescce\/wp-json\/wp\/v2\/comments?post=1445"}],"version-history":[{"count":6,"href":"https:\/\/www.fecomercio-ce.com.br\/sescce\/wp-json\/wp\/v2\/pages\/1445\/revisions"}],"predecessor-version":[{"id":1981,"href":"https:\/\/www.fecomercio-ce.com.br\/sescce\/wp-json\/wp\/v2\/pages\/1445\/revisions\/1981"}],"up":[{"embeddable":true,"href":"https:\/\/www.fecomercio-ce.com.br\/sescce\/wp-json\/wp\/v2\/pages\/1443"}],"wp:attachment":[{"href":"https:\/\/www.fecomercio-ce.com.br\/sescce\/wp-json\/wp\/v2\/media?parent=1445"}],"curies":[{"name":"wp","href":"https:\/\/api.w.org\/{rel}","templated":true}]}}