{"id":1459,"date":"2025-05-13T10:50:12","date_gmt":"2025-05-13T13:50:12","guid":{"rendered":"https:\/\/www.fecomercio-ce.com.br\/sescce\/?page_id=1459"},"modified":"2025-09-01T12:00:57","modified_gmt":"2025-09-01T15:00:57","slug":"documentos","status":"publish","type":"page","link":"https:\/\/www.fecomercio-ce.com.br\/sescce\/institucional\/documentos\/","title":{"rendered":"Documentos"},"content":{"rendered":"<p>Saiba mais sobre o Sesc, suas diretrizes, legisla\u00e7\u00e3o e realiza\u00e7\u00f5es pelo Brasil, atrav\u00e9s dos documentos oficiais listados abaixo:<\/p>\n<p>&nbsp;<\/p>\n<p><strong>DOCUMENTOS<\/strong><\/p>\n<p><a href=\"https:\/\/www.sesc-ce.com.br\/wp-content\/uploads\/2017\/02\/01_DOCUMENTOS_manual_de_redacao-2.pdf\" target=\"_blank\" rel=\"noopener\"><img loading=\"lazy\" decoding=\"async\" class=\"alignnone size-full wp-image-2008\" src=\"https:\/\/www.fecomercio-ce.com.br\/sescce\/wp-content\/uploads\/sites\/2\/2025\/09\/material-symbols_download-rounded.png\" alt=\"\" width=\"16\" height=\"17\" \/> Manual de Reda\u00e7\u00e3o do Departamento Nacional do Sesc<\/a><br \/>\n<a href=\"https:\/\/www.sesc-ce.com.br\/wp-content\/uploads\/2017\/02\/01_DOCUMENTOS_manual_de_redacao-2.pdf\" target=\"_blank\" rel=\"noopener\"><img loading=\"lazy\" decoding=\"async\" class=\"alignnone size-full wp-image-2008\" src=\"https:\/\/www.fecomercio-ce.com.br\/sescce\/wp-content\/uploads\/sites\/2\/2025\/09\/material-symbols_download-rounded.png\" alt=\"\" width=\"16\" height=\"17\" \/><\/a><a href=\"https:\/\/www.sesc-ce.com.br\/wp-content\/uploads\/2017\/02\/02_DOCUMENTOS_carta_da_paz_social-1.pdf\" target=\"_blank\" rel=\"noopener\"> Carta de Paz Social<\/a><br \/>\n<a href=\"https:\/\/www.sesc-ce.com.br\/wp-content\/uploads\/2017\/02\/01_DOCUMENTOS_manual_de_redacao-2.pdf\" target=\"_blank\" rel=\"noopener\"><img loading=\"lazy\" decoding=\"async\" class=\"alignnone size-full wp-image-2008\" src=\"https:\/\/www.fecomercio-ce.com.br\/sescce\/wp-content\/uploads\/sites\/2\/2025\/09\/material-symbols_download-rounded.png\" alt=\"\" width=\"16\" height=\"17\" \/><\/a><a href=\"https:\/\/www.sesc-ce.com.br\/wp-content\/uploads\/2017\/02\/03_DOCUMENTOS_DiretrizesQuinquenio_2016-2020.pdf\" target=\"_blank\" rel=\"noopener\"> Diretrizes para o Quinqu\u00eanio<\/a><br \/>\n<a href=\"https:\/\/www.sesc-ce.com.br\/wp-content\/uploads\/2017\/02\/01_DOCUMENTOS_manual_de_redacao-2.pdf\" target=\"_blank\" rel=\"noopener\"><img loading=\"lazy\" decoding=\"async\" class=\"alignnone size-full wp-image-2008\" src=\"https:\/\/www.fecomercio-ce.com.br\/sescce\/wp-content\/uploads\/sites\/2\/2025\/09\/material-symbols_download-rounded.png\" alt=\"\" width=\"16\" height=\"17\" \/><\/a><a href=\"https:\/\/www.sesc-ce.com.br\/wp-content\/uploads\/2017\/02\/05_DOCUMENTOS_Legislac%CC%A7a%CC%83o_do_Sesc_2012.pdf\" target=\"_blank\" rel=\"noopener\"> Legisla\u00e7\u00e3o do Sesc (Regulamento e Regimento)<\/a><br \/>\n<a href=\"https:\/\/www.sesc-ce.com.br\/wp-content\/uploads\/2017\/02\/01_DOCUMENTOS_manual_de_redacao-2.pdf\" target=\"_blank\" rel=\"noopener\"><img loading=\"lazy\" decoding=\"async\" class=\"alignnone size-full wp-image-2008\" src=\"https:\/\/www.fecomercio-ce.com.br\/sescce\/wp-content\/uploads\/sites\/2\/2025\/09\/material-symbols_download-rounded.png\" alt=\"\" width=\"16\" height=\"17\" \/><\/a><a href=\"https:\/\/www.sesc-ce.com.br\/wp-content\/uploads\/2017\/02\/06_DOCUMENTOS_Outros_decretos.pdf\" target=\"_blank\" rel=\"noopener\"> Outros decretos e leis relacionados com o Sesc<\/a><br \/>\n<a href=\"https:\/\/www.sesc-ce.com.br\/wp-content\/uploads\/2017\/02\/01_DOCUMENTOS_manual_de_redacao-2.pdf\" target=\"_blank\" rel=\"noopener\"><img loading=\"lazy\" decoding=\"async\" class=\"alignnone size-full wp-image-2008\" src=\"https:\/\/www.fecomercio-ce.com.br\/sescce\/wp-content\/uploads\/sites\/2\/2025\/09\/material-symbols_download-rounded.png\" alt=\"\" width=\"16\" height=\"17\" \/><\/a><a href=\"https:\/\/www.sesc-ce.com.br\/wp-content\/uploads\/2017\/02\/07_DOCUMENTOS_Lei_de_Criacao.pdf\" target=\"_blank\" rel=\"noopener\"> Lei de Cria\u00e7\u00e3o<\/a><br \/>\n<a href=\"https:\/\/www.sesc-ce.com.br\/wp-content\/uploads\/2017\/02\/01_DOCUMENTOS_manual_de_redacao-2.pdf\" target=\"_blank\" rel=\"noopener\"><img loading=\"lazy\" decoding=\"async\" class=\"alignnone size-full wp-image-2008\" src=\"https:\/\/www.fecomercio-ce.com.br\/sescce\/wp-content\/uploads\/sites\/2\/2025\/09\/material-symbols_download-rounded.png\" alt=\"\" width=\"16\" height=\"17\" \/><\/a><a href=\"https:\/\/www.sesc-ce.com.br\/wp-content\/uploads\/2017\/02\/08_DOCUMENTOS_Regimento_do_Sesc.pdf\" target=\"_blank\" rel=\"noopener\"> Regimento do Sesc<\/a><br \/>\n<a href=\"https:\/\/www.sesc-ce.com.br\/wp-content\/uploads\/2017\/02\/01_DOCUMENTOS_manual_de_redacao-2.pdf\" target=\"_blank\" rel=\"noopener\"><img loading=\"lazy\" decoding=\"async\" class=\"alignnone size-full wp-image-2008\" src=\"https:\/\/www.fecomercio-ce.com.br\/sescce\/wp-content\/uploads\/sites\/2\/2025\/09\/material-symbols_download-rounded.png\" alt=\"\" width=\"16\" height=\"17\" \/><\/a><a href=\"https:\/\/www.sesc-ce.com.br\/wp-content\/uploads\/2018\/02\/Regimento-Interno-Sesc-Ceara%CC%81-2017.pdf\" target=\"_blank\" rel=\"noopener\"> Regimento Interno do Sesc Cear\u00e1<\/a><br \/>\n<a href=\"https:\/\/www.sesc-ce.com.br\/wp-content\/uploads\/2017\/02\/01_DOCUMENTOS_manual_de_redacao-2.pdf\" target=\"_blank\" rel=\"noopener\"><img loading=\"lazy\" decoding=\"async\" class=\"alignnone size-full wp-image-2008\" src=\"https:\/\/www.fecomercio-ce.com.br\/sescce\/wp-content\/uploads\/sites\/2\/2025\/09\/material-symbols_download-rounded.png\" alt=\"\" width=\"16\" height=\"17\" \/><\/a><a href=\"https:\/\/www.sesc-ce.com.br\/wp-content\/uploads\/2018\/02\/Macroprocessos-Finali%CC%81sticos-Sesc-Ceara%CC%81.pdf\" target=\"_blank\" rel=\"noopener\"> Macroprocessos Final\u00edsticos<\/a><br \/>\n<a href=\"https:\/\/www.sesc-ce.com.br\/wp-content\/uploads\/2017\/02\/01_DOCUMENTOS_manual_de_redacao-2.pdf\" target=\"_blank\" rel=\"noopener\"><img loading=\"lazy\" decoding=\"async\" class=\"alignnone size-full wp-image-2008\" src=\"https:\/\/www.fecomercio-ce.com.br\/sescce\/wp-content\/uploads\/sites\/2\/2025\/09\/material-symbols_download-rounded.png\" alt=\"\" width=\"16\" height=\"17\" \/><\/a><a href=\"https:\/\/www.sesc-ce.com.br\/wp-content\/uploads\/2017\/02\/Plano-Estrategico-2016.2020.pdf\" target=\"_blank\" rel=\"noopener\"> Plano Estrat\u00e9gico Sesc Cear\u00e1 2016-2020<\/a><br \/>\n<a href=\"https:\/\/www.sesc-ce.com.br\/wp-content\/uploads\/2017\/02\/01_DOCUMENTOS_manual_de_redacao-2.pdf\" target=\"_blank\" rel=\"noopener\"><img loading=\"lazy\" decoding=\"async\" class=\"alignnone size-full wp-image-2008\" src=\"https:\/\/www.fecomercio-ce.com.br\/sescce\/wp-content\/uploads\/sites\/2\/2025\/09\/material-symbols_download-rounded.png\" alt=\"\" width=\"16\" height=\"17\" \/><\/a><a href=\"https:\/\/www.sesc-ce.com.br\/wp-content\/uploads\/2017\/02\/Pesquisa-Satisfacao-dos-Clientes-dos-SEESC-Ceara.pdf\" target=\"_blank\" rel=\"noopener\"> Pesquisa de Satisfa\u00e7\u00e3o dos Clientes Sesc Cear\u00e1<\/a><br \/>\n<a href=\"https:\/\/www.sesc-ce.com.br\/wp-content\/uploads\/2017\/02\/01_DOCUMENTOS_manual_de_redacao-2.pdf\" target=\"_blank\" rel=\"noopener\"><img loading=\"lazy\" decoding=\"async\" class=\"alignnone size-full wp-image-2008\" src=\"https:\/\/www.fecomercio-ce.com.br\/sescce\/wp-content\/uploads\/sites\/2\/2025\/09\/material-symbols_download-rounded.png\" alt=\"\" width=\"16\" height=\"17\" \/><\/a><a href=\"https:\/\/www.sesc-ce.com.br\/wp-content\/uploads\/2017\/02\/Mapa-Estrate%CC%81gico-2016.2020.pdf\" target=\"_blank\" rel=\"noopener\"> Mapa Estrat\u00e9gico<\/a><br \/>\n<a href=\"https:\/\/www.sesc-ce.com.br\/wp-content\/uploads\/2017\/02\/01_DOCUMENTOS_manual_de_redacao-2.pdf\" target=\"_blank\" rel=\"noopener\"><img loading=\"lazy\" decoding=\"async\" class=\"alignnone size-full wp-image-2008\" src=\"https:\/\/www.fecomercio-ce.com.br\/sescce\/wp-content\/uploads\/sites\/2\/2025\/09\/material-symbols_download-rounded.png\" alt=\"\" width=\"16\" height=\"17\" \/><\/a><a href=\"https:\/\/www.sesc-ce.com.br\/wp-content\/uploads\/2017\/02\/ORGANOGRAMA-Sesc-Ceara%CC%81-2018.pdf\" target=\"_blank\" rel=\"noopener\"> Organograma Sesc<\/a><br \/>\n<a href=\"https:\/\/www.sesc-ce.com.br\/wp-content\/uploads\/2017\/02\/01_DOCUMENTOS_manual_de_redacao-2.pdf\" target=\"_blank\" rel=\"noopener\"><img loading=\"lazy\" decoding=\"async\" class=\"alignnone size-full wp-image-2008\" src=\"https:\/\/www.fecomercio-ce.com.br\/sescce\/wp-content\/uploads\/sites\/2\/2025\/09\/material-symbols_download-rounded.png\" alt=\"\" width=\"16\" height=\"17\" \/><\/a><a href=\"https:\/\/www.sesc-ce.com.br\/wp-content\/uploads\/2017\/02\/Programa-de-Trabalho-2019-SESC-Cear%C3%A1-Vers%C3%A3o-Final.pdf\" target=\"_blank\" rel=\"noopener\"> Programa de Trabalho 2019<\/a><\/p>\n<p>&nbsp;<\/p>\n<p><strong>NORMATIVOS<\/strong><\/p>\n<p><a href=\"https:\/\/www.sesc-ce.com.br\/wp-content\/uploads\/2017\/02\/01_DOCUMENTOS_manual_de_redacao-2.pdf\" target=\"_blank\" rel=\"noopener\"><img loading=\"lazy\" decoding=\"async\" class=\"alignnone size-full wp-image-2008\" src=\"https:\/\/www.fecomercio-ce.com.br\/sescce\/wp-content\/uploads\/sites\/2\/2025\/09\/material-symbols_download-rounded.png\" alt=\"\" width=\"16\" height=\"17\" \/><\/a><a href=\"https:\/\/www.sesc-ce.com.br\/wp-content\/uploads\/2017\/02\/10_NORMATIVOS_Edital_de_Selec%CC%A7a%CC%83o-1.pdf\" target=\"_blank\" rel=\"noopener\"> Edital de Sele\u00e7\u00e3o<\/a><br \/>\n<a href=\"https:\/\/www.sesc-ce.com.br\/wp-content\/uploads\/2017\/02\/01_DOCUMENTOS_manual_de_redacao-2.pdf\" target=\"_blank\" rel=\"noopener\"><img loading=\"lazy\" decoding=\"async\" class=\"alignnone size-full wp-image-2008\" src=\"https:\/\/www.fecomercio-ce.com.br\/sescce\/wp-content\/uploads\/sites\/2\/2025\/09\/material-symbols_download-rounded.png\" alt=\"\" width=\"16\" height=\"17\" \/><\/a><a href=\"https:\/\/www.sesc-ce.com.br\/wp-content\/uploads\/2017\/02\/12_NORMATIVOS_Regulamento_de_licitacao.pdf\" target=\"_blank\" rel=\"noopener\"> Regulamento de Licita\u00e7\u00e3o<\/a><br \/>\n<a href=\"https:\/\/www.sesc-ce.com.br\/wp-content\/uploads\/2017\/02\/01_DOCUMENTOS_manual_de_redacao-2.pdf\" target=\"_blank\" rel=\"noopener\"><img loading=\"lazy\" decoding=\"async\" class=\"alignnone size-full wp-image-2008\" src=\"https:\/\/www.fecomercio-ce.com.br\/sescce\/wp-content\/uploads\/sites\/2\/2025\/09\/material-symbols_download-rounded.png\" alt=\"\" width=\"16\" height=\"17\" \/><\/a><a href=\"https:\/\/www.sesc-ce.com.br\/wp-content\/uploads\/2024\/07\/2021-Normas-Gerais-para-credenciamento-e-acesso-ao-Sesc.pdf\" target=\"_blank\" rel=\"noopener\"> Normas Gerais para Credenciamento e Acesso ao Sesc<\/a><br \/>\n<a href=\"https:\/\/www.sesc-ce.com.br\/wp-content\/uploads\/2017\/02\/01_DOCUMENTOS_manual_de_redacao-2.pdf\" target=\"_blank\" rel=\"noopener\"><img loading=\"lazy\" decoding=\"async\" class=\"alignnone size-full wp-image-2008\" src=\"https:\/\/www.fecomercio-ce.com.br\/sescce\/wp-content\/uploads\/sites\/2\/2025\/09\/material-symbols_download-rounded.png\" alt=\"\" width=\"16\" height=\"17\" \/><\/a><a href=\"https:\/\/www.sesc-ce.com.br\/wp-content\/uploads\/2017\/02\/15_NORMATIVOS_Co%CC%81digo_de_Contabilidade_e_Orc%CC%A7amento_CODECO.pdf\" target=\"_blank\" rel=\"noopener\"> C\u00f3digo de Contabilidade e Or\u00e7amento<\/a><\/p>\n","protected":false},"excerpt":{"rendered":"<p>Saiba mais sobre o Sesc, suas diretrizes, legisla\u00e7\u00e3o e realiza\u00e7\u00f5es pelo Brasil, atrav\u00e9s dos documentos oficiais listados abaixo: &nbsp; DOCUMENTOS Manual de Reda\u00e7\u00e3o do Departamento Nacional do Sesc Carta de Paz Social Diretrizes para o Quinqu\u00eanio Legisla\u00e7\u00e3o do Sesc (Regulamento e Regimento) Outros decretos e leis relacionados com o Sesc Lei de Cria\u00e7\u00e3o Regimento do [&hellip;]<\/p>\n","protected":false},"author":1,"featured_media":0,"parent":1443,"menu_order":0,"comment_status":"closed","ping_status":"closed","template":"page-about.php","meta":{"_acf_changed":false,"footnotes":""},"class_list":["post-1459","page","type-page","status-publish","hentry"],"acf":[],"yoast_head":"<!-- This site is optimized with the Yoast SEO plugin v24.3 - https:\/\/yoast.com\/wordpress\/plugins\/seo\/ -->\n<title>Documentos - Sesc Cear\u00e1<\/title>\n<meta name=\"robots\" content=\"index, follow, max-snippet:-1, max-image-preview:large, max-video-preview:-1\" \/>\n<link rel=\"canonical\" href=\"https:\/\/www.fecomercio-ce.com.br\/sescce\/institucional\/documentos\/\" \/>\n<meta property=\"og:locale\" content=\"pt_BR\" \/>\n<meta property=\"og:type\" content=\"article\" \/>\n<meta property=\"og:title\" content=\"Documentos - Sesc Cear\u00e1\" \/>\n<meta property=\"og:description\" content=\"Saiba mais sobre o Sesc, suas diretrizes, legisla\u00e7\u00e3o e realiza\u00e7\u00f5es pelo Brasil, atrav\u00e9s dos documentos oficiais listados abaixo: &nbsp; DOCUMENTOS Manual de Reda\u00e7\u00e3o do Departamento Nacional do Sesc Carta de Paz Social Diretrizes para o Quinqu\u00eanio Legisla\u00e7\u00e3o do Sesc (Regulamento e Regimento) Outros decretos e leis relacionados com o Sesc Lei de Cria\u00e7\u00e3o Regimento do [&hellip;]\" \/>\n<meta property=\"og:url\" content=\"https:\/\/www.fecomercio-ce.com.br\/sescce\/institucional\/documentos\/\" \/>\n<meta property=\"og:site_name\" content=\"Sesc Cear\u00e1\" \/>\n<meta property=\"article:modified_time\" content=\"2025-09-01T15:00:57+00:00\" \/>\n<meta property=\"og:image\" content=\"https:\/\/www.fecomercio-ce.com.br\/sescce\/wp-content\/uploads\/sites\/2\/2025\/09\/material-symbols_download-rounded.png\" \/>\n\t<meta property=\"og:image:width\" content=\"16\" \/>\n\t<meta property=\"og:image:height\" content=\"17\" \/>\n\t<meta property=\"og:image:type\" content=\"image\/png\" \/>\n<meta name=\"twitter:card\" content=\"summary_large_image\" \/>\n<meta name=\"twitter:label1\" content=\"Est. tempo de leitura\" \/>\n\t<meta name=\"twitter:data1\" content=\"5 minutos\" \/>\n<script type=\"application\/ld+json\" class=\"yoast-schema-graph\">{\"@context\":\"https:\/\/schema.org\",\"@graph\":[{\"@type\":\"WebPage\",\"@id\":\"https:\/\/www.fecomercio-ce.com.br\/sescce\/institucional\/documentos\/\",\"url\":\"https:\/\/www.fecomercio-ce.com.br\/sescce\/institucional\/documentos\/\",\"name\":\"Documentos - Sesc Cear\u00e1\",\"isPartOf\":{\"@id\":\"https:\/\/www.fecomercio-ce.com.br\/sescce\/#website\"},\"primaryImageOfPage\":{\"@id\":\"https:\/\/www.fecomercio-ce.com.br\/sescce\/institucional\/documentos\/#primaryimage\"},\"image\":{\"@id\":\"https:\/\/www.fecomercio-ce.com.br\/sescce\/institucional\/documentos\/#primaryimage\"},\"thumbnailUrl\":\"https:\/\/www.fecomercio-ce.com.br\/sescce\/wp-content\/uploads\/sites\/2\/2025\/09\/material-symbols_download-rounded.png\",\"datePublished\":\"2025-05-13T13:50:12+00:00\",\"dateModified\":\"2025-09-01T15:00:57+00:00\",\"breadcrumb\":{\"@id\":\"https:\/\/www.fecomercio-ce.com.br\/sescce\/institucional\/documentos\/#breadcrumb\"},\"inLanguage\":\"pt-BR\",\"potentialAction\":[{\"@type\":\"ReadAction\",\"target\":[\"https:\/\/www.fecomercio-ce.com.br\/sescce\/institucional\/documentos\/\"]}]},{\"@type\":\"ImageObject\",\"inLanguage\":\"pt-BR\",\"@id\":\"https:\/\/www.fecomercio-ce.com.br\/sescce\/institucional\/documentos\/#primaryimage\",\"url\":\"https:\/\/www.fecomercio-ce.com.br\/sescce\/wp-content\/uploads\/sites\/2\/2025\/09\/material-symbols_download-rounded.png\",\"contentUrl\":\"https:\/\/www.fecomercio-ce.com.br\/sescce\/wp-content\/uploads\/sites\/2\/2025\/09\/material-symbols_download-rounded.png\",\"width\":16,\"height\":17},{\"@type\":\"BreadcrumbList\",\"@id\":\"https:\/\/www.fecomercio-ce.com.br\/sescce\/institucional\/documentos\/#breadcrumb\",\"itemListElement\":[{\"@type\":\"ListItem\",\"position\":1,\"name\":\"In\u00edcio\",\"item\":\"https:\/\/www.fecomercio-ce.com.br\/sescce\/\"},{\"@type\":\"ListItem\",\"position\":2,\"name\":\"Institucional\",\"item\":\"https:\/\/www.fecomercio-ce.com.br\/sescce\/?page_id=1443\"},{\"@type\":\"ListItem\",\"position\":3,\"name\":\"Documentos\"}]},{\"@type\":\"WebSite\",\"@id\":\"https:\/\/www.fecomercio-ce.com.br\/sescce\/#website\",\"url\":\"https:\/\/www.fecomercio-ce.com.br\/sescce\/\",\"name\":\"Sesc Cear\u00e1\",\"description\":\"O Servi\u00e7o Social do Com\u00e9rcio (Sesc), bra\u00e7o social do Sistema Fecom\u00e9rcio-CE. Atua nas \u00e1reas de Educa\u00e7\u00e3o, Cultura, Lazer, Sa\u00fade e Assist\u00eancia.\",\"potentialAction\":[{\"@type\":\"SearchAction\",\"target\":{\"@type\":\"EntryPoint\",\"urlTemplate\":\"https:\/\/www.fecomercio-ce.com.br\/sescce\/?s={search_term_string}\"},\"query-input\":{\"@type\":\"PropertyValueSpecification\",\"valueRequired\":true,\"valueName\":\"search_term_string\"}}],\"inLanguage\":\"pt-BR\"}]}<\/script>\n<!-- \/ Yoast SEO plugin. -->","yoast_head_json":{"title":"Documentos - Sesc Cear\u00e1","robots":{"index":"index","follow":"follow","max-snippet":"max-snippet:-1","max-image-preview":"max-image-preview:large","max-video-preview":"max-video-preview:-1"},"canonical":"https:\/\/www.fecomercio-ce.com.br\/sescce\/institucional\/documentos\/","og_locale":"pt_BR","og_type":"article","og_title":"Documentos - Sesc Cear\u00e1","og_description":"Saiba mais sobre o Sesc, suas diretrizes, legisla\u00e7\u00e3o e realiza\u00e7\u00f5es pelo Brasil, atrav\u00e9s dos documentos oficiais listados abaixo: &nbsp; DOCUMENTOS Manual de Reda\u00e7\u00e3o do Departamento Nacional do Sesc Carta de Paz Social Diretrizes para o Quinqu\u00eanio Legisla\u00e7\u00e3o do Sesc (Regulamento e Regimento) Outros decretos e leis relacionados com o Sesc Lei de Cria\u00e7\u00e3o Regimento do [&hellip;]","og_url":"https:\/\/www.fecomercio-ce.com.br\/sescce\/institucional\/documentos\/","og_site_name":"Sesc Cear\u00e1","article_modified_time":"2025-09-01T15:00:57+00:00","og_image":[{"width":16,"height":17,"url":"https:\/\/www.fecomercio-ce.com.br\/sescce\/wp-content\/uploads\/sites\/2\/2025\/09\/material-symbols_download-rounded.png","type":"image\/png"}],"twitter_card":"summary_large_image","twitter_misc":{"Est. tempo de leitura":"5 minutos"},"schema":{"@context":"https:\/\/schema.org","@graph":[{"@type":"WebPage","@id":"https:\/\/www.fecomercio-ce.com.br\/sescce\/institucional\/documentos\/","url":"https:\/\/www.fecomercio-ce.com.br\/sescce\/institucional\/documentos\/","name":"Documentos - Sesc Cear\u00e1","isPartOf":{"@id":"https:\/\/www.fecomercio-ce.com.br\/sescce\/#website"},"primaryImageOfPage":{"@id":"https:\/\/www.fecomercio-ce.com.br\/sescce\/institucional\/documentos\/#primaryimage"},"image":{"@id":"https:\/\/www.fecomercio-ce.com.br\/sescce\/institucional\/documentos\/#primaryimage"},"thumbnailUrl":"https:\/\/www.fecomercio-ce.com.br\/sescce\/wp-content\/uploads\/sites\/2\/2025\/09\/material-symbols_download-rounded.png","datePublished":"2025-05-13T13:50:12+00:00","dateModified":"2025-09-01T15:00:57+00:00","breadcrumb":{"@id":"https:\/\/www.fecomercio-ce.com.br\/sescce\/institucional\/documentos\/#breadcrumb"},"inLanguage":"pt-BR","potentialAction":[{"@type":"ReadAction","target":["https:\/\/www.fecomercio-ce.com.br\/sescce\/institucional\/documentos\/"]}]},{"@type":"ImageObject","inLanguage":"pt-BR","@id":"https:\/\/www.fecomercio-ce.com.br\/sescce\/institucional\/documentos\/#primaryimage","url":"https:\/\/www.fecomercio-ce.com.br\/sescce\/wp-content\/uploads\/sites\/2\/2025\/09\/material-symbols_download-rounded.png","contentUrl":"https:\/\/www.fecomercio-ce.com.br\/sescce\/wp-content\/uploads\/sites\/2\/2025\/09\/material-symbols_download-rounded.png","width":16,"height":17},{"@type":"BreadcrumbList","@id":"https:\/\/www.fecomercio-ce.com.br\/sescce\/institucional\/documentos\/#breadcrumb","itemListElement":[{"@type":"ListItem","position":1,"name":"In\u00edcio","item":"https:\/\/www.fecomercio-ce.com.br\/sescce\/"},{"@type":"ListItem","position":2,"name":"Institucional","item":"https:\/\/www.fecomercio-ce.com.br\/sescce\/?page_id=1443"},{"@type":"ListItem","position":3,"name":"Documentos"}]},{"@type":"WebSite","@id":"https:\/\/www.fecomercio-ce.com.br\/sescce\/#website","url":"https:\/\/www.fecomercio-ce.com.br\/sescce\/","name":"Sesc Cear\u00e1","description":"O Servi\u00e7o Social do Com\u00e9rcio (Sesc), bra\u00e7o social do Sistema Fecom\u00e9rcio-CE. Atua nas \u00e1reas de Educa\u00e7\u00e3o, Cultura, Lazer, Sa\u00fade e Assist\u00eancia.","potentialAction":[{"@type":"SearchAction","target":{"@type":"EntryPoint","urlTemplate":"https:\/\/www.fecomercio-ce.com.br\/sescce\/?s={search_term_string}"},"query-input":{"@type":"PropertyValueSpecification","valueRequired":true,"valueName":"search_term_string"}}],"inLanguage":"pt-BR"}]}},"_links":{"self":[{"href":"https:\/\/www.fecomercio-ce.com.br\/sescce\/wp-json\/wp\/v2\/pages\/1459","targetHints":{"allow":["GET"]}}],"collection":[{"href":"https:\/\/www.fecomercio-ce.com.br\/sescce\/wp-json\/wp\/v2\/pages"}],"about":[{"href":"https:\/\/www.fecomercio-ce.com.br\/sescce\/wp-json\/wp\/v2\/types\/page"}],"author":[{"embeddable":true,"href":"https:\/\/www.fecomercio-ce.com.br\/sescce\/wp-json\/wp\/v2\/users\/1"}],"replies":[{"embeddable":true,"href":"https:\/\/www.fecomercio-ce.com.br\/sescce\/wp-json\/wp\/v2\/comments?post=1459"}],"version-history":[{"count":12,"href":"https:\/\/www.fecomercio-ce.com.br\/sescce\/wp-json\/wp\/v2\/pages\/1459\/revisions"}],"predecessor-version":[{"id":2010,"href":"https:\/\/www.fecomercio-ce.com.br\/sescce\/wp-json\/wp\/v2\/pages\/1459\/revisions\/2010"}],"up":[{"embeddable":true,"href":"https:\/\/www.fecomercio-ce.com.br\/sescce\/wp-json\/wp\/v2\/pages\/1443"}],"wp:attachment":[{"href":"https:\/\/www.fecomercio-ce.com.br\/sescce\/wp-json\/wp\/v2\/media?parent=1459"}],"curies":[{"name":"wp","href":"https:\/\/api.w.org\/{rel}","templated":true}]}}