{"id":1487,"date":"2025-05-13T11:00:55","date_gmt":"2025-05-13T14:00:55","guid":{"rendered":"https:\/\/www.fecomercio-ce.com.br\/sescce\/?page_id=1487"},"modified":"2026-01-14T15:12:10","modified_gmt":"2026-01-14T18:12:10","slug":"transparencia-na-gestao","status":"publish","type":"page","link":"https:\/\/www.fecomercio-ce.com.br\/sescce\/transparencia-na-gestao\/","title":{"rendered":"Transpar\u00eancia na Gest\u00e3o"},"content":{"rendered":"<p>O Sesc recomenda como um objetivo operacional, ser justo e claro em suas a\u00e7\u00f5es, comunicando e divulgando informa\u00e7\u00f5es que satisfa\u00e7am \u00e0 necessidade de todos aqueles que dela precisam.<\/p>\n<p>Em prol de uma gest\u00e3o moderna, que busca n\u00e3o s\u00f3 o desenvolvimento econ\u00f4mico, mas o sustent\u00e1vel, o Sesc torna transparente todas as suas opera\u00e7\u00f5es, principalmente no fornecimento de instrumentos e recursos que sirvam para que todo o interessado possa analisar as a\u00e7\u00f5es corporativas da entidade.<\/p>\n<p>E \u00e9 atrav\u00e9s do Relat\u00f3rio de Gest\u00e3o Anual e dos demonstrativos de execu\u00e7\u00e3o or\u00e7ament\u00e1ria que torna-se poss\u00edvel ter uma vis\u00e3o mais espec\u00edfica e objetiva das opera\u00e7\u00f5es da entidade, de forma clara e direta.<\/p>\n<p>&nbsp;<\/p>\n<p>Transpar\u00eancia na Gest\u00e3o tem como\u00a0base a\u00a0<strong>Lei\u00a013.080\/15, de 2 de janeiro de 2015<\/strong>:<\/p>\n<p>Art. 130.\u00a0 As entidades constitu\u00eddas sob a forma de servi\u00e7o social aut\u00f4nomo, destinat\u00e1rias de contribui\u00e7\u00f5es dos empregadores, incidentes sobre a folha de sal\u00e1rios dever\u00e3o divulgar, trimestralmente, na respectiva p\u00e1gina na internet, em local de f\u00e1cil visualiza\u00e7\u00e3o:<\/p>\n<p>I \u2013 os valores arrecadados com as referidas contribui\u00e7\u00f5es, especificando o montante transferido pela Uni\u00e3o e o arrecadado diretamente pelas entidades;<\/p>\n<p>II \u2013 as demonstra\u00e7\u00f5es cont\u00e1beis consolidadas da cada entidade;<\/p>\n<p>III \u2013 a distribui\u00e7\u00e3o da despesa por regi\u00e3o geogr\u00e1fica, destacando a parcela destinada a servi\u00e7os sociais e \u00e0 forma\u00e7\u00e3o profissional; e<\/p>\n<p>IV \u2013 a estrutura remunerat\u00f3ria dos cargos e fun\u00e7\u00f5es e a rela\u00e7\u00e3o dos nomes de seus dirigentes e dos demais membros do corpo t\u00e9cnico.<\/p>\n<p><strong>Par\u00e1grafo \u00fanico.<\/strong>\u00a0 As entidades previstas no caput divulgar\u00e3o tamb\u00e9m seus or\u00e7amentos de 2015 na internet.<\/p>\n<p>&nbsp;<\/p>\n<hr \/>\n<p>&nbsp;<\/p>\n<p><strong>Para saber mais, consulte:<\/strong><\/p>\n<p>\u27a2\u00a0<a href=\"https:\/\/transparencia-ce.sesc.com.br\/transparencia\">Portal da Transpar\u00eancia<\/a><\/p>\n","protected":false},"excerpt":{"rendered":"<p>O Sesc recomenda como um objetivo operacional, ser justo e claro em suas a\u00e7\u00f5es, comunicando e divulgando informa\u00e7\u00f5es que satisfa\u00e7am \u00e0 necessidade de todos aqueles que dela precisam. Em prol de uma gest\u00e3o moderna, que busca n\u00e3o s\u00f3 o desenvolvimento econ\u00f4mico, mas o sustent\u00e1vel, o Sesc torna transparente todas as suas opera\u00e7\u00f5es, principalmente no fornecimento [&hellip;]<\/p>\n","protected":false},"author":1,"featured_media":0,"parent":0,"menu_order":0,"comment_status":"closed","ping_status":"closed","template":"page-about.php","meta":{"_acf_changed":false,"footnotes":""},"class_list":["post-1487","page","type-page","status-publish","hentry"],"acf":[],"yoast_head":"<!-- This site is optimized with the Yoast SEO plugin v24.3 - https:\/\/yoast.com\/wordpress\/plugins\/seo\/ -->\n<title>Transpar\u00eancia na Gest\u00e3o - Sesc Cear\u00e1<\/title>\n<meta name=\"robots\" content=\"index, follow, max-snippet:-1, max-image-preview:large, max-video-preview:-1\" \/>\n<link rel=\"canonical\" href=\"https:\/\/www.fecomercio-ce.com.br\/sescce\/transparencia-na-gestao\/\" \/>\n<meta property=\"og:locale\" content=\"pt_BR\" \/>\n<meta property=\"og:type\" content=\"article\" \/>\n<meta property=\"og:title\" content=\"Transpar\u00eancia na Gest\u00e3o - Sesc Cear\u00e1\" \/>\n<meta property=\"og:description\" content=\"O Sesc recomenda como um objetivo operacional, ser justo e claro em suas a\u00e7\u00f5es, comunicando e divulgando informa\u00e7\u00f5es que satisfa\u00e7am \u00e0 necessidade de todos aqueles que dela precisam. Em prol de uma gest\u00e3o moderna, que busca n\u00e3o s\u00f3 o desenvolvimento econ\u00f4mico, mas o sustent\u00e1vel, o Sesc torna transparente todas as suas opera\u00e7\u00f5es, principalmente no fornecimento [&hellip;]\" \/>\n<meta property=\"og:url\" content=\"https:\/\/www.fecomercio-ce.com.br\/sescce\/transparencia-na-gestao\/\" \/>\n<meta property=\"og:site_name\" content=\"Sesc Cear\u00e1\" \/>\n<meta property=\"article:modified_time\" content=\"2026-01-14T18:12:10+00:00\" \/>\n<meta name=\"twitter:card\" content=\"summary_large_image\" \/>\n<meta name=\"twitter:label1\" content=\"Est. tempo de leitura\" \/>\n\t<meta name=\"twitter:data1\" content=\"2 minutos\" \/>\n<script type=\"application\/ld+json\" class=\"yoast-schema-graph\">{\"@context\":\"https:\/\/schema.org\",\"@graph\":[{\"@type\":\"WebPage\",\"@id\":\"https:\/\/www.fecomercio-ce.com.br\/sescce\/transparencia-na-gestao\/\",\"url\":\"https:\/\/www.fecomercio-ce.com.br\/sescce\/transparencia-na-gestao\/\",\"name\":\"Transpar\u00eancia na Gest\u00e3o - Sesc Cear\u00e1\",\"isPartOf\":{\"@id\":\"https:\/\/www.fecomercio-ce.com.br\/sescce\/#website\"},\"datePublished\":\"2025-05-13T14:00:55+00:00\",\"dateModified\":\"2026-01-14T18:12:10+00:00\",\"breadcrumb\":{\"@id\":\"https:\/\/www.fecomercio-ce.com.br\/sescce\/transparencia-na-gestao\/#breadcrumb\"},\"inLanguage\":\"pt-BR\",\"potentialAction\":[{\"@type\":\"ReadAction\",\"target\":[\"https:\/\/www.fecomercio-ce.com.br\/sescce\/transparencia-na-gestao\/\"]}]},{\"@type\":\"BreadcrumbList\",\"@id\":\"https:\/\/www.fecomercio-ce.com.br\/sescce\/transparencia-na-gestao\/#breadcrumb\",\"itemListElement\":[{\"@type\":\"ListItem\",\"position\":1,\"name\":\"In\u00edcio\",\"item\":\"https:\/\/www.fecomercio-ce.com.br\/sescce\/\"},{\"@type\":\"ListItem\",\"position\":2,\"name\":\"Transpar\u00eancia na Gest\u00e3o\"}]},{\"@type\":\"WebSite\",\"@id\":\"https:\/\/www.fecomercio-ce.com.br\/sescce\/#website\",\"url\":\"https:\/\/www.fecomercio-ce.com.br\/sescce\/\",\"name\":\"Sesc Cear\u00e1\",\"description\":\"O Servi\u00e7o Social do Com\u00e9rcio (Sesc), bra\u00e7o social do Sistema Fecom\u00e9rcio-CE. Atua nas \u00e1reas de Educa\u00e7\u00e3o, Cultura, Lazer, Sa\u00fade e Assist\u00eancia.\",\"potentialAction\":[{\"@type\":\"SearchAction\",\"target\":{\"@type\":\"EntryPoint\",\"urlTemplate\":\"https:\/\/www.fecomercio-ce.com.br\/sescce\/?s={search_term_string}\"},\"query-input\":{\"@type\":\"PropertyValueSpecification\",\"valueRequired\":true,\"valueName\":\"search_term_string\"}}],\"inLanguage\":\"pt-BR\"}]}<\/script>\n<!-- \/ Yoast SEO plugin. -->","yoast_head_json":{"title":"Transpar\u00eancia na Gest\u00e3o - Sesc Cear\u00e1","robots":{"index":"index","follow":"follow","max-snippet":"max-snippet:-1","max-image-preview":"max-image-preview:large","max-video-preview":"max-video-preview:-1"},"canonical":"https:\/\/www.fecomercio-ce.com.br\/sescce\/transparencia-na-gestao\/","og_locale":"pt_BR","og_type":"article","og_title":"Transpar\u00eancia na Gest\u00e3o - Sesc Cear\u00e1","og_description":"O Sesc recomenda como um objetivo operacional, ser justo e claro em suas a\u00e7\u00f5es, comunicando e divulgando informa\u00e7\u00f5es que satisfa\u00e7am \u00e0 necessidade de todos aqueles que dela precisam. Em prol de uma gest\u00e3o moderna, que busca n\u00e3o s\u00f3 o desenvolvimento econ\u00f4mico, mas o sustent\u00e1vel, o Sesc torna transparente todas as suas opera\u00e7\u00f5es, principalmente no fornecimento [&hellip;]","og_url":"https:\/\/www.fecomercio-ce.com.br\/sescce\/transparencia-na-gestao\/","og_site_name":"Sesc Cear\u00e1","article_modified_time":"2026-01-14T18:12:10+00:00","twitter_card":"summary_large_image","twitter_misc":{"Est. tempo de leitura":"2 minutos"},"schema":{"@context":"https:\/\/schema.org","@graph":[{"@type":"WebPage","@id":"https:\/\/www.fecomercio-ce.com.br\/sescce\/transparencia-na-gestao\/","url":"https:\/\/www.fecomercio-ce.com.br\/sescce\/transparencia-na-gestao\/","name":"Transpar\u00eancia na Gest\u00e3o - Sesc Cear\u00e1","isPartOf":{"@id":"https:\/\/www.fecomercio-ce.com.br\/sescce\/#website"},"datePublished":"2025-05-13T14:00:55+00:00","dateModified":"2026-01-14T18:12:10+00:00","breadcrumb":{"@id":"https:\/\/www.fecomercio-ce.com.br\/sescce\/transparencia-na-gestao\/#breadcrumb"},"inLanguage":"pt-BR","potentialAction":[{"@type":"ReadAction","target":["https:\/\/www.fecomercio-ce.com.br\/sescce\/transparencia-na-gestao\/"]}]},{"@type":"BreadcrumbList","@id":"https:\/\/www.fecomercio-ce.com.br\/sescce\/transparencia-na-gestao\/#breadcrumb","itemListElement":[{"@type":"ListItem","position":1,"name":"In\u00edcio","item":"https:\/\/www.fecomercio-ce.com.br\/sescce\/"},{"@type":"ListItem","position":2,"name":"Transpar\u00eancia na Gest\u00e3o"}]},{"@type":"WebSite","@id":"https:\/\/www.fecomercio-ce.com.br\/sescce\/#website","url":"https:\/\/www.fecomercio-ce.com.br\/sescce\/","name":"Sesc Cear\u00e1","description":"O Servi\u00e7o Social do Com\u00e9rcio (Sesc), bra\u00e7o social do Sistema Fecom\u00e9rcio-CE. Atua nas \u00e1reas de Educa\u00e7\u00e3o, Cultura, Lazer, Sa\u00fade e Assist\u00eancia.","potentialAction":[{"@type":"SearchAction","target":{"@type":"EntryPoint","urlTemplate":"https:\/\/www.fecomercio-ce.com.br\/sescce\/?s={search_term_string}"},"query-input":{"@type":"PropertyValueSpecification","valueRequired":true,"valueName":"search_term_string"}}],"inLanguage":"pt-BR"}]}},"_links":{"self":[{"href":"https:\/\/www.fecomercio-ce.com.br\/sescce\/wp-json\/wp\/v2\/pages\/1487","targetHints":{"allow":["GET"]}}],"collection":[{"href":"https:\/\/www.fecomercio-ce.com.br\/sescce\/wp-json\/wp\/v2\/pages"}],"about":[{"href":"https:\/\/www.fecomercio-ce.com.br\/sescce\/wp-json\/wp\/v2\/types\/page"}],"author":[{"embeddable":true,"href":"https:\/\/www.fecomercio-ce.com.br\/sescce\/wp-json\/wp\/v2\/users\/1"}],"replies":[{"embeddable":true,"href":"https:\/\/www.fecomercio-ce.com.br\/sescce\/wp-json\/wp\/v2\/comments?post=1487"}],"version-history":[{"count":7,"href":"https:\/\/www.fecomercio-ce.com.br\/sescce\/wp-json\/wp\/v2\/pages\/1487\/revisions"}],"predecessor-version":[{"id":3737,"href":"https:\/\/www.fecomercio-ce.com.br\/sescce\/wp-json\/wp\/v2\/pages\/1487\/revisions\/3737"}],"wp:attachment":[{"href":"https:\/\/www.fecomercio-ce.com.br\/sescce\/wp-json\/wp\/v2\/media?parent=1487"}],"curies":[{"name":"wp","href":"https:\/\/api.w.org\/{rel}","templated":true}]}}