{"id":1491,"date":"2025-05-13T11:02:47","date_gmt":"2025-05-13T14:02:47","guid":{"rendered":"https:\/\/www.fecomercio-ce.com.br\/sescce\/?page_id=1491"},"modified":"2025-08-30T18:30:35","modified_gmt":"2025-08-30T21:30:35","slug":"programa-de-comprometimento-e-gratuidade","status":"publish","type":"page","link":"https:\/\/www.fecomercio-ce.com.br\/sescce\/institucional\/programa-de-comprometimento-e-gratuidade\/","title":{"rendered":"Programa de Comprometimento e Gratuidade"},"content":{"rendered":"<p><strong>O que \u00e9?<\/strong><\/p>\n<p>O Programa de Comprometimento e Gratuidade (PCG) destina-se \u00e0s pessoas de baixa renda, prioritariamente, os comerci\u00e1rios (trabalhadores do com\u00e9rcio de bens , servi\u00e7os e turismo, seus dependentes), al\u00e9m de\u00a0 alunos matriculados ou egressos da educa\u00e7\u00e3o b\u00e1sica e trabalhadores. A condi\u00e7\u00e3o de baixa renda \u00e9 atestada mediante autodeclara\u00e7\u00e3o do postulante. O Programa amplia o acesso da popula\u00e7\u00e3o com renda familiar bruta inferior a tr\u00eas sal\u00e1rios m\u00ednimos nacionais, a servi\u00e7os prestados pelo Sesc nas \u00e1reas de atua\u00e7\u00e3o da institui\u00e7\u00e3o, como Educa\u00e7\u00e3o, Sa\u00fade, Cultura, Lazer e Assist\u00eancia Social. Os interessados dever\u00e3o se inscrever no programa e atender aos requisitos publicados em editais de sele\u00e7\u00e3o, de acordo com as\u00a0 vagas dispon\u00edveis. As pessoas selecionadas poder\u00e3o usufruir gratuitamente das atividades promovidas pelo Sesc.<\/p>\n<p>&nbsp;<\/p>\n<p>Concretizado pelo Decreto 6.632\/2008, publicado no Di\u00e1rio Oficial da Uni\u00e3o em 05\/11\/2008, o Programa de Comprometimento e Gratuidade (PCG) come\u00e7ou a vigorar em 2009, por meio da aprova\u00e7\u00e3o da Resolu\u00e7\u00e3o de Conselho Nacional do Sesc N\u00ba 1.166\/2008 em 30\/12\/2008.<\/p>\n<p>&nbsp;<\/p>\n<p>A Confedera\u00e7\u00e3o Nacional do Com\u00e9rcio de Bens, Servi\u00e7os e Turismo (CNC) iniciou seu compromisso com o PCG, firmado com os Minist\u00e9rios da Educa\u00e7\u00e3o, do Trabalho e Emprego e da Fazenda, no Servi\u00e7o Nacional de Aprendizagem Comercial (SENAC) e no Servi\u00e7o Social do Com\u00e9rcio (Sesc) em 2009.<\/p>\n<p>&nbsp;<\/p>\n<p>O programa refor\u00e7a o compromisso do Sesc em contribuir para a melhoria da qualidade de vida da sociedade.<\/p>\n<hr \/>\n<p>Para informa\u00e7\u00f5es sobre Editais e como participar do PCG,\u00a0<strong><u><a href=\"http:\/\/www.sesc-ce.com.br\/pcg\/\" target=\"_blank\" rel=\"noopener noreferrer\">CLIQUE AQUI<\/a>.<\/u><\/strong><\/p>\n","protected":false},"excerpt":{"rendered":"<p>O que \u00e9? O Programa de Comprometimento e Gratuidade (PCG) destina-se \u00e0s pessoas de baixa renda, prioritariamente, os comerci\u00e1rios (trabalhadores do com\u00e9rcio de bens , servi\u00e7os e turismo, seus dependentes), al\u00e9m de\u00a0 alunos matriculados ou egressos da educa\u00e7\u00e3o b\u00e1sica e trabalhadores. A condi\u00e7\u00e3o de baixa renda \u00e9 atestada mediante autodeclara\u00e7\u00e3o do postulante. O Programa amplia [&hellip;]<\/p>\n","protected":false},"author":1,"featured_media":0,"parent":1443,"menu_order":0,"comment_status":"closed","ping_status":"closed","template":"page-about.php","meta":{"_acf_changed":false,"footnotes":""},"class_list":["post-1491","page","type-page","status-publish","hentry"],"acf":[],"yoast_head":"<!-- This site is optimized with the Yoast SEO plugin v24.3 - https:\/\/yoast.com\/wordpress\/plugins\/seo\/ -->\n<title>Programa de Comprometimento e Gratuidade - Sesc Cear\u00e1<\/title>\n<meta name=\"robots\" content=\"index, follow, max-snippet:-1, max-image-preview:large, max-video-preview:-1\" \/>\n<link rel=\"canonical\" href=\"https:\/\/www.fecomercio-ce.com.br\/sescce\/institucional\/programa-de-comprometimento-e-gratuidade\/\" \/>\n<meta property=\"og:locale\" content=\"pt_BR\" \/>\n<meta property=\"og:type\" content=\"article\" \/>\n<meta property=\"og:title\" content=\"Programa de Comprometimento e Gratuidade - Sesc Cear\u00e1\" \/>\n<meta property=\"og:description\" content=\"O que \u00e9? O Programa de Comprometimento e Gratuidade (PCG) destina-se \u00e0s pessoas de baixa renda, prioritariamente, os comerci\u00e1rios (trabalhadores do com\u00e9rcio de bens , servi\u00e7os e turismo, seus dependentes), al\u00e9m de\u00a0 alunos matriculados ou egressos da educa\u00e7\u00e3o b\u00e1sica e trabalhadores. A condi\u00e7\u00e3o de baixa renda \u00e9 atestada mediante autodeclara\u00e7\u00e3o do postulante. O Programa amplia [&hellip;]\" \/>\n<meta property=\"og:url\" content=\"https:\/\/www.fecomercio-ce.com.br\/sescce\/institucional\/programa-de-comprometimento-e-gratuidade\/\" \/>\n<meta property=\"og:site_name\" content=\"Sesc Cear\u00e1\" \/>\n<meta property=\"article:modified_time\" content=\"2025-08-30T21:30:35+00:00\" \/>\n<meta name=\"twitter:card\" content=\"summary_large_image\" \/>\n<meta name=\"twitter:label1\" content=\"Est. tempo de leitura\" \/>\n\t<meta name=\"twitter:data1\" content=\"2 minutos\" \/>\n<script type=\"application\/ld+json\" class=\"yoast-schema-graph\">{\"@context\":\"https:\/\/schema.org\",\"@graph\":[{\"@type\":\"WebPage\",\"@id\":\"https:\/\/www.fecomercio-ce.com.br\/sescce\/institucional\/programa-de-comprometimento-e-gratuidade\/\",\"url\":\"https:\/\/www.fecomercio-ce.com.br\/sescce\/institucional\/programa-de-comprometimento-e-gratuidade\/\",\"name\":\"Programa de Comprometimento e Gratuidade - Sesc Cear\u00e1\",\"isPartOf\":{\"@id\":\"https:\/\/www.fecomercio-ce.com.br\/sescce\/#website\"},\"datePublished\":\"2025-05-13T14:02:47+00:00\",\"dateModified\":\"2025-08-30T21:30:35+00:00\",\"breadcrumb\":{\"@id\":\"https:\/\/www.fecomercio-ce.com.br\/sescce\/institucional\/programa-de-comprometimento-e-gratuidade\/#breadcrumb\"},\"inLanguage\":\"pt-BR\",\"potentialAction\":[{\"@type\":\"ReadAction\",\"target\":[\"https:\/\/www.fecomercio-ce.com.br\/sescce\/institucional\/programa-de-comprometimento-e-gratuidade\/\"]}]},{\"@type\":\"BreadcrumbList\",\"@id\":\"https:\/\/www.fecomercio-ce.com.br\/sescce\/institucional\/programa-de-comprometimento-e-gratuidade\/#breadcrumb\",\"itemListElement\":[{\"@type\":\"ListItem\",\"position\":1,\"name\":\"In\u00edcio\",\"item\":\"https:\/\/www.fecomercio-ce.com.br\/sescce\/\"},{\"@type\":\"ListItem\",\"position\":2,\"name\":\"Institucional\",\"item\":\"https:\/\/www.fecomercio-ce.com.br\/sescce\/?page_id=1443\"},{\"@type\":\"ListItem\",\"position\":3,\"name\":\"Programa de Comprometimento e Gratuidade\"}]},{\"@type\":\"WebSite\",\"@id\":\"https:\/\/www.fecomercio-ce.com.br\/sescce\/#website\",\"url\":\"https:\/\/www.fecomercio-ce.com.br\/sescce\/\",\"name\":\"Sesc Cear\u00e1\",\"description\":\"O Servi\u00e7o Social do Com\u00e9rcio (Sesc), bra\u00e7o social do Sistema Fecom\u00e9rcio-CE. Atua nas \u00e1reas de Educa\u00e7\u00e3o, Cultura, Lazer, Sa\u00fade e Assist\u00eancia.\",\"potentialAction\":[{\"@type\":\"SearchAction\",\"target\":{\"@type\":\"EntryPoint\",\"urlTemplate\":\"https:\/\/www.fecomercio-ce.com.br\/sescce\/?s={search_term_string}\"},\"query-input\":{\"@type\":\"PropertyValueSpecification\",\"valueRequired\":true,\"valueName\":\"search_term_string\"}}],\"inLanguage\":\"pt-BR\"}]}<\/script>\n<!-- \/ Yoast SEO plugin. -->","yoast_head_json":{"title":"Programa de Comprometimento e Gratuidade - Sesc Cear\u00e1","robots":{"index":"index","follow":"follow","max-snippet":"max-snippet:-1","max-image-preview":"max-image-preview:large","max-video-preview":"max-video-preview:-1"},"canonical":"https:\/\/www.fecomercio-ce.com.br\/sescce\/institucional\/programa-de-comprometimento-e-gratuidade\/","og_locale":"pt_BR","og_type":"article","og_title":"Programa de Comprometimento e Gratuidade - Sesc Cear\u00e1","og_description":"O que \u00e9? O Programa de Comprometimento e Gratuidade (PCG) destina-se \u00e0s pessoas de baixa renda, prioritariamente, os comerci\u00e1rios (trabalhadores do com\u00e9rcio de bens , servi\u00e7os e turismo, seus dependentes), al\u00e9m de\u00a0 alunos matriculados ou egressos da educa\u00e7\u00e3o b\u00e1sica e trabalhadores. A condi\u00e7\u00e3o de baixa renda \u00e9 atestada mediante autodeclara\u00e7\u00e3o do postulante. O Programa amplia [&hellip;]","og_url":"https:\/\/www.fecomercio-ce.com.br\/sescce\/institucional\/programa-de-comprometimento-e-gratuidade\/","og_site_name":"Sesc Cear\u00e1","article_modified_time":"2025-08-30T21:30:35+00:00","twitter_card":"summary_large_image","twitter_misc":{"Est. tempo de leitura":"2 minutos"},"schema":{"@context":"https:\/\/schema.org","@graph":[{"@type":"WebPage","@id":"https:\/\/www.fecomercio-ce.com.br\/sescce\/institucional\/programa-de-comprometimento-e-gratuidade\/","url":"https:\/\/www.fecomercio-ce.com.br\/sescce\/institucional\/programa-de-comprometimento-e-gratuidade\/","name":"Programa de Comprometimento e Gratuidade - Sesc Cear\u00e1","isPartOf":{"@id":"https:\/\/www.fecomercio-ce.com.br\/sescce\/#website"},"datePublished":"2025-05-13T14:02:47+00:00","dateModified":"2025-08-30T21:30:35+00:00","breadcrumb":{"@id":"https:\/\/www.fecomercio-ce.com.br\/sescce\/institucional\/programa-de-comprometimento-e-gratuidade\/#breadcrumb"},"inLanguage":"pt-BR","potentialAction":[{"@type":"ReadAction","target":["https:\/\/www.fecomercio-ce.com.br\/sescce\/institucional\/programa-de-comprometimento-e-gratuidade\/"]}]},{"@type":"BreadcrumbList","@id":"https:\/\/www.fecomercio-ce.com.br\/sescce\/institucional\/programa-de-comprometimento-e-gratuidade\/#breadcrumb","itemListElement":[{"@type":"ListItem","position":1,"name":"In\u00edcio","item":"https:\/\/www.fecomercio-ce.com.br\/sescce\/"},{"@type":"ListItem","position":2,"name":"Institucional","item":"https:\/\/www.fecomercio-ce.com.br\/sescce\/?page_id=1443"},{"@type":"ListItem","position":3,"name":"Programa de Comprometimento e Gratuidade"}]},{"@type":"WebSite","@id":"https:\/\/www.fecomercio-ce.com.br\/sescce\/#website","url":"https:\/\/www.fecomercio-ce.com.br\/sescce\/","name":"Sesc Cear\u00e1","description":"O Servi\u00e7o Social do Com\u00e9rcio (Sesc), bra\u00e7o social do Sistema Fecom\u00e9rcio-CE. Atua nas \u00e1reas de Educa\u00e7\u00e3o, Cultura, Lazer, Sa\u00fade e Assist\u00eancia.","potentialAction":[{"@type":"SearchAction","target":{"@type":"EntryPoint","urlTemplate":"https:\/\/www.fecomercio-ce.com.br\/sescce\/?s={search_term_string}"},"query-input":{"@type":"PropertyValueSpecification","valueRequired":true,"valueName":"search_term_string"}}],"inLanguage":"pt-BR"}]}},"_links":{"self":[{"href":"https:\/\/www.fecomercio-ce.com.br\/sescce\/wp-json\/wp\/v2\/pages\/1491","targetHints":{"allow":["GET"]}}],"collection":[{"href":"https:\/\/www.fecomercio-ce.com.br\/sescce\/wp-json\/wp\/v2\/pages"}],"about":[{"href":"https:\/\/www.fecomercio-ce.com.br\/sescce\/wp-json\/wp\/v2\/types\/page"}],"author":[{"embeddable":true,"href":"https:\/\/www.fecomercio-ce.com.br\/sescce\/wp-json\/wp\/v2\/users\/1"}],"replies":[{"embeddable":true,"href":"https:\/\/www.fecomercio-ce.com.br\/sescce\/wp-json\/wp\/v2\/comments?post=1491"}],"version-history":[{"count":5,"href":"https:\/\/www.fecomercio-ce.com.br\/sescce\/wp-json\/wp\/v2\/pages\/1491\/revisions"}],"predecessor-version":[{"id":1984,"href":"https:\/\/www.fecomercio-ce.com.br\/sescce\/wp-json\/wp\/v2\/pages\/1491\/revisions\/1984"}],"up":[{"embeddable":true,"href":"https:\/\/www.fecomercio-ce.com.br\/sescce\/wp-json\/wp\/v2\/pages\/1443"}],"wp:attachment":[{"href":"https:\/\/www.fecomercio-ce.com.br\/sescce\/wp-json\/wp\/v2\/media?parent=1491"}],"curies":[{"name":"wp","href":"https:\/\/api.w.org\/{rel}","templated":true}]}}