{"id":1770,"date":"2025-06-20T10:22:23","date_gmt":"2025-06-20T13:22:23","guid":{"rendered":"https:\/\/www.fecomercio-ce.com.br\/sescce\/?page_id=1770"},"modified":"2025-12-17T11:04:16","modified_gmt":"2025-12-17T14:04:16","slug":"museu-oficina-do-mestre-francuili","status":"publish","type":"page","link":"https:\/\/www.fecomercio-ce.com.br\/sescce\/museus-organicos\/museu-oficina-do-mestre-francuili\/","title":{"rendered":"Museu Oficina do Mestre Fran\u00e7uili"},"content":{"rendered":"<p>Rua Beco do Fran\u00e7uli, s\/n, Centro &#8211; Potengi\/CE<\/p>\n<p>Data de inaugura\u00e7\u00e3o: 15\/11\/2018<\/p>\n<p>Nos olhos, o fasc\u00ednio por avi\u00f5es; nas m\u00e3os, a habilidade de transformar flandres em forma e movimento. Mestre Fran\u00e7uli construiu um acervo com 32 aeronaves em miniatura e diversos objetos que simbolizam o sert\u00e3o, todos criados com precis\u00e3o e inventividade. Desde a inf\u00e2ncia, equilibra o trabalho na ro\u00e7a com a cria\u00e7\u00e3o de brinquedos, utens\u00edlios e solu\u00e7\u00f5es para o cotidiano sertanejo. Reconhecido como Mestre em Artesanato em Flandres em 2015, \u00e9 patrim\u00f4nio vivo da cultura nordestina. Sua obra integra acervos de museus no Cear\u00e1, Bahia e S\u00e3o Paulo.<\/p>\n<p><img loading=\"lazy\" decoding=\"async\" class=\"alignnone size-full wp-image-1771\" src=\"https:\/\/www.fecomercio-ce.com.br\/sescce\/wp-content\/uploads\/sites\/2\/2025\/06\/museu3.png\" alt=\"\" width=\"423\" height=\"353\" srcset=\"https:\/\/www.fecomercio-ce.com.br\/sescce\/wp-content\/uploads\/sites\/2\/2025\/06\/museu3.png 423w, https:\/\/www.fecomercio-ce.com.br\/sescce\/wp-content\/uploads\/sites\/2\/2025\/06\/museu3-300x250.png 300w, https:\/\/www.fecomercio-ce.com.br\/sescce\/wp-content\/uploads\/sites\/2\/2025\/06\/museu3-100x83.png 100w\" sizes=\"auto, (max-width: 423px) 100vw, 423px\" \/><\/p>\n","protected":false},"excerpt":{"rendered":"<p>Rua Beco do Fran\u00e7uli, s\/n, Centro &#8211; Potengi\/CE Data de inaugura\u00e7\u00e3o: 15\/11\/2018 Nos olhos, o fasc\u00ednio por avi\u00f5es; nas m\u00e3os, a habilidade de transformar flandres em forma e movimento. Mestre Fran\u00e7uli construiu um acervo com 32 aeronaves em miniatura e diversos objetos que simbolizam o sert\u00e3o, todos criados com precis\u00e3o e inventividade. Desde a inf\u00e2ncia, [&hellip;]<\/p>\n","protected":false},"author":1,"featured_media":1771,"parent":1746,"menu_order":0,"comment_status":"closed","ping_status":"closed","template":"page-single-lp-secondary.php","meta":{"_acf_changed":false,"footnotes":""},"class_list":["post-1770","page","type-page","status-publish","has-post-thumbnail","hentry"],"acf":[],"yoast_head":"<!-- This site is optimized with the Yoast SEO plugin v24.3 - https:\/\/yoast.com\/wordpress\/plugins\/seo\/ -->\n<title>Museu Oficina do Mestre Fran\u00e7uili - Sesc Cear\u00e1<\/title>\n<meta name=\"robots\" content=\"index, follow, max-snippet:-1, max-image-preview:large, max-video-preview:-1\" \/>\n<link rel=\"canonical\" href=\"https:\/\/www.fecomercio-ce.com.br\/sescce\/museus-organicos\/museu-oficina-do-mestre-francuili\/\" \/>\n<meta property=\"og:locale\" content=\"pt_BR\" \/>\n<meta property=\"og:type\" content=\"article\" \/>\n<meta property=\"og:title\" content=\"Museu Oficina do Mestre Fran\u00e7uili - Sesc Cear\u00e1\" \/>\n<meta property=\"og:description\" content=\"Rua Beco do Fran\u00e7uli, s\/n, Centro &#8211; Potengi\/CE Data de inaugura\u00e7\u00e3o: 15\/11\/2018 Nos olhos, o fasc\u00ednio por avi\u00f5es; nas m\u00e3os, a habilidade de transformar flandres em forma e movimento. Mestre Fran\u00e7uli construiu um acervo com 32 aeronaves em miniatura e diversos objetos que simbolizam o sert\u00e3o, todos criados com precis\u00e3o e inventividade. Desde a inf\u00e2ncia, [&hellip;]\" \/>\n<meta property=\"og:url\" content=\"https:\/\/www.fecomercio-ce.com.br\/sescce\/museus-organicos\/museu-oficina-do-mestre-francuili\/\" \/>\n<meta property=\"og:site_name\" content=\"Sesc Cear\u00e1\" \/>\n<meta property=\"article:modified_time\" content=\"2025-12-17T14:04:16+00:00\" \/>\n<meta property=\"og:image\" content=\"https:\/\/www.fecomercio-ce.com.br\/sescce\/wp-content\/uploads\/sites\/2\/2025\/06\/museu3.png\" \/>\n\t<meta property=\"og:image:width\" content=\"423\" \/>\n\t<meta property=\"og:image:height\" content=\"353\" \/>\n\t<meta property=\"og:image:type\" content=\"image\/png\" \/>\n<meta name=\"twitter:card\" content=\"summary_large_image\" \/>\n<meta name=\"twitter:label1\" content=\"Est. tempo de leitura\" \/>\n\t<meta name=\"twitter:data1\" content=\"1 minuto\" \/>\n<script type=\"application\/ld+json\" class=\"yoast-schema-graph\">{\"@context\":\"https:\/\/schema.org\",\"@graph\":[{\"@type\":\"WebPage\",\"@id\":\"https:\/\/www.fecomercio-ce.com.br\/sescce\/museus-organicos\/museu-oficina-do-mestre-francuili\/\",\"url\":\"https:\/\/www.fecomercio-ce.com.br\/sescce\/museus-organicos\/museu-oficina-do-mestre-francuili\/\",\"name\":\"Museu Oficina do Mestre Fran\u00e7uili - Sesc Cear\u00e1\",\"isPartOf\":{\"@id\":\"https:\/\/www.fecomercio-ce.com.br\/sescce\/#website\"},\"primaryImageOfPage\":{\"@id\":\"https:\/\/www.fecomercio-ce.com.br\/sescce\/museus-organicos\/museu-oficina-do-mestre-francuili\/#primaryimage\"},\"image\":{\"@id\":\"https:\/\/www.fecomercio-ce.com.br\/sescce\/museus-organicos\/museu-oficina-do-mestre-francuili\/#primaryimage\"},\"thumbnailUrl\":\"https:\/\/www.fecomercio-ce.com.br\/sescce\/wp-content\/uploads\/sites\/2\/2025\/06\/museu3.png\",\"datePublished\":\"2025-06-20T13:22:23+00:00\",\"dateModified\":\"2025-12-17T14:04:16+00:00\",\"breadcrumb\":{\"@id\":\"https:\/\/www.fecomercio-ce.com.br\/sescce\/museus-organicos\/museu-oficina-do-mestre-francuili\/#breadcrumb\"},\"inLanguage\":\"pt-BR\",\"potentialAction\":[{\"@type\":\"ReadAction\",\"target\":[\"https:\/\/www.fecomercio-ce.com.br\/sescce\/museus-organicos\/museu-oficina-do-mestre-francuili\/\"]}]},{\"@type\":\"ImageObject\",\"inLanguage\":\"pt-BR\",\"@id\":\"https:\/\/www.fecomercio-ce.com.br\/sescce\/museus-organicos\/museu-oficina-do-mestre-francuili\/#primaryimage\",\"url\":\"https:\/\/www.fecomercio-ce.com.br\/sescce\/wp-content\/uploads\/sites\/2\/2025\/06\/museu3.png\",\"contentUrl\":\"https:\/\/www.fecomercio-ce.com.br\/sescce\/wp-content\/uploads\/sites\/2\/2025\/06\/museu3.png\",\"width\":423,\"height\":353},{\"@type\":\"BreadcrumbList\",\"@id\":\"https:\/\/www.fecomercio-ce.com.br\/sescce\/museus-organicos\/museu-oficina-do-mestre-francuili\/#breadcrumb\",\"itemListElement\":[{\"@type\":\"ListItem\",\"position\":1,\"name\":\"In\u00edcio\",\"item\":\"https:\/\/www.fecomercio-ce.com.br\/sescce\/\"},{\"@type\":\"ListItem\",\"position\":2,\"name\":\"Museus Org\u00e2nicos\",\"item\":\"https:\/\/www.fecomercio-ce.com.br\/sescce\/museus-organicos\/\"},{\"@type\":\"ListItem\",\"position\":3,\"name\":\"Museu Oficina do Mestre Fran\u00e7uili\"}]},{\"@type\":\"WebSite\",\"@id\":\"https:\/\/www.fecomercio-ce.com.br\/sescce\/#website\",\"url\":\"https:\/\/www.fecomercio-ce.com.br\/sescce\/\",\"name\":\"Sesc Cear\u00e1\",\"description\":\"O Servi\u00e7o Social do Com\u00e9rcio (Sesc), bra\u00e7o social do Sistema Fecom\u00e9rcio-CE. Atua nas \u00e1reas de Educa\u00e7\u00e3o, Cultura, Lazer, Sa\u00fade e Assist\u00eancia.\",\"potentialAction\":[{\"@type\":\"SearchAction\",\"target\":{\"@type\":\"EntryPoint\",\"urlTemplate\":\"https:\/\/www.fecomercio-ce.com.br\/sescce\/?s={search_term_string}\"},\"query-input\":{\"@type\":\"PropertyValueSpecification\",\"valueRequired\":true,\"valueName\":\"search_term_string\"}}],\"inLanguage\":\"pt-BR\"}]}<\/script>\n<!-- \/ Yoast SEO plugin. -->","yoast_head_json":{"title":"Museu Oficina do Mestre Fran\u00e7uili - Sesc Cear\u00e1","robots":{"index":"index","follow":"follow","max-snippet":"max-snippet:-1","max-image-preview":"max-image-preview:large","max-video-preview":"max-video-preview:-1"},"canonical":"https:\/\/www.fecomercio-ce.com.br\/sescce\/museus-organicos\/museu-oficina-do-mestre-francuili\/","og_locale":"pt_BR","og_type":"article","og_title":"Museu Oficina do Mestre Fran\u00e7uili - Sesc Cear\u00e1","og_description":"Rua Beco do Fran\u00e7uli, s\/n, Centro &#8211; Potengi\/CE Data de inaugura\u00e7\u00e3o: 15\/11\/2018 Nos olhos, o fasc\u00ednio por avi\u00f5es; nas m\u00e3os, a habilidade de transformar flandres em forma e movimento. Mestre Fran\u00e7uli construiu um acervo com 32 aeronaves em miniatura e diversos objetos que simbolizam o sert\u00e3o, todos criados com precis\u00e3o e inventividade. Desde a inf\u00e2ncia, [&hellip;]","og_url":"https:\/\/www.fecomercio-ce.com.br\/sescce\/museus-organicos\/museu-oficina-do-mestre-francuili\/","og_site_name":"Sesc Cear\u00e1","article_modified_time":"2025-12-17T14:04:16+00:00","og_image":[{"width":423,"height":353,"url":"https:\/\/www.fecomercio-ce.com.br\/sescce\/wp-content\/uploads\/sites\/2\/2025\/06\/museu3.png","type":"image\/png"}],"twitter_card":"summary_large_image","twitter_misc":{"Est. tempo de leitura":"1 minuto"},"schema":{"@context":"https:\/\/schema.org","@graph":[{"@type":"WebPage","@id":"https:\/\/www.fecomercio-ce.com.br\/sescce\/museus-organicos\/museu-oficina-do-mestre-francuili\/","url":"https:\/\/www.fecomercio-ce.com.br\/sescce\/museus-organicos\/museu-oficina-do-mestre-francuili\/","name":"Museu Oficina do Mestre Fran\u00e7uili - Sesc Cear\u00e1","isPartOf":{"@id":"https:\/\/www.fecomercio-ce.com.br\/sescce\/#website"},"primaryImageOfPage":{"@id":"https:\/\/www.fecomercio-ce.com.br\/sescce\/museus-organicos\/museu-oficina-do-mestre-francuili\/#primaryimage"},"image":{"@id":"https:\/\/www.fecomercio-ce.com.br\/sescce\/museus-organicos\/museu-oficina-do-mestre-francuili\/#primaryimage"},"thumbnailUrl":"https:\/\/www.fecomercio-ce.com.br\/sescce\/wp-content\/uploads\/sites\/2\/2025\/06\/museu3.png","datePublished":"2025-06-20T13:22:23+00:00","dateModified":"2025-12-17T14:04:16+00:00","breadcrumb":{"@id":"https:\/\/www.fecomercio-ce.com.br\/sescce\/museus-organicos\/museu-oficina-do-mestre-francuili\/#breadcrumb"},"inLanguage":"pt-BR","potentialAction":[{"@type":"ReadAction","target":["https:\/\/www.fecomercio-ce.com.br\/sescce\/museus-organicos\/museu-oficina-do-mestre-francuili\/"]}]},{"@type":"ImageObject","inLanguage":"pt-BR","@id":"https:\/\/www.fecomercio-ce.com.br\/sescce\/museus-organicos\/museu-oficina-do-mestre-francuili\/#primaryimage","url":"https:\/\/www.fecomercio-ce.com.br\/sescce\/wp-content\/uploads\/sites\/2\/2025\/06\/museu3.png","contentUrl":"https:\/\/www.fecomercio-ce.com.br\/sescce\/wp-content\/uploads\/sites\/2\/2025\/06\/museu3.png","width":423,"height":353},{"@type":"BreadcrumbList","@id":"https:\/\/www.fecomercio-ce.com.br\/sescce\/museus-organicos\/museu-oficina-do-mestre-francuili\/#breadcrumb","itemListElement":[{"@type":"ListItem","position":1,"name":"In\u00edcio","item":"https:\/\/www.fecomercio-ce.com.br\/sescce\/"},{"@type":"ListItem","position":2,"name":"Museus Org\u00e2nicos","item":"https:\/\/www.fecomercio-ce.com.br\/sescce\/museus-organicos\/"},{"@type":"ListItem","position":3,"name":"Museu Oficina do Mestre Fran\u00e7uili"}]},{"@type":"WebSite","@id":"https:\/\/www.fecomercio-ce.com.br\/sescce\/#website","url":"https:\/\/www.fecomercio-ce.com.br\/sescce\/","name":"Sesc Cear\u00e1","description":"O Servi\u00e7o Social do Com\u00e9rcio (Sesc), bra\u00e7o social do Sistema Fecom\u00e9rcio-CE. Atua nas \u00e1reas de Educa\u00e7\u00e3o, Cultura, Lazer, Sa\u00fade e Assist\u00eancia.","potentialAction":[{"@type":"SearchAction","target":{"@type":"EntryPoint","urlTemplate":"https:\/\/www.fecomercio-ce.com.br\/sescce\/?s={search_term_string}"},"query-input":{"@type":"PropertyValueSpecification","valueRequired":true,"valueName":"search_term_string"}}],"inLanguage":"pt-BR"}]}},"_links":{"self":[{"href":"https:\/\/www.fecomercio-ce.com.br\/sescce\/wp-json\/wp\/v2\/pages\/1770","targetHints":{"allow":["GET"]}}],"collection":[{"href":"https:\/\/www.fecomercio-ce.com.br\/sescce\/wp-json\/wp\/v2\/pages"}],"about":[{"href":"https:\/\/www.fecomercio-ce.com.br\/sescce\/wp-json\/wp\/v2\/types\/page"}],"author":[{"embeddable":true,"href":"https:\/\/www.fecomercio-ce.com.br\/sescce\/wp-json\/wp\/v2\/users\/1"}],"replies":[{"embeddable":true,"href":"https:\/\/www.fecomercio-ce.com.br\/sescce\/wp-json\/wp\/v2\/comments?post=1770"}],"version-history":[{"count":5,"href":"https:\/\/www.fecomercio-ce.com.br\/sescce\/wp-json\/wp\/v2\/pages\/1770\/revisions"}],"predecessor-version":[{"id":3521,"href":"https:\/\/www.fecomercio-ce.com.br\/sescce\/wp-json\/wp\/v2\/pages\/1770\/revisions\/3521"}],"up":[{"embeddable":true,"href":"https:\/\/www.fecomercio-ce.com.br\/sescce\/wp-json\/wp\/v2\/pages\/1746"}],"wp:featuredmedia":[{"embeddable":true,"href":"https:\/\/www.fecomercio-ce.com.br\/sescce\/wp-json\/wp\/v2\/media\/1771"}],"wp:attachment":[{"href":"https:\/\/www.fecomercio-ce.com.br\/sescce\/wp-json\/wp\/v2\/media?parent=1770"}],"curies":[{"name":"wp","href":"https:\/\/api.w.org\/{rel}","templated":true}]}}