{"id":2680,"date":"2025-11-07T15:19:28","date_gmt":"2025-11-07T18:19:28","guid":{"rendered":"https:\/\/www.fecomercio-ce.com.br\/sescce\/?page_id=2680"},"modified":"2025-12-17T11:03:23","modified_gmt":"2025-12-17T14:03:23","slug":"museu-casa-do-mestre-nena","status":"publish","type":"page","link":"https:\/\/www.fecomercio-ce.com.br\/sescce\/museus-organicos\/museu-casa-do-mestre-nena\/","title":{"rendered":"Museu Casa do Mestre Nena"},"content":{"rendered":"<p>Rua Senhor do Bonfim, 524, Jo\u00e3o Cabral &#8211; Juazeiro do Norte\/CE<\/p>\n<p>Data de inaugura\u00e7\u00e3o: 07\/08\/2019<\/p>\n<p>O primeiro Museu Org\u00e2nico inaugurado em Juazeiro do Norte \u00e9 o do Mestre Nena. Em sua pr\u00f3pria casa, o espa\u00e7o e, antes de tudo, um ponto de escuta por recontar a hist\u00f3ria da cultura popular regional. \u00c9 ali que as armas do canga\u00e7o se fizeram arte e levam ao mundo a cultura da paz. Aos 12 anos, ele come\u00e7ou a brincar na tradi\u00e7\u00e3o. Aprendeu a dan\u00e7ar com Mestre Mois\u00e9s Ricardo e, com o passar do tempo, absorveu a cultura de outros mestres. Foi no grupo Bacamarteiros, do Beato Z\u00e9 Louren\u00e7o, que Nena se encantou com a tradi\u00e7\u00e3o do bacamarte, presente at\u00e9 hoje na sua trajet\u00f3ria art\u00edstica. Feito cangaceiro, Mestre Nena hoje anda em bando. S\u00e3o 17 pessoas no grupo que coordena, a maioria da fam\u00edlia mesmo, contando filhos e netos. Embora a dan\u00e7a elabore os passos com aux\u00edlio de um bacamarte artesanal, representa\u00e7\u00e3o de uma arma de fogo, ele explica que a tradi\u00e7\u00e3o n\u00e3o incita a viol\u00eancia. \u201cPelo contr\u00e1rio: fazemos um trabalho, tiramos muitos jovens das ruas e puxamos para a brincadeira. O intuito \u00e9 brincar, por isso s\u00e3o da paz\u201d, completa.<\/p>\n<p><img loading=\"lazy\" decoding=\"async\" class=\"alignnone size-full wp-image-2733\" src=\"https:\/\/www.fecomercio-ce.com.br\/sescce\/wp-content\/uploads\/sites\/2\/2025\/11\/MESTRE-NENA.png\" alt=\"\" width=\"332\" height=\"282\" srcset=\"https:\/\/www.fecomercio-ce.com.br\/sescce\/wp-content\/uploads\/sites\/2\/2025\/11\/MESTRE-NENA.png 332w, https:\/\/www.fecomercio-ce.com.br\/sescce\/wp-content\/uploads\/sites\/2\/2025\/11\/MESTRE-NENA-300x255.png 300w, https:\/\/www.fecomercio-ce.com.br\/sescce\/wp-content\/uploads\/sites\/2\/2025\/11\/MESTRE-NENA-100x85.png 100w\" sizes=\"auto, (max-width: 332px) 100vw, 332px\" \/><\/p>\n","protected":false},"excerpt":{"rendered":"<p>Rua Senhor do Bonfim, 524, Jo\u00e3o Cabral &#8211; Juazeiro do Norte\/CE Data de inaugura\u00e7\u00e3o: 07\/08\/2019 O primeiro Museu Org\u00e2nico inaugurado em Juazeiro do Norte \u00e9 o do Mestre Nena. Em sua pr\u00f3pria casa, o espa\u00e7o e, antes de tudo, um ponto de escuta por recontar a hist\u00f3ria da cultura popular regional. \u00c9 ali que as [&hellip;]<\/p>\n","protected":false},"author":1,"featured_media":2733,"parent":1746,"menu_order":0,"comment_status":"closed","ping_status":"closed","template":"page-single-lp-secondary.php","meta":{"_acf_changed":false,"footnotes":""},"class_list":["post-2680","page","type-page","status-publish","has-post-thumbnail","hentry"],"acf":[],"yoast_head":"<!-- This site is optimized with the Yoast SEO plugin v24.3 - https:\/\/yoast.com\/wordpress\/plugins\/seo\/ -->\n<title>Museu Casa do Mestre Nena - Sesc Cear\u00e1<\/title>\n<meta name=\"robots\" content=\"index, follow, max-snippet:-1, max-image-preview:large, max-video-preview:-1\" \/>\n<link rel=\"canonical\" href=\"https:\/\/www.fecomercio-ce.com.br\/sescce\/museus-organicos\/museu-casa-do-mestre-nena\/\" \/>\n<meta property=\"og:locale\" content=\"pt_BR\" \/>\n<meta property=\"og:type\" content=\"article\" \/>\n<meta property=\"og:title\" content=\"Museu Casa do Mestre Nena - Sesc Cear\u00e1\" \/>\n<meta property=\"og:description\" content=\"Rua Senhor do Bonfim, 524, Jo\u00e3o Cabral &#8211; Juazeiro do Norte\/CE Data de inaugura\u00e7\u00e3o: 07\/08\/2019 O primeiro Museu Org\u00e2nico inaugurado em Juazeiro do Norte \u00e9 o do Mestre Nena. Em sua pr\u00f3pria casa, o espa\u00e7o e, antes de tudo, um ponto de escuta por recontar a hist\u00f3ria da cultura popular regional. \u00c9 ali que as [&hellip;]\" \/>\n<meta property=\"og:url\" content=\"https:\/\/www.fecomercio-ce.com.br\/sescce\/museus-organicos\/museu-casa-do-mestre-nena\/\" \/>\n<meta property=\"og:site_name\" content=\"Sesc Cear\u00e1\" \/>\n<meta property=\"article:modified_time\" content=\"2025-12-17T14:03:23+00:00\" \/>\n<meta property=\"og:image\" content=\"https:\/\/www.fecomercio-ce.com.br\/sescce\/wp-content\/uploads\/sites\/2\/2025\/11\/MESTRE-NENA.png\" \/>\n\t<meta property=\"og:image:width\" content=\"332\" \/>\n\t<meta property=\"og:image:height\" content=\"282\" \/>\n\t<meta property=\"og:image:type\" content=\"image\/png\" \/>\n<meta name=\"twitter:card\" content=\"summary_large_image\" \/>\n<meta name=\"twitter:label1\" content=\"Est. tempo de leitura\" \/>\n\t<meta name=\"twitter:data1\" content=\"2 minutos\" \/>\n<script type=\"application\/ld+json\" class=\"yoast-schema-graph\">{\"@context\":\"https:\/\/schema.org\",\"@graph\":[{\"@type\":\"WebPage\",\"@id\":\"https:\/\/www.fecomercio-ce.com.br\/sescce\/museus-organicos\/museu-casa-do-mestre-nena\/\",\"url\":\"https:\/\/www.fecomercio-ce.com.br\/sescce\/museus-organicos\/museu-casa-do-mestre-nena\/\",\"name\":\"Museu Casa do Mestre Nena - Sesc Cear\u00e1\",\"isPartOf\":{\"@id\":\"https:\/\/www.fecomercio-ce.com.br\/sescce\/#website\"},\"primaryImageOfPage\":{\"@id\":\"https:\/\/www.fecomercio-ce.com.br\/sescce\/museus-organicos\/museu-casa-do-mestre-nena\/#primaryimage\"},\"image\":{\"@id\":\"https:\/\/www.fecomercio-ce.com.br\/sescce\/museus-organicos\/museu-casa-do-mestre-nena\/#primaryimage\"},\"thumbnailUrl\":\"https:\/\/www.fecomercio-ce.com.br\/sescce\/wp-content\/uploads\/sites\/2\/2025\/11\/MESTRE-NENA.png\",\"datePublished\":\"2025-11-07T18:19:28+00:00\",\"dateModified\":\"2025-12-17T14:03:23+00:00\",\"breadcrumb\":{\"@id\":\"https:\/\/www.fecomercio-ce.com.br\/sescce\/museus-organicos\/museu-casa-do-mestre-nena\/#breadcrumb\"},\"inLanguage\":\"pt-BR\",\"potentialAction\":[{\"@type\":\"ReadAction\",\"target\":[\"https:\/\/www.fecomercio-ce.com.br\/sescce\/museus-organicos\/museu-casa-do-mestre-nena\/\"]}]},{\"@type\":\"ImageObject\",\"inLanguage\":\"pt-BR\",\"@id\":\"https:\/\/www.fecomercio-ce.com.br\/sescce\/museus-organicos\/museu-casa-do-mestre-nena\/#primaryimage\",\"url\":\"https:\/\/www.fecomercio-ce.com.br\/sescce\/wp-content\/uploads\/sites\/2\/2025\/11\/MESTRE-NENA.png\",\"contentUrl\":\"https:\/\/www.fecomercio-ce.com.br\/sescce\/wp-content\/uploads\/sites\/2\/2025\/11\/MESTRE-NENA.png\",\"width\":332,\"height\":282},{\"@type\":\"BreadcrumbList\",\"@id\":\"https:\/\/www.fecomercio-ce.com.br\/sescce\/museus-organicos\/museu-casa-do-mestre-nena\/#breadcrumb\",\"itemListElement\":[{\"@type\":\"ListItem\",\"position\":1,\"name\":\"In\u00edcio\",\"item\":\"https:\/\/www.fecomercio-ce.com.br\/sescce\/\"},{\"@type\":\"ListItem\",\"position\":2,\"name\":\"Museus Org\u00e2nicos\",\"item\":\"https:\/\/www.fecomercio-ce.com.br\/sescce\/museus-organicos\/\"},{\"@type\":\"ListItem\",\"position\":3,\"name\":\"Museu Casa do Mestre Nena\"}]},{\"@type\":\"WebSite\",\"@id\":\"https:\/\/www.fecomercio-ce.com.br\/sescce\/#website\",\"url\":\"https:\/\/www.fecomercio-ce.com.br\/sescce\/\",\"name\":\"Sesc Cear\u00e1\",\"description\":\"O Servi\u00e7o Social do Com\u00e9rcio (Sesc), bra\u00e7o social do Sistema Fecom\u00e9rcio-CE. Atua nas \u00e1reas de Educa\u00e7\u00e3o, Cultura, Lazer, Sa\u00fade e Assist\u00eancia.\",\"potentialAction\":[{\"@type\":\"SearchAction\",\"target\":{\"@type\":\"EntryPoint\",\"urlTemplate\":\"https:\/\/www.fecomercio-ce.com.br\/sescce\/?s={search_term_string}\"},\"query-input\":{\"@type\":\"PropertyValueSpecification\",\"valueRequired\":true,\"valueName\":\"search_term_string\"}}],\"inLanguage\":\"pt-BR\"}]}<\/script>\n<!-- \/ Yoast SEO plugin. -->","yoast_head_json":{"title":"Museu Casa do Mestre Nena - Sesc Cear\u00e1","robots":{"index":"index","follow":"follow","max-snippet":"max-snippet:-1","max-image-preview":"max-image-preview:large","max-video-preview":"max-video-preview:-1"},"canonical":"https:\/\/www.fecomercio-ce.com.br\/sescce\/museus-organicos\/museu-casa-do-mestre-nena\/","og_locale":"pt_BR","og_type":"article","og_title":"Museu Casa do Mestre Nena - Sesc Cear\u00e1","og_description":"Rua Senhor do Bonfim, 524, Jo\u00e3o Cabral &#8211; Juazeiro do Norte\/CE Data de inaugura\u00e7\u00e3o: 07\/08\/2019 O primeiro Museu Org\u00e2nico inaugurado em Juazeiro do Norte \u00e9 o do Mestre Nena. Em sua pr\u00f3pria casa, o espa\u00e7o e, antes de tudo, um ponto de escuta por recontar a hist\u00f3ria da cultura popular regional. \u00c9 ali que as [&hellip;]","og_url":"https:\/\/www.fecomercio-ce.com.br\/sescce\/museus-organicos\/museu-casa-do-mestre-nena\/","og_site_name":"Sesc Cear\u00e1","article_modified_time":"2025-12-17T14:03:23+00:00","og_image":[{"width":332,"height":282,"url":"https:\/\/www.fecomercio-ce.com.br\/sescce\/wp-content\/uploads\/sites\/2\/2025\/11\/MESTRE-NENA.png","type":"image\/png"}],"twitter_card":"summary_large_image","twitter_misc":{"Est. tempo de leitura":"2 minutos"},"schema":{"@context":"https:\/\/schema.org","@graph":[{"@type":"WebPage","@id":"https:\/\/www.fecomercio-ce.com.br\/sescce\/museus-organicos\/museu-casa-do-mestre-nena\/","url":"https:\/\/www.fecomercio-ce.com.br\/sescce\/museus-organicos\/museu-casa-do-mestre-nena\/","name":"Museu Casa do Mestre Nena - Sesc Cear\u00e1","isPartOf":{"@id":"https:\/\/www.fecomercio-ce.com.br\/sescce\/#website"},"primaryImageOfPage":{"@id":"https:\/\/www.fecomercio-ce.com.br\/sescce\/museus-organicos\/museu-casa-do-mestre-nena\/#primaryimage"},"image":{"@id":"https:\/\/www.fecomercio-ce.com.br\/sescce\/museus-organicos\/museu-casa-do-mestre-nena\/#primaryimage"},"thumbnailUrl":"https:\/\/www.fecomercio-ce.com.br\/sescce\/wp-content\/uploads\/sites\/2\/2025\/11\/MESTRE-NENA.png","datePublished":"2025-11-07T18:19:28+00:00","dateModified":"2025-12-17T14:03:23+00:00","breadcrumb":{"@id":"https:\/\/www.fecomercio-ce.com.br\/sescce\/museus-organicos\/museu-casa-do-mestre-nena\/#breadcrumb"},"inLanguage":"pt-BR","potentialAction":[{"@type":"ReadAction","target":["https:\/\/www.fecomercio-ce.com.br\/sescce\/museus-organicos\/museu-casa-do-mestre-nena\/"]}]},{"@type":"ImageObject","inLanguage":"pt-BR","@id":"https:\/\/www.fecomercio-ce.com.br\/sescce\/museus-organicos\/museu-casa-do-mestre-nena\/#primaryimage","url":"https:\/\/www.fecomercio-ce.com.br\/sescce\/wp-content\/uploads\/sites\/2\/2025\/11\/MESTRE-NENA.png","contentUrl":"https:\/\/www.fecomercio-ce.com.br\/sescce\/wp-content\/uploads\/sites\/2\/2025\/11\/MESTRE-NENA.png","width":332,"height":282},{"@type":"BreadcrumbList","@id":"https:\/\/www.fecomercio-ce.com.br\/sescce\/museus-organicos\/museu-casa-do-mestre-nena\/#breadcrumb","itemListElement":[{"@type":"ListItem","position":1,"name":"In\u00edcio","item":"https:\/\/www.fecomercio-ce.com.br\/sescce\/"},{"@type":"ListItem","position":2,"name":"Museus Org\u00e2nicos","item":"https:\/\/www.fecomercio-ce.com.br\/sescce\/museus-organicos\/"},{"@type":"ListItem","position":3,"name":"Museu Casa do Mestre Nena"}]},{"@type":"WebSite","@id":"https:\/\/www.fecomercio-ce.com.br\/sescce\/#website","url":"https:\/\/www.fecomercio-ce.com.br\/sescce\/","name":"Sesc Cear\u00e1","description":"O Servi\u00e7o Social do Com\u00e9rcio (Sesc), bra\u00e7o social do Sistema Fecom\u00e9rcio-CE. Atua nas \u00e1reas de Educa\u00e7\u00e3o, Cultura, Lazer, Sa\u00fade e Assist\u00eancia.","potentialAction":[{"@type":"SearchAction","target":{"@type":"EntryPoint","urlTemplate":"https:\/\/www.fecomercio-ce.com.br\/sescce\/?s={search_term_string}"},"query-input":{"@type":"PropertyValueSpecification","valueRequired":true,"valueName":"search_term_string"}}],"inLanguage":"pt-BR"}]}},"_links":{"self":[{"href":"https:\/\/www.fecomercio-ce.com.br\/sescce\/wp-json\/wp\/v2\/pages\/2680","targetHints":{"allow":["GET"]}}],"collection":[{"href":"https:\/\/www.fecomercio-ce.com.br\/sescce\/wp-json\/wp\/v2\/pages"}],"about":[{"href":"https:\/\/www.fecomercio-ce.com.br\/sescce\/wp-json\/wp\/v2\/types\/page"}],"author":[{"embeddable":true,"href":"https:\/\/www.fecomercio-ce.com.br\/sescce\/wp-json\/wp\/v2\/users\/1"}],"replies":[{"embeddable":true,"href":"https:\/\/www.fecomercio-ce.com.br\/sescce\/wp-json\/wp\/v2\/comments?post=2680"}],"version-history":[{"count":6,"href":"https:\/\/www.fecomercio-ce.com.br\/sescce\/wp-json\/wp\/v2\/pages\/2680\/revisions"}],"predecessor-version":[{"id":3520,"href":"https:\/\/www.fecomercio-ce.com.br\/sescce\/wp-json\/wp\/v2\/pages\/2680\/revisions\/3520"}],"up":[{"embeddable":true,"href":"https:\/\/www.fecomercio-ce.com.br\/sescce\/wp-json\/wp\/v2\/pages\/1746"}],"wp:featuredmedia":[{"embeddable":true,"href":"https:\/\/www.fecomercio-ce.com.br\/sescce\/wp-json\/wp\/v2\/media\/2733"}],"wp:attachment":[{"href":"https:\/\/www.fecomercio-ce.com.br\/sescce\/wp-json\/wp\/v2\/media?parent=2680"}],"curies":[{"name":"wp","href":"https:\/\/api.w.org\/{rel}","templated":true}]}}