{"id":2685,"date":"2025-11-07T15:22:12","date_gmt":"2025-11-07T18:22:12","guid":{"rendered":"https:\/\/www.fecomercio-ce.com.br\/sescce\/?page_id=2685"},"modified":"2025-12-17T10:55:34","modified_gmt":"2025-12-17T13:55:34","slug":"museu-casa-da-mestra-zulene-galdino","status":"publish","type":"page","link":"https:\/\/www.fecomercio-ce.com.br\/sescce\/museus-organicos\/museu-casa-da-mestra-zulene-galdino\/","title":{"rendered":"Museu casa da Mestra Zulene Galdino"},"content":{"rendered":"<p>Rua Marechal Mascarenha de Morais, 81, Novo Horizonte &#8211; Crato\/CE<\/p>\n<p>Data de inaugura\u00e7\u00e3o: 09\/11\/2019<\/p>\n<p>O amor pela cultura popular move a vida da Mestra Zulene Galdino. Com alma brincante, \u00e9 figura conhecida e respeitada na regi\u00e3o, seja por participar ativamente de grupos de tradi\u00e7\u00f5es ou, simplesmente, por ensinar a magia das dan\u00e7as populares para a nova gera\u00e7\u00e3o. Entre quadrilhas, maneiro pau, lapinhas e cintura fina, ela \u00e9 uma defensora da tradi\u00e7\u00e3o e n\u00e3o se v\u00ea fazendo outra coisa na vida. Dividida entre as coreografias, a confec\u00e7\u00e3o dos trajes e o toque de instrumentos, a Mestra \u00e9 tamb\u00e9m uma das mais conhecidas e requisitadas rezadeiras da regi\u00e3o. Nas prateleiras da sua casa, Zulene Galdino mostra com orgulho os tantos trof\u00e9us que conquistou ao longo dos anos. S\u00f3 com a quadrilha junina infantil foi campe\u00e3 estadual 25 vezes. Um dos lugares de afeto da sua casa \u00e9 o quintal. Al\u00e9m de ser palco das terreiradas, \u00e9 l\u00e1 onde a meninada se encontra para brincar e participar de rodas de leitura. Com um acervo de livros infantis, ela ajuda essa turminha a aprender a ler e soltar a imagina\u00e7\u00e3o.<\/p>\n<p><img loading=\"lazy\" decoding=\"async\" class=\"alignnone size-full wp-image-2737\" src=\"https:\/\/www.fecomercio-ce.com.br\/sescce\/wp-content\/uploads\/sites\/2\/2025\/11\/ZULENE-GALDINO.png\" alt=\"\" width=\"332\" height=\"279\" srcset=\"https:\/\/www.fecomercio-ce.com.br\/sescce\/wp-content\/uploads\/sites\/2\/2025\/11\/ZULENE-GALDINO.png 332w, https:\/\/www.fecomercio-ce.com.br\/sescce\/wp-content\/uploads\/sites\/2\/2025\/11\/ZULENE-GALDINO-300x252.png 300w, https:\/\/www.fecomercio-ce.com.br\/sescce\/wp-content\/uploads\/sites\/2\/2025\/11\/ZULENE-GALDINO-100x84.png 100w\" sizes=\"auto, (max-width: 332px) 100vw, 332px\" \/><\/p>\n","protected":false},"excerpt":{"rendered":"<p>Rua Marechal Mascarenha de Morais, 81, Novo Horizonte &#8211; Crato\/CE Data de inaugura\u00e7\u00e3o: 09\/11\/2019 O amor pela cultura popular move a vida da Mestra Zulene Galdino. Com alma brincante, \u00e9 figura conhecida e respeitada na regi\u00e3o, seja por participar ativamente de grupos de tradi\u00e7\u00f5es ou, simplesmente, por ensinar a magia das dan\u00e7as populares para a [&hellip;]<\/p>\n","protected":false},"author":1,"featured_media":2737,"parent":1746,"menu_order":0,"comment_status":"closed","ping_status":"closed","template":"page-single-lp-secondary.php","meta":{"_acf_changed":false,"footnotes":""},"class_list":["post-2685","page","type-page","status-publish","has-post-thumbnail","hentry"],"acf":[],"yoast_head":"<!-- This site is optimized with the Yoast SEO plugin v24.3 - https:\/\/yoast.com\/wordpress\/plugins\/seo\/ -->\n<title>Museu casa da Mestra Zulene Galdino - Sesc Cear\u00e1<\/title>\n<meta name=\"robots\" content=\"index, follow, max-snippet:-1, max-image-preview:large, max-video-preview:-1\" \/>\n<link rel=\"canonical\" href=\"https:\/\/www.fecomercio-ce.com.br\/sescce\/museus-organicos\/museu-casa-da-mestra-zulene-galdino\/\" \/>\n<meta property=\"og:locale\" content=\"pt_BR\" \/>\n<meta property=\"og:type\" content=\"article\" \/>\n<meta property=\"og:title\" content=\"Museu casa da Mestra Zulene Galdino - Sesc Cear\u00e1\" \/>\n<meta property=\"og:description\" content=\"Rua Marechal Mascarenha de Morais, 81, Novo Horizonte &#8211; Crato\/CE Data de inaugura\u00e7\u00e3o: 09\/11\/2019 O amor pela cultura popular move a vida da Mestra Zulene Galdino. Com alma brincante, \u00e9 figura conhecida e respeitada na regi\u00e3o, seja por participar ativamente de grupos de tradi\u00e7\u00f5es ou, simplesmente, por ensinar a magia das dan\u00e7as populares para a [&hellip;]\" \/>\n<meta property=\"og:url\" content=\"https:\/\/www.fecomercio-ce.com.br\/sescce\/museus-organicos\/museu-casa-da-mestra-zulene-galdino\/\" \/>\n<meta property=\"og:site_name\" content=\"Sesc Cear\u00e1\" \/>\n<meta property=\"article:modified_time\" content=\"2025-12-17T13:55:34+00:00\" \/>\n<meta property=\"og:image\" content=\"https:\/\/www.fecomercio-ce.com.br\/sescce\/wp-content\/uploads\/sites\/2\/2025\/11\/ZULENE-GALDINO.png\" \/>\n\t<meta property=\"og:image:width\" content=\"332\" \/>\n\t<meta property=\"og:image:height\" content=\"279\" \/>\n\t<meta property=\"og:image:type\" content=\"image\/png\" \/>\n<meta name=\"twitter:card\" content=\"summary_large_image\" \/>\n<meta name=\"twitter:label1\" content=\"Est. tempo de leitura\" \/>\n\t<meta name=\"twitter:data1\" content=\"2 minutos\" \/>\n<script type=\"application\/ld+json\" class=\"yoast-schema-graph\">{\"@context\":\"https:\/\/schema.org\",\"@graph\":[{\"@type\":\"WebPage\",\"@id\":\"https:\/\/www.fecomercio-ce.com.br\/sescce\/museus-organicos\/museu-casa-da-mestra-zulene-galdino\/\",\"url\":\"https:\/\/www.fecomercio-ce.com.br\/sescce\/museus-organicos\/museu-casa-da-mestra-zulene-galdino\/\",\"name\":\"Museu casa da Mestra Zulene Galdino - Sesc Cear\u00e1\",\"isPartOf\":{\"@id\":\"https:\/\/www.fecomercio-ce.com.br\/sescce\/#website\"},\"primaryImageOfPage\":{\"@id\":\"https:\/\/www.fecomercio-ce.com.br\/sescce\/museus-organicos\/museu-casa-da-mestra-zulene-galdino\/#primaryimage\"},\"image\":{\"@id\":\"https:\/\/www.fecomercio-ce.com.br\/sescce\/museus-organicos\/museu-casa-da-mestra-zulene-galdino\/#primaryimage\"},\"thumbnailUrl\":\"https:\/\/www.fecomercio-ce.com.br\/sescce\/wp-content\/uploads\/sites\/2\/2025\/11\/ZULENE-GALDINO.png\",\"datePublished\":\"2025-11-07T18:22:12+00:00\",\"dateModified\":\"2025-12-17T13:55:34+00:00\",\"breadcrumb\":{\"@id\":\"https:\/\/www.fecomercio-ce.com.br\/sescce\/museus-organicos\/museu-casa-da-mestra-zulene-galdino\/#breadcrumb\"},\"inLanguage\":\"pt-BR\",\"potentialAction\":[{\"@type\":\"ReadAction\",\"target\":[\"https:\/\/www.fecomercio-ce.com.br\/sescce\/museus-organicos\/museu-casa-da-mestra-zulene-galdino\/\"]}]},{\"@type\":\"ImageObject\",\"inLanguage\":\"pt-BR\",\"@id\":\"https:\/\/www.fecomercio-ce.com.br\/sescce\/museus-organicos\/museu-casa-da-mestra-zulene-galdino\/#primaryimage\",\"url\":\"https:\/\/www.fecomercio-ce.com.br\/sescce\/wp-content\/uploads\/sites\/2\/2025\/11\/ZULENE-GALDINO.png\",\"contentUrl\":\"https:\/\/www.fecomercio-ce.com.br\/sescce\/wp-content\/uploads\/sites\/2\/2025\/11\/ZULENE-GALDINO.png\",\"width\":332,\"height\":279},{\"@type\":\"BreadcrumbList\",\"@id\":\"https:\/\/www.fecomercio-ce.com.br\/sescce\/museus-organicos\/museu-casa-da-mestra-zulene-galdino\/#breadcrumb\",\"itemListElement\":[{\"@type\":\"ListItem\",\"position\":1,\"name\":\"In\u00edcio\",\"item\":\"https:\/\/www.fecomercio-ce.com.br\/sescce\/\"},{\"@type\":\"ListItem\",\"position\":2,\"name\":\"Museus Org\u00e2nicos\",\"item\":\"https:\/\/www.fecomercio-ce.com.br\/sescce\/museus-organicos\/\"},{\"@type\":\"ListItem\",\"position\":3,\"name\":\"Museu casa da Mestra Zulene Galdino\"}]},{\"@type\":\"WebSite\",\"@id\":\"https:\/\/www.fecomercio-ce.com.br\/sescce\/#website\",\"url\":\"https:\/\/www.fecomercio-ce.com.br\/sescce\/\",\"name\":\"Sesc Cear\u00e1\",\"description\":\"O Servi\u00e7o Social do Com\u00e9rcio (Sesc), bra\u00e7o social do Sistema Fecom\u00e9rcio-CE. Atua nas \u00e1reas de Educa\u00e7\u00e3o, Cultura, Lazer, Sa\u00fade e Assist\u00eancia.\",\"potentialAction\":[{\"@type\":\"SearchAction\",\"target\":{\"@type\":\"EntryPoint\",\"urlTemplate\":\"https:\/\/www.fecomercio-ce.com.br\/sescce\/?s={search_term_string}\"},\"query-input\":{\"@type\":\"PropertyValueSpecification\",\"valueRequired\":true,\"valueName\":\"search_term_string\"}}],\"inLanguage\":\"pt-BR\"}]}<\/script>\n<!-- \/ Yoast SEO plugin. -->","yoast_head_json":{"title":"Museu casa da Mestra Zulene Galdino - Sesc Cear\u00e1","robots":{"index":"index","follow":"follow","max-snippet":"max-snippet:-1","max-image-preview":"max-image-preview:large","max-video-preview":"max-video-preview:-1"},"canonical":"https:\/\/www.fecomercio-ce.com.br\/sescce\/museus-organicos\/museu-casa-da-mestra-zulene-galdino\/","og_locale":"pt_BR","og_type":"article","og_title":"Museu casa da Mestra Zulene Galdino - Sesc Cear\u00e1","og_description":"Rua Marechal Mascarenha de Morais, 81, Novo Horizonte &#8211; Crato\/CE Data de inaugura\u00e7\u00e3o: 09\/11\/2019 O amor pela cultura popular move a vida da Mestra Zulene Galdino. Com alma brincante, \u00e9 figura conhecida e respeitada na regi\u00e3o, seja por participar ativamente de grupos de tradi\u00e7\u00f5es ou, simplesmente, por ensinar a magia das dan\u00e7as populares para a [&hellip;]","og_url":"https:\/\/www.fecomercio-ce.com.br\/sescce\/museus-organicos\/museu-casa-da-mestra-zulene-galdino\/","og_site_name":"Sesc Cear\u00e1","article_modified_time":"2025-12-17T13:55:34+00:00","og_image":[{"width":332,"height":279,"url":"https:\/\/www.fecomercio-ce.com.br\/sescce\/wp-content\/uploads\/sites\/2\/2025\/11\/ZULENE-GALDINO.png","type":"image\/png"}],"twitter_card":"summary_large_image","twitter_misc":{"Est. tempo de leitura":"2 minutos"},"schema":{"@context":"https:\/\/schema.org","@graph":[{"@type":"WebPage","@id":"https:\/\/www.fecomercio-ce.com.br\/sescce\/museus-organicos\/museu-casa-da-mestra-zulene-galdino\/","url":"https:\/\/www.fecomercio-ce.com.br\/sescce\/museus-organicos\/museu-casa-da-mestra-zulene-galdino\/","name":"Museu casa da Mestra Zulene Galdino - Sesc Cear\u00e1","isPartOf":{"@id":"https:\/\/www.fecomercio-ce.com.br\/sescce\/#website"},"primaryImageOfPage":{"@id":"https:\/\/www.fecomercio-ce.com.br\/sescce\/museus-organicos\/museu-casa-da-mestra-zulene-galdino\/#primaryimage"},"image":{"@id":"https:\/\/www.fecomercio-ce.com.br\/sescce\/museus-organicos\/museu-casa-da-mestra-zulene-galdino\/#primaryimage"},"thumbnailUrl":"https:\/\/www.fecomercio-ce.com.br\/sescce\/wp-content\/uploads\/sites\/2\/2025\/11\/ZULENE-GALDINO.png","datePublished":"2025-11-07T18:22:12+00:00","dateModified":"2025-12-17T13:55:34+00:00","breadcrumb":{"@id":"https:\/\/www.fecomercio-ce.com.br\/sescce\/museus-organicos\/museu-casa-da-mestra-zulene-galdino\/#breadcrumb"},"inLanguage":"pt-BR","potentialAction":[{"@type":"ReadAction","target":["https:\/\/www.fecomercio-ce.com.br\/sescce\/museus-organicos\/museu-casa-da-mestra-zulene-galdino\/"]}]},{"@type":"ImageObject","inLanguage":"pt-BR","@id":"https:\/\/www.fecomercio-ce.com.br\/sescce\/museus-organicos\/museu-casa-da-mestra-zulene-galdino\/#primaryimage","url":"https:\/\/www.fecomercio-ce.com.br\/sescce\/wp-content\/uploads\/sites\/2\/2025\/11\/ZULENE-GALDINO.png","contentUrl":"https:\/\/www.fecomercio-ce.com.br\/sescce\/wp-content\/uploads\/sites\/2\/2025\/11\/ZULENE-GALDINO.png","width":332,"height":279},{"@type":"BreadcrumbList","@id":"https:\/\/www.fecomercio-ce.com.br\/sescce\/museus-organicos\/museu-casa-da-mestra-zulene-galdino\/#breadcrumb","itemListElement":[{"@type":"ListItem","position":1,"name":"In\u00edcio","item":"https:\/\/www.fecomercio-ce.com.br\/sescce\/"},{"@type":"ListItem","position":2,"name":"Museus Org\u00e2nicos","item":"https:\/\/www.fecomercio-ce.com.br\/sescce\/museus-organicos\/"},{"@type":"ListItem","position":3,"name":"Museu casa da Mestra Zulene Galdino"}]},{"@type":"WebSite","@id":"https:\/\/www.fecomercio-ce.com.br\/sescce\/#website","url":"https:\/\/www.fecomercio-ce.com.br\/sescce\/","name":"Sesc Cear\u00e1","description":"O Servi\u00e7o Social do Com\u00e9rcio (Sesc), bra\u00e7o social do Sistema Fecom\u00e9rcio-CE. Atua nas \u00e1reas de Educa\u00e7\u00e3o, Cultura, Lazer, Sa\u00fade e Assist\u00eancia.","potentialAction":[{"@type":"SearchAction","target":{"@type":"EntryPoint","urlTemplate":"https:\/\/www.fecomercio-ce.com.br\/sescce\/?s={search_term_string}"},"query-input":{"@type":"PropertyValueSpecification","valueRequired":true,"valueName":"search_term_string"}}],"inLanguage":"pt-BR"}]}},"_links":{"self":[{"href":"https:\/\/www.fecomercio-ce.com.br\/sescce\/wp-json\/wp\/v2\/pages\/2685","targetHints":{"allow":["GET"]}}],"collection":[{"href":"https:\/\/www.fecomercio-ce.com.br\/sescce\/wp-json\/wp\/v2\/pages"}],"about":[{"href":"https:\/\/www.fecomercio-ce.com.br\/sescce\/wp-json\/wp\/v2\/types\/page"}],"author":[{"embeddable":true,"href":"https:\/\/www.fecomercio-ce.com.br\/sescce\/wp-json\/wp\/v2\/users\/1"}],"replies":[{"embeddable":true,"href":"https:\/\/www.fecomercio-ce.com.br\/sescce\/wp-json\/wp\/v2\/comments?post=2685"}],"version-history":[{"count":4,"href":"https:\/\/www.fecomercio-ce.com.br\/sescce\/wp-json\/wp\/v2\/pages\/2685\/revisions"}],"predecessor-version":[{"id":3514,"href":"https:\/\/www.fecomercio-ce.com.br\/sescce\/wp-json\/wp\/v2\/pages\/2685\/revisions\/3514"}],"up":[{"embeddable":true,"href":"https:\/\/www.fecomercio-ce.com.br\/sescce\/wp-json\/wp\/v2\/pages\/1746"}],"wp:featuredmedia":[{"embeddable":true,"href":"https:\/\/www.fecomercio-ce.com.br\/sescce\/wp-json\/wp\/v2\/media\/2737"}],"wp:attachment":[{"href":"https:\/\/www.fecomercio-ce.com.br\/sescce\/wp-json\/wp\/v2\/media?parent=2685"}],"curies":[{"name":"wp","href":"https:\/\/api.w.org\/{rel}","templated":true}]}}