{"id":2687,"date":"2025-11-07T15:23:31","date_gmt":"2025-11-07T18:23:31","guid":{"rendered":"https:\/\/www.fecomercio-ce.com.br\/sescce\/?page_id=2687"},"modified":"2025-12-17T10:45:29","modified_gmt":"2025-12-17T13:45:29","slug":"museu-casa-dos-passaros-do-sertao","status":"publish","type":"page","link":"https:\/\/www.fecomercio-ce.com.br\/sescce\/museus-organicos\/museu-casa-dos-passaros-do-sertao\/","title":{"rendered":"Museu Casa dos P\u00e1ssaros do Sert\u00e3o"},"content":{"rendered":"<p>S\u00edtio Pau Preto, s\/n, Zona Rural &#8211; Potengi\/CE<\/p>\n<p>Data de inaugura\u00e7\u00e3o: 19\/12\/2019<\/p>\n<p>Localizada em Potengi, na Fazenda Belo Horizonte, mais conhecida como S\u00edtio Pau Preto, a hist\u00f3ria da Casa dos P\u00e1ssaros come\u00e7a em meados dos anos 30 e 40, quando o casal Abra\u00e3o e Ana Gon\u00e7alves, e sua filha Josefina Zizi da Concei\u00e7\u00e3o, chegam na propriedade. Zizi casa com M\u00e1rio Gon\u00e7alves de Lima e juntos passam a trabalhar com agricultura e pecu\u00e1ria, tornando-se grandes produtores da regi\u00e3o. Durante a jornada, o casal tem nove filhos e resolvem dividir a propriedade com eles. Com isso, ap\u00f3s alguns anos, surge \u201cA Casinha\u201d, propriedade do filho mais novo do casal, M\u00e1rio Filho. \u201cA Casinha\u201d se transformou em um espa\u00e7o de observa\u00e7\u00e3o e de fotografia de aves de Jefferson Bob, o primog\u00eanito de M\u00e1rio Filho. Bob torna-se bi\u00f3logo e conhecedor da avifauna. Desde crian\u00e7a, ele teve a inf\u00e2ncia conectada com o s\u00edtio dos av\u00f3s, Seu M\u00e1rio Abra\u00e3o e Dona Zizi, que moram no local at\u00e9 hoje. Atualmente, o S\u00edtio Pau Preto conta com 212 esp\u00e9cies de aves catalogadas e registradas no \u201cE-bird\u201d, pioneiro do Nordeste com \u00e1rea exclusiva para a atividade de observa\u00e7\u00e3o de aves. O projeto recebe visitas de todas as partes do mundo, oferecendo servi\u00e7o de hospedagem e ponto de apoio para a atividade.<\/p>\n<p><img loading=\"lazy\" decoding=\"async\" class=\"alignnone size-full wp-image-2739\" src=\"https:\/\/www.fecomercio-ce.com.br\/sescce\/wp-content\/uploads\/sites\/2\/2025\/11\/PASSAROS-SERTAO.png\" alt=\"\" width=\"331\" height=\"279\" srcset=\"https:\/\/www.fecomercio-ce.com.br\/sescce\/wp-content\/uploads\/sites\/2\/2025\/11\/PASSAROS-SERTAO.png 331w, https:\/\/www.fecomercio-ce.com.br\/sescce\/wp-content\/uploads\/sites\/2\/2025\/11\/PASSAROS-SERTAO-300x253.png 300w, https:\/\/www.fecomercio-ce.com.br\/sescce\/wp-content\/uploads\/sites\/2\/2025\/11\/PASSAROS-SERTAO-100x84.png 100w\" sizes=\"auto, (max-width: 331px) 100vw, 331px\" \/><\/p>\n","protected":false},"excerpt":{"rendered":"<p>S\u00edtio Pau Preto, s\/n, Zona Rural &#8211; Potengi\/CE Data de inaugura\u00e7\u00e3o: 19\/12\/2019 Localizada em Potengi, na Fazenda Belo Horizonte, mais conhecida como S\u00edtio Pau Preto, a hist\u00f3ria da Casa dos P\u00e1ssaros come\u00e7a em meados dos anos 30 e 40, quando o casal Abra\u00e3o e Ana Gon\u00e7alves, e sua filha Josefina Zizi da Concei\u00e7\u00e3o, chegam na [&hellip;]<\/p>\n","protected":false},"author":1,"featured_media":2739,"parent":1746,"menu_order":0,"comment_status":"closed","ping_status":"closed","template":"page-single-lp-secondary.php","meta":{"_acf_changed":false,"footnotes":""},"class_list":["post-2687","page","type-page","status-publish","has-post-thumbnail","hentry"],"acf":[],"yoast_head":"<!-- This site is optimized with the Yoast SEO plugin v24.3 - https:\/\/yoast.com\/wordpress\/plugins\/seo\/ -->\n<title>Museu Casa dos P\u00e1ssaros do Sert\u00e3o - Sesc Cear\u00e1<\/title>\n<meta name=\"robots\" content=\"index, follow, max-snippet:-1, max-image-preview:large, max-video-preview:-1\" \/>\n<link rel=\"canonical\" href=\"https:\/\/www.fecomercio-ce.com.br\/sescce\/museus-organicos\/museu-casa-dos-passaros-do-sertao\/\" \/>\n<meta property=\"og:locale\" content=\"pt_BR\" \/>\n<meta property=\"og:type\" content=\"article\" \/>\n<meta property=\"og:title\" content=\"Museu Casa dos P\u00e1ssaros do Sert\u00e3o - Sesc Cear\u00e1\" \/>\n<meta property=\"og:description\" content=\"S\u00edtio Pau Preto, s\/n, Zona Rural &#8211; Potengi\/CE Data de inaugura\u00e7\u00e3o: 19\/12\/2019 Localizada em Potengi, na Fazenda Belo Horizonte, mais conhecida como S\u00edtio Pau Preto, a hist\u00f3ria da Casa dos P\u00e1ssaros come\u00e7a em meados dos anos 30 e 40, quando o casal Abra\u00e3o e Ana Gon\u00e7alves, e sua filha Josefina Zizi da Concei\u00e7\u00e3o, chegam na [&hellip;]\" \/>\n<meta property=\"og:url\" content=\"https:\/\/www.fecomercio-ce.com.br\/sescce\/museus-organicos\/museu-casa-dos-passaros-do-sertao\/\" \/>\n<meta property=\"og:site_name\" content=\"Sesc Cear\u00e1\" \/>\n<meta property=\"article:modified_time\" content=\"2025-12-17T13:45:29+00:00\" \/>\n<meta property=\"og:image\" content=\"https:\/\/www.fecomercio-ce.com.br\/sescce\/wp-content\/uploads\/sites\/2\/2025\/11\/PASSAROS-SERTAO.png\" \/>\n\t<meta property=\"og:image:width\" content=\"331\" \/>\n\t<meta property=\"og:image:height\" content=\"279\" \/>\n\t<meta property=\"og:image:type\" content=\"image\/png\" \/>\n<meta name=\"twitter:card\" content=\"summary_large_image\" \/>\n<meta name=\"twitter:label1\" content=\"Est. tempo de leitura\" \/>\n\t<meta name=\"twitter:data1\" content=\"2 minutos\" \/>\n<script type=\"application\/ld+json\" class=\"yoast-schema-graph\">{\"@context\":\"https:\/\/schema.org\",\"@graph\":[{\"@type\":\"WebPage\",\"@id\":\"https:\/\/www.fecomercio-ce.com.br\/sescce\/museus-organicos\/museu-casa-dos-passaros-do-sertao\/\",\"url\":\"https:\/\/www.fecomercio-ce.com.br\/sescce\/museus-organicos\/museu-casa-dos-passaros-do-sertao\/\",\"name\":\"Museu Casa dos P\u00e1ssaros do Sert\u00e3o - Sesc Cear\u00e1\",\"isPartOf\":{\"@id\":\"https:\/\/www.fecomercio-ce.com.br\/sescce\/#website\"},\"primaryImageOfPage\":{\"@id\":\"https:\/\/www.fecomercio-ce.com.br\/sescce\/museus-organicos\/museu-casa-dos-passaros-do-sertao\/#primaryimage\"},\"image\":{\"@id\":\"https:\/\/www.fecomercio-ce.com.br\/sescce\/museus-organicos\/museu-casa-dos-passaros-do-sertao\/#primaryimage\"},\"thumbnailUrl\":\"https:\/\/www.fecomercio-ce.com.br\/sescce\/wp-content\/uploads\/sites\/2\/2025\/11\/PASSAROS-SERTAO.png\",\"datePublished\":\"2025-11-07T18:23:31+00:00\",\"dateModified\":\"2025-12-17T13:45:29+00:00\",\"breadcrumb\":{\"@id\":\"https:\/\/www.fecomercio-ce.com.br\/sescce\/museus-organicos\/museu-casa-dos-passaros-do-sertao\/#breadcrumb\"},\"inLanguage\":\"pt-BR\",\"potentialAction\":[{\"@type\":\"ReadAction\",\"target\":[\"https:\/\/www.fecomercio-ce.com.br\/sescce\/museus-organicos\/museu-casa-dos-passaros-do-sertao\/\"]}]},{\"@type\":\"ImageObject\",\"inLanguage\":\"pt-BR\",\"@id\":\"https:\/\/www.fecomercio-ce.com.br\/sescce\/museus-organicos\/museu-casa-dos-passaros-do-sertao\/#primaryimage\",\"url\":\"https:\/\/www.fecomercio-ce.com.br\/sescce\/wp-content\/uploads\/sites\/2\/2025\/11\/PASSAROS-SERTAO.png\",\"contentUrl\":\"https:\/\/www.fecomercio-ce.com.br\/sescce\/wp-content\/uploads\/sites\/2\/2025\/11\/PASSAROS-SERTAO.png\",\"width\":331,\"height\":279},{\"@type\":\"BreadcrumbList\",\"@id\":\"https:\/\/www.fecomercio-ce.com.br\/sescce\/museus-organicos\/museu-casa-dos-passaros-do-sertao\/#breadcrumb\",\"itemListElement\":[{\"@type\":\"ListItem\",\"position\":1,\"name\":\"In\u00edcio\",\"item\":\"https:\/\/www.fecomercio-ce.com.br\/sescce\/\"},{\"@type\":\"ListItem\",\"position\":2,\"name\":\"Museus Org\u00e2nicos\",\"item\":\"https:\/\/www.fecomercio-ce.com.br\/sescce\/museus-organicos\/\"},{\"@type\":\"ListItem\",\"position\":3,\"name\":\"Museu Casa dos P\u00e1ssaros do Sert\u00e3o\"}]},{\"@type\":\"WebSite\",\"@id\":\"https:\/\/www.fecomercio-ce.com.br\/sescce\/#website\",\"url\":\"https:\/\/www.fecomercio-ce.com.br\/sescce\/\",\"name\":\"Sesc Cear\u00e1\",\"description\":\"O Servi\u00e7o Social do Com\u00e9rcio (Sesc), bra\u00e7o social do Sistema Fecom\u00e9rcio-CE. Atua nas \u00e1reas de Educa\u00e7\u00e3o, Cultura, Lazer, Sa\u00fade e Assist\u00eancia.\",\"potentialAction\":[{\"@type\":\"SearchAction\",\"target\":{\"@type\":\"EntryPoint\",\"urlTemplate\":\"https:\/\/www.fecomercio-ce.com.br\/sescce\/?s={search_term_string}\"},\"query-input\":{\"@type\":\"PropertyValueSpecification\",\"valueRequired\":true,\"valueName\":\"search_term_string\"}}],\"inLanguage\":\"pt-BR\"}]}<\/script>\n<!-- \/ Yoast SEO plugin. -->","yoast_head_json":{"title":"Museu Casa dos P\u00e1ssaros do Sert\u00e3o - Sesc Cear\u00e1","robots":{"index":"index","follow":"follow","max-snippet":"max-snippet:-1","max-image-preview":"max-image-preview:large","max-video-preview":"max-video-preview:-1"},"canonical":"https:\/\/www.fecomercio-ce.com.br\/sescce\/museus-organicos\/museu-casa-dos-passaros-do-sertao\/","og_locale":"pt_BR","og_type":"article","og_title":"Museu Casa dos P\u00e1ssaros do Sert\u00e3o - Sesc Cear\u00e1","og_description":"S\u00edtio Pau Preto, s\/n, Zona Rural &#8211; Potengi\/CE Data de inaugura\u00e7\u00e3o: 19\/12\/2019 Localizada em Potengi, na Fazenda Belo Horizonte, mais conhecida como S\u00edtio Pau Preto, a hist\u00f3ria da Casa dos P\u00e1ssaros come\u00e7a em meados dos anos 30 e 40, quando o casal Abra\u00e3o e Ana Gon\u00e7alves, e sua filha Josefina Zizi da Concei\u00e7\u00e3o, chegam na [&hellip;]","og_url":"https:\/\/www.fecomercio-ce.com.br\/sescce\/museus-organicos\/museu-casa-dos-passaros-do-sertao\/","og_site_name":"Sesc Cear\u00e1","article_modified_time":"2025-12-17T13:45:29+00:00","og_image":[{"width":331,"height":279,"url":"https:\/\/www.fecomercio-ce.com.br\/sescce\/wp-content\/uploads\/sites\/2\/2025\/11\/PASSAROS-SERTAO.png","type":"image\/png"}],"twitter_card":"summary_large_image","twitter_misc":{"Est. tempo de leitura":"2 minutos"},"schema":{"@context":"https:\/\/schema.org","@graph":[{"@type":"WebPage","@id":"https:\/\/www.fecomercio-ce.com.br\/sescce\/museus-organicos\/museu-casa-dos-passaros-do-sertao\/","url":"https:\/\/www.fecomercio-ce.com.br\/sescce\/museus-organicos\/museu-casa-dos-passaros-do-sertao\/","name":"Museu Casa dos P\u00e1ssaros do Sert\u00e3o - Sesc Cear\u00e1","isPartOf":{"@id":"https:\/\/www.fecomercio-ce.com.br\/sescce\/#website"},"primaryImageOfPage":{"@id":"https:\/\/www.fecomercio-ce.com.br\/sescce\/museus-organicos\/museu-casa-dos-passaros-do-sertao\/#primaryimage"},"image":{"@id":"https:\/\/www.fecomercio-ce.com.br\/sescce\/museus-organicos\/museu-casa-dos-passaros-do-sertao\/#primaryimage"},"thumbnailUrl":"https:\/\/www.fecomercio-ce.com.br\/sescce\/wp-content\/uploads\/sites\/2\/2025\/11\/PASSAROS-SERTAO.png","datePublished":"2025-11-07T18:23:31+00:00","dateModified":"2025-12-17T13:45:29+00:00","breadcrumb":{"@id":"https:\/\/www.fecomercio-ce.com.br\/sescce\/museus-organicos\/museu-casa-dos-passaros-do-sertao\/#breadcrumb"},"inLanguage":"pt-BR","potentialAction":[{"@type":"ReadAction","target":["https:\/\/www.fecomercio-ce.com.br\/sescce\/museus-organicos\/museu-casa-dos-passaros-do-sertao\/"]}]},{"@type":"ImageObject","inLanguage":"pt-BR","@id":"https:\/\/www.fecomercio-ce.com.br\/sescce\/museus-organicos\/museu-casa-dos-passaros-do-sertao\/#primaryimage","url":"https:\/\/www.fecomercio-ce.com.br\/sescce\/wp-content\/uploads\/sites\/2\/2025\/11\/PASSAROS-SERTAO.png","contentUrl":"https:\/\/www.fecomercio-ce.com.br\/sescce\/wp-content\/uploads\/sites\/2\/2025\/11\/PASSAROS-SERTAO.png","width":331,"height":279},{"@type":"BreadcrumbList","@id":"https:\/\/www.fecomercio-ce.com.br\/sescce\/museus-organicos\/museu-casa-dos-passaros-do-sertao\/#breadcrumb","itemListElement":[{"@type":"ListItem","position":1,"name":"In\u00edcio","item":"https:\/\/www.fecomercio-ce.com.br\/sescce\/"},{"@type":"ListItem","position":2,"name":"Museus Org\u00e2nicos","item":"https:\/\/www.fecomercio-ce.com.br\/sescce\/museus-organicos\/"},{"@type":"ListItem","position":3,"name":"Museu Casa dos P\u00e1ssaros do Sert\u00e3o"}]},{"@type":"WebSite","@id":"https:\/\/www.fecomercio-ce.com.br\/sescce\/#website","url":"https:\/\/www.fecomercio-ce.com.br\/sescce\/","name":"Sesc Cear\u00e1","description":"O Servi\u00e7o Social do Com\u00e9rcio (Sesc), bra\u00e7o social do Sistema Fecom\u00e9rcio-CE. Atua nas \u00e1reas de Educa\u00e7\u00e3o, Cultura, Lazer, Sa\u00fade e Assist\u00eancia.","potentialAction":[{"@type":"SearchAction","target":{"@type":"EntryPoint","urlTemplate":"https:\/\/www.fecomercio-ce.com.br\/sescce\/?s={search_term_string}"},"query-input":{"@type":"PropertyValueSpecification","valueRequired":true,"valueName":"search_term_string"}}],"inLanguage":"pt-BR"}]}},"_links":{"self":[{"href":"https:\/\/www.fecomercio-ce.com.br\/sescce\/wp-json\/wp\/v2\/pages\/2687","targetHints":{"allow":["GET"]}}],"collection":[{"href":"https:\/\/www.fecomercio-ce.com.br\/sescce\/wp-json\/wp\/v2\/pages"}],"about":[{"href":"https:\/\/www.fecomercio-ce.com.br\/sescce\/wp-json\/wp\/v2\/types\/page"}],"author":[{"embeddable":true,"href":"https:\/\/www.fecomercio-ce.com.br\/sescce\/wp-json\/wp\/v2\/users\/1"}],"replies":[{"embeddable":true,"href":"https:\/\/www.fecomercio-ce.com.br\/sescce\/wp-json\/wp\/v2\/comments?post=2687"}],"version-history":[{"count":5,"href":"https:\/\/www.fecomercio-ce.com.br\/sescce\/wp-json\/wp\/v2\/pages\/2687\/revisions"}],"predecessor-version":[{"id":3507,"href":"https:\/\/www.fecomercio-ce.com.br\/sescce\/wp-json\/wp\/v2\/pages\/2687\/revisions\/3507"}],"up":[{"embeddable":true,"href":"https:\/\/www.fecomercio-ce.com.br\/sescce\/wp-json\/wp\/v2\/pages\/1746"}],"wp:featuredmedia":[{"embeddable":true,"href":"https:\/\/www.fecomercio-ce.com.br\/sescce\/wp-json\/wp\/v2\/media\/2739"}],"wp:attachment":[{"href":"https:\/\/www.fecomercio-ce.com.br\/sescce\/wp-json\/wp\/v2\/media?parent=2687"}],"curies":[{"name":"wp","href":"https:\/\/api.w.org\/{rel}","templated":true}]}}