{"id":2689,"date":"2025-11-07T15:24:59","date_gmt":"2025-11-07T18:24:59","guid":{"rendered":"https:\/\/www.fecomercio-ce.com.br\/sescce\/?page_id=2689"},"modified":"2025-12-17T11:08:36","modified_gmt":"2025-12-17T14:08:36","slug":"museu-da-fotografia-casa-de-telma-saraiva","status":"publish","type":"page","link":"https:\/\/www.fecomercio-ce.com.br\/sescce\/museus-organicos\/museu-da-fotografia-casa-de-telma-saraiva\/","title":{"rendered":"Museu da Fotografia Casa de Telma Saraiva"},"content":{"rendered":"<p>Rua Trist\u00e3o Gon\u00e7alves, 519, Centro &#8211; Crato\/CE<\/p>\n<p>Data de inaugura\u00e7\u00e3o: 13\/11\/2021<\/p>\n<p>O Museu Org\u00e2nico Casa de Telma Saraiva salvaguarda a hist\u00f3ria da fotografia no Cariri. Trata-se de uma homenagem que preserva e eterniza a import\u00e2ncia da artista, fotopintora e fot\u00f3grafa Telma Saraiva, precursora na arte da fotografia pintada \u00e0 m\u00e3o desde a d\u00e9cada de 40, na cidade do Crato. Este \u00e9 o primeiro Museu que faz uma homenagem p\u00f3stuma a uma personalidade do Cear\u00e1. Dos anos 1950 at\u00e9 come\u00e7o dos anos 2000, Telma Saraiva fotografou artistas, toda uma sociedade, pol\u00edticos, clero, estudantes em conclus\u00e3o de cursos, misses e ela mesma. Os retratos, sua vida, seu comportamento diante do pioneirismo da mulher trabalhando com fotografia \u00e9 caso de pesquisas, teses e trabalhos cient\u00edficos, filmes e exposi\u00e7\u00f5es. Ao longo dos anos, a fam\u00edlia de Telma Saraiva j\u00e1 havia iniciado uma curadoria entre as obras, instrumentos de trabalho e pertences pessoais da artista para montar um acervo que conta uma hist\u00f3ria de mais de 100 anos de fotografia no Cariri. Em 2006, Telma aparece na Pinacoteca de S\u00e3o Paulo. No ano seguinte, foi reconhecida pelo Instituto Cultural do Cariri como imortal, recebendo a Cadeira de n\u00famero 14, da qual seu pai \u00e9 patrono. Em 2008, na galeria Esta\u00e7\u00e3o, tamb\u00e9m em S\u00e3o Paulo, ela \u00e9 vista nos seus \u00faltimos retratos inspirados nas fotos de Marilyn Monroe. Em 2015, aos 86 anos, ela faleceu, sabendo que suas fotografias foram al\u00e9m do que seu rico bom humor e sua criatividade pudessem ver e sonhar.<\/p>\n<p><img loading=\"lazy\" decoding=\"async\" class=\"alignnone size-full wp-image-2741\" src=\"https:\/\/www.fecomercio-ce.com.br\/sescce\/wp-content\/uploads\/sites\/2\/2025\/11\/TELMA-SARAIVA.png\" alt=\"\" width=\"365\" height=\"242\" srcset=\"https:\/\/www.fecomercio-ce.com.br\/sescce\/wp-content\/uploads\/sites\/2\/2025\/11\/TELMA-SARAIVA.png 365w, https:\/\/www.fecomercio-ce.com.br\/sescce\/wp-content\/uploads\/sites\/2\/2025\/11\/TELMA-SARAIVA-300x199.png 300w, https:\/\/www.fecomercio-ce.com.br\/sescce\/wp-content\/uploads\/sites\/2\/2025\/11\/TELMA-SARAIVA-100x66.png 100w\" sizes=\"auto, (max-width: 365px) 100vw, 365px\" \/><\/p>\n","protected":false},"excerpt":{"rendered":"<p>Rua Trist\u00e3o Gon\u00e7alves, 519, Centro &#8211; Crato\/CE Data de inaugura\u00e7\u00e3o: 13\/11\/2021 O Museu Org\u00e2nico Casa de Telma Saraiva salvaguarda a hist\u00f3ria da fotografia no Cariri. Trata-se de uma homenagem que preserva e eterniza a import\u00e2ncia da artista, fotopintora e fot\u00f3grafa Telma Saraiva, precursora na arte da fotografia pintada \u00e0 m\u00e3o desde a d\u00e9cada de 40, [&hellip;]<\/p>\n","protected":false},"author":1,"featured_media":2741,"parent":1746,"menu_order":0,"comment_status":"closed","ping_status":"closed","template":"page-single-lp-secondary.php","meta":{"_acf_changed":false,"footnotes":""},"class_list":["post-2689","page","type-page","status-publish","has-post-thumbnail","hentry"],"acf":[],"yoast_head":"<!-- This site is optimized with the Yoast SEO plugin v24.3 - https:\/\/yoast.com\/wordpress\/plugins\/seo\/ -->\n<title>Museu da Fotografia Casa de Telma Saraiva - Sesc Cear\u00e1<\/title>\n<meta name=\"robots\" content=\"index, follow, max-snippet:-1, max-image-preview:large, max-video-preview:-1\" \/>\n<link rel=\"canonical\" href=\"https:\/\/www.fecomercio-ce.com.br\/sescce\/museus-organicos\/museu-da-fotografia-casa-de-telma-saraiva\/\" \/>\n<meta property=\"og:locale\" content=\"pt_BR\" \/>\n<meta property=\"og:type\" content=\"article\" \/>\n<meta property=\"og:title\" content=\"Museu da Fotografia Casa de Telma Saraiva - Sesc Cear\u00e1\" \/>\n<meta property=\"og:description\" content=\"Rua Trist\u00e3o Gon\u00e7alves, 519, Centro &#8211; Crato\/CE Data de inaugura\u00e7\u00e3o: 13\/11\/2021 O Museu Org\u00e2nico Casa de Telma Saraiva salvaguarda a hist\u00f3ria da fotografia no Cariri. Trata-se de uma homenagem que preserva e eterniza a import\u00e2ncia da artista, fotopintora e fot\u00f3grafa Telma Saraiva, precursora na arte da fotografia pintada \u00e0 m\u00e3o desde a d\u00e9cada de 40, [&hellip;]\" \/>\n<meta property=\"og:url\" content=\"https:\/\/www.fecomercio-ce.com.br\/sescce\/museus-organicos\/museu-da-fotografia-casa-de-telma-saraiva\/\" \/>\n<meta property=\"og:site_name\" content=\"Sesc Cear\u00e1\" \/>\n<meta property=\"article:modified_time\" content=\"2025-12-17T14:08:36+00:00\" \/>\n<meta property=\"og:image\" content=\"https:\/\/www.fecomercio-ce.com.br\/sescce\/wp-content\/uploads\/sites\/2\/2025\/11\/TELMA-SARAIVA.png\" \/>\n\t<meta property=\"og:image:width\" content=\"365\" \/>\n\t<meta property=\"og:image:height\" content=\"242\" \/>\n\t<meta property=\"og:image:type\" content=\"image\/png\" \/>\n<meta name=\"twitter:card\" content=\"summary_large_image\" \/>\n<meta name=\"twitter:label1\" content=\"Est. tempo de leitura\" \/>\n\t<meta name=\"twitter:data1\" content=\"2 minutos\" \/>\n<script type=\"application\/ld+json\" class=\"yoast-schema-graph\">{\"@context\":\"https:\/\/schema.org\",\"@graph\":[{\"@type\":\"WebPage\",\"@id\":\"https:\/\/www.fecomercio-ce.com.br\/sescce\/museus-organicos\/museu-da-fotografia-casa-de-telma-saraiva\/\",\"url\":\"https:\/\/www.fecomercio-ce.com.br\/sescce\/museus-organicos\/museu-da-fotografia-casa-de-telma-saraiva\/\",\"name\":\"Museu da Fotografia Casa de Telma Saraiva - Sesc Cear\u00e1\",\"isPartOf\":{\"@id\":\"https:\/\/www.fecomercio-ce.com.br\/sescce\/#website\"},\"primaryImageOfPage\":{\"@id\":\"https:\/\/www.fecomercio-ce.com.br\/sescce\/museus-organicos\/museu-da-fotografia-casa-de-telma-saraiva\/#primaryimage\"},\"image\":{\"@id\":\"https:\/\/www.fecomercio-ce.com.br\/sescce\/museus-organicos\/museu-da-fotografia-casa-de-telma-saraiva\/#primaryimage\"},\"thumbnailUrl\":\"https:\/\/www.fecomercio-ce.com.br\/sescce\/wp-content\/uploads\/sites\/2\/2025\/11\/TELMA-SARAIVA.png\",\"datePublished\":\"2025-11-07T18:24:59+00:00\",\"dateModified\":\"2025-12-17T14:08:36+00:00\",\"breadcrumb\":{\"@id\":\"https:\/\/www.fecomercio-ce.com.br\/sescce\/museus-organicos\/museu-da-fotografia-casa-de-telma-saraiva\/#breadcrumb\"},\"inLanguage\":\"pt-BR\",\"potentialAction\":[{\"@type\":\"ReadAction\",\"target\":[\"https:\/\/www.fecomercio-ce.com.br\/sescce\/museus-organicos\/museu-da-fotografia-casa-de-telma-saraiva\/\"]}]},{\"@type\":\"ImageObject\",\"inLanguage\":\"pt-BR\",\"@id\":\"https:\/\/www.fecomercio-ce.com.br\/sescce\/museus-organicos\/museu-da-fotografia-casa-de-telma-saraiva\/#primaryimage\",\"url\":\"https:\/\/www.fecomercio-ce.com.br\/sescce\/wp-content\/uploads\/sites\/2\/2025\/11\/TELMA-SARAIVA.png\",\"contentUrl\":\"https:\/\/www.fecomercio-ce.com.br\/sescce\/wp-content\/uploads\/sites\/2\/2025\/11\/TELMA-SARAIVA.png\",\"width\":365,\"height\":242},{\"@type\":\"BreadcrumbList\",\"@id\":\"https:\/\/www.fecomercio-ce.com.br\/sescce\/museus-organicos\/museu-da-fotografia-casa-de-telma-saraiva\/#breadcrumb\",\"itemListElement\":[{\"@type\":\"ListItem\",\"position\":1,\"name\":\"In\u00edcio\",\"item\":\"https:\/\/www.fecomercio-ce.com.br\/sescce\/\"},{\"@type\":\"ListItem\",\"position\":2,\"name\":\"Museus Org\u00e2nicos\",\"item\":\"https:\/\/www.fecomercio-ce.com.br\/sescce\/museus-organicos\/\"},{\"@type\":\"ListItem\",\"position\":3,\"name\":\"Museu da Fotografia Casa de Telma Saraiva\"}]},{\"@type\":\"WebSite\",\"@id\":\"https:\/\/www.fecomercio-ce.com.br\/sescce\/#website\",\"url\":\"https:\/\/www.fecomercio-ce.com.br\/sescce\/\",\"name\":\"Sesc Cear\u00e1\",\"description\":\"O Servi\u00e7o Social do Com\u00e9rcio (Sesc), bra\u00e7o social do Sistema Fecom\u00e9rcio-CE. Atua nas \u00e1reas de Educa\u00e7\u00e3o, Cultura, Lazer, Sa\u00fade e Assist\u00eancia.\",\"potentialAction\":[{\"@type\":\"SearchAction\",\"target\":{\"@type\":\"EntryPoint\",\"urlTemplate\":\"https:\/\/www.fecomercio-ce.com.br\/sescce\/?s={search_term_string}\"},\"query-input\":{\"@type\":\"PropertyValueSpecification\",\"valueRequired\":true,\"valueName\":\"search_term_string\"}}],\"inLanguage\":\"pt-BR\"}]}<\/script>\n<!-- \/ Yoast SEO plugin. -->","yoast_head_json":{"title":"Museu da Fotografia Casa de Telma Saraiva - Sesc Cear\u00e1","robots":{"index":"index","follow":"follow","max-snippet":"max-snippet:-1","max-image-preview":"max-image-preview:large","max-video-preview":"max-video-preview:-1"},"canonical":"https:\/\/www.fecomercio-ce.com.br\/sescce\/museus-organicos\/museu-da-fotografia-casa-de-telma-saraiva\/","og_locale":"pt_BR","og_type":"article","og_title":"Museu da Fotografia Casa de Telma Saraiva - Sesc Cear\u00e1","og_description":"Rua Trist\u00e3o Gon\u00e7alves, 519, Centro &#8211; Crato\/CE Data de inaugura\u00e7\u00e3o: 13\/11\/2021 O Museu Org\u00e2nico Casa de Telma Saraiva salvaguarda a hist\u00f3ria da fotografia no Cariri. Trata-se de uma homenagem que preserva e eterniza a import\u00e2ncia da artista, fotopintora e fot\u00f3grafa Telma Saraiva, precursora na arte da fotografia pintada \u00e0 m\u00e3o desde a d\u00e9cada de 40, [&hellip;]","og_url":"https:\/\/www.fecomercio-ce.com.br\/sescce\/museus-organicos\/museu-da-fotografia-casa-de-telma-saraiva\/","og_site_name":"Sesc Cear\u00e1","article_modified_time":"2025-12-17T14:08:36+00:00","og_image":[{"width":365,"height":242,"url":"https:\/\/www.fecomercio-ce.com.br\/sescce\/wp-content\/uploads\/sites\/2\/2025\/11\/TELMA-SARAIVA.png","type":"image\/png"}],"twitter_card":"summary_large_image","twitter_misc":{"Est. tempo de leitura":"2 minutos"},"schema":{"@context":"https:\/\/schema.org","@graph":[{"@type":"WebPage","@id":"https:\/\/www.fecomercio-ce.com.br\/sescce\/museus-organicos\/museu-da-fotografia-casa-de-telma-saraiva\/","url":"https:\/\/www.fecomercio-ce.com.br\/sescce\/museus-organicos\/museu-da-fotografia-casa-de-telma-saraiva\/","name":"Museu da Fotografia Casa de Telma Saraiva - Sesc Cear\u00e1","isPartOf":{"@id":"https:\/\/www.fecomercio-ce.com.br\/sescce\/#website"},"primaryImageOfPage":{"@id":"https:\/\/www.fecomercio-ce.com.br\/sescce\/museus-organicos\/museu-da-fotografia-casa-de-telma-saraiva\/#primaryimage"},"image":{"@id":"https:\/\/www.fecomercio-ce.com.br\/sescce\/museus-organicos\/museu-da-fotografia-casa-de-telma-saraiva\/#primaryimage"},"thumbnailUrl":"https:\/\/www.fecomercio-ce.com.br\/sescce\/wp-content\/uploads\/sites\/2\/2025\/11\/TELMA-SARAIVA.png","datePublished":"2025-11-07T18:24:59+00:00","dateModified":"2025-12-17T14:08:36+00:00","breadcrumb":{"@id":"https:\/\/www.fecomercio-ce.com.br\/sescce\/museus-organicos\/museu-da-fotografia-casa-de-telma-saraiva\/#breadcrumb"},"inLanguage":"pt-BR","potentialAction":[{"@type":"ReadAction","target":["https:\/\/www.fecomercio-ce.com.br\/sescce\/museus-organicos\/museu-da-fotografia-casa-de-telma-saraiva\/"]}]},{"@type":"ImageObject","inLanguage":"pt-BR","@id":"https:\/\/www.fecomercio-ce.com.br\/sescce\/museus-organicos\/museu-da-fotografia-casa-de-telma-saraiva\/#primaryimage","url":"https:\/\/www.fecomercio-ce.com.br\/sescce\/wp-content\/uploads\/sites\/2\/2025\/11\/TELMA-SARAIVA.png","contentUrl":"https:\/\/www.fecomercio-ce.com.br\/sescce\/wp-content\/uploads\/sites\/2\/2025\/11\/TELMA-SARAIVA.png","width":365,"height":242},{"@type":"BreadcrumbList","@id":"https:\/\/www.fecomercio-ce.com.br\/sescce\/museus-organicos\/museu-da-fotografia-casa-de-telma-saraiva\/#breadcrumb","itemListElement":[{"@type":"ListItem","position":1,"name":"In\u00edcio","item":"https:\/\/www.fecomercio-ce.com.br\/sescce\/"},{"@type":"ListItem","position":2,"name":"Museus Org\u00e2nicos","item":"https:\/\/www.fecomercio-ce.com.br\/sescce\/museus-organicos\/"},{"@type":"ListItem","position":3,"name":"Museu da Fotografia Casa de Telma Saraiva"}]},{"@type":"WebSite","@id":"https:\/\/www.fecomercio-ce.com.br\/sescce\/#website","url":"https:\/\/www.fecomercio-ce.com.br\/sescce\/","name":"Sesc Cear\u00e1","description":"O Servi\u00e7o Social do Com\u00e9rcio (Sesc), bra\u00e7o social do Sistema Fecom\u00e9rcio-CE. Atua nas \u00e1reas de Educa\u00e7\u00e3o, Cultura, Lazer, Sa\u00fade e Assist\u00eancia.","potentialAction":[{"@type":"SearchAction","target":{"@type":"EntryPoint","urlTemplate":"https:\/\/www.fecomercio-ce.com.br\/sescce\/?s={search_term_string}"},"query-input":{"@type":"PropertyValueSpecification","valueRequired":true,"valueName":"search_term_string"}}],"inLanguage":"pt-BR"}]}},"_links":{"self":[{"href":"https:\/\/www.fecomercio-ce.com.br\/sescce\/wp-json\/wp\/v2\/pages\/2689","targetHints":{"allow":["GET"]}}],"collection":[{"href":"https:\/\/www.fecomercio-ce.com.br\/sescce\/wp-json\/wp\/v2\/pages"}],"about":[{"href":"https:\/\/www.fecomercio-ce.com.br\/sescce\/wp-json\/wp\/v2\/types\/page"}],"author":[{"embeddable":true,"href":"https:\/\/www.fecomercio-ce.com.br\/sescce\/wp-json\/wp\/v2\/users\/1"}],"replies":[{"embeddable":true,"href":"https:\/\/www.fecomercio-ce.com.br\/sescce\/wp-json\/wp\/v2\/comments?post=2689"}],"version-history":[{"count":4,"href":"https:\/\/www.fecomercio-ce.com.br\/sescce\/wp-json\/wp\/v2\/pages\/2689\/revisions"}],"predecessor-version":[{"id":3524,"href":"https:\/\/www.fecomercio-ce.com.br\/sescce\/wp-json\/wp\/v2\/pages\/2689\/revisions\/3524"}],"up":[{"embeddable":true,"href":"https:\/\/www.fecomercio-ce.com.br\/sescce\/wp-json\/wp\/v2\/pages\/1746"}],"wp:featuredmedia":[{"embeddable":true,"href":"https:\/\/www.fecomercio-ce.com.br\/sescce\/wp-json\/wp\/v2\/media\/2741"}],"wp:attachment":[{"href":"https:\/\/www.fecomercio-ce.com.br\/sescce\/wp-json\/wp\/v2\/media?parent=2689"}],"curies":[{"name":"wp","href":"https:\/\/api.w.org\/{rel}","templated":true}]}}