{"id":2693,"date":"2025-11-07T15:27:46","date_gmt":"2025-11-07T18:27:46","guid":{"rendered":"https:\/\/www.fecomercio-ce.com.br\/sescce\/?page_id=2693"},"modified":"2025-12-17T10:32:54","modified_gmt":"2025-12-17T13:32:54","slug":"museu-oficina-de-corrinha-mao-na-massa","status":"publish","type":"page","link":"https:\/\/www.fecomercio-ce.com.br\/sescce\/museus-organicos\/museu-oficina-de-corrinha-mao-na-massa\/","title":{"rendered":"Museu Oficina de Corrinha M\u00e3o na Massa"},"content":{"rendered":"<p>S\u00edtio Baixa do Quaresma, CE 293, 350, Jos\u00e9 Pimenta &#8211; Miss\u00e3o Velha\/CE<\/p>\n<p>Data de inaugura\u00e7\u00e3o: 27\/08\/2022<\/p>\n<p>Est\u00e1tuas de barro, potes de parede, biojoias e pe\u00e7as decorativas comp\u00f5em a arte da ceramista Maria do Socorro Nascimento, a Corrinha M\u00e3o na Massa, conhecida na cidade de Miss\u00e3o Velha por sua inventividade e habilidade com as m\u00e3os que a tornaram uma empreendedora de sucesso na regi\u00e3o. Aos 13 anos, Corrinha se encantou pela arte que vem do barro pelas m\u00e3os de sua primeira mestra, Dona Sebastiana Amaro. Desde ent\u00e3o, foi desenvolvendo a personalidade de novas pe\u00e7as e moldando originalidade e beleza \u00e0 sua produ\u00e7\u00e3o para dar forma a milhares de potes, quartinhas, caba\u00e7as, jarros e panelas antes de assumir seu pr\u00f3prio empreendimento, batizado depois de M\u00e3o na Massa Artesanato. O Museu Oficina de Corrinha M\u00e3o na Massa oferece visibilidade e reconhecimento para a ceramista, cujo trabalho foi moldado na tradi\u00e7\u00e3o do barro, presente na regi\u00e3o desde o per\u00edodo pr\u00e9-colonial.<\/p>\n<p><img loading=\"lazy\" decoding=\"async\" class=\"alignnone size-full wp-image-2745\" src=\"https:\/\/www.fecomercio-ce.com.br\/sescce\/wp-content\/uploads\/sites\/2\/2025\/11\/CORRINHA-MAO-NA-MASSA.png\" alt=\"\" width=\"365\" height=\"245\" srcset=\"https:\/\/www.fecomercio-ce.com.br\/sescce\/wp-content\/uploads\/sites\/2\/2025\/11\/CORRINHA-MAO-NA-MASSA.png 365w, https:\/\/www.fecomercio-ce.com.br\/sescce\/wp-content\/uploads\/sites\/2\/2025\/11\/CORRINHA-MAO-NA-MASSA-300x201.png 300w, https:\/\/www.fecomercio-ce.com.br\/sescce\/wp-content\/uploads\/sites\/2\/2025\/11\/CORRINHA-MAO-NA-MASSA-100x67.png 100w\" sizes=\"auto, (max-width: 365px) 100vw, 365px\" \/><\/p>\n","protected":false},"excerpt":{"rendered":"<p>S\u00edtio Baixa do Quaresma, CE 293, 350, Jos\u00e9 Pimenta &#8211; Miss\u00e3o Velha\/CE Data de inaugura\u00e7\u00e3o: 27\/08\/2022 Est\u00e1tuas de barro, potes de parede, biojoias e pe\u00e7as decorativas comp\u00f5em a arte da ceramista Maria do Socorro Nascimento, a Corrinha M\u00e3o na Massa, conhecida na cidade de Miss\u00e3o Velha por sua inventividade e habilidade com as m\u00e3os que [&hellip;]<\/p>\n","protected":false},"author":1,"featured_media":2745,"parent":1746,"menu_order":0,"comment_status":"closed","ping_status":"closed","template":"page-single-lp-secondary.php","meta":{"_acf_changed":false,"footnotes":""},"class_list":["post-2693","page","type-page","status-publish","has-post-thumbnail","hentry"],"acf":[],"yoast_head":"<!-- This site is optimized with the Yoast SEO plugin v24.3 - https:\/\/yoast.com\/wordpress\/plugins\/seo\/ -->\n<title>Museu Oficina de Corrinha M\u00e3o na Massa - Sesc Cear\u00e1<\/title>\n<meta name=\"robots\" content=\"index, follow, max-snippet:-1, max-image-preview:large, max-video-preview:-1\" \/>\n<link rel=\"canonical\" href=\"https:\/\/www.fecomercio-ce.com.br\/sescce\/museus-organicos\/museu-oficina-de-corrinha-mao-na-massa\/\" \/>\n<meta property=\"og:locale\" content=\"pt_BR\" \/>\n<meta property=\"og:type\" content=\"article\" \/>\n<meta property=\"og:title\" content=\"Museu Oficina de Corrinha M\u00e3o na Massa - Sesc Cear\u00e1\" \/>\n<meta property=\"og:description\" content=\"S\u00edtio Baixa do Quaresma, CE 293, 350, Jos\u00e9 Pimenta &#8211; Miss\u00e3o Velha\/CE Data de inaugura\u00e7\u00e3o: 27\/08\/2022 Est\u00e1tuas de barro, potes de parede, biojoias e pe\u00e7as decorativas comp\u00f5em a arte da ceramista Maria do Socorro Nascimento, a Corrinha M\u00e3o na Massa, conhecida na cidade de Miss\u00e3o Velha por sua inventividade e habilidade com as m\u00e3os que [&hellip;]\" \/>\n<meta property=\"og:url\" content=\"https:\/\/www.fecomercio-ce.com.br\/sescce\/museus-organicos\/museu-oficina-de-corrinha-mao-na-massa\/\" \/>\n<meta property=\"og:site_name\" content=\"Sesc Cear\u00e1\" \/>\n<meta property=\"article:modified_time\" content=\"2025-12-17T13:32:54+00:00\" \/>\n<meta property=\"og:image\" content=\"https:\/\/www.fecomercio-ce.com.br\/sescce\/wp-content\/uploads\/sites\/2\/2025\/11\/CORRINHA-MAO-NA-MASSA.png\" \/>\n\t<meta property=\"og:image:width\" content=\"365\" \/>\n\t<meta property=\"og:image:height\" content=\"245\" \/>\n\t<meta property=\"og:image:type\" content=\"image\/png\" \/>\n<meta name=\"twitter:card\" content=\"summary_large_image\" \/>\n<meta name=\"twitter:label1\" content=\"Est. tempo de leitura\" \/>\n\t<meta name=\"twitter:data1\" content=\"2 minutos\" \/>\n<script type=\"application\/ld+json\" class=\"yoast-schema-graph\">{\"@context\":\"https:\/\/schema.org\",\"@graph\":[{\"@type\":\"WebPage\",\"@id\":\"https:\/\/www.fecomercio-ce.com.br\/sescce\/museus-organicos\/museu-oficina-de-corrinha-mao-na-massa\/\",\"url\":\"https:\/\/www.fecomercio-ce.com.br\/sescce\/museus-organicos\/museu-oficina-de-corrinha-mao-na-massa\/\",\"name\":\"Museu Oficina de Corrinha M\u00e3o na Massa - Sesc Cear\u00e1\",\"isPartOf\":{\"@id\":\"https:\/\/www.fecomercio-ce.com.br\/sescce\/#website\"},\"primaryImageOfPage\":{\"@id\":\"https:\/\/www.fecomercio-ce.com.br\/sescce\/museus-organicos\/museu-oficina-de-corrinha-mao-na-massa\/#primaryimage\"},\"image\":{\"@id\":\"https:\/\/www.fecomercio-ce.com.br\/sescce\/museus-organicos\/museu-oficina-de-corrinha-mao-na-massa\/#primaryimage\"},\"thumbnailUrl\":\"https:\/\/www.fecomercio-ce.com.br\/sescce\/wp-content\/uploads\/sites\/2\/2025\/11\/CORRINHA-MAO-NA-MASSA.png\",\"datePublished\":\"2025-11-07T18:27:46+00:00\",\"dateModified\":\"2025-12-17T13:32:54+00:00\",\"breadcrumb\":{\"@id\":\"https:\/\/www.fecomercio-ce.com.br\/sescce\/museus-organicos\/museu-oficina-de-corrinha-mao-na-massa\/#breadcrumb\"},\"inLanguage\":\"pt-BR\",\"potentialAction\":[{\"@type\":\"ReadAction\",\"target\":[\"https:\/\/www.fecomercio-ce.com.br\/sescce\/museus-organicos\/museu-oficina-de-corrinha-mao-na-massa\/\"]}]},{\"@type\":\"ImageObject\",\"inLanguage\":\"pt-BR\",\"@id\":\"https:\/\/www.fecomercio-ce.com.br\/sescce\/museus-organicos\/museu-oficina-de-corrinha-mao-na-massa\/#primaryimage\",\"url\":\"https:\/\/www.fecomercio-ce.com.br\/sescce\/wp-content\/uploads\/sites\/2\/2025\/11\/CORRINHA-MAO-NA-MASSA.png\",\"contentUrl\":\"https:\/\/www.fecomercio-ce.com.br\/sescce\/wp-content\/uploads\/sites\/2\/2025\/11\/CORRINHA-MAO-NA-MASSA.png\",\"width\":365,\"height\":245},{\"@type\":\"BreadcrumbList\",\"@id\":\"https:\/\/www.fecomercio-ce.com.br\/sescce\/museus-organicos\/museu-oficina-de-corrinha-mao-na-massa\/#breadcrumb\",\"itemListElement\":[{\"@type\":\"ListItem\",\"position\":1,\"name\":\"In\u00edcio\",\"item\":\"https:\/\/www.fecomercio-ce.com.br\/sescce\/\"},{\"@type\":\"ListItem\",\"position\":2,\"name\":\"Museus Org\u00e2nicos\",\"item\":\"https:\/\/www.fecomercio-ce.com.br\/sescce\/museus-organicos\/\"},{\"@type\":\"ListItem\",\"position\":3,\"name\":\"Museu Oficina de Corrinha M\u00e3o na Massa\"}]},{\"@type\":\"WebSite\",\"@id\":\"https:\/\/www.fecomercio-ce.com.br\/sescce\/#website\",\"url\":\"https:\/\/www.fecomercio-ce.com.br\/sescce\/\",\"name\":\"Sesc Cear\u00e1\",\"description\":\"O Servi\u00e7o Social do Com\u00e9rcio (Sesc), bra\u00e7o social do Sistema Fecom\u00e9rcio-CE. Atua nas \u00e1reas de Educa\u00e7\u00e3o, Cultura, Lazer, Sa\u00fade e Assist\u00eancia.\",\"potentialAction\":[{\"@type\":\"SearchAction\",\"target\":{\"@type\":\"EntryPoint\",\"urlTemplate\":\"https:\/\/www.fecomercio-ce.com.br\/sescce\/?s={search_term_string}\"},\"query-input\":{\"@type\":\"PropertyValueSpecification\",\"valueRequired\":true,\"valueName\":\"search_term_string\"}}],\"inLanguage\":\"pt-BR\"}]}<\/script>\n<!-- \/ Yoast SEO plugin. -->","yoast_head_json":{"title":"Museu Oficina de Corrinha M\u00e3o na Massa - Sesc Cear\u00e1","robots":{"index":"index","follow":"follow","max-snippet":"max-snippet:-1","max-image-preview":"max-image-preview:large","max-video-preview":"max-video-preview:-1"},"canonical":"https:\/\/www.fecomercio-ce.com.br\/sescce\/museus-organicos\/museu-oficina-de-corrinha-mao-na-massa\/","og_locale":"pt_BR","og_type":"article","og_title":"Museu Oficina de Corrinha M\u00e3o na Massa - Sesc Cear\u00e1","og_description":"S\u00edtio Baixa do Quaresma, CE 293, 350, Jos\u00e9 Pimenta &#8211; Miss\u00e3o Velha\/CE Data de inaugura\u00e7\u00e3o: 27\/08\/2022 Est\u00e1tuas de barro, potes de parede, biojoias e pe\u00e7as decorativas comp\u00f5em a arte da ceramista Maria do Socorro Nascimento, a Corrinha M\u00e3o na Massa, conhecida na cidade de Miss\u00e3o Velha por sua inventividade e habilidade com as m\u00e3os que [&hellip;]","og_url":"https:\/\/www.fecomercio-ce.com.br\/sescce\/museus-organicos\/museu-oficina-de-corrinha-mao-na-massa\/","og_site_name":"Sesc Cear\u00e1","article_modified_time":"2025-12-17T13:32:54+00:00","og_image":[{"width":365,"height":245,"url":"https:\/\/www.fecomercio-ce.com.br\/sescce\/wp-content\/uploads\/sites\/2\/2025\/11\/CORRINHA-MAO-NA-MASSA.png","type":"image\/png"}],"twitter_card":"summary_large_image","twitter_misc":{"Est. tempo de leitura":"2 minutos"},"schema":{"@context":"https:\/\/schema.org","@graph":[{"@type":"WebPage","@id":"https:\/\/www.fecomercio-ce.com.br\/sescce\/museus-organicos\/museu-oficina-de-corrinha-mao-na-massa\/","url":"https:\/\/www.fecomercio-ce.com.br\/sescce\/museus-organicos\/museu-oficina-de-corrinha-mao-na-massa\/","name":"Museu Oficina de Corrinha M\u00e3o na Massa - Sesc Cear\u00e1","isPartOf":{"@id":"https:\/\/www.fecomercio-ce.com.br\/sescce\/#website"},"primaryImageOfPage":{"@id":"https:\/\/www.fecomercio-ce.com.br\/sescce\/museus-organicos\/museu-oficina-de-corrinha-mao-na-massa\/#primaryimage"},"image":{"@id":"https:\/\/www.fecomercio-ce.com.br\/sescce\/museus-organicos\/museu-oficina-de-corrinha-mao-na-massa\/#primaryimage"},"thumbnailUrl":"https:\/\/www.fecomercio-ce.com.br\/sescce\/wp-content\/uploads\/sites\/2\/2025\/11\/CORRINHA-MAO-NA-MASSA.png","datePublished":"2025-11-07T18:27:46+00:00","dateModified":"2025-12-17T13:32:54+00:00","breadcrumb":{"@id":"https:\/\/www.fecomercio-ce.com.br\/sescce\/museus-organicos\/museu-oficina-de-corrinha-mao-na-massa\/#breadcrumb"},"inLanguage":"pt-BR","potentialAction":[{"@type":"ReadAction","target":["https:\/\/www.fecomercio-ce.com.br\/sescce\/museus-organicos\/museu-oficina-de-corrinha-mao-na-massa\/"]}]},{"@type":"ImageObject","inLanguage":"pt-BR","@id":"https:\/\/www.fecomercio-ce.com.br\/sescce\/museus-organicos\/museu-oficina-de-corrinha-mao-na-massa\/#primaryimage","url":"https:\/\/www.fecomercio-ce.com.br\/sescce\/wp-content\/uploads\/sites\/2\/2025\/11\/CORRINHA-MAO-NA-MASSA.png","contentUrl":"https:\/\/www.fecomercio-ce.com.br\/sescce\/wp-content\/uploads\/sites\/2\/2025\/11\/CORRINHA-MAO-NA-MASSA.png","width":365,"height":245},{"@type":"BreadcrumbList","@id":"https:\/\/www.fecomercio-ce.com.br\/sescce\/museus-organicos\/museu-oficina-de-corrinha-mao-na-massa\/#breadcrumb","itemListElement":[{"@type":"ListItem","position":1,"name":"In\u00edcio","item":"https:\/\/www.fecomercio-ce.com.br\/sescce\/"},{"@type":"ListItem","position":2,"name":"Museus Org\u00e2nicos","item":"https:\/\/www.fecomercio-ce.com.br\/sescce\/museus-organicos\/"},{"@type":"ListItem","position":3,"name":"Museu Oficina de Corrinha M\u00e3o na Massa"}]},{"@type":"WebSite","@id":"https:\/\/www.fecomercio-ce.com.br\/sescce\/#website","url":"https:\/\/www.fecomercio-ce.com.br\/sescce\/","name":"Sesc Cear\u00e1","description":"O Servi\u00e7o Social do Com\u00e9rcio (Sesc), bra\u00e7o social do Sistema Fecom\u00e9rcio-CE. Atua nas \u00e1reas de Educa\u00e7\u00e3o, Cultura, Lazer, Sa\u00fade e Assist\u00eancia.","potentialAction":[{"@type":"SearchAction","target":{"@type":"EntryPoint","urlTemplate":"https:\/\/www.fecomercio-ce.com.br\/sescce\/?s={search_term_string}"},"query-input":{"@type":"PropertyValueSpecification","valueRequired":true,"valueName":"search_term_string"}}],"inLanguage":"pt-BR"}]}},"_links":{"self":[{"href":"https:\/\/www.fecomercio-ce.com.br\/sescce\/wp-json\/wp\/v2\/pages\/2693","targetHints":{"allow":["GET"]}}],"collection":[{"href":"https:\/\/www.fecomercio-ce.com.br\/sescce\/wp-json\/wp\/v2\/pages"}],"about":[{"href":"https:\/\/www.fecomercio-ce.com.br\/sescce\/wp-json\/wp\/v2\/types\/page"}],"author":[{"embeddable":true,"href":"https:\/\/www.fecomercio-ce.com.br\/sescce\/wp-json\/wp\/v2\/users\/1"}],"replies":[{"embeddable":true,"href":"https:\/\/www.fecomercio-ce.com.br\/sescce\/wp-json\/wp\/v2\/comments?post=2693"}],"version-history":[{"count":4,"href":"https:\/\/www.fecomercio-ce.com.br\/sescce\/wp-json\/wp\/v2\/pages\/2693\/revisions"}],"predecessor-version":[{"id":3504,"href":"https:\/\/www.fecomercio-ce.com.br\/sescce\/wp-json\/wp\/v2\/pages\/2693\/revisions\/3504"}],"up":[{"embeddable":true,"href":"https:\/\/www.fecomercio-ce.com.br\/sescce\/wp-json\/wp\/v2\/pages\/1746"}],"wp:featuredmedia":[{"embeddable":true,"href":"https:\/\/www.fecomercio-ce.com.br\/sescce\/wp-json\/wp\/v2\/media\/2745"}],"wp:attachment":[{"href":"https:\/\/www.fecomercio-ce.com.br\/sescce\/wp-json\/wp\/v2\/media?parent=2693"}],"curies":[{"name":"wp","href":"https:\/\/api.w.org\/{rel}","templated":true}]}}