{"id":2697,"date":"2025-11-07T15:30:06","date_gmt":"2025-11-07T18:30:06","guid":{"rendered":"https:\/\/www.fecomercio-ce.com.br\/sescce\/?page_id=2697"},"modified":"2025-12-17T11:14:44","modified_gmt":"2025-12-17T14:14:44","slug":"museu-terreiro-cultural-da-mestra-maria-de-tie","status":"publish","type":"page","link":"https:\/\/www.fecomercio-ce.com.br\/sescce\/museus-organicos\/museu-terreiro-cultural-da-mestra-maria-de-tie\/","title":{"rendered":"Museu Terreiro Cultural da Mestra Maria de Ti\u00ea"},"content":{"rendered":"<p>Quilombo dos Souza, S\u00edtio Vassourinhas &#8211; Porteiras\/CE<\/p>\n<p>Data de inaugura\u00e7\u00e3o: 25\/08\/2023<\/p>\n<p>O 14\u00ba Museu Org\u00e2nico do Sesc reconhece a import\u00e2ncia cultural e hist\u00f3rica do Quilombo dos Souza, no Cariri. O espa\u00e7o homenageia Maria de Ti\u00ea, Mestra da dan\u00e7a de coco e do maneiro pau, respons\u00e1vel por manter viva uma tradi\u00e7\u00e3o transmitida por quatro gera\u00e7\u00f5es. Reconhecida como Tesouro Vivo da Cultura do Cear\u00e1, a Mestra atua na preserva\u00e7\u00e3o dos saberes quilombolas. Fundado no s\u00e9culo XVI e reconhecido pela Funda\u00e7\u00e3o Palmares em 2005, o Quilombo abriga 330 fam\u00edlias. O Museu Org\u00e2nico fortalece a mem\u00f3ria, a identidade e a preserva\u00e7\u00e3o cultural da comunidade.<\/p>\n<p><img loading=\"lazy\" decoding=\"async\" class=\"alignnone size-full wp-image-2749\" src=\"https:\/\/www.fecomercio-ce.com.br\/sescce\/wp-content\/uploads\/sites\/2\/2025\/11\/MARIA-TIE.png\" alt=\"\" width=\"358\" height=\"241\" srcset=\"https:\/\/www.fecomercio-ce.com.br\/sescce\/wp-content\/uploads\/sites\/2\/2025\/11\/MARIA-TIE.png 358w, https:\/\/www.fecomercio-ce.com.br\/sescce\/wp-content\/uploads\/sites\/2\/2025\/11\/MARIA-TIE-300x202.png 300w, https:\/\/www.fecomercio-ce.com.br\/sescce\/wp-content\/uploads\/sites\/2\/2025\/11\/MARIA-TIE-100x67.png 100w\" sizes=\"auto, (max-width: 358px) 100vw, 358px\" \/><\/p>\n","protected":false},"excerpt":{"rendered":"<p>Quilombo dos Souza, S\u00edtio Vassourinhas &#8211; Porteiras\/CE Data de inaugura\u00e7\u00e3o: 25\/08\/2023 O 14\u00ba Museu Org\u00e2nico do Sesc reconhece a import\u00e2ncia cultural e hist\u00f3rica do Quilombo dos Souza, no Cariri. O espa\u00e7o homenageia Maria de Ti\u00ea, Mestra da dan\u00e7a de coco e do maneiro pau, respons\u00e1vel por manter viva uma tradi\u00e7\u00e3o transmitida por quatro gera\u00e7\u00f5es. Reconhecida [&hellip;]<\/p>\n","protected":false},"author":1,"featured_media":2749,"parent":1746,"menu_order":0,"comment_status":"closed","ping_status":"closed","template":"page-single-lp-secondary.php","meta":{"_acf_changed":false,"footnotes":""},"class_list":["post-2697","page","type-page","status-publish","has-post-thumbnail","hentry"],"acf":[],"yoast_head":"<!-- This site is optimized with the Yoast SEO plugin v24.3 - https:\/\/yoast.com\/wordpress\/plugins\/seo\/ -->\n<title>Museu Terreiro Cultural da Mestra Maria de Ti\u00ea - Sesc Cear\u00e1<\/title>\n<meta name=\"robots\" content=\"index, follow, max-snippet:-1, max-image-preview:large, max-video-preview:-1\" \/>\n<link rel=\"canonical\" href=\"https:\/\/www.fecomercio-ce.com.br\/sescce\/museus-organicos\/museu-terreiro-cultural-da-mestra-maria-de-tie\/\" \/>\n<meta property=\"og:locale\" content=\"pt_BR\" \/>\n<meta property=\"og:type\" content=\"article\" \/>\n<meta property=\"og:title\" content=\"Museu Terreiro Cultural da Mestra Maria de Ti\u00ea - Sesc Cear\u00e1\" \/>\n<meta property=\"og:description\" content=\"Quilombo dos Souza, S\u00edtio Vassourinhas &#8211; Porteiras\/CE Data de inaugura\u00e7\u00e3o: 25\/08\/2023 O 14\u00ba Museu Org\u00e2nico do Sesc reconhece a import\u00e2ncia cultural e hist\u00f3rica do Quilombo dos Souza, no Cariri. O espa\u00e7o homenageia Maria de Ti\u00ea, Mestra da dan\u00e7a de coco e do maneiro pau, respons\u00e1vel por manter viva uma tradi\u00e7\u00e3o transmitida por quatro gera\u00e7\u00f5es. Reconhecida [&hellip;]\" \/>\n<meta property=\"og:url\" content=\"https:\/\/www.fecomercio-ce.com.br\/sescce\/museus-organicos\/museu-terreiro-cultural-da-mestra-maria-de-tie\/\" \/>\n<meta property=\"og:site_name\" content=\"Sesc Cear\u00e1\" \/>\n<meta property=\"article:modified_time\" content=\"2025-12-17T14:14:44+00:00\" \/>\n<meta property=\"og:image\" content=\"https:\/\/www.fecomercio-ce.com.br\/sescce\/wp-content\/uploads\/sites\/2\/2025\/11\/MARIA-TIE.png\" \/>\n\t<meta property=\"og:image:width\" content=\"358\" \/>\n\t<meta property=\"og:image:height\" content=\"241\" \/>\n\t<meta property=\"og:image:type\" content=\"image\/png\" \/>\n<meta name=\"twitter:card\" content=\"summary_large_image\" \/>\n<meta name=\"twitter:label1\" content=\"Est. tempo de leitura\" \/>\n\t<meta name=\"twitter:data1\" content=\"1 minuto\" \/>\n<script type=\"application\/ld+json\" class=\"yoast-schema-graph\">{\"@context\":\"https:\/\/schema.org\",\"@graph\":[{\"@type\":\"WebPage\",\"@id\":\"https:\/\/www.fecomercio-ce.com.br\/sescce\/museus-organicos\/museu-terreiro-cultural-da-mestra-maria-de-tie\/\",\"url\":\"https:\/\/www.fecomercio-ce.com.br\/sescce\/museus-organicos\/museu-terreiro-cultural-da-mestra-maria-de-tie\/\",\"name\":\"Museu Terreiro Cultural da Mestra Maria de Ti\u00ea - Sesc Cear\u00e1\",\"isPartOf\":{\"@id\":\"https:\/\/www.fecomercio-ce.com.br\/sescce\/#website\"},\"primaryImageOfPage\":{\"@id\":\"https:\/\/www.fecomercio-ce.com.br\/sescce\/museus-organicos\/museu-terreiro-cultural-da-mestra-maria-de-tie\/#primaryimage\"},\"image\":{\"@id\":\"https:\/\/www.fecomercio-ce.com.br\/sescce\/museus-organicos\/museu-terreiro-cultural-da-mestra-maria-de-tie\/#primaryimage\"},\"thumbnailUrl\":\"https:\/\/www.fecomercio-ce.com.br\/sescce\/wp-content\/uploads\/sites\/2\/2025\/11\/MARIA-TIE.png\",\"datePublished\":\"2025-11-07T18:30:06+00:00\",\"dateModified\":\"2025-12-17T14:14:44+00:00\",\"breadcrumb\":{\"@id\":\"https:\/\/www.fecomercio-ce.com.br\/sescce\/museus-organicos\/museu-terreiro-cultural-da-mestra-maria-de-tie\/#breadcrumb\"},\"inLanguage\":\"pt-BR\",\"potentialAction\":[{\"@type\":\"ReadAction\",\"target\":[\"https:\/\/www.fecomercio-ce.com.br\/sescce\/museus-organicos\/museu-terreiro-cultural-da-mestra-maria-de-tie\/\"]}]},{\"@type\":\"ImageObject\",\"inLanguage\":\"pt-BR\",\"@id\":\"https:\/\/www.fecomercio-ce.com.br\/sescce\/museus-organicos\/museu-terreiro-cultural-da-mestra-maria-de-tie\/#primaryimage\",\"url\":\"https:\/\/www.fecomercio-ce.com.br\/sescce\/wp-content\/uploads\/sites\/2\/2025\/11\/MARIA-TIE.png\",\"contentUrl\":\"https:\/\/www.fecomercio-ce.com.br\/sescce\/wp-content\/uploads\/sites\/2\/2025\/11\/MARIA-TIE.png\",\"width\":358,\"height\":241},{\"@type\":\"BreadcrumbList\",\"@id\":\"https:\/\/www.fecomercio-ce.com.br\/sescce\/museus-organicos\/museu-terreiro-cultural-da-mestra-maria-de-tie\/#breadcrumb\",\"itemListElement\":[{\"@type\":\"ListItem\",\"position\":1,\"name\":\"In\u00edcio\",\"item\":\"https:\/\/www.fecomercio-ce.com.br\/sescce\/\"},{\"@type\":\"ListItem\",\"position\":2,\"name\":\"Museus Org\u00e2nicos\",\"item\":\"https:\/\/www.fecomercio-ce.com.br\/sescce\/museus-organicos\/\"},{\"@type\":\"ListItem\",\"position\":3,\"name\":\"Museu Terreiro Cultural da Mestra Maria de Ti\u00ea\"}]},{\"@type\":\"WebSite\",\"@id\":\"https:\/\/www.fecomercio-ce.com.br\/sescce\/#website\",\"url\":\"https:\/\/www.fecomercio-ce.com.br\/sescce\/\",\"name\":\"Sesc Cear\u00e1\",\"description\":\"O Servi\u00e7o Social do Com\u00e9rcio (Sesc), bra\u00e7o social do Sistema Fecom\u00e9rcio-CE. Atua nas \u00e1reas de Educa\u00e7\u00e3o, Cultura, Lazer, Sa\u00fade e Assist\u00eancia.\",\"potentialAction\":[{\"@type\":\"SearchAction\",\"target\":{\"@type\":\"EntryPoint\",\"urlTemplate\":\"https:\/\/www.fecomercio-ce.com.br\/sescce\/?s={search_term_string}\"},\"query-input\":{\"@type\":\"PropertyValueSpecification\",\"valueRequired\":true,\"valueName\":\"search_term_string\"}}],\"inLanguage\":\"pt-BR\"}]}<\/script>\n<!-- \/ Yoast SEO plugin. -->","yoast_head_json":{"title":"Museu Terreiro Cultural da Mestra Maria de Ti\u00ea - Sesc Cear\u00e1","robots":{"index":"index","follow":"follow","max-snippet":"max-snippet:-1","max-image-preview":"max-image-preview:large","max-video-preview":"max-video-preview:-1"},"canonical":"https:\/\/www.fecomercio-ce.com.br\/sescce\/museus-organicos\/museu-terreiro-cultural-da-mestra-maria-de-tie\/","og_locale":"pt_BR","og_type":"article","og_title":"Museu Terreiro Cultural da Mestra Maria de Ti\u00ea - Sesc Cear\u00e1","og_description":"Quilombo dos Souza, S\u00edtio Vassourinhas &#8211; Porteiras\/CE Data de inaugura\u00e7\u00e3o: 25\/08\/2023 O 14\u00ba Museu Org\u00e2nico do Sesc reconhece a import\u00e2ncia cultural e hist\u00f3rica do Quilombo dos Souza, no Cariri. O espa\u00e7o homenageia Maria de Ti\u00ea, Mestra da dan\u00e7a de coco e do maneiro pau, respons\u00e1vel por manter viva uma tradi\u00e7\u00e3o transmitida por quatro gera\u00e7\u00f5es. Reconhecida [&hellip;]","og_url":"https:\/\/www.fecomercio-ce.com.br\/sescce\/museus-organicos\/museu-terreiro-cultural-da-mestra-maria-de-tie\/","og_site_name":"Sesc Cear\u00e1","article_modified_time":"2025-12-17T14:14:44+00:00","og_image":[{"width":358,"height":241,"url":"https:\/\/www.fecomercio-ce.com.br\/sescce\/wp-content\/uploads\/sites\/2\/2025\/11\/MARIA-TIE.png","type":"image\/png"}],"twitter_card":"summary_large_image","twitter_misc":{"Est. tempo de leitura":"1 minuto"},"schema":{"@context":"https:\/\/schema.org","@graph":[{"@type":"WebPage","@id":"https:\/\/www.fecomercio-ce.com.br\/sescce\/museus-organicos\/museu-terreiro-cultural-da-mestra-maria-de-tie\/","url":"https:\/\/www.fecomercio-ce.com.br\/sescce\/museus-organicos\/museu-terreiro-cultural-da-mestra-maria-de-tie\/","name":"Museu Terreiro Cultural da Mestra Maria de Ti\u00ea - Sesc Cear\u00e1","isPartOf":{"@id":"https:\/\/www.fecomercio-ce.com.br\/sescce\/#website"},"primaryImageOfPage":{"@id":"https:\/\/www.fecomercio-ce.com.br\/sescce\/museus-organicos\/museu-terreiro-cultural-da-mestra-maria-de-tie\/#primaryimage"},"image":{"@id":"https:\/\/www.fecomercio-ce.com.br\/sescce\/museus-organicos\/museu-terreiro-cultural-da-mestra-maria-de-tie\/#primaryimage"},"thumbnailUrl":"https:\/\/www.fecomercio-ce.com.br\/sescce\/wp-content\/uploads\/sites\/2\/2025\/11\/MARIA-TIE.png","datePublished":"2025-11-07T18:30:06+00:00","dateModified":"2025-12-17T14:14:44+00:00","breadcrumb":{"@id":"https:\/\/www.fecomercio-ce.com.br\/sescce\/museus-organicos\/museu-terreiro-cultural-da-mestra-maria-de-tie\/#breadcrumb"},"inLanguage":"pt-BR","potentialAction":[{"@type":"ReadAction","target":["https:\/\/www.fecomercio-ce.com.br\/sescce\/museus-organicos\/museu-terreiro-cultural-da-mestra-maria-de-tie\/"]}]},{"@type":"ImageObject","inLanguage":"pt-BR","@id":"https:\/\/www.fecomercio-ce.com.br\/sescce\/museus-organicos\/museu-terreiro-cultural-da-mestra-maria-de-tie\/#primaryimage","url":"https:\/\/www.fecomercio-ce.com.br\/sescce\/wp-content\/uploads\/sites\/2\/2025\/11\/MARIA-TIE.png","contentUrl":"https:\/\/www.fecomercio-ce.com.br\/sescce\/wp-content\/uploads\/sites\/2\/2025\/11\/MARIA-TIE.png","width":358,"height":241},{"@type":"BreadcrumbList","@id":"https:\/\/www.fecomercio-ce.com.br\/sescce\/museus-organicos\/museu-terreiro-cultural-da-mestra-maria-de-tie\/#breadcrumb","itemListElement":[{"@type":"ListItem","position":1,"name":"In\u00edcio","item":"https:\/\/www.fecomercio-ce.com.br\/sescce\/"},{"@type":"ListItem","position":2,"name":"Museus Org\u00e2nicos","item":"https:\/\/www.fecomercio-ce.com.br\/sescce\/museus-organicos\/"},{"@type":"ListItem","position":3,"name":"Museu Terreiro Cultural da Mestra Maria de Ti\u00ea"}]},{"@type":"WebSite","@id":"https:\/\/www.fecomercio-ce.com.br\/sescce\/#website","url":"https:\/\/www.fecomercio-ce.com.br\/sescce\/","name":"Sesc Cear\u00e1","description":"O Servi\u00e7o Social do Com\u00e9rcio (Sesc), bra\u00e7o social do Sistema Fecom\u00e9rcio-CE. Atua nas \u00e1reas de Educa\u00e7\u00e3o, Cultura, Lazer, Sa\u00fade e Assist\u00eancia.","potentialAction":[{"@type":"SearchAction","target":{"@type":"EntryPoint","urlTemplate":"https:\/\/www.fecomercio-ce.com.br\/sescce\/?s={search_term_string}"},"query-input":{"@type":"PropertyValueSpecification","valueRequired":true,"valueName":"search_term_string"}}],"inLanguage":"pt-BR"}]}},"_links":{"self":[{"href":"https:\/\/www.fecomercio-ce.com.br\/sescce\/wp-json\/wp\/v2\/pages\/2697","targetHints":{"allow":["GET"]}}],"collection":[{"href":"https:\/\/www.fecomercio-ce.com.br\/sescce\/wp-json\/wp\/v2\/pages"}],"about":[{"href":"https:\/\/www.fecomercio-ce.com.br\/sescce\/wp-json\/wp\/v2\/types\/page"}],"author":[{"embeddable":true,"href":"https:\/\/www.fecomercio-ce.com.br\/sescce\/wp-json\/wp\/v2\/users\/1"}],"replies":[{"embeddable":true,"href":"https:\/\/www.fecomercio-ce.com.br\/sescce\/wp-json\/wp\/v2\/comments?post=2697"}],"version-history":[{"count":7,"href":"https:\/\/www.fecomercio-ce.com.br\/sescce\/wp-json\/wp\/v2\/pages\/2697\/revisions"}],"predecessor-version":[{"id":3526,"href":"https:\/\/www.fecomercio-ce.com.br\/sescce\/wp-json\/wp\/v2\/pages\/2697\/revisions\/3526"}],"up":[{"embeddable":true,"href":"https:\/\/www.fecomercio-ce.com.br\/sescce\/wp-json\/wp\/v2\/pages\/1746"}],"wp:featuredmedia":[{"embeddable":true,"href":"https:\/\/www.fecomercio-ce.com.br\/sescce\/wp-json\/wp\/v2\/media\/2749"}],"wp:attachment":[{"href":"https:\/\/www.fecomercio-ce.com.br\/sescce\/wp-json\/wp\/v2\/media?parent=2697"}],"curies":[{"name":"wp","href":"https:\/\/api.w.org\/{rel}","templated":true}]}}