{"id":2706,"date":"2025-11-07T15:35:51","date_gmt":"2025-11-07T18:35:51","guid":{"rendered":"https:\/\/www.fecomercio-ce.com.br\/sescce\/?page_id=2706"},"modified":"2025-12-17T11:17:59","modified_gmt":"2025-12-17T14:17:59","slug":"museu-oficina-antonio-linard","status":"publish","type":"page","link":"https:\/\/www.fecomercio-ce.com.br\/sescce\/museus-organicos\/museu-oficina-antonio-linard\/","title":{"rendered":"Museu Oficina  Ant\u00f4nio Linard"},"content":{"rendered":"<p>Rua Padre C\u00edcero, 810, Ant\u00f4nio Linard &#8211; Miss\u00e3o Velha\/CE<\/p>\n<p>Data de inaugura\u00e7\u00e3o: 05\/06\/2024<\/p>\n<p>Um dos cap\u00edtulos mais importantes da hist\u00f3ria de Miss\u00e3o Velha \u00e9 a trajet\u00f3ria de vida do Mestre Ant\u00f4nio Linard, uma figura emblem\u00e1tica na hist\u00f3ria industrial do Cear\u00e1. Autodidata, ele evoluiu de simples mec\u00e2nico a Mestre de Of\u00edcio, transformando seu trabalho com o ferro em uma verdadeira arte. Linard construiu o primeiro motor a vapor da regi\u00e3o do Cariri, rompendo com a depend\u00eancia tecnol\u00f3gica estrangeira. Sua oficina, que come\u00e7ou de forma modesta, expandiu-se rapidamente, fornecendo m\u00e1quinas e manuten\u00e7\u00e3o para os senhores de engenho e contribuindo significativamente para a economia local. A Ind\u00fastria Linard atua h\u00e1 91 anos no mercado, com produtos como ferro, alum\u00ednio, chapas em a\u00e7o carbono e inox, bronze, entre outros. Sob a gest\u00e3o do seu sucessor, Maragton Linard, a empresa continua a produzir, agora diversificando sua produ\u00e7\u00e3o com projetos como a fabrica\u00e7\u00e3o de ladrilhos hidr\u00e1ulicos, um resgate hist\u00f3rico dos pisos tradicionais usados at\u00e9 a d\u00e9cada de 1970.<\/p>\n<p><img loading=\"lazy\" decoding=\"async\" class=\"alignnone size-full wp-image-2757\" src=\"https:\/\/www.fecomercio-ce.com.br\/sescce\/wp-content\/uploads\/sites\/2\/2025\/11\/ANTONIO-LINARO.png\" alt=\"\" width=\"349\" height=\"236\" srcset=\"https:\/\/www.fecomercio-ce.com.br\/sescce\/wp-content\/uploads\/sites\/2\/2025\/11\/ANTONIO-LINARO.png 349w, https:\/\/www.fecomercio-ce.com.br\/sescce\/wp-content\/uploads\/sites\/2\/2025\/11\/ANTONIO-LINARO-300x203.png 300w, https:\/\/www.fecomercio-ce.com.br\/sescce\/wp-content\/uploads\/sites\/2\/2025\/11\/ANTONIO-LINARO-100x68.png 100w\" sizes=\"auto, (max-width: 349px) 100vw, 349px\" \/><\/p>\n","protected":false},"excerpt":{"rendered":"<p>Rua Padre C\u00edcero, 810, Ant\u00f4nio Linard &#8211; Miss\u00e3o Velha\/CE Data de inaugura\u00e7\u00e3o: 05\/06\/2024 Um dos cap\u00edtulos mais importantes da hist\u00f3ria de Miss\u00e3o Velha \u00e9 a trajet\u00f3ria de vida do Mestre Ant\u00f4nio Linard, uma figura emblem\u00e1tica na hist\u00f3ria industrial do Cear\u00e1. Autodidata, ele evoluiu de simples mec\u00e2nico a Mestre de Of\u00edcio, transformando seu trabalho com o [&hellip;]<\/p>\n","protected":false},"author":1,"featured_media":2757,"parent":1746,"menu_order":0,"comment_status":"closed","ping_status":"closed","template":"page-single-lp-secondary.php","meta":{"_acf_changed":false,"footnotes":""},"class_list":["post-2706","page","type-page","status-publish","has-post-thumbnail","hentry"],"acf":[],"yoast_head":"<!-- This site is optimized with the Yoast SEO plugin v24.3 - https:\/\/yoast.com\/wordpress\/plugins\/seo\/ -->\n<title>Museu Oficina Ant\u00f4nio Linard - Sesc Cear\u00e1<\/title>\n<meta name=\"robots\" content=\"index, follow, max-snippet:-1, max-image-preview:large, max-video-preview:-1\" \/>\n<link rel=\"canonical\" href=\"https:\/\/www.fecomercio-ce.com.br\/sescce\/museus-organicos\/museu-oficina-antonio-linard\/\" \/>\n<meta property=\"og:locale\" content=\"pt_BR\" \/>\n<meta property=\"og:type\" content=\"article\" \/>\n<meta property=\"og:title\" content=\"Museu Oficina Ant\u00f4nio Linard - Sesc Cear\u00e1\" \/>\n<meta property=\"og:description\" content=\"Rua Padre C\u00edcero, 810, Ant\u00f4nio Linard &#8211; Miss\u00e3o Velha\/CE Data de inaugura\u00e7\u00e3o: 05\/06\/2024 Um dos cap\u00edtulos mais importantes da hist\u00f3ria de Miss\u00e3o Velha \u00e9 a trajet\u00f3ria de vida do Mestre Ant\u00f4nio Linard, uma figura emblem\u00e1tica na hist\u00f3ria industrial do Cear\u00e1. Autodidata, ele evoluiu de simples mec\u00e2nico a Mestre de Of\u00edcio, transformando seu trabalho com o [&hellip;]\" \/>\n<meta property=\"og:url\" content=\"https:\/\/www.fecomercio-ce.com.br\/sescce\/museus-organicos\/museu-oficina-antonio-linard\/\" \/>\n<meta property=\"og:site_name\" content=\"Sesc Cear\u00e1\" \/>\n<meta property=\"article:modified_time\" content=\"2025-12-17T14:17:59+00:00\" \/>\n<meta property=\"og:image\" content=\"https:\/\/www.fecomercio-ce.com.br\/sescce\/wp-content\/uploads\/sites\/2\/2025\/11\/ANTONIO-LINARO.png\" \/>\n\t<meta property=\"og:image:width\" content=\"349\" \/>\n\t<meta property=\"og:image:height\" content=\"236\" \/>\n\t<meta property=\"og:image:type\" content=\"image\/png\" \/>\n<meta name=\"twitter:card\" content=\"summary_large_image\" \/>\n<meta name=\"twitter:label1\" content=\"Est. tempo de leitura\" \/>\n\t<meta name=\"twitter:data1\" content=\"2 minutos\" \/>\n<script type=\"application\/ld+json\" class=\"yoast-schema-graph\">{\"@context\":\"https:\/\/schema.org\",\"@graph\":[{\"@type\":\"WebPage\",\"@id\":\"https:\/\/www.fecomercio-ce.com.br\/sescce\/museus-organicos\/museu-oficina-antonio-linard\/\",\"url\":\"https:\/\/www.fecomercio-ce.com.br\/sescce\/museus-organicos\/museu-oficina-antonio-linard\/\",\"name\":\"Museu Oficina Ant\u00f4nio Linard - Sesc Cear\u00e1\",\"isPartOf\":{\"@id\":\"https:\/\/www.fecomercio-ce.com.br\/sescce\/#website\"},\"primaryImageOfPage\":{\"@id\":\"https:\/\/www.fecomercio-ce.com.br\/sescce\/museus-organicos\/museu-oficina-antonio-linard\/#primaryimage\"},\"image\":{\"@id\":\"https:\/\/www.fecomercio-ce.com.br\/sescce\/museus-organicos\/museu-oficina-antonio-linard\/#primaryimage\"},\"thumbnailUrl\":\"https:\/\/www.fecomercio-ce.com.br\/sescce\/wp-content\/uploads\/sites\/2\/2025\/11\/ANTONIO-LINARO.png\",\"datePublished\":\"2025-11-07T18:35:51+00:00\",\"dateModified\":\"2025-12-17T14:17:59+00:00\",\"breadcrumb\":{\"@id\":\"https:\/\/www.fecomercio-ce.com.br\/sescce\/museus-organicos\/museu-oficina-antonio-linard\/#breadcrumb\"},\"inLanguage\":\"pt-BR\",\"potentialAction\":[{\"@type\":\"ReadAction\",\"target\":[\"https:\/\/www.fecomercio-ce.com.br\/sescce\/museus-organicos\/museu-oficina-antonio-linard\/\"]}]},{\"@type\":\"ImageObject\",\"inLanguage\":\"pt-BR\",\"@id\":\"https:\/\/www.fecomercio-ce.com.br\/sescce\/museus-organicos\/museu-oficina-antonio-linard\/#primaryimage\",\"url\":\"https:\/\/www.fecomercio-ce.com.br\/sescce\/wp-content\/uploads\/sites\/2\/2025\/11\/ANTONIO-LINARO.png\",\"contentUrl\":\"https:\/\/www.fecomercio-ce.com.br\/sescce\/wp-content\/uploads\/sites\/2\/2025\/11\/ANTONIO-LINARO.png\",\"width\":349,\"height\":236},{\"@type\":\"BreadcrumbList\",\"@id\":\"https:\/\/www.fecomercio-ce.com.br\/sescce\/museus-organicos\/museu-oficina-antonio-linard\/#breadcrumb\",\"itemListElement\":[{\"@type\":\"ListItem\",\"position\":1,\"name\":\"In\u00edcio\",\"item\":\"https:\/\/www.fecomercio-ce.com.br\/sescce\/\"},{\"@type\":\"ListItem\",\"position\":2,\"name\":\"Museus Org\u00e2nicos\",\"item\":\"https:\/\/www.fecomercio-ce.com.br\/sescce\/museus-organicos\/\"},{\"@type\":\"ListItem\",\"position\":3,\"name\":\"Museu Oficina Ant\u00f4nio Linard\"}]},{\"@type\":\"WebSite\",\"@id\":\"https:\/\/www.fecomercio-ce.com.br\/sescce\/#website\",\"url\":\"https:\/\/www.fecomercio-ce.com.br\/sescce\/\",\"name\":\"Sesc Cear\u00e1\",\"description\":\"O Servi\u00e7o Social do Com\u00e9rcio (Sesc), bra\u00e7o social do Sistema Fecom\u00e9rcio-CE. Atua nas \u00e1reas de Educa\u00e7\u00e3o, Cultura, Lazer, Sa\u00fade e Assist\u00eancia.\",\"potentialAction\":[{\"@type\":\"SearchAction\",\"target\":{\"@type\":\"EntryPoint\",\"urlTemplate\":\"https:\/\/www.fecomercio-ce.com.br\/sescce\/?s={search_term_string}\"},\"query-input\":{\"@type\":\"PropertyValueSpecification\",\"valueRequired\":true,\"valueName\":\"search_term_string\"}}],\"inLanguage\":\"pt-BR\"}]}<\/script>\n<!-- \/ Yoast SEO plugin. -->","yoast_head_json":{"title":"Museu Oficina Ant\u00f4nio Linard - Sesc Cear\u00e1","robots":{"index":"index","follow":"follow","max-snippet":"max-snippet:-1","max-image-preview":"max-image-preview:large","max-video-preview":"max-video-preview:-1"},"canonical":"https:\/\/www.fecomercio-ce.com.br\/sescce\/museus-organicos\/museu-oficina-antonio-linard\/","og_locale":"pt_BR","og_type":"article","og_title":"Museu Oficina Ant\u00f4nio Linard - Sesc Cear\u00e1","og_description":"Rua Padre C\u00edcero, 810, Ant\u00f4nio Linard &#8211; Miss\u00e3o Velha\/CE Data de inaugura\u00e7\u00e3o: 05\/06\/2024 Um dos cap\u00edtulos mais importantes da hist\u00f3ria de Miss\u00e3o Velha \u00e9 a trajet\u00f3ria de vida do Mestre Ant\u00f4nio Linard, uma figura emblem\u00e1tica na hist\u00f3ria industrial do Cear\u00e1. Autodidata, ele evoluiu de simples mec\u00e2nico a Mestre de Of\u00edcio, transformando seu trabalho com o [&hellip;]","og_url":"https:\/\/www.fecomercio-ce.com.br\/sescce\/museus-organicos\/museu-oficina-antonio-linard\/","og_site_name":"Sesc Cear\u00e1","article_modified_time":"2025-12-17T14:17:59+00:00","og_image":[{"width":349,"height":236,"url":"https:\/\/www.fecomercio-ce.com.br\/sescce\/wp-content\/uploads\/sites\/2\/2025\/11\/ANTONIO-LINARO.png","type":"image\/png"}],"twitter_card":"summary_large_image","twitter_misc":{"Est. tempo de leitura":"2 minutos"},"schema":{"@context":"https:\/\/schema.org","@graph":[{"@type":"WebPage","@id":"https:\/\/www.fecomercio-ce.com.br\/sescce\/museus-organicos\/museu-oficina-antonio-linard\/","url":"https:\/\/www.fecomercio-ce.com.br\/sescce\/museus-organicos\/museu-oficina-antonio-linard\/","name":"Museu Oficina Ant\u00f4nio Linard - Sesc Cear\u00e1","isPartOf":{"@id":"https:\/\/www.fecomercio-ce.com.br\/sescce\/#website"},"primaryImageOfPage":{"@id":"https:\/\/www.fecomercio-ce.com.br\/sescce\/museus-organicos\/museu-oficina-antonio-linard\/#primaryimage"},"image":{"@id":"https:\/\/www.fecomercio-ce.com.br\/sescce\/museus-organicos\/museu-oficina-antonio-linard\/#primaryimage"},"thumbnailUrl":"https:\/\/www.fecomercio-ce.com.br\/sescce\/wp-content\/uploads\/sites\/2\/2025\/11\/ANTONIO-LINARO.png","datePublished":"2025-11-07T18:35:51+00:00","dateModified":"2025-12-17T14:17:59+00:00","breadcrumb":{"@id":"https:\/\/www.fecomercio-ce.com.br\/sescce\/museus-organicos\/museu-oficina-antonio-linard\/#breadcrumb"},"inLanguage":"pt-BR","potentialAction":[{"@type":"ReadAction","target":["https:\/\/www.fecomercio-ce.com.br\/sescce\/museus-organicos\/museu-oficina-antonio-linard\/"]}]},{"@type":"ImageObject","inLanguage":"pt-BR","@id":"https:\/\/www.fecomercio-ce.com.br\/sescce\/museus-organicos\/museu-oficina-antonio-linard\/#primaryimage","url":"https:\/\/www.fecomercio-ce.com.br\/sescce\/wp-content\/uploads\/sites\/2\/2025\/11\/ANTONIO-LINARO.png","contentUrl":"https:\/\/www.fecomercio-ce.com.br\/sescce\/wp-content\/uploads\/sites\/2\/2025\/11\/ANTONIO-LINARO.png","width":349,"height":236},{"@type":"BreadcrumbList","@id":"https:\/\/www.fecomercio-ce.com.br\/sescce\/museus-organicos\/museu-oficina-antonio-linard\/#breadcrumb","itemListElement":[{"@type":"ListItem","position":1,"name":"In\u00edcio","item":"https:\/\/www.fecomercio-ce.com.br\/sescce\/"},{"@type":"ListItem","position":2,"name":"Museus Org\u00e2nicos","item":"https:\/\/www.fecomercio-ce.com.br\/sescce\/museus-organicos\/"},{"@type":"ListItem","position":3,"name":"Museu Oficina Ant\u00f4nio Linard"}]},{"@type":"WebSite","@id":"https:\/\/www.fecomercio-ce.com.br\/sescce\/#website","url":"https:\/\/www.fecomercio-ce.com.br\/sescce\/","name":"Sesc Cear\u00e1","description":"O Servi\u00e7o Social do Com\u00e9rcio (Sesc), bra\u00e7o social do Sistema Fecom\u00e9rcio-CE. Atua nas \u00e1reas de Educa\u00e7\u00e3o, Cultura, Lazer, Sa\u00fade e Assist\u00eancia.","potentialAction":[{"@type":"SearchAction","target":{"@type":"EntryPoint","urlTemplate":"https:\/\/www.fecomercio-ce.com.br\/sescce\/?s={search_term_string}"},"query-input":{"@type":"PropertyValueSpecification","valueRequired":true,"valueName":"search_term_string"}}],"inLanguage":"pt-BR"}]}},"_links":{"self":[{"href":"https:\/\/www.fecomercio-ce.com.br\/sescce\/wp-json\/wp\/v2\/pages\/2706","targetHints":{"allow":["GET"]}}],"collection":[{"href":"https:\/\/www.fecomercio-ce.com.br\/sescce\/wp-json\/wp\/v2\/pages"}],"about":[{"href":"https:\/\/www.fecomercio-ce.com.br\/sescce\/wp-json\/wp\/v2\/types\/page"}],"author":[{"embeddable":true,"href":"https:\/\/www.fecomercio-ce.com.br\/sescce\/wp-json\/wp\/v2\/users\/1"}],"replies":[{"embeddable":true,"href":"https:\/\/www.fecomercio-ce.com.br\/sescce\/wp-json\/wp\/v2\/comments?post=2706"}],"version-history":[{"count":4,"href":"https:\/\/www.fecomercio-ce.com.br\/sescce\/wp-json\/wp\/v2\/pages\/2706\/revisions"}],"predecessor-version":[{"id":3528,"href":"https:\/\/www.fecomercio-ce.com.br\/sescce\/wp-json\/wp\/v2\/pages\/2706\/revisions\/3528"}],"up":[{"embeddable":true,"href":"https:\/\/www.fecomercio-ce.com.br\/sescce\/wp-json\/wp\/v2\/pages\/1746"}],"wp:featuredmedia":[{"embeddable":true,"href":"https:\/\/www.fecomercio-ce.com.br\/sescce\/wp-json\/wp\/v2\/media\/2757"}],"wp:attachment":[{"href":"https:\/\/www.fecomercio-ce.com.br\/sescce\/wp-json\/wp\/v2\/media?parent=2706"}],"curies":[{"name":"wp","href":"https:\/\/api.w.org\/{rel}","templated":true}]}}