{"id":2708,"date":"2025-11-07T15:37:15","date_gmt":"2025-11-07T18:37:15","guid":{"rendered":"https:\/\/www.fecomercio-ce.com.br\/sescce\/?page_id=2708"},"modified":"2026-01-14T10:13:07","modified_gmt":"2026-01-14T13:13:07","slug":"museu-casa-do-mestre-aldenir","status":"publish","type":"page","link":"https:\/\/www.fecomercio-ce.com.br\/sescce\/museus-organicos\/museu-casa-do-mestre-aldenir\/","title":{"rendered":"Museu Casa do  Mestre Aldenir"},"content":{"rendered":"<p>Rua Jos\u00e9 Lacerda, S\/N, Bairro Muriti, Crato-CE<\/p>\n<p>Data de inaugura\u00e7\u00e3o: 24\/08\/2024<\/p>\n<p>Os reisados surgiram como pequenos grupos de brincantes. Ao longo do tempo, foram se diversificando, a partir de aspectos locais de ordem social, cultural e religiosa. Chegaram no Cear\u00e1 por volta do final do s\u00e9culo XIX, sendo poss\u00edvel registrar a exist\u00eancia de diversificadas manifesta\u00e7\u00f5es de reisados e brincadeira do Boi, e acabou se tornando uma tradi\u00e7\u00e3o popular bem presente no Cariri cearense. Jos\u00e9 Aldenir Aguiar, Mestre Aldenir, guardi\u00e3o dessa cultura, cresceu brincando de figurinha no reisado do tio, Francisco Cunha de Aguiar, irm\u00e3o da m\u00e3e, conhecido como Chico mouco. Aprendeu as pe\u00e7as e as embaixadas e substituiu o tio no comando do grupo, seguindo com a miss\u00e3o at\u00e9 os dias de hoje. A arte t\u00e3o bem preservada e disseminada de Mestre Aldenir atende aos valores excepcionais e universais do patrim\u00f4nio cultural da humanidade em autenticidade, integridade e universalidade, por isso, foi escolhido para ser um Museu Org\u00e2nico, carregando como tema principal a arte do \u201cbrincar\u201d.<\/p>\n<p><img loading=\"lazy\" decoding=\"async\" class=\"alignnone size-full wp-image-2759\" src=\"https:\/\/www.fecomercio-ce.com.br\/sescce\/wp-content\/uploads\/sites\/2\/2025\/11\/MESTRE-ALDENIR.png\" alt=\"\" width=\"336\" height=\"239\" srcset=\"https:\/\/www.fecomercio-ce.com.br\/sescce\/wp-content\/uploads\/sites\/2\/2025\/11\/MESTRE-ALDENIR.png 336w, https:\/\/www.fecomercio-ce.com.br\/sescce\/wp-content\/uploads\/sites\/2\/2025\/11\/MESTRE-ALDENIR-300x213.png 300w, https:\/\/www.fecomercio-ce.com.br\/sescce\/wp-content\/uploads\/sites\/2\/2025\/11\/MESTRE-ALDENIR-100x71.png 100w\" sizes=\"auto, (max-width: 336px) 100vw, 336px\" \/><\/p>\n","protected":false},"excerpt":{"rendered":"<p>Rua Jos\u00e9 Lacerda, S\/N, Bairro Muriti, Crato-CE Data de inaugura\u00e7\u00e3o: 24\/08\/2024 Os reisados surgiram como pequenos grupos de brincantes. Ao longo do tempo, foram se diversificando, a partir de aspectos locais de ordem social, cultural e religiosa. Chegaram no Cear\u00e1 por volta do final do s\u00e9culo XIX, sendo poss\u00edvel registrar a exist\u00eancia de diversificadas manifesta\u00e7\u00f5es [&hellip;]<\/p>\n","protected":false},"author":1,"featured_media":2759,"parent":1746,"menu_order":0,"comment_status":"closed","ping_status":"closed","template":"page-single-lp-secondary.php","meta":{"_acf_changed":false,"footnotes":""},"class_list":["post-2708","page","type-page","status-publish","has-post-thumbnail","hentry"],"acf":[],"yoast_head":"<!-- This site is optimized with the Yoast SEO plugin v24.3 - https:\/\/yoast.com\/wordpress\/plugins\/seo\/ -->\n<title>Museu Casa do Mestre Aldenir - Sesc Cear\u00e1<\/title>\n<meta name=\"robots\" content=\"index, follow, max-snippet:-1, max-image-preview:large, max-video-preview:-1\" \/>\n<link rel=\"canonical\" href=\"https:\/\/www.fecomercio-ce.com.br\/sescce\/museus-organicos\/museu-casa-do-mestre-aldenir\/\" \/>\n<meta property=\"og:locale\" content=\"pt_BR\" \/>\n<meta property=\"og:type\" content=\"article\" \/>\n<meta property=\"og:title\" content=\"Museu Casa do Mestre Aldenir - Sesc Cear\u00e1\" \/>\n<meta property=\"og:description\" content=\"Rua Jos\u00e9 Lacerda, S\/N, Bairro Muriti, Crato-CE Data de inaugura\u00e7\u00e3o: 24\/08\/2024 Os reisados surgiram como pequenos grupos de brincantes. Ao longo do tempo, foram se diversificando, a partir de aspectos locais de ordem social, cultural e religiosa. Chegaram no Cear\u00e1 por volta do final do s\u00e9culo XIX, sendo poss\u00edvel registrar a exist\u00eancia de diversificadas manifesta\u00e7\u00f5es [&hellip;]\" \/>\n<meta property=\"og:url\" content=\"https:\/\/www.fecomercio-ce.com.br\/sescce\/museus-organicos\/museu-casa-do-mestre-aldenir\/\" \/>\n<meta property=\"og:site_name\" content=\"Sesc Cear\u00e1\" \/>\n<meta property=\"article:modified_time\" content=\"2026-01-14T13:13:07+00:00\" \/>\n<meta property=\"og:image\" content=\"https:\/\/www.fecomercio-ce.com.br\/sescce\/wp-content\/uploads\/sites\/2\/2025\/11\/MESTRE-ALDENIR.png\" \/>\n\t<meta property=\"og:image:width\" content=\"336\" \/>\n\t<meta property=\"og:image:height\" content=\"239\" \/>\n\t<meta property=\"og:image:type\" content=\"image\/png\" \/>\n<meta name=\"twitter:card\" content=\"summary_large_image\" \/>\n<meta name=\"twitter:label1\" content=\"Est. tempo de leitura\" \/>\n\t<meta name=\"twitter:data1\" content=\"2 minutos\" \/>\n<script type=\"application\/ld+json\" class=\"yoast-schema-graph\">{\"@context\":\"https:\/\/schema.org\",\"@graph\":[{\"@type\":\"WebPage\",\"@id\":\"https:\/\/www.fecomercio-ce.com.br\/sescce\/museus-organicos\/museu-casa-do-mestre-aldenir\/\",\"url\":\"https:\/\/www.fecomercio-ce.com.br\/sescce\/museus-organicos\/museu-casa-do-mestre-aldenir\/\",\"name\":\"Museu Casa do Mestre Aldenir - Sesc Cear\u00e1\",\"isPartOf\":{\"@id\":\"https:\/\/www.fecomercio-ce.com.br\/sescce\/#website\"},\"primaryImageOfPage\":{\"@id\":\"https:\/\/www.fecomercio-ce.com.br\/sescce\/museus-organicos\/museu-casa-do-mestre-aldenir\/#primaryimage\"},\"image\":{\"@id\":\"https:\/\/www.fecomercio-ce.com.br\/sescce\/museus-organicos\/museu-casa-do-mestre-aldenir\/#primaryimage\"},\"thumbnailUrl\":\"https:\/\/www.fecomercio-ce.com.br\/sescce\/wp-content\/uploads\/sites\/2\/2025\/11\/MESTRE-ALDENIR.png\",\"datePublished\":\"2025-11-07T18:37:15+00:00\",\"dateModified\":\"2026-01-14T13:13:07+00:00\",\"breadcrumb\":{\"@id\":\"https:\/\/www.fecomercio-ce.com.br\/sescce\/museus-organicos\/museu-casa-do-mestre-aldenir\/#breadcrumb\"},\"inLanguage\":\"pt-BR\",\"potentialAction\":[{\"@type\":\"ReadAction\",\"target\":[\"https:\/\/www.fecomercio-ce.com.br\/sescce\/museus-organicos\/museu-casa-do-mestre-aldenir\/\"]}]},{\"@type\":\"ImageObject\",\"inLanguage\":\"pt-BR\",\"@id\":\"https:\/\/www.fecomercio-ce.com.br\/sescce\/museus-organicos\/museu-casa-do-mestre-aldenir\/#primaryimage\",\"url\":\"https:\/\/www.fecomercio-ce.com.br\/sescce\/wp-content\/uploads\/sites\/2\/2025\/11\/MESTRE-ALDENIR.png\",\"contentUrl\":\"https:\/\/www.fecomercio-ce.com.br\/sescce\/wp-content\/uploads\/sites\/2\/2025\/11\/MESTRE-ALDENIR.png\",\"width\":336,\"height\":239},{\"@type\":\"BreadcrumbList\",\"@id\":\"https:\/\/www.fecomercio-ce.com.br\/sescce\/museus-organicos\/museu-casa-do-mestre-aldenir\/#breadcrumb\",\"itemListElement\":[{\"@type\":\"ListItem\",\"position\":1,\"name\":\"In\u00edcio\",\"item\":\"https:\/\/www.fecomercio-ce.com.br\/sescce\/\"},{\"@type\":\"ListItem\",\"position\":2,\"name\":\"Museus Org\u00e2nicos\",\"item\":\"https:\/\/www.fecomercio-ce.com.br\/sescce\/museus-organicos\/\"},{\"@type\":\"ListItem\",\"position\":3,\"name\":\"Museu Casa do Mestre Aldenir\"}]},{\"@type\":\"WebSite\",\"@id\":\"https:\/\/www.fecomercio-ce.com.br\/sescce\/#website\",\"url\":\"https:\/\/www.fecomercio-ce.com.br\/sescce\/\",\"name\":\"Sesc Cear\u00e1\",\"description\":\"O Servi\u00e7o Social do Com\u00e9rcio (Sesc), bra\u00e7o social do Sistema Fecom\u00e9rcio-CE. Atua nas \u00e1reas de Educa\u00e7\u00e3o, Cultura, Lazer, Sa\u00fade e Assist\u00eancia.\",\"potentialAction\":[{\"@type\":\"SearchAction\",\"target\":{\"@type\":\"EntryPoint\",\"urlTemplate\":\"https:\/\/www.fecomercio-ce.com.br\/sescce\/?s={search_term_string}\"},\"query-input\":{\"@type\":\"PropertyValueSpecification\",\"valueRequired\":true,\"valueName\":\"search_term_string\"}}],\"inLanguage\":\"pt-BR\"}]}<\/script>\n<!-- \/ Yoast SEO plugin. -->","yoast_head_json":{"title":"Museu Casa do Mestre Aldenir - Sesc Cear\u00e1","robots":{"index":"index","follow":"follow","max-snippet":"max-snippet:-1","max-image-preview":"max-image-preview:large","max-video-preview":"max-video-preview:-1"},"canonical":"https:\/\/www.fecomercio-ce.com.br\/sescce\/museus-organicos\/museu-casa-do-mestre-aldenir\/","og_locale":"pt_BR","og_type":"article","og_title":"Museu Casa do Mestre Aldenir - Sesc Cear\u00e1","og_description":"Rua Jos\u00e9 Lacerda, S\/N, Bairro Muriti, Crato-CE Data de inaugura\u00e7\u00e3o: 24\/08\/2024 Os reisados surgiram como pequenos grupos de brincantes. Ao longo do tempo, foram se diversificando, a partir de aspectos locais de ordem social, cultural e religiosa. Chegaram no Cear\u00e1 por volta do final do s\u00e9culo XIX, sendo poss\u00edvel registrar a exist\u00eancia de diversificadas manifesta\u00e7\u00f5es [&hellip;]","og_url":"https:\/\/www.fecomercio-ce.com.br\/sescce\/museus-organicos\/museu-casa-do-mestre-aldenir\/","og_site_name":"Sesc Cear\u00e1","article_modified_time":"2026-01-14T13:13:07+00:00","og_image":[{"width":336,"height":239,"url":"https:\/\/www.fecomercio-ce.com.br\/sescce\/wp-content\/uploads\/sites\/2\/2025\/11\/MESTRE-ALDENIR.png","type":"image\/png"}],"twitter_card":"summary_large_image","twitter_misc":{"Est. tempo de leitura":"2 minutos"},"schema":{"@context":"https:\/\/schema.org","@graph":[{"@type":"WebPage","@id":"https:\/\/www.fecomercio-ce.com.br\/sescce\/museus-organicos\/museu-casa-do-mestre-aldenir\/","url":"https:\/\/www.fecomercio-ce.com.br\/sescce\/museus-organicos\/museu-casa-do-mestre-aldenir\/","name":"Museu Casa do Mestre Aldenir - Sesc Cear\u00e1","isPartOf":{"@id":"https:\/\/www.fecomercio-ce.com.br\/sescce\/#website"},"primaryImageOfPage":{"@id":"https:\/\/www.fecomercio-ce.com.br\/sescce\/museus-organicos\/museu-casa-do-mestre-aldenir\/#primaryimage"},"image":{"@id":"https:\/\/www.fecomercio-ce.com.br\/sescce\/museus-organicos\/museu-casa-do-mestre-aldenir\/#primaryimage"},"thumbnailUrl":"https:\/\/www.fecomercio-ce.com.br\/sescce\/wp-content\/uploads\/sites\/2\/2025\/11\/MESTRE-ALDENIR.png","datePublished":"2025-11-07T18:37:15+00:00","dateModified":"2026-01-14T13:13:07+00:00","breadcrumb":{"@id":"https:\/\/www.fecomercio-ce.com.br\/sescce\/museus-organicos\/museu-casa-do-mestre-aldenir\/#breadcrumb"},"inLanguage":"pt-BR","potentialAction":[{"@type":"ReadAction","target":["https:\/\/www.fecomercio-ce.com.br\/sescce\/museus-organicos\/museu-casa-do-mestre-aldenir\/"]}]},{"@type":"ImageObject","inLanguage":"pt-BR","@id":"https:\/\/www.fecomercio-ce.com.br\/sescce\/museus-organicos\/museu-casa-do-mestre-aldenir\/#primaryimage","url":"https:\/\/www.fecomercio-ce.com.br\/sescce\/wp-content\/uploads\/sites\/2\/2025\/11\/MESTRE-ALDENIR.png","contentUrl":"https:\/\/www.fecomercio-ce.com.br\/sescce\/wp-content\/uploads\/sites\/2\/2025\/11\/MESTRE-ALDENIR.png","width":336,"height":239},{"@type":"BreadcrumbList","@id":"https:\/\/www.fecomercio-ce.com.br\/sescce\/museus-organicos\/museu-casa-do-mestre-aldenir\/#breadcrumb","itemListElement":[{"@type":"ListItem","position":1,"name":"In\u00edcio","item":"https:\/\/www.fecomercio-ce.com.br\/sescce\/"},{"@type":"ListItem","position":2,"name":"Museus Org\u00e2nicos","item":"https:\/\/www.fecomercio-ce.com.br\/sescce\/museus-organicos\/"},{"@type":"ListItem","position":3,"name":"Museu Casa do Mestre Aldenir"}]},{"@type":"WebSite","@id":"https:\/\/www.fecomercio-ce.com.br\/sescce\/#website","url":"https:\/\/www.fecomercio-ce.com.br\/sescce\/","name":"Sesc Cear\u00e1","description":"O Servi\u00e7o Social do Com\u00e9rcio (Sesc), bra\u00e7o social do Sistema Fecom\u00e9rcio-CE. Atua nas \u00e1reas de Educa\u00e7\u00e3o, Cultura, Lazer, Sa\u00fade e Assist\u00eancia.","potentialAction":[{"@type":"SearchAction","target":{"@type":"EntryPoint","urlTemplate":"https:\/\/www.fecomercio-ce.com.br\/sescce\/?s={search_term_string}"},"query-input":{"@type":"PropertyValueSpecification","valueRequired":true,"valueName":"search_term_string"}}],"inLanguage":"pt-BR"}]}},"_links":{"self":[{"href":"https:\/\/www.fecomercio-ce.com.br\/sescce\/wp-json\/wp\/v2\/pages\/2708","targetHints":{"allow":["GET"]}}],"collection":[{"href":"https:\/\/www.fecomercio-ce.com.br\/sescce\/wp-json\/wp\/v2\/pages"}],"about":[{"href":"https:\/\/www.fecomercio-ce.com.br\/sescce\/wp-json\/wp\/v2\/types\/page"}],"author":[{"embeddable":true,"href":"https:\/\/www.fecomercio-ce.com.br\/sescce\/wp-json\/wp\/v2\/users\/1"}],"replies":[{"embeddable":true,"href":"https:\/\/www.fecomercio-ce.com.br\/sescce\/wp-json\/wp\/v2\/comments?post=2708"}],"version-history":[{"count":10,"href":"https:\/\/www.fecomercio-ce.com.br\/sescce\/wp-json\/wp\/v2\/pages\/2708\/revisions"}],"predecessor-version":[{"id":3736,"href":"https:\/\/www.fecomercio-ce.com.br\/sescce\/wp-json\/wp\/v2\/pages\/2708\/revisions\/3736"}],"up":[{"embeddable":true,"href":"https:\/\/www.fecomercio-ce.com.br\/sescce\/wp-json\/wp\/v2\/pages\/1746"}],"wp:featuredmedia":[{"embeddable":true,"href":"https:\/\/www.fecomercio-ce.com.br\/sescce\/wp-json\/wp\/v2\/media\/2759"}],"wp:attachment":[{"href":"https:\/\/www.fecomercio-ce.com.br\/sescce\/wp-json\/wp\/v2\/media?parent=2708"}],"curies":[{"name":"wp","href":"https:\/\/api.w.org\/{rel}","templated":true}]}}