{"id":2710,"date":"2025-11-07T15:38:02","date_gmt":"2025-11-07T18:38:02","guid":{"rendered":"https:\/\/www.fecomercio-ce.com.br\/sescce\/?page_id=2710"},"modified":"2025-12-17T10:53:40","modified_gmt":"2025-12-17T13:53:40","slug":"museu-casa-de-dim-brinquedim","status":"publish","type":"page","link":"https:\/\/www.fecomercio-ce.com.br\/sescce\/museus-organicos\/museu-casa-de-dim-brinquedim\/","title":{"rendered":"Museu Casa de  Dim Brinquedim"},"content":{"rendered":"<p>Alto Alegre, Pindoretama \u2013 CE<\/p>\n<p>Data de inaugura\u00e7\u00e3o: 20\/11\/2024<\/p>\n<p>O Museu Casa de Dim Brinquedim \u00e9 um espa\u00e7o voltado ao l\u00fadico. Ele abriga um acervo que ajuda na preserva\u00e7\u00e3o da mem\u00f3ria dos brinquedos e brincadeiras do Brasil, na revitaliza\u00e7\u00e3o da cultura do brinquedo artesanal e das brincadeiras tradicionais, e, na promo\u00e7\u00e3o da inf\u00e2ncia e do espa\u00e7o do brincar. L\u00e1, o visitante se depara com cria\u00e7\u00f5es de brinquedos populares nos mais diversos materiais, como isopor, arame, ferro, alum\u00ednio, madeira \u2013 em grande parte recolhidos dos refugos urbanos \u2013 al\u00e9m de materiais industriais como a fibra de vidro e o poli\u00e9ster, o que permite articular diversas formas, cores e movimentos. O criador disso tudo, Antonio Jader Pereira dos Santos, Dim Brinquedim, percebeu a habilidade manual ainda crian\u00e7a. Foi moldando esses brinquedos que ele percebeu que o ato de brincar \u00e9 uma forma de transfigurar a realidade, e toda sua obra gira em torno da ideia de uma vida com ludicidade e frui\u00e7\u00e3o da natureza.<\/p>\n<p><img loading=\"lazy\" decoding=\"async\" class=\"alignnone size-full wp-image-2761\" src=\"https:\/\/www.fecomercio-ce.com.br\/sescce\/wp-content\/uploads\/sites\/2\/2025\/11\/DIM-BRINQUEDIM.png\" alt=\"\" width=\"326\" height=\"246\" srcset=\"https:\/\/www.fecomercio-ce.com.br\/sescce\/wp-content\/uploads\/sites\/2\/2025\/11\/DIM-BRINQUEDIM.png 326w, https:\/\/www.fecomercio-ce.com.br\/sescce\/wp-content\/uploads\/sites\/2\/2025\/11\/DIM-BRINQUEDIM-300x226.png 300w, https:\/\/www.fecomercio-ce.com.br\/sescce\/wp-content\/uploads\/sites\/2\/2025\/11\/DIM-BRINQUEDIM-100x75.png 100w\" sizes=\"auto, (max-width: 326px) 100vw, 326px\" \/><\/p>\n","protected":false},"excerpt":{"rendered":"<p>Alto Alegre, Pindoretama \u2013 CE Data de inaugura\u00e7\u00e3o: 20\/11\/2024 O Museu Casa de Dim Brinquedim \u00e9 um espa\u00e7o voltado ao l\u00fadico. Ele abriga um acervo que ajuda na preserva\u00e7\u00e3o da mem\u00f3ria dos brinquedos e brincadeiras do Brasil, na revitaliza\u00e7\u00e3o da cultura do brinquedo artesanal e das brincadeiras tradicionais, e, na promo\u00e7\u00e3o da inf\u00e2ncia e do [&hellip;]<\/p>\n","protected":false},"author":1,"featured_media":2761,"parent":1746,"menu_order":0,"comment_status":"closed","ping_status":"closed","template":"page-single-lp-secondary.php","meta":{"_acf_changed":false,"footnotes":""},"class_list":["post-2710","page","type-page","status-publish","has-post-thumbnail","hentry"],"acf":[],"yoast_head":"<!-- This site is optimized with the Yoast SEO plugin v24.3 - https:\/\/yoast.com\/wordpress\/plugins\/seo\/ -->\n<title>Museu Casa de Dim Brinquedim - Sesc Cear\u00e1<\/title>\n<meta name=\"robots\" content=\"index, follow, max-snippet:-1, max-image-preview:large, max-video-preview:-1\" \/>\n<link rel=\"canonical\" href=\"https:\/\/www.fecomercio-ce.com.br\/sescce\/museus-organicos\/museu-casa-de-dim-brinquedim\/\" \/>\n<meta property=\"og:locale\" content=\"pt_BR\" \/>\n<meta property=\"og:type\" content=\"article\" \/>\n<meta property=\"og:title\" content=\"Museu Casa de Dim Brinquedim - Sesc Cear\u00e1\" \/>\n<meta property=\"og:description\" content=\"Alto Alegre, Pindoretama \u2013 CE Data de inaugura\u00e7\u00e3o: 20\/11\/2024 O Museu Casa de Dim Brinquedim \u00e9 um espa\u00e7o voltado ao l\u00fadico. Ele abriga um acervo que ajuda na preserva\u00e7\u00e3o da mem\u00f3ria dos brinquedos e brincadeiras do Brasil, na revitaliza\u00e7\u00e3o da cultura do brinquedo artesanal e das brincadeiras tradicionais, e, na promo\u00e7\u00e3o da inf\u00e2ncia e do [&hellip;]\" \/>\n<meta property=\"og:url\" content=\"https:\/\/www.fecomercio-ce.com.br\/sescce\/museus-organicos\/museu-casa-de-dim-brinquedim\/\" \/>\n<meta property=\"og:site_name\" content=\"Sesc Cear\u00e1\" \/>\n<meta property=\"article:modified_time\" content=\"2025-12-17T13:53:40+00:00\" \/>\n<meta property=\"og:image\" content=\"https:\/\/www.fecomercio-ce.com.br\/sescce\/wp-content\/uploads\/sites\/2\/2025\/11\/DIM-BRINQUEDIM.png\" \/>\n\t<meta property=\"og:image:width\" content=\"326\" \/>\n\t<meta property=\"og:image:height\" content=\"246\" \/>\n\t<meta property=\"og:image:type\" content=\"image\/png\" \/>\n<meta name=\"twitter:card\" content=\"summary_large_image\" \/>\n<meta name=\"twitter:label1\" content=\"Est. tempo de leitura\" \/>\n\t<meta name=\"twitter:data1\" content=\"2 minutos\" \/>\n<script type=\"application\/ld+json\" class=\"yoast-schema-graph\">{\"@context\":\"https:\/\/schema.org\",\"@graph\":[{\"@type\":\"WebPage\",\"@id\":\"https:\/\/www.fecomercio-ce.com.br\/sescce\/museus-organicos\/museu-casa-de-dim-brinquedim\/\",\"url\":\"https:\/\/www.fecomercio-ce.com.br\/sescce\/museus-organicos\/museu-casa-de-dim-brinquedim\/\",\"name\":\"Museu Casa de Dim Brinquedim - Sesc Cear\u00e1\",\"isPartOf\":{\"@id\":\"https:\/\/www.fecomercio-ce.com.br\/sescce\/#website\"},\"primaryImageOfPage\":{\"@id\":\"https:\/\/www.fecomercio-ce.com.br\/sescce\/museus-organicos\/museu-casa-de-dim-brinquedim\/#primaryimage\"},\"image\":{\"@id\":\"https:\/\/www.fecomercio-ce.com.br\/sescce\/museus-organicos\/museu-casa-de-dim-brinquedim\/#primaryimage\"},\"thumbnailUrl\":\"https:\/\/www.fecomercio-ce.com.br\/sescce\/wp-content\/uploads\/sites\/2\/2025\/11\/DIM-BRINQUEDIM.png\",\"datePublished\":\"2025-11-07T18:38:02+00:00\",\"dateModified\":\"2025-12-17T13:53:40+00:00\",\"breadcrumb\":{\"@id\":\"https:\/\/www.fecomercio-ce.com.br\/sescce\/museus-organicos\/museu-casa-de-dim-brinquedim\/#breadcrumb\"},\"inLanguage\":\"pt-BR\",\"potentialAction\":[{\"@type\":\"ReadAction\",\"target\":[\"https:\/\/www.fecomercio-ce.com.br\/sescce\/museus-organicos\/museu-casa-de-dim-brinquedim\/\"]}]},{\"@type\":\"ImageObject\",\"inLanguage\":\"pt-BR\",\"@id\":\"https:\/\/www.fecomercio-ce.com.br\/sescce\/museus-organicos\/museu-casa-de-dim-brinquedim\/#primaryimage\",\"url\":\"https:\/\/www.fecomercio-ce.com.br\/sescce\/wp-content\/uploads\/sites\/2\/2025\/11\/DIM-BRINQUEDIM.png\",\"contentUrl\":\"https:\/\/www.fecomercio-ce.com.br\/sescce\/wp-content\/uploads\/sites\/2\/2025\/11\/DIM-BRINQUEDIM.png\",\"width\":326,\"height\":246},{\"@type\":\"BreadcrumbList\",\"@id\":\"https:\/\/www.fecomercio-ce.com.br\/sescce\/museus-organicos\/museu-casa-de-dim-brinquedim\/#breadcrumb\",\"itemListElement\":[{\"@type\":\"ListItem\",\"position\":1,\"name\":\"In\u00edcio\",\"item\":\"https:\/\/www.fecomercio-ce.com.br\/sescce\/\"},{\"@type\":\"ListItem\",\"position\":2,\"name\":\"Museus Org\u00e2nicos\",\"item\":\"https:\/\/www.fecomercio-ce.com.br\/sescce\/museus-organicos\/\"},{\"@type\":\"ListItem\",\"position\":3,\"name\":\"Museu Casa de Dim Brinquedim\"}]},{\"@type\":\"WebSite\",\"@id\":\"https:\/\/www.fecomercio-ce.com.br\/sescce\/#website\",\"url\":\"https:\/\/www.fecomercio-ce.com.br\/sescce\/\",\"name\":\"Sesc Cear\u00e1\",\"description\":\"O Servi\u00e7o Social do Com\u00e9rcio (Sesc), bra\u00e7o social do Sistema Fecom\u00e9rcio-CE. Atua nas \u00e1reas de Educa\u00e7\u00e3o, Cultura, Lazer, Sa\u00fade e Assist\u00eancia.\",\"potentialAction\":[{\"@type\":\"SearchAction\",\"target\":{\"@type\":\"EntryPoint\",\"urlTemplate\":\"https:\/\/www.fecomercio-ce.com.br\/sescce\/?s={search_term_string}\"},\"query-input\":{\"@type\":\"PropertyValueSpecification\",\"valueRequired\":true,\"valueName\":\"search_term_string\"}}],\"inLanguage\":\"pt-BR\"}]}<\/script>\n<!-- \/ Yoast SEO plugin. -->","yoast_head_json":{"title":"Museu Casa de Dim Brinquedim - Sesc Cear\u00e1","robots":{"index":"index","follow":"follow","max-snippet":"max-snippet:-1","max-image-preview":"max-image-preview:large","max-video-preview":"max-video-preview:-1"},"canonical":"https:\/\/www.fecomercio-ce.com.br\/sescce\/museus-organicos\/museu-casa-de-dim-brinquedim\/","og_locale":"pt_BR","og_type":"article","og_title":"Museu Casa de Dim Brinquedim - Sesc Cear\u00e1","og_description":"Alto Alegre, Pindoretama \u2013 CE Data de inaugura\u00e7\u00e3o: 20\/11\/2024 O Museu Casa de Dim Brinquedim \u00e9 um espa\u00e7o voltado ao l\u00fadico. Ele abriga um acervo que ajuda na preserva\u00e7\u00e3o da mem\u00f3ria dos brinquedos e brincadeiras do Brasil, na revitaliza\u00e7\u00e3o da cultura do brinquedo artesanal e das brincadeiras tradicionais, e, na promo\u00e7\u00e3o da inf\u00e2ncia e do [&hellip;]","og_url":"https:\/\/www.fecomercio-ce.com.br\/sescce\/museus-organicos\/museu-casa-de-dim-brinquedim\/","og_site_name":"Sesc Cear\u00e1","article_modified_time":"2025-12-17T13:53:40+00:00","og_image":[{"width":326,"height":246,"url":"https:\/\/www.fecomercio-ce.com.br\/sescce\/wp-content\/uploads\/sites\/2\/2025\/11\/DIM-BRINQUEDIM.png","type":"image\/png"}],"twitter_card":"summary_large_image","twitter_misc":{"Est. tempo de leitura":"2 minutos"},"schema":{"@context":"https:\/\/schema.org","@graph":[{"@type":"WebPage","@id":"https:\/\/www.fecomercio-ce.com.br\/sescce\/museus-organicos\/museu-casa-de-dim-brinquedim\/","url":"https:\/\/www.fecomercio-ce.com.br\/sescce\/museus-organicos\/museu-casa-de-dim-brinquedim\/","name":"Museu Casa de Dim Brinquedim - Sesc Cear\u00e1","isPartOf":{"@id":"https:\/\/www.fecomercio-ce.com.br\/sescce\/#website"},"primaryImageOfPage":{"@id":"https:\/\/www.fecomercio-ce.com.br\/sescce\/museus-organicos\/museu-casa-de-dim-brinquedim\/#primaryimage"},"image":{"@id":"https:\/\/www.fecomercio-ce.com.br\/sescce\/museus-organicos\/museu-casa-de-dim-brinquedim\/#primaryimage"},"thumbnailUrl":"https:\/\/www.fecomercio-ce.com.br\/sescce\/wp-content\/uploads\/sites\/2\/2025\/11\/DIM-BRINQUEDIM.png","datePublished":"2025-11-07T18:38:02+00:00","dateModified":"2025-12-17T13:53:40+00:00","breadcrumb":{"@id":"https:\/\/www.fecomercio-ce.com.br\/sescce\/museus-organicos\/museu-casa-de-dim-brinquedim\/#breadcrumb"},"inLanguage":"pt-BR","potentialAction":[{"@type":"ReadAction","target":["https:\/\/www.fecomercio-ce.com.br\/sescce\/museus-organicos\/museu-casa-de-dim-brinquedim\/"]}]},{"@type":"ImageObject","inLanguage":"pt-BR","@id":"https:\/\/www.fecomercio-ce.com.br\/sescce\/museus-organicos\/museu-casa-de-dim-brinquedim\/#primaryimage","url":"https:\/\/www.fecomercio-ce.com.br\/sescce\/wp-content\/uploads\/sites\/2\/2025\/11\/DIM-BRINQUEDIM.png","contentUrl":"https:\/\/www.fecomercio-ce.com.br\/sescce\/wp-content\/uploads\/sites\/2\/2025\/11\/DIM-BRINQUEDIM.png","width":326,"height":246},{"@type":"BreadcrumbList","@id":"https:\/\/www.fecomercio-ce.com.br\/sescce\/museus-organicos\/museu-casa-de-dim-brinquedim\/#breadcrumb","itemListElement":[{"@type":"ListItem","position":1,"name":"In\u00edcio","item":"https:\/\/www.fecomercio-ce.com.br\/sescce\/"},{"@type":"ListItem","position":2,"name":"Museus Org\u00e2nicos","item":"https:\/\/www.fecomercio-ce.com.br\/sescce\/museus-organicos\/"},{"@type":"ListItem","position":3,"name":"Museu Casa de Dim Brinquedim"}]},{"@type":"WebSite","@id":"https:\/\/www.fecomercio-ce.com.br\/sescce\/#website","url":"https:\/\/www.fecomercio-ce.com.br\/sescce\/","name":"Sesc Cear\u00e1","description":"O Servi\u00e7o Social do Com\u00e9rcio (Sesc), bra\u00e7o social do Sistema Fecom\u00e9rcio-CE. Atua nas \u00e1reas de Educa\u00e7\u00e3o, Cultura, Lazer, Sa\u00fade e Assist\u00eancia.","potentialAction":[{"@type":"SearchAction","target":{"@type":"EntryPoint","urlTemplate":"https:\/\/www.fecomercio-ce.com.br\/sescce\/?s={search_term_string}"},"query-input":{"@type":"PropertyValueSpecification","valueRequired":true,"valueName":"search_term_string"}}],"inLanguage":"pt-BR"}]}},"_links":{"self":[{"href":"https:\/\/www.fecomercio-ce.com.br\/sescce\/wp-json\/wp\/v2\/pages\/2710","targetHints":{"allow":["GET"]}}],"collection":[{"href":"https:\/\/www.fecomercio-ce.com.br\/sescce\/wp-json\/wp\/v2\/pages"}],"about":[{"href":"https:\/\/www.fecomercio-ce.com.br\/sescce\/wp-json\/wp\/v2\/types\/page"}],"author":[{"embeddable":true,"href":"https:\/\/www.fecomercio-ce.com.br\/sescce\/wp-json\/wp\/v2\/users\/1"}],"replies":[{"embeddable":true,"href":"https:\/\/www.fecomercio-ce.com.br\/sescce\/wp-json\/wp\/v2\/comments?post=2710"}],"version-history":[{"count":4,"href":"https:\/\/www.fecomercio-ce.com.br\/sescce\/wp-json\/wp\/v2\/pages\/2710\/revisions"}],"predecessor-version":[{"id":3512,"href":"https:\/\/www.fecomercio-ce.com.br\/sescce\/wp-json\/wp\/v2\/pages\/2710\/revisions\/3512"}],"up":[{"embeddable":true,"href":"https:\/\/www.fecomercio-ce.com.br\/sescce\/wp-json\/wp\/v2\/pages\/1746"}],"wp:featuredmedia":[{"embeddable":true,"href":"https:\/\/www.fecomercio-ce.com.br\/sescce\/wp-json\/wp\/v2\/media\/2761"}],"wp:attachment":[{"href":"https:\/\/www.fecomercio-ce.com.br\/sescce\/wp-json\/wp\/v2\/media?parent=2710"}],"curies":[{"name":"wp","href":"https:\/\/api.w.org\/{rel}","templated":true}]}}