{"id":2714,"date":"2025-11-07T15:39:58","date_gmt":"2025-11-07T18:39:58","guid":{"rendered":"https:\/\/www.fecomercio-ce.com.br\/sescce\/?page_id=2714"},"modified":"2025-12-17T10:31:35","modified_gmt":"2025-12-17T13:31:35","slug":"museu-organico-casa-dos-licores","status":"publish","type":"page","link":"https:\/\/www.fecomercio-ce.com.br\/sescce\/museus-organicos\/museu-organico-casa-dos-licores\/","title":{"rendered":"Museu Org\u00e2nico  Casa dos Licores"},"content":{"rendered":"<p>R. Francisco Caldas da Silveira, 155 \u2013 Vi\u00e7osa do Cear\u00e1\/CE<\/p>\n<p>Data de inaugura\u00e7\u00e3o: 22\/11\/2024<\/p>\n<p>A Casa dos Licores de Vi\u00e7osa do Cear\u00e1 \u00e9 uma empresa familiar que teve a sua origem no casamento de Alfredo e Terezinha Mapurunga Miranda, na d\u00e9cada de 50, e foi se constituindo ao longo de suas vidas. Um verdadeiro patrim\u00f4nio da gastronomia cearense, o museu conta a hist\u00f3ria de dedica\u00e7\u00e3o do casal na constru\u00e7\u00e3o de um espa\u00e7o que destaca a mem\u00f3ria afetiva e os saberes gastron\u00f4micos da Ibiapaba. Refer\u00eancia tur\u00edstica e cultural de Vi\u00e7osa do Cear\u00e1, a casa permanece sendo a resid\u00eancia da filha primog\u00eanita do casal, Tereza Cristina Mapurunga, e segue na sua din\u00e2mica de produ\u00e7\u00e3o de licores de frutas, ervas e especiarias, assim como doces, cristalizados, compotas e geleias, al\u00e9m dos biscoitos de goma, numa persist\u00eancia po\u00e9tica do existir, recobrando a mem\u00f3ria da fam\u00edlia e o respeito pela cultura gastron\u00f4mica ancestral.<\/p>\n<p><img loading=\"lazy\" decoding=\"async\" class=\"alignnone size-full wp-image-2765\" src=\"https:\/\/www.fecomercio-ce.com.br\/sescce\/wp-content\/uploads\/sites\/2\/2025\/11\/CASA-DOS-LICORES.png\" alt=\"\" width=\"360\" height=\"243\" srcset=\"https:\/\/www.fecomercio-ce.com.br\/sescce\/wp-content\/uploads\/sites\/2\/2025\/11\/CASA-DOS-LICORES.png 360w, https:\/\/www.fecomercio-ce.com.br\/sescce\/wp-content\/uploads\/sites\/2\/2025\/11\/CASA-DOS-LICORES-300x203.png 300w, https:\/\/www.fecomercio-ce.com.br\/sescce\/wp-content\/uploads\/sites\/2\/2025\/11\/CASA-DOS-LICORES-100x68.png 100w\" sizes=\"auto, (max-width: 360px) 100vw, 360px\" \/><\/p>\n","protected":false},"excerpt":{"rendered":"<p>R. Francisco Caldas da Silveira, 155 \u2013 Vi\u00e7osa do Cear\u00e1\/CE Data de inaugura\u00e7\u00e3o: 22\/11\/2024 A Casa dos Licores de Vi\u00e7osa do Cear\u00e1 \u00e9 uma empresa familiar que teve a sua origem no casamento de Alfredo e Terezinha Mapurunga Miranda, na d\u00e9cada de 50, e foi se constituindo ao longo de suas vidas. Um verdadeiro patrim\u00f4nio [&hellip;]<\/p>\n","protected":false},"author":1,"featured_media":2765,"parent":1746,"menu_order":0,"comment_status":"closed","ping_status":"closed","template":"page-single-lp-secondary.php","meta":{"_acf_changed":false,"footnotes":""},"class_list":["post-2714","page","type-page","status-publish","has-post-thumbnail","hentry"],"acf":[],"yoast_head":"<!-- This site is optimized with the Yoast SEO plugin v24.3 - https:\/\/yoast.com\/wordpress\/plugins\/seo\/ -->\n<title>Museu Org\u00e2nico Casa dos Licores - Sesc Cear\u00e1<\/title>\n<meta name=\"robots\" content=\"index, follow, max-snippet:-1, max-image-preview:large, max-video-preview:-1\" \/>\n<link rel=\"canonical\" href=\"https:\/\/www.fecomercio-ce.com.br\/sescce\/museus-organicos\/museu-organico-casa-dos-licores\/\" \/>\n<meta property=\"og:locale\" content=\"pt_BR\" \/>\n<meta property=\"og:type\" content=\"article\" \/>\n<meta property=\"og:title\" content=\"Museu Org\u00e2nico Casa dos Licores - Sesc Cear\u00e1\" \/>\n<meta property=\"og:description\" content=\"R. Francisco Caldas da Silveira, 155 \u2013 Vi\u00e7osa do Cear\u00e1\/CE Data de inaugura\u00e7\u00e3o: 22\/11\/2024 A Casa dos Licores de Vi\u00e7osa do Cear\u00e1 \u00e9 uma empresa familiar que teve a sua origem no casamento de Alfredo e Terezinha Mapurunga Miranda, na d\u00e9cada de 50, e foi se constituindo ao longo de suas vidas. Um verdadeiro patrim\u00f4nio [&hellip;]\" \/>\n<meta property=\"og:url\" content=\"https:\/\/www.fecomercio-ce.com.br\/sescce\/museus-organicos\/museu-organico-casa-dos-licores\/\" \/>\n<meta property=\"og:site_name\" content=\"Sesc Cear\u00e1\" \/>\n<meta property=\"article:modified_time\" content=\"2025-12-17T13:31:35+00:00\" \/>\n<meta property=\"og:image\" content=\"https:\/\/www.fecomercio-ce.com.br\/sescce\/wp-content\/uploads\/sites\/2\/2025\/11\/CASA-DOS-LICORES.png\" \/>\n\t<meta property=\"og:image:width\" content=\"360\" \/>\n\t<meta property=\"og:image:height\" content=\"243\" \/>\n\t<meta property=\"og:image:type\" content=\"image\/png\" \/>\n<meta name=\"twitter:card\" content=\"summary_large_image\" \/>\n<meta name=\"twitter:label1\" content=\"Est. tempo de leitura\" \/>\n\t<meta name=\"twitter:data1\" content=\"2 minutos\" \/>\n<script type=\"application\/ld+json\" class=\"yoast-schema-graph\">{\"@context\":\"https:\/\/schema.org\",\"@graph\":[{\"@type\":\"WebPage\",\"@id\":\"https:\/\/www.fecomercio-ce.com.br\/sescce\/museus-organicos\/museu-organico-casa-dos-licores\/\",\"url\":\"https:\/\/www.fecomercio-ce.com.br\/sescce\/museus-organicos\/museu-organico-casa-dos-licores\/\",\"name\":\"Museu Org\u00e2nico Casa dos Licores - Sesc Cear\u00e1\",\"isPartOf\":{\"@id\":\"https:\/\/www.fecomercio-ce.com.br\/sescce\/#website\"},\"primaryImageOfPage\":{\"@id\":\"https:\/\/www.fecomercio-ce.com.br\/sescce\/museus-organicos\/museu-organico-casa-dos-licores\/#primaryimage\"},\"image\":{\"@id\":\"https:\/\/www.fecomercio-ce.com.br\/sescce\/museus-organicos\/museu-organico-casa-dos-licores\/#primaryimage\"},\"thumbnailUrl\":\"https:\/\/www.fecomercio-ce.com.br\/sescce\/wp-content\/uploads\/sites\/2\/2025\/11\/CASA-DOS-LICORES.png\",\"datePublished\":\"2025-11-07T18:39:58+00:00\",\"dateModified\":\"2025-12-17T13:31:35+00:00\",\"breadcrumb\":{\"@id\":\"https:\/\/www.fecomercio-ce.com.br\/sescce\/museus-organicos\/museu-organico-casa-dos-licores\/#breadcrumb\"},\"inLanguage\":\"pt-BR\",\"potentialAction\":[{\"@type\":\"ReadAction\",\"target\":[\"https:\/\/www.fecomercio-ce.com.br\/sescce\/museus-organicos\/museu-organico-casa-dos-licores\/\"]}]},{\"@type\":\"ImageObject\",\"inLanguage\":\"pt-BR\",\"@id\":\"https:\/\/www.fecomercio-ce.com.br\/sescce\/museus-organicos\/museu-organico-casa-dos-licores\/#primaryimage\",\"url\":\"https:\/\/www.fecomercio-ce.com.br\/sescce\/wp-content\/uploads\/sites\/2\/2025\/11\/CASA-DOS-LICORES.png\",\"contentUrl\":\"https:\/\/www.fecomercio-ce.com.br\/sescce\/wp-content\/uploads\/sites\/2\/2025\/11\/CASA-DOS-LICORES.png\",\"width\":360,\"height\":243},{\"@type\":\"BreadcrumbList\",\"@id\":\"https:\/\/www.fecomercio-ce.com.br\/sescce\/museus-organicos\/museu-organico-casa-dos-licores\/#breadcrumb\",\"itemListElement\":[{\"@type\":\"ListItem\",\"position\":1,\"name\":\"In\u00edcio\",\"item\":\"https:\/\/www.fecomercio-ce.com.br\/sescce\/\"},{\"@type\":\"ListItem\",\"position\":2,\"name\":\"Museus Org\u00e2nicos\",\"item\":\"https:\/\/www.fecomercio-ce.com.br\/sescce\/museus-organicos\/\"},{\"@type\":\"ListItem\",\"position\":3,\"name\":\"Museu Org\u00e2nico Casa dos Licores\"}]},{\"@type\":\"WebSite\",\"@id\":\"https:\/\/www.fecomercio-ce.com.br\/sescce\/#website\",\"url\":\"https:\/\/www.fecomercio-ce.com.br\/sescce\/\",\"name\":\"Sesc Cear\u00e1\",\"description\":\"O Servi\u00e7o Social do Com\u00e9rcio (Sesc), bra\u00e7o social do Sistema Fecom\u00e9rcio-CE. Atua nas \u00e1reas de Educa\u00e7\u00e3o, Cultura, Lazer, Sa\u00fade e Assist\u00eancia.\",\"potentialAction\":[{\"@type\":\"SearchAction\",\"target\":{\"@type\":\"EntryPoint\",\"urlTemplate\":\"https:\/\/www.fecomercio-ce.com.br\/sescce\/?s={search_term_string}\"},\"query-input\":{\"@type\":\"PropertyValueSpecification\",\"valueRequired\":true,\"valueName\":\"search_term_string\"}}],\"inLanguage\":\"pt-BR\"}]}<\/script>\n<!-- \/ Yoast SEO plugin. -->","yoast_head_json":{"title":"Museu Org\u00e2nico Casa dos Licores - Sesc Cear\u00e1","robots":{"index":"index","follow":"follow","max-snippet":"max-snippet:-1","max-image-preview":"max-image-preview:large","max-video-preview":"max-video-preview:-1"},"canonical":"https:\/\/www.fecomercio-ce.com.br\/sescce\/museus-organicos\/museu-organico-casa-dos-licores\/","og_locale":"pt_BR","og_type":"article","og_title":"Museu Org\u00e2nico Casa dos Licores - Sesc Cear\u00e1","og_description":"R. Francisco Caldas da Silveira, 155 \u2013 Vi\u00e7osa do Cear\u00e1\/CE Data de inaugura\u00e7\u00e3o: 22\/11\/2024 A Casa dos Licores de Vi\u00e7osa do Cear\u00e1 \u00e9 uma empresa familiar que teve a sua origem no casamento de Alfredo e Terezinha Mapurunga Miranda, na d\u00e9cada de 50, e foi se constituindo ao longo de suas vidas. Um verdadeiro patrim\u00f4nio [&hellip;]","og_url":"https:\/\/www.fecomercio-ce.com.br\/sescce\/museus-organicos\/museu-organico-casa-dos-licores\/","og_site_name":"Sesc Cear\u00e1","article_modified_time":"2025-12-17T13:31:35+00:00","og_image":[{"width":360,"height":243,"url":"https:\/\/www.fecomercio-ce.com.br\/sescce\/wp-content\/uploads\/sites\/2\/2025\/11\/CASA-DOS-LICORES.png","type":"image\/png"}],"twitter_card":"summary_large_image","twitter_misc":{"Est. tempo de leitura":"2 minutos"},"schema":{"@context":"https:\/\/schema.org","@graph":[{"@type":"WebPage","@id":"https:\/\/www.fecomercio-ce.com.br\/sescce\/museus-organicos\/museu-organico-casa-dos-licores\/","url":"https:\/\/www.fecomercio-ce.com.br\/sescce\/museus-organicos\/museu-organico-casa-dos-licores\/","name":"Museu Org\u00e2nico Casa dos Licores - Sesc Cear\u00e1","isPartOf":{"@id":"https:\/\/www.fecomercio-ce.com.br\/sescce\/#website"},"primaryImageOfPage":{"@id":"https:\/\/www.fecomercio-ce.com.br\/sescce\/museus-organicos\/museu-organico-casa-dos-licores\/#primaryimage"},"image":{"@id":"https:\/\/www.fecomercio-ce.com.br\/sescce\/museus-organicos\/museu-organico-casa-dos-licores\/#primaryimage"},"thumbnailUrl":"https:\/\/www.fecomercio-ce.com.br\/sescce\/wp-content\/uploads\/sites\/2\/2025\/11\/CASA-DOS-LICORES.png","datePublished":"2025-11-07T18:39:58+00:00","dateModified":"2025-12-17T13:31:35+00:00","breadcrumb":{"@id":"https:\/\/www.fecomercio-ce.com.br\/sescce\/museus-organicos\/museu-organico-casa-dos-licores\/#breadcrumb"},"inLanguage":"pt-BR","potentialAction":[{"@type":"ReadAction","target":["https:\/\/www.fecomercio-ce.com.br\/sescce\/museus-organicos\/museu-organico-casa-dos-licores\/"]}]},{"@type":"ImageObject","inLanguage":"pt-BR","@id":"https:\/\/www.fecomercio-ce.com.br\/sescce\/museus-organicos\/museu-organico-casa-dos-licores\/#primaryimage","url":"https:\/\/www.fecomercio-ce.com.br\/sescce\/wp-content\/uploads\/sites\/2\/2025\/11\/CASA-DOS-LICORES.png","contentUrl":"https:\/\/www.fecomercio-ce.com.br\/sescce\/wp-content\/uploads\/sites\/2\/2025\/11\/CASA-DOS-LICORES.png","width":360,"height":243},{"@type":"BreadcrumbList","@id":"https:\/\/www.fecomercio-ce.com.br\/sescce\/museus-organicos\/museu-organico-casa-dos-licores\/#breadcrumb","itemListElement":[{"@type":"ListItem","position":1,"name":"In\u00edcio","item":"https:\/\/www.fecomercio-ce.com.br\/sescce\/"},{"@type":"ListItem","position":2,"name":"Museus Org\u00e2nicos","item":"https:\/\/www.fecomercio-ce.com.br\/sescce\/museus-organicos\/"},{"@type":"ListItem","position":3,"name":"Museu Org\u00e2nico Casa dos Licores"}]},{"@type":"WebSite","@id":"https:\/\/www.fecomercio-ce.com.br\/sescce\/#website","url":"https:\/\/www.fecomercio-ce.com.br\/sescce\/","name":"Sesc Cear\u00e1","description":"O Servi\u00e7o Social do Com\u00e9rcio (Sesc), bra\u00e7o social do Sistema Fecom\u00e9rcio-CE. Atua nas \u00e1reas de Educa\u00e7\u00e3o, Cultura, Lazer, Sa\u00fade e Assist\u00eancia.","potentialAction":[{"@type":"SearchAction","target":{"@type":"EntryPoint","urlTemplate":"https:\/\/www.fecomercio-ce.com.br\/sescce\/?s={search_term_string}"},"query-input":{"@type":"PropertyValueSpecification","valueRequired":true,"valueName":"search_term_string"}}],"inLanguage":"pt-BR"}]}},"_links":{"self":[{"href":"https:\/\/www.fecomercio-ce.com.br\/sescce\/wp-json\/wp\/v2\/pages\/2714","targetHints":{"allow":["GET"]}}],"collection":[{"href":"https:\/\/www.fecomercio-ce.com.br\/sescce\/wp-json\/wp\/v2\/pages"}],"about":[{"href":"https:\/\/www.fecomercio-ce.com.br\/sescce\/wp-json\/wp\/v2\/types\/page"}],"author":[{"embeddable":true,"href":"https:\/\/www.fecomercio-ce.com.br\/sescce\/wp-json\/wp\/v2\/users\/1"}],"replies":[{"embeddable":true,"href":"https:\/\/www.fecomercio-ce.com.br\/sescce\/wp-json\/wp\/v2\/comments?post=2714"}],"version-history":[{"count":8,"href":"https:\/\/www.fecomercio-ce.com.br\/sescce\/wp-json\/wp\/v2\/pages\/2714\/revisions"}],"predecessor-version":[{"id":3499,"href":"https:\/\/www.fecomercio-ce.com.br\/sescce\/wp-json\/wp\/v2\/pages\/2714\/revisions\/3499"}],"up":[{"embeddable":true,"href":"https:\/\/www.fecomercio-ce.com.br\/sescce\/wp-json\/wp\/v2\/pages\/1746"}],"wp:featuredmedia":[{"embeddable":true,"href":"https:\/\/www.fecomercio-ce.com.br\/sescce\/wp-json\/wp\/v2\/media\/2765"}],"wp:attachment":[{"href":"https:\/\/www.fecomercio-ce.com.br\/sescce\/wp-json\/wp\/v2\/media?parent=2714"}],"curies":[{"name":"wp","href":"https:\/\/api.w.org\/{rel}","templated":true}]}}