{"id":2716,"date":"2025-11-07T15:40:42","date_gmt":"2025-11-07T18:40:42","guid":{"rendered":"https:\/\/www.fecomercio-ce.com.br\/sescce\/?page_id=2716"},"modified":"2025-12-17T11:13:17","modified_gmt":"2025-12-17T14:13:17","slug":"museu-organico-lavida-museu-de-agricultura-familiar-da-chapada-do-araripe","status":"publish","type":"page","link":"https:\/\/www.fecomercio-ce.com.br\/sescce\/museus-organicos\/museu-organico-lavida-museu-de-agricultura-familiar-da-chapada-do-araripe\/","title":{"rendered":"Museu Org\u00e2nico Lavida Museu de  Agricultura Familiar da Chapada do Araripe"},"content":{"rendered":"<p>Sitio L\u00edrio, Santana do Cariri\/CE<\/p>\n<p>Data de inaugura\u00e7\u00e3o: 05\/06\/2025<\/p>\n<p>Fundado sobre os princ\u00edpios da agroecologia, o Lavida integra pr\u00e1ticas sustent\u00e1veis de agricultura familiar com o extrativismo racional e a cria\u00e7\u00e3o de abelhas, em total harmonia com a Floresta Nacional do Araripe. Combinando biodiversidade nativa, sistemas agroflorestais, cria\u00e7\u00e3o de animais adaptados ao semi\u00e1rido e cultivos de quintais produtivos, forma um verdadeiro laborat\u00f3rio a c\u00e9u aberto ao unir ci\u00eancia e saber popular. A produ\u00e7\u00e3o de m\u00e9is agroecol\u00f3gicos, com caracter\u00edsticas sensoriais \u00fanicas, alta pureza e complexidade flor\u00edstica, \u00e9 uma das principais atividades do espa\u00e7o, consolidando a regi\u00e3o como a maior produtora de mel do Cear\u00e1. O Lavida tamb\u00e9m atua como espa\u00e7o de acolhimento, atrav\u00e9s do turismo rural, oferecendo visitas t\u00e9cnicas, rodas de conversa, experi\u00eancias imersivas e alimenta\u00e7\u00e3o de base agroecol\u00f3gica, tudo preparado com ingredientes locais e hist\u00f3rias familiares.<\/p>\n<p><img loading=\"lazy\" decoding=\"async\" class=\"alignnone size-full wp-image-2767\" src=\"https:\/\/www.fecomercio-ce.com.br\/sescce\/wp-content\/uploads\/sites\/2\/2025\/11\/AGRICULTURA-FMILIAR.png\" alt=\"\" width=\"358\" height=\"243\" srcset=\"https:\/\/www.fecomercio-ce.com.br\/sescce\/wp-content\/uploads\/sites\/2\/2025\/11\/AGRICULTURA-FMILIAR.png 358w, https:\/\/www.fecomercio-ce.com.br\/sescce\/wp-content\/uploads\/sites\/2\/2025\/11\/AGRICULTURA-FMILIAR-300x204.png 300w, https:\/\/www.fecomercio-ce.com.br\/sescce\/wp-content\/uploads\/sites\/2\/2025\/11\/AGRICULTURA-FMILIAR-100x68.png 100w\" sizes=\"auto, (max-width: 358px) 100vw, 358px\" \/><\/p>\n","protected":false},"excerpt":{"rendered":"<p>Sitio L\u00edrio, Santana do Cariri\/CE Data de inaugura\u00e7\u00e3o: 05\/06\/2025 Fundado sobre os princ\u00edpios da agroecologia, o Lavida integra pr\u00e1ticas sustent\u00e1veis de agricultura familiar com o extrativismo racional e a cria\u00e7\u00e3o de abelhas, em total harmonia com a Floresta Nacional do Araripe. Combinando biodiversidade nativa, sistemas agroflorestais, cria\u00e7\u00e3o de animais adaptados ao semi\u00e1rido e cultivos de [&hellip;]<\/p>\n","protected":false},"author":1,"featured_media":2767,"parent":1746,"menu_order":0,"comment_status":"closed","ping_status":"closed","template":"page-single-lp-secondary.php","meta":{"_acf_changed":false,"footnotes":""},"class_list":["post-2716","page","type-page","status-publish","has-post-thumbnail","hentry"],"acf":[],"yoast_head":"<!-- This site is optimized with the Yoast SEO plugin v24.3 - https:\/\/yoast.com\/wordpress\/plugins\/seo\/ -->\n<title>Museu Org\u00e2nico Lavida Museu de Agricultura Familiar da Chapada do Araripe - Sesc Cear\u00e1<\/title>\n<meta name=\"robots\" content=\"index, follow, max-snippet:-1, max-image-preview:large, max-video-preview:-1\" \/>\n<link rel=\"canonical\" href=\"https:\/\/www.fecomercio-ce.com.br\/sescce\/museus-organicos\/museu-organico-lavida-museu-de-agricultura-familiar-da-chapada-do-araripe\/\" \/>\n<meta property=\"og:locale\" content=\"pt_BR\" \/>\n<meta property=\"og:type\" content=\"article\" \/>\n<meta property=\"og:title\" content=\"Museu Org\u00e2nico Lavida Museu de Agricultura Familiar da Chapada do Araripe - Sesc Cear\u00e1\" \/>\n<meta property=\"og:description\" content=\"Sitio L\u00edrio, Santana do Cariri\/CE Data de inaugura\u00e7\u00e3o: 05\/06\/2025 Fundado sobre os princ\u00edpios da agroecologia, o Lavida integra pr\u00e1ticas sustent\u00e1veis de agricultura familiar com o extrativismo racional e a cria\u00e7\u00e3o de abelhas, em total harmonia com a Floresta Nacional do Araripe. Combinando biodiversidade nativa, sistemas agroflorestais, cria\u00e7\u00e3o de animais adaptados ao semi\u00e1rido e cultivos de [&hellip;]\" \/>\n<meta property=\"og:url\" content=\"https:\/\/www.fecomercio-ce.com.br\/sescce\/museus-organicos\/museu-organico-lavida-museu-de-agricultura-familiar-da-chapada-do-araripe\/\" \/>\n<meta property=\"og:site_name\" content=\"Sesc Cear\u00e1\" \/>\n<meta property=\"article:modified_time\" content=\"2025-12-17T14:13:17+00:00\" \/>\n<meta property=\"og:image\" content=\"https:\/\/www.fecomercio-ce.com.br\/sescce\/wp-content\/uploads\/sites\/2\/2025\/11\/AGRICULTURA-FMILIAR.png\" \/>\n\t<meta property=\"og:image:width\" content=\"358\" \/>\n\t<meta property=\"og:image:height\" content=\"243\" \/>\n\t<meta property=\"og:image:type\" content=\"image\/png\" \/>\n<meta name=\"twitter:card\" content=\"summary_large_image\" \/>\n<meta name=\"twitter:label1\" content=\"Est. tempo de leitura\" \/>\n\t<meta name=\"twitter:data1\" content=\"2 minutos\" \/>\n<script type=\"application\/ld+json\" class=\"yoast-schema-graph\">{\"@context\":\"https:\/\/schema.org\",\"@graph\":[{\"@type\":\"WebPage\",\"@id\":\"https:\/\/www.fecomercio-ce.com.br\/sescce\/museus-organicos\/museu-organico-lavida-museu-de-agricultura-familiar-da-chapada-do-araripe\/\",\"url\":\"https:\/\/www.fecomercio-ce.com.br\/sescce\/museus-organicos\/museu-organico-lavida-museu-de-agricultura-familiar-da-chapada-do-araripe\/\",\"name\":\"Museu Org\u00e2nico Lavida Museu de Agricultura Familiar da Chapada do Araripe - Sesc Cear\u00e1\",\"isPartOf\":{\"@id\":\"https:\/\/www.fecomercio-ce.com.br\/sescce\/#website\"},\"primaryImageOfPage\":{\"@id\":\"https:\/\/www.fecomercio-ce.com.br\/sescce\/museus-organicos\/museu-organico-lavida-museu-de-agricultura-familiar-da-chapada-do-araripe\/#primaryimage\"},\"image\":{\"@id\":\"https:\/\/www.fecomercio-ce.com.br\/sescce\/museus-organicos\/museu-organico-lavida-museu-de-agricultura-familiar-da-chapada-do-araripe\/#primaryimage\"},\"thumbnailUrl\":\"https:\/\/www.fecomercio-ce.com.br\/sescce\/wp-content\/uploads\/sites\/2\/2025\/11\/AGRICULTURA-FMILIAR.png\",\"datePublished\":\"2025-11-07T18:40:42+00:00\",\"dateModified\":\"2025-12-17T14:13:17+00:00\",\"breadcrumb\":{\"@id\":\"https:\/\/www.fecomercio-ce.com.br\/sescce\/museus-organicos\/museu-organico-lavida-museu-de-agricultura-familiar-da-chapada-do-araripe\/#breadcrumb\"},\"inLanguage\":\"pt-BR\",\"potentialAction\":[{\"@type\":\"ReadAction\",\"target\":[\"https:\/\/www.fecomercio-ce.com.br\/sescce\/museus-organicos\/museu-organico-lavida-museu-de-agricultura-familiar-da-chapada-do-araripe\/\"]}]},{\"@type\":\"ImageObject\",\"inLanguage\":\"pt-BR\",\"@id\":\"https:\/\/www.fecomercio-ce.com.br\/sescce\/museus-organicos\/museu-organico-lavida-museu-de-agricultura-familiar-da-chapada-do-araripe\/#primaryimage\",\"url\":\"https:\/\/www.fecomercio-ce.com.br\/sescce\/wp-content\/uploads\/sites\/2\/2025\/11\/AGRICULTURA-FMILIAR.png\",\"contentUrl\":\"https:\/\/www.fecomercio-ce.com.br\/sescce\/wp-content\/uploads\/sites\/2\/2025\/11\/AGRICULTURA-FMILIAR.png\",\"width\":358,\"height\":243},{\"@type\":\"BreadcrumbList\",\"@id\":\"https:\/\/www.fecomercio-ce.com.br\/sescce\/museus-organicos\/museu-organico-lavida-museu-de-agricultura-familiar-da-chapada-do-araripe\/#breadcrumb\",\"itemListElement\":[{\"@type\":\"ListItem\",\"position\":1,\"name\":\"In\u00edcio\",\"item\":\"https:\/\/www.fecomercio-ce.com.br\/sescce\/\"},{\"@type\":\"ListItem\",\"position\":2,\"name\":\"Museus Org\u00e2nicos\",\"item\":\"https:\/\/www.fecomercio-ce.com.br\/sescce\/museus-organicos\/\"},{\"@type\":\"ListItem\",\"position\":3,\"name\":\"Museu Org\u00e2nico Lavida Museu de Agricultura Familiar da Chapada do Araripe\"}]},{\"@type\":\"WebSite\",\"@id\":\"https:\/\/www.fecomercio-ce.com.br\/sescce\/#website\",\"url\":\"https:\/\/www.fecomercio-ce.com.br\/sescce\/\",\"name\":\"Sesc Cear\u00e1\",\"description\":\"O Servi\u00e7o Social do Com\u00e9rcio (Sesc), bra\u00e7o social do Sistema Fecom\u00e9rcio-CE. Atua nas \u00e1reas de Educa\u00e7\u00e3o, Cultura, Lazer, Sa\u00fade e Assist\u00eancia.\",\"potentialAction\":[{\"@type\":\"SearchAction\",\"target\":{\"@type\":\"EntryPoint\",\"urlTemplate\":\"https:\/\/www.fecomercio-ce.com.br\/sescce\/?s={search_term_string}\"},\"query-input\":{\"@type\":\"PropertyValueSpecification\",\"valueRequired\":true,\"valueName\":\"search_term_string\"}}],\"inLanguage\":\"pt-BR\"}]}<\/script>\n<!-- \/ Yoast SEO plugin. -->","yoast_head_json":{"title":"Museu Org\u00e2nico Lavida Museu de Agricultura Familiar da Chapada do Araripe - Sesc Cear\u00e1","robots":{"index":"index","follow":"follow","max-snippet":"max-snippet:-1","max-image-preview":"max-image-preview:large","max-video-preview":"max-video-preview:-1"},"canonical":"https:\/\/www.fecomercio-ce.com.br\/sescce\/museus-organicos\/museu-organico-lavida-museu-de-agricultura-familiar-da-chapada-do-araripe\/","og_locale":"pt_BR","og_type":"article","og_title":"Museu Org\u00e2nico Lavida Museu de Agricultura Familiar da Chapada do Araripe - Sesc Cear\u00e1","og_description":"Sitio L\u00edrio, Santana do Cariri\/CE Data de inaugura\u00e7\u00e3o: 05\/06\/2025 Fundado sobre os princ\u00edpios da agroecologia, o Lavida integra pr\u00e1ticas sustent\u00e1veis de agricultura familiar com o extrativismo racional e a cria\u00e7\u00e3o de abelhas, em total harmonia com a Floresta Nacional do Araripe. Combinando biodiversidade nativa, sistemas agroflorestais, cria\u00e7\u00e3o de animais adaptados ao semi\u00e1rido e cultivos de [&hellip;]","og_url":"https:\/\/www.fecomercio-ce.com.br\/sescce\/museus-organicos\/museu-organico-lavida-museu-de-agricultura-familiar-da-chapada-do-araripe\/","og_site_name":"Sesc Cear\u00e1","article_modified_time":"2025-12-17T14:13:17+00:00","og_image":[{"width":358,"height":243,"url":"https:\/\/www.fecomercio-ce.com.br\/sescce\/wp-content\/uploads\/sites\/2\/2025\/11\/AGRICULTURA-FMILIAR.png","type":"image\/png"}],"twitter_card":"summary_large_image","twitter_misc":{"Est. tempo de leitura":"2 minutos"},"schema":{"@context":"https:\/\/schema.org","@graph":[{"@type":"WebPage","@id":"https:\/\/www.fecomercio-ce.com.br\/sescce\/museus-organicos\/museu-organico-lavida-museu-de-agricultura-familiar-da-chapada-do-araripe\/","url":"https:\/\/www.fecomercio-ce.com.br\/sescce\/museus-organicos\/museu-organico-lavida-museu-de-agricultura-familiar-da-chapada-do-araripe\/","name":"Museu Org\u00e2nico Lavida Museu de Agricultura Familiar da Chapada do Araripe - Sesc Cear\u00e1","isPartOf":{"@id":"https:\/\/www.fecomercio-ce.com.br\/sescce\/#website"},"primaryImageOfPage":{"@id":"https:\/\/www.fecomercio-ce.com.br\/sescce\/museus-organicos\/museu-organico-lavida-museu-de-agricultura-familiar-da-chapada-do-araripe\/#primaryimage"},"image":{"@id":"https:\/\/www.fecomercio-ce.com.br\/sescce\/museus-organicos\/museu-organico-lavida-museu-de-agricultura-familiar-da-chapada-do-araripe\/#primaryimage"},"thumbnailUrl":"https:\/\/www.fecomercio-ce.com.br\/sescce\/wp-content\/uploads\/sites\/2\/2025\/11\/AGRICULTURA-FMILIAR.png","datePublished":"2025-11-07T18:40:42+00:00","dateModified":"2025-12-17T14:13:17+00:00","breadcrumb":{"@id":"https:\/\/www.fecomercio-ce.com.br\/sescce\/museus-organicos\/museu-organico-lavida-museu-de-agricultura-familiar-da-chapada-do-araripe\/#breadcrumb"},"inLanguage":"pt-BR","potentialAction":[{"@type":"ReadAction","target":["https:\/\/www.fecomercio-ce.com.br\/sescce\/museus-organicos\/museu-organico-lavida-museu-de-agricultura-familiar-da-chapada-do-araripe\/"]}]},{"@type":"ImageObject","inLanguage":"pt-BR","@id":"https:\/\/www.fecomercio-ce.com.br\/sescce\/museus-organicos\/museu-organico-lavida-museu-de-agricultura-familiar-da-chapada-do-araripe\/#primaryimage","url":"https:\/\/www.fecomercio-ce.com.br\/sescce\/wp-content\/uploads\/sites\/2\/2025\/11\/AGRICULTURA-FMILIAR.png","contentUrl":"https:\/\/www.fecomercio-ce.com.br\/sescce\/wp-content\/uploads\/sites\/2\/2025\/11\/AGRICULTURA-FMILIAR.png","width":358,"height":243},{"@type":"BreadcrumbList","@id":"https:\/\/www.fecomercio-ce.com.br\/sescce\/museus-organicos\/museu-organico-lavida-museu-de-agricultura-familiar-da-chapada-do-araripe\/#breadcrumb","itemListElement":[{"@type":"ListItem","position":1,"name":"In\u00edcio","item":"https:\/\/www.fecomercio-ce.com.br\/sescce\/"},{"@type":"ListItem","position":2,"name":"Museus Org\u00e2nicos","item":"https:\/\/www.fecomercio-ce.com.br\/sescce\/museus-organicos\/"},{"@type":"ListItem","position":3,"name":"Museu Org\u00e2nico Lavida Museu de Agricultura Familiar da Chapada do Araripe"}]},{"@type":"WebSite","@id":"https:\/\/www.fecomercio-ce.com.br\/sescce\/#website","url":"https:\/\/www.fecomercio-ce.com.br\/sescce\/","name":"Sesc Cear\u00e1","description":"O Servi\u00e7o Social do Com\u00e9rcio (Sesc), bra\u00e7o social do Sistema Fecom\u00e9rcio-CE. Atua nas \u00e1reas de Educa\u00e7\u00e3o, Cultura, Lazer, Sa\u00fade e Assist\u00eancia.","potentialAction":[{"@type":"SearchAction","target":{"@type":"EntryPoint","urlTemplate":"https:\/\/www.fecomercio-ce.com.br\/sescce\/?s={search_term_string}"},"query-input":{"@type":"PropertyValueSpecification","valueRequired":true,"valueName":"search_term_string"}}],"inLanguage":"pt-BR"}]}},"_links":{"self":[{"href":"https:\/\/www.fecomercio-ce.com.br\/sescce\/wp-json\/wp\/v2\/pages\/2716","targetHints":{"allow":["GET"]}}],"collection":[{"href":"https:\/\/www.fecomercio-ce.com.br\/sescce\/wp-json\/wp\/v2\/pages"}],"about":[{"href":"https:\/\/www.fecomercio-ce.com.br\/sescce\/wp-json\/wp\/v2\/types\/page"}],"author":[{"embeddable":true,"href":"https:\/\/www.fecomercio-ce.com.br\/sescce\/wp-json\/wp\/v2\/users\/1"}],"replies":[{"embeddable":true,"href":"https:\/\/www.fecomercio-ce.com.br\/sescce\/wp-json\/wp\/v2\/comments?post=2716"}],"version-history":[{"count":4,"href":"https:\/\/www.fecomercio-ce.com.br\/sescce\/wp-json\/wp\/v2\/pages\/2716\/revisions"}],"predecessor-version":[{"id":3525,"href":"https:\/\/www.fecomercio-ce.com.br\/sescce\/wp-json\/wp\/v2\/pages\/2716\/revisions\/3525"}],"up":[{"embeddable":true,"href":"https:\/\/www.fecomercio-ce.com.br\/sescce\/wp-json\/wp\/v2\/pages\/1746"}],"wp:featuredmedia":[{"embeddable":true,"href":"https:\/\/www.fecomercio-ce.com.br\/sescce\/wp-json\/wp\/v2\/media\/2767"}],"wp:attachment":[{"href":"https:\/\/www.fecomercio-ce.com.br\/sescce\/wp-json\/wp\/v2\/media?parent=2716"}],"curies":[{"name":"wp","href":"https:\/\/api.w.org\/{rel}","templated":true}]}}