{"id":2718,"date":"2025-11-07T15:41:25","date_gmt":"2025-11-07T18:41:25","guid":{"rendered":"https:\/\/www.fecomercio-ce.com.br\/sescce\/?page_id=2718"},"modified":"2026-02-12T11:37:39","modified_gmt":"2026-02-12T14:37:39","slug":"museu-fabrica-mosaico-de-mestre-jaime","status":"publish","type":"page","link":"https:\/\/www.fecomercio-ce.com.br\/sescce\/museus-organicos\/museu-fabrica-mosaico-de-mestre-jaime\/","title":{"rendered":"Museu F\u00e1brica  Mosaico de Mestre Jaime"},"content":{"rendered":"<p>Avenida Paulo Maur\u00edcio, 67 Vila Santo Ant\u00f4nio &#8211; Barbalha &#8211; Cear\u00e1<\/p>\n<p>Data de inaugura\u00e7\u00e3o: 23\/08\/2025<\/p>\n<p>Em Barbalha, no Cariri, o Museu F\u00e1brica Mosaico de Mestre Jaime celebra a tradi\u00e7\u00e3o dos ladrilhos hidr\u00e1ulicos e o saber artesanal. Integrante da Rede de Museus Org\u00e2nicos do Sesc Cear\u00e1, o espa\u00e7o apresenta a trajet\u00f3ria de Jaime Arnaldo Rodrigues, que h\u00e1 mais de 40 anos preserva essa t\u00e9cnica. A antiga f\u00e1brica re\u00fane ferramentas, cores e sons que narram a hist\u00f3ria do of\u00edcio. O museu nasce da viv\u00eancia do mestre e da mem\u00f3ria coletiva do Cariri. A iniciativa reafirma o valor do saber popular e do patrim\u00f4nio imaterial cearense.<\/p>\n<p><img loading=\"lazy\" decoding=\"async\" class=\"alignnone size-full wp-image-2769\" src=\"https:\/\/www.fecomercio-ce.com.br\/sescce\/wp-content\/uploads\/sites\/2\/2025\/11\/MESTRE-JAIME.png\" alt=\"\" width=\"319\" height=\"202\" srcset=\"https:\/\/www.fecomercio-ce.com.br\/sescce\/wp-content\/uploads\/sites\/2\/2025\/11\/MESTRE-JAIME.png 319w, https:\/\/www.fecomercio-ce.com.br\/sescce\/wp-content\/uploads\/sites\/2\/2025\/11\/MESTRE-JAIME-300x190.png 300w, https:\/\/www.fecomercio-ce.com.br\/sescce\/wp-content\/uploads\/sites\/2\/2025\/11\/MESTRE-JAIME-100x63.png 100w\" sizes=\"auto, (max-width: 319px) 100vw, 319px\" \/><\/p>\n","protected":false},"excerpt":{"rendered":"<p>Avenida Paulo Maur\u00edcio, 67 Vila Santo Ant\u00f4nio &#8211; Barbalha &#8211; Cear\u00e1 Data de inaugura\u00e7\u00e3o: 23\/08\/2025 Em Barbalha, no Cariri, o Museu F\u00e1brica Mosaico de Mestre Jaime celebra a tradi\u00e7\u00e3o dos ladrilhos hidr\u00e1ulicos e o saber artesanal. Integrante da Rede de Museus Org\u00e2nicos do Sesc Cear\u00e1, o espa\u00e7o apresenta a trajet\u00f3ria de Jaime Arnaldo Rodrigues, que [&hellip;]<\/p>\n","protected":false},"author":1,"featured_media":2769,"parent":1746,"menu_order":0,"comment_status":"closed","ping_status":"closed","template":"page-single-lp-secondary.php","meta":{"_acf_changed":false,"footnotes":""},"class_list":["post-2718","page","type-page","status-publish","has-post-thumbnail","hentry"],"acf":[],"yoast_head":"<!-- This site is optimized with the Yoast SEO plugin v24.3 - https:\/\/yoast.com\/wordpress\/plugins\/seo\/ -->\n<title>Museu F\u00e1brica Mosaico de Mestre Jaime - Sesc Cear\u00e1<\/title>\n<meta name=\"robots\" content=\"index, follow, max-snippet:-1, max-image-preview:large, max-video-preview:-1\" \/>\n<link rel=\"canonical\" href=\"https:\/\/www.fecomercio-ce.com.br\/sescce\/museus-organicos\/museu-fabrica-mosaico-de-mestre-jaime\/\" \/>\n<meta property=\"og:locale\" content=\"pt_BR\" \/>\n<meta property=\"og:type\" content=\"article\" \/>\n<meta property=\"og:title\" content=\"Museu F\u00e1brica Mosaico de Mestre Jaime - Sesc Cear\u00e1\" \/>\n<meta property=\"og:description\" content=\"Avenida Paulo Maur\u00edcio, 67 Vila Santo Ant\u00f4nio &#8211; Barbalha &#8211; Cear\u00e1 Data de inaugura\u00e7\u00e3o: 23\/08\/2025 Em Barbalha, no Cariri, o Museu F\u00e1brica Mosaico de Mestre Jaime celebra a tradi\u00e7\u00e3o dos ladrilhos hidr\u00e1ulicos e o saber artesanal. Integrante da Rede de Museus Org\u00e2nicos do Sesc Cear\u00e1, o espa\u00e7o apresenta a trajet\u00f3ria de Jaime Arnaldo Rodrigues, que [&hellip;]\" \/>\n<meta property=\"og:url\" content=\"https:\/\/www.fecomercio-ce.com.br\/sescce\/museus-organicos\/museu-fabrica-mosaico-de-mestre-jaime\/\" \/>\n<meta property=\"og:site_name\" content=\"Sesc Cear\u00e1\" \/>\n<meta property=\"article:modified_time\" content=\"2026-02-12T14:37:39+00:00\" \/>\n<meta property=\"og:image\" content=\"https:\/\/www.fecomercio-ce.com.br\/sescce\/wp-content\/uploads\/sites\/2\/2025\/11\/MESTRE-JAIME.png\" \/>\n\t<meta property=\"og:image:width\" content=\"319\" \/>\n\t<meta property=\"og:image:height\" content=\"202\" \/>\n\t<meta property=\"og:image:type\" content=\"image\/png\" \/>\n<meta name=\"twitter:card\" content=\"summary_large_image\" \/>\n<meta name=\"twitter:label1\" content=\"Est. tempo de leitura\" \/>\n\t<meta name=\"twitter:data1\" content=\"1 minuto\" \/>\n<script type=\"application\/ld+json\" class=\"yoast-schema-graph\">{\"@context\":\"https:\/\/schema.org\",\"@graph\":[{\"@type\":\"WebPage\",\"@id\":\"https:\/\/www.fecomercio-ce.com.br\/sescce\/museus-organicos\/museu-fabrica-mosaico-de-mestre-jaime\/\",\"url\":\"https:\/\/www.fecomercio-ce.com.br\/sescce\/museus-organicos\/museu-fabrica-mosaico-de-mestre-jaime\/\",\"name\":\"Museu F\u00e1brica Mosaico de Mestre Jaime - Sesc Cear\u00e1\",\"isPartOf\":{\"@id\":\"https:\/\/www.fecomercio-ce.com.br\/sescce\/#website\"},\"primaryImageOfPage\":{\"@id\":\"https:\/\/www.fecomercio-ce.com.br\/sescce\/museus-organicos\/museu-fabrica-mosaico-de-mestre-jaime\/#primaryimage\"},\"image\":{\"@id\":\"https:\/\/www.fecomercio-ce.com.br\/sescce\/museus-organicos\/museu-fabrica-mosaico-de-mestre-jaime\/#primaryimage\"},\"thumbnailUrl\":\"https:\/\/www.fecomercio-ce.com.br\/sescce\/wp-content\/uploads\/sites\/2\/2025\/11\/MESTRE-JAIME.png\",\"datePublished\":\"2025-11-07T18:41:25+00:00\",\"dateModified\":\"2026-02-12T14:37:39+00:00\",\"breadcrumb\":{\"@id\":\"https:\/\/www.fecomercio-ce.com.br\/sescce\/museus-organicos\/museu-fabrica-mosaico-de-mestre-jaime\/#breadcrumb\"},\"inLanguage\":\"pt-BR\",\"potentialAction\":[{\"@type\":\"ReadAction\",\"target\":[\"https:\/\/www.fecomercio-ce.com.br\/sescce\/museus-organicos\/museu-fabrica-mosaico-de-mestre-jaime\/\"]}]},{\"@type\":\"ImageObject\",\"inLanguage\":\"pt-BR\",\"@id\":\"https:\/\/www.fecomercio-ce.com.br\/sescce\/museus-organicos\/museu-fabrica-mosaico-de-mestre-jaime\/#primaryimage\",\"url\":\"https:\/\/www.fecomercio-ce.com.br\/sescce\/wp-content\/uploads\/sites\/2\/2025\/11\/MESTRE-JAIME.png\",\"contentUrl\":\"https:\/\/www.fecomercio-ce.com.br\/sescce\/wp-content\/uploads\/sites\/2\/2025\/11\/MESTRE-JAIME.png\",\"width\":319,\"height\":202},{\"@type\":\"BreadcrumbList\",\"@id\":\"https:\/\/www.fecomercio-ce.com.br\/sescce\/museus-organicos\/museu-fabrica-mosaico-de-mestre-jaime\/#breadcrumb\",\"itemListElement\":[{\"@type\":\"ListItem\",\"position\":1,\"name\":\"In\u00edcio\",\"item\":\"https:\/\/www.fecomercio-ce.com.br\/sescce\/\"},{\"@type\":\"ListItem\",\"position\":2,\"name\":\"Museus Org\u00e2nicos\",\"item\":\"https:\/\/www.fecomercio-ce.com.br\/sescce\/museus-organicos\/\"},{\"@type\":\"ListItem\",\"position\":3,\"name\":\"Museu F\u00e1brica Mosaico de Mestre Jaime\"}]},{\"@type\":\"WebSite\",\"@id\":\"https:\/\/www.fecomercio-ce.com.br\/sescce\/#website\",\"url\":\"https:\/\/www.fecomercio-ce.com.br\/sescce\/\",\"name\":\"Sesc Cear\u00e1\",\"description\":\"O Servi\u00e7o Social do Com\u00e9rcio (Sesc), bra\u00e7o social do Sistema Fecom\u00e9rcio-CE. Atua nas \u00e1reas de Educa\u00e7\u00e3o, Cultura, Lazer, Sa\u00fade e Assist\u00eancia.\",\"potentialAction\":[{\"@type\":\"SearchAction\",\"target\":{\"@type\":\"EntryPoint\",\"urlTemplate\":\"https:\/\/www.fecomercio-ce.com.br\/sescce\/?s={search_term_string}\"},\"query-input\":{\"@type\":\"PropertyValueSpecification\",\"valueRequired\":true,\"valueName\":\"search_term_string\"}}],\"inLanguage\":\"pt-BR\"}]}<\/script>\n<!-- \/ Yoast SEO plugin. -->","yoast_head_json":{"title":"Museu F\u00e1brica Mosaico de Mestre Jaime - Sesc Cear\u00e1","robots":{"index":"index","follow":"follow","max-snippet":"max-snippet:-1","max-image-preview":"max-image-preview:large","max-video-preview":"max-video-preview:-1"},"canonical":"https:\/\/www.fecomercio-ce.com.br\/sescce\/museus-organicos\/museu-fabrica-mosaico-de-mestre-jaime\/","og_locale":"pt_BR","og_type":"article","og_title":"Museu F\u00e1brica Mosaico de Mestre Jaime - Sesc Cear\u00e1","og_description":"Avenida Paulo Maur\u00edcio, 67 Vila Santo Ant\u00f4nio &#8211; Barbalha &#8211; Cear\u00e1 Data de inaugura\u00e7\u00e3o: 23\/08\/2025 Em Barbalha, no Cariri, o Museu F\u00e1brica Mosaico de Mestre Jaime celebra a tradi\u00e7\u00e3o dos ladrilhos hidr\u00e1ulicos e o saber artesanal. Integrante da Rede de Museus Org\u00e2nicos do Sesc Cear\u00e1, o espa\u00e7o apresenta a trajet\u00f3ria de Jaime Arnaldo Rodrigues, que [&hellip;]","og_url":"https:\/\/www.fecomercio-ce.com.br\/sescce\/museus-organicos\/museu-fabrica-mosaico-de-mestre-jaime\/","og_site_name":"Sesc Cear\u00e1","article_modified_time":"2026-02-12T14:37:39+00:00","og_image":[{"width":319,"height":202,"url":"https:\/\/www.fecomercio-ce.com.br\/sescce\/wp-content\/uploads\/sites\/2\/2025\/11\/MESTRE-JAIME.png","type":"image\/png"}],"twitter_card":"summary_large_image","twitter_misc":{"Est. tempo de leitura":"1 minuto"},"schema":{"@context":"https:\/\/schema.org","@graph":[{"@type":"WebPage","@id":"https:\/\/www.fecomercio-ce.com.br\/sescce\/museus-organicos\/museu-fabrica-mosaico-de-mestre-jaime\/","url":"https:\/\/www.fecomercio-ce.com.br\/sescce\/museus-organicos\/museu-fabrica-mosaico-de-mestre-jaime\/","name":"Museu F\u00e1brica Mosaico de Mestre Jaime - Sesc Cear\u00e1","isPartOf":{"@id":"https:\/\/www.fecomercio-ce.com.br\/sescce\/#website"},"primaryImageOfPage":{"@id":"https:\/\/www.fecomercio-ce.com.br\/sescce\/museus-organicos\/museu-fabrica-mosaico-de-mestre-jaime\/#primaryimage"},"image":{"@id":"https:\/\/www.fecomercio-ce.com.br\/sescce\/museus-organicos\/museu-fabrica-mosaico-de-mestre-jaime\/#primaryimage"},"thumbnailUrl":"https:\/\/www.fecomercio-ce.com.br\/sescce\/wp-content\/uploads\/sites\/2\/2025\/11\/MESTRE-JAIME.png","datePublished":"2025-11-07T18:41:25+00:00","dateModified":"2026-02-12T14:37:39+00:00","breadcrumb":{"@id":"https:\/\/www.fecomercio-ce.com.br\/sescce\/museus-organicos\/museu-fabrica-mosaico-de-mestre-jaime\/#breadcrumb"},"inLanguage":"pt-BR","potentialAction":[{"@type":"ReadAction","target":["https:\/\/www.fecomercio-ce.com.br\/sescce\/museus-organicos\/museu-fabrica-mosaico-de-mestre-jaime\/"]}]},{"@type":"ImageObject","inLanguage":"pt-BR","@id":"https:\/\/www.fecomercio-ce.com.br\/sescce\/museus-organicos\/museu-fabrica-mosaico-de-mestre-jaime\/#primaryimage","url":"https:\/\/www.fecomercio-ce.com.br\/sescce\/wp-content\/uploads\/sites\/2\/2025\/11\/MESTRE-JAIME.png","contentUrl":"https:\/\/www.fecomercio-ce.com.br\/sescce\/wp-content\/uploads\/sites\/2\/2025\/11\/MESTRE-JAIME.png","width":319,"height":202},{"@type":"BreadcrumbList","@id":"https:\/\/www.fecomercio-ce.com.br\/sescce\/museus-organicos\/museu-fabrica-mosaico-de-mestre-jaime\/#breadcrumb","itemListElement":[{"@type":"ListItem","position":1,"name":"In\u00edcio","item":"https:\/\/www.fecomercio-ce.com.br\/sescce\/"},{"@type":"ListItem","position":2,"name":"Museus Org\u00e2nicos","item":"https:\/\/www.fecomercio-ce.com.br\/sescce\/museus-organicos\/"},{"@type":"ListItem","position":3,"name":"Museu F\u00e1brica Mosaico de Mestre Jaime"}]},{"@type":"WebSite","@id":"https:\/\/www.fecomercio-ce.com.br\/sescce\/#website","url":"https:\/\/www.fecomercio-ce.com.br\/sescce\/","name":"Sesc Cear\u00e1","description":"O Servi\u00e7o Social do Com\u00e9rcio (Sesc), bra\u00e7o social do Sistema Fecom\u00e9rcio-CE. Atua nas \u00e1reas de Educa\u00e7\u00e3o, Cultura, Lazer, Sa\u00fade e Assist\u00eancia.","potentialAction":[{"@type":"SearchAction","target":{"@type":"EntryPoint","urlTemplate":"https:\/\/www.fecomercio-ce.com.br\/sescce\/?s={search_term_string}"},"query-input":{"@type":"PropertyValueSpecification","valueRequired":true,"valueName":"search_term_string"}}],"inLanguage":"pt-BR"}]}},"_links":{"self":[{"href":"https:\/\/www.fecomercio-ce.com.br\/sescce\/wp-json\/wp\/v2\/pages\/2718","targetHints":{"allow":["GET"]}}],"collection":[{"href":"https:\/\/www.fecomercio-ce.com.br\/sescce\/wp-json\/wp\/v2\/pages"}],"about":[{"href":"https:\/\/www.fecomercio-ce.com.br\/sescce\/wp-json\/wp\/v2\/types\/page"}],"author":[{"embeddable":true,"href":"https:\/\/www.fecomercio-ce.com.br\/sescce\/wp-json\/wp\/v2\/users\/1"}],"replies":[{"embeddable":true,"href":"https:\/\/www.fecomercio-ce.com.br\/sescce\/wp-json\/wp\/v2\/comments?post=2718"}],"version-history":[{"count":6,"href":"https:\/\/www.fecomercio-ce.com.br\/sescce\/wp-json\/wp\/v2\/pages\/2718\/revisions"}],"predecessor-version":[{"id":3901,"href":"https:\/\/www.fecomercio-ce.com.br\/sescce\/wp-json\/wp\/v2\/pages\/2718\/revisions\/3901"}],"up":[{"embeddable":true,"href":"https:\/\/www.fecomercio-ce.com.br\/sescce\/wp-json\/wp\/v2\/pages\/1746"}],"wp:featuredmedia":[{"embeddable":true,"href":"https:\/\/www.fecomercio-ce.com.br\/sescce\/wp-json\/wp\/v2\/media\/2769"}],"wp:attachment":[{"href":"https:\/\/www.fecomercio-ce.com.br\/sescce\/wp-json\/wp\/v2\/media?parent=2718"}],"curies":[{"name":"wp","href":"https:\/\/api.w.org\/{rel}","templated":true}]}}