{"id":3881,"date":"2026-02-12T10:52:29","date_gmt":"2026-02-12T13:52:29","guid":{"rendered":"https:\/\/www.fecomercio-ce.com.br\/sescce\/?page_id=3881"},"modified":"2026-02-12T11:30:57","modified_gmt":"2026-02-12T14:30:57","slug":"museu-da-orquestra-de-barro-uirapuru","status":"publish","type":"page","link":"https:\/\/www.fecomercio-ce.com.br\/sescce\/museus-organicos\/museu-da-orquestra-de-barro-uirapuru\/","title":{"rendered":"Museu da Orquestra de Barro Uirapur\u00fa"},"content":{"rendered":"<p>Povoado de Moita Redonda, Cascavel<br \/>\nData de inaugura\u00e7\u00e3o: 06\/12\/2025<\/p>\n<p>O Museu da Orquestra de Barro Uirapur\u00fa nasce no povoado de Moita Redonda, em Cascavel, como reconhecimento de um territ\u00f3rio onde a cer\u00e2mica e a m\u00fasica se entrela\u00e7am a partir da sabedoria ancestral. Integrante da Rede de Museus Org\u00e2nicos do Sesc Cear\u00e1, o espa\u00e7o valoriza a trajet\u00f3ria do Grupo Uirapur\u00fa \u2013 Orquestra de Barro e da comunidade de ceramistas locais, que transformaram o barro em instrumentos musicais de corda, sopro e percuss\u00e3o, com sons \u00fanicos. Mais do que preservar a mem\u00f3ria, o museu se consolida como vitrine cultural, espa\u00e7o de circula\u00e7\u00e3o de saberes e fortalecimento da economia criativa, evidenciando o ciclo do barro como express\u00e3o viva de identidade, arte e pertencimento.<\/p>\n","protected":false},"excerpt":{"rendered":"<p>Povoado de Moita Redonda, Cascavel Data de inaugura\u00e7\u00e3o: 06\/12\/2025 O Museu da Orquestra de Barro Uirapur\u00fa nasce no povoado de Moita Redonda, em Cascavel, como reconhecimento de um territ\u00f3rio onde a cer\u00e2mica e a m\u00fasica se entrela\u00e7am a partir da sabedoria ancestral. Integrante da Rede de Museus Org\u00e2nicos do Sesc Cear\u00e1, o espa\u00e7o valoriza a [&hellip;]<\/p>\n","protected":false},"author":1,"featured_media":3899,"parent":1746,"menu_order":0,"comment_status":"closed","ping_status":"closed","template":"page-single-lp-secondary.php","meta":{"_acf_changed":false,"footnotes":""},"class_list":["post-3881","page","type-page","status-publish","has-post-thumbnail","hentry"],"acf":[],"yoast_head":"<!-- This site is optimized with the Yoast SEO plugin v24.3 - https:\/\/yoast.com\/wordpress\/plugins\/seo\/ -->\n<title>Museu da Orquestra de Barro Uirapur\u00fa - Sesc Cear\u00e1<\/title>\n<meta name=\"robots\" content=\"index, follow, max-snippet:-1, max-image-preview:large, max-video-preview:-1\" \/>\n<link rel=\"canonical\" href=\"https:\/\/www.fecomercio-ce.com.br\/sescce\/museus-organicos\/museu-da-orquestra-de-barro-uirapuru\/\" \/>\n<meta property=\"og:locale\" content=\"pt_BR\" \/>\n<meta property=\"og:type\" content=\"article\" \/>\n<meta property=\"og:title\" content=\"Museu da Orquestra de Barro Uirapur\u00fa - Sesc Cear\u00e1\" \/>\n<meta property=\"og:description\" content=\"Povoado de Moita Redonda, Cascavel Data de inaugura\u00e7\u00e3o: 06\/12\/2025 O Museu da Orquestra de Barro Uirapur\u00fa nasce no povoado de Moita Redonda, em Cascavel, como reconhecimento de um territ\u00f3rio onde a cer\u00e2mica e a m\u00fasica se entrela\u00e7am a partir da sabedoria ancestral. Integrante da Rede de Museus Org\u00e2nicos do Sesc Cear\u00e1, o espa\u00e7o valoriza a [&hellip;]\" \/>\n<meta property=\"og:url\" content=\"https:\/\/www.fecomercio-ce.com.br\/sescce\/museus-organicos\/museu-da-orquestra-de-barro-uirapuru\/\" \/>\n<meta property=\"og:site_name\" content=\"Sesc Cear\u00e1\" \/>\n<meta property=\"article:modified_time\" content=\"2026-02-12T14:30:57+00:00\" \/>\n<meta property=\"og:image\" content=\"https:\/\/www.fecomercio-ce.com.br\/sescce\/wp-content\/uploads\/sites\/2\/2026\/02\/54968397612_c57faacd54_o-scaled.jpg\" \/>\n\t<meta property=\"og:image:width\" content=\"2560\" \/>\n\t<meta property=\"og:image:height\" content=\"1707\" \/>\n\t<meta property=\"og:image:type\" content=\"image\/jpeg\" \/>\n<meta name=\"twitter:card\" content=\"summary_large_image\" \/>\n<meta name=\"twitter:label1\" content=\"Est. tempo de leitura\" \/>\n\t<meta name=\"twitter:data1\" content=\"1 minuto\" \/>\n<script type=\"application\/ld+json\" class=\"yoast-schema-graph\">{\"@context\":\"https:\/\/schema.org\",\"@graph\":[{\"@type\":\"WebPage\",\"@id\":\"https:\/\/www.fecomercio-ce.com.br\/sescce\/museus-organicos\/museu-da-orquestra-de-barro-uirapuru\/\",\"url\":\"https:\/\/www.fecomercio-ce.com.br\/sescce\/museus-organicos\/museu-da-orquestra-de-barro-uirapuru\/\",\"name\":\"Museu da Orquestra de Barro Uirapur\u00fa - Sesc Cear\u00e1\",\"isPartOf\":{\"@id\":\"https:\/\/www.fecomercio-ce.com.br\/sescce\/#website\"},\"primaryImageOfPage\":{\"@id\":\"https:\/\/www.fecomercio-ce.com.br\/sescce\/museus-organicos\/museu-da-orquestra-de-barro-uirapuru\/#primaryimage\"},\"image\":{\"@id\":\"https:\/\/www.fecomercio-ce.com.br\/sescce\/museus-organicos\/museu-da-orquestra-de-barro-uirapuru\/#primaryimage\"},\"thumbnailUrl\":\"https:\/\/www.fecomercio-ce.com.br\/sescce\/wp-content\/uploads\/sites\/2\/2026\/02\/54968397612_c57faacd54_o-scaled.jpg\",\"datePublished\":\"2026-02-12T13:52:29+00:00\",\"dateModified\":\"2026-02-12T14:30:57+00:00\",\"breadcrumb\":{\"@id\":\"https:\/\/www.fecomercio-ce.com.br\/sescce\/museus-organicos\/museu-da-orquestra-de-barro-uirapuru\/#breadcrumb\"},\"inLanguage\":\"pt-BR\",\"potentialAction\":[{\"@type\":\"ReadAction\",\"target\":[\"https:\/\/www.fecomercio-ce.com.br\/sescce\/museus-organicos\/museu-da-orquestra-de-barro-uirapuru\/\"]}]},{\"@type\":\"ImageObject\",\"inLanguage\":\"pt-BR\",\"@id\":\"https:\/\/www.fecomercio-ce.com.br\/sescce\/museus-organicos\/museu-da-orquestra-de-barro-uirapuru\/#primaryimage\",\"url\":\"https:\/\/www.fecomercio-ce.com.br\/sescce\/wp-content\/uploads\/sites\/2\/2026\/02\/54968397612_c57faacd54_o-scaled.jpg\",\"contentUrl\":\"https:\/\/www.fecomercio-ce.com.br\/sescce\/wp-content\/uploads\/sites\/2\/2026\/02\/54968397612_c57faacd54_o-scaled.jpg\",\"width\":2560,\"height\":1707},{\"@type\":\"BreadcrumbList\",\"@id\":\"https:\/\/www.fecomercio-ce.com.br\/sescce\/museus-organicos\/museu-da-orquestra-de-barro-uirapuru\/#breadcrumb\",\"itemListElement\":[{\"@type\":\"ListItem\",\"position\":1,\"name\":\"In\u00edcio\",\"item\":\"https:\/\/www.fecomercio-ce.com.br\/sescce\/\"},{\"@type\":\"ListItem\",\"position\":2,\"name\":\"Museus Org\u00e2nicos\",\"item\":\"https:\/\/www.fecomercio-ce.com.br\/sescce\/museus-organicos\/\"},{\"@type\":\"ListItem\",\"position\":3,\"name\":\"Museu da Orquestra de Barro Uirapur\u00fa\"}]},{\"@type\":\"WebSite\",\"@id\":\"https:\/\/www.fecomercio-ce.com.br\/sescce\/#website\",\"url\":\"https:\/\/www.fecomercio-ce.com.br\/sescce\/\",\"name\":\"Sesc Cear\u00e1\",\"description\":\"O Servi\u00e7o Social do Com\u00e9rcio (Sesc), bra\u00e7o social do Sistema Fecom\u00e9rcio-CE. Atua nas \u00e1reas de Educa\u00e7\u00e3o, Cultura, Lazer, Sa\u00fade e Assist\u00eancia.\",\"potentialAction\":[{\"@type\":\"SearchAction\",\"target\":{\"@type\":\"EntryPoint\",\"urlTemplate\":\"https:\/\/www.fecomercio-ce.com.br\/sescce\/?s={search_term_string}\"},\"query-input\":{\"@type\":\"PropertyValueSpecification\",\"valueRequired\":true,\"valueName\":\"search_term_string\"}}],\"inLanguage\":\"pt-BR\"}]}<\/script>\n<!-- \/ Yoast SEO plugin. -->","yoast_head_json":{"title":"Museu da Orquestra de Barro Uirapur\u00fa - Sesc Cear\u00e1","robots":{"index":"index","follow":"follow","max-snippet":"max-snippet:-1","max-image-preview":"max-image-preview:large","max-video-preview":"max-video-preview:-1"},"canonical":"https:\/\/www.fecomercio-ce.com.br\/sescce\/museus-organicos\/museu-da-orquestra-de-barro-uirapuru\/","og_locale":"pt_BR","og_type":"article","og_title":"Museu da Orquestra de Barro Uirapur\u00fa - Sesc Cear\u00e1","og_description":"Povoado de Moita Redonda, Cascavel Data de inaugura\u00e7\u00e3o: 06\/12\/2025 O Museu da Orquestra de Barro Uirapur\u00fa nasce no povoado de Moita Redonda, em Cascavel, como reconhecimento de um territ\u00f3rio onde a cer\u00e2mica e a m\u00fasica se entrela\u00e7am a partir da sabedoria ancestral. Integrante da Rede de Museus Org\u00e2nicos do Sesc Cear\u00e1, o espa\u00e7o valoriza a [&hellip;]","og_url":"https:\/\/www.fecomercio-ce.com.br\/sescce\/museus-organicos\/museu-da-orquestra-de-barro-uirapuru\/","og_site_name":"Sesc Cear\u00e1","article_modified_time":"2026-02-12T14:30:57+00:00","og_image":[{"width":2560,"height":1707,"url":"https:\/\/www.fecomercio-ce.com.br\/sescce\/wp-content\/uploads\/sites\/2\/2026\/02\/54968397612_c57faacd54_o-scaled.jpg","type":"image\/jpeg"}],"twitter_card":"summary_large_image","twitter_misc":{"Est. tempo de leitura":"1 minuto"},"schema":{"@context":"https:\/\/schema.org","@graph":[{"@type":"WebPage","@id":"https:\/\/www.fecomercio-ce.com.br\/sescce\/museus-organicos\/museu-da-orquestra-de-barro-uirapuru\/","url":"https:\/\/www.fecomercio-ce.com.br\/sescce\/museus-organicos\/museu-da-orquestra-de-barro-uirapuru\/","name":"Museu da Orquestra de Barro Uirapur\u00fa - Sesc Cear\u00e1","isPartOf":{"@id":"https:\/\/www.fecomercio-ce.com.br\/sescce\/#website"},"primaryImageOfPage":{"@id":"https:\/\/www.fecomercio-ce.com.br\/sescce\/museus-organicos\/museu-da-orquestra-de-barro-uirapuru\/#primaryimage"},"image":{"@id":"https:\/\/www.fecomercio-ce.com.br\/sescce\/museus-organicos\/museu-da-orquestra-de-barro-uirapuru\/#primaryimage"},"thumbnailUrl":"https:\/\/www.fecomercio-ce.com.br\/sescce\/wp-content\/uploads\/sites\/2\/2026\/02\/54968397612_c57faacd54_o-scaled.jpg","datePublished":"2026-02-12T13:52:29+00:00","dateModified":"2026-02-12T14:30:57+00:00","breadcrumb":{"@id":"https:\/\/www.fecomercio-ce.com.br\/sescce\/museus-organicos\/museu-da-orquestra-de-barro-uirapuru\/#breadcrumb"},"inLanguage":"pt-BR","potentialAction":[{"@type":"ReadAction","target":["https:\/\/www.fecomercio-ce.com.br\/sescce\/museus-organicos\/museu-da-orquestra-de-barro-uirapuru\/"]}]},{"@type":"ImageObject","inLanguage":"pt-BR","@id":"https:\/\/www.fecomercio-ce.com.br\/sescce\/museus-organicos\/museu-da-orquestra-de-barro-uirapuru\/#primaryimage","url":"https:\/\/www.fecomercio-ce.com.br\/sescce\/wp-content\/uploads\/sites\/2\/2026\/02\/54968397612_c57faacd54_o-scaled.jpg","contentUrl":"https:\/\/www.fecomercio-ce.com.br\/sescce\/wp-content\/uploads\/sites\/2\/2026\/02\/54968397612_c57faacd54_o-scaled.jpg","width":2560,"height":1707},{"@type":"BreadcrumbList","@id":"https:\/\/www.fecomercio-ce.com.br\/sescce\/museus-organicos\/museu-da-orquestra-de-barro-uirapuru\/#breadcrumb","itemListElement":[{"@type":"ListItem","position":1,"name":"In\u00edcio","item":"https:\/\/www.fecomercio-ce.com.br\/sescce\/"},{"@type":"ListItem","position":2,"name":"Museus Org\u00e2nicos","item":"https:\/\/www.fecomercio-ce.com.br\/sescce\/museus-organicos\/"},{"@type":"ListItem","position":3,"name":"Museu da Orquestra de Barro Uirapur\u00fa"}]},{"@type":"WebSite","@id":"https:\/\/www.fecomercio-ce.com.br\/sescce\/#website","url":"https:\/\/www.fecomercio-ce.com.br\/sescce\/","name":"Sesc Cear\u00e1","description":"O Servi\u00e7o Social do Com\u00e9rcio (Sesc), bra\u00e7o social do Sistema Fecom\u00e9rcio-CE. Atua nas \u00e1reas de Educa\u00e7\u00e3o, Cultura, Lazer, Sa\u00fade e Assist\u00eancia.","potentialAction":[{"@type":"SearchAction","target":{"@type":"EntryPoint","urlTemplate":"https:\/\/www.fecomercio-ce.com.br\/sescce\/?s={search_term_string}"},"query-input":{"@type":"PropertyValueSpecification","valueRequired":true,"valueName":"search_term_string"}}],"inLanguage":"pt-BR"}]}},"_links":{"self":[{"href":"https:\/\/www.fecomercio-ce.com.br\/sescce\/wp-json\/wp\/v2\/pages\/3881","targetHints":{"allow":["GET"]}}],"collection":[{"href":"https:\/\/www.fecomercio-ce.com.br\/sescce\/wp-json\/wp\/v2\/pages"}],"about":[{"href":"https:\/\/www.fecomercio-ce.com.br\/sescce\/wp-json\/wp\/v2\/types\/page"}],"author":[{"embeddable":true,"href":"https:\/\/www.fecomercio-ce.com.br\/sescce\/wp-json\/wp\/v2\/users\/1"}],"replies":[{"embeddable":true,"href":"https:\/\/www.fecomercio-ce.com.br\/sescce\/wp-json\/wp\/v2\/comments?post=3881"}],"version-history":[{"count":4,"href":"https:\/\/www.fecomercio-ce.com.br\/sescce\/wp-json\/wp\/v2\/pages\/3881\/revisions"}],"predecessor-version":[{"id":3900,"href":"https:\/\/www.fecomercio-ce.com.br\/sescce\/wp-json\/wp\/v2\/pages\/3881\/revisions\/3900"}],"up":[{"embeddable":true,"href":"https:\/\/www.fecomercio-ce.com.br\/sescce\/wp-json\/wp\/v2\/pages\/1746"}],"wp:featuredmedia":[{"embeddable":true,"href":"https:\/\/www.fecomercio-ce.com.br\/sescce\/wp-json\/wp\/v2\/media\/3899"}],"wp:attachment":[{"href":"https:\/\/www.fecomercio-ce.com.br\/sescce\/wp-json\/wp\/v2\/media?parent=3881"}],"curies":[{"name":"wp","href":"https:\/\/api.w.org\/{rel}","templated":true}]}}